{"id":2183,"date":"2016-02-28T08:28:22","date_gmt":"2016-02-28T08:28:22","guid":{"rendered":"https:\/\/demo2.chethemes.com\/electro\/?page_id=2183"},"modified":"2020-04-16T16:15:53","modified_gmt":"2020-04-16T14:15:53","slug":"terminiecondizioni","status":"publish","type":"page","link":"https:\/\/www.kingstongrowshop.it\/?page_id=2183","title":{"rendered":"Termini e Condizioni"},"content":{"rendered":"<p>[vc_row][vc_column][vc_column_text]<\/p>\n<div class=\"desc_prod\">\n<div class=\"desc_prod\">\n<ol type=\"1\">\n<li><strong>Introduzione<\/strong><\/li>\n<li><strong>Eseguire un ordine<\/strong><\/li>\n<li><strong>Informazioni sui prodotti<\/strong><\/li>\n<li><strong>Prezzi<\/strong><\/li>\n<li><strong>Disponibilit\u00e0<\/strong><\/li>\n<li><strong>Modalit\u00e0 di consegna<\/strong><\/li>\n<li><strong>Pagamenti sicuri<\/strong> <strong>e trattamento dati finanziari<\/strong><\/li>\n<li><strong>Diritto di recesso. Soddisfatti o rimborsati<\/strong><\/li>\n<li><strong>Rispedizione dei prodotti<\/strong><\/li>\n<li><strong>Garanzie e Servizio Post Vendita<\/strong><\/li>\n<li><strong>Controversie e responsabilit\u00e0<\/strong><\/li>\n<li><strong>Commenti, critiche, comunicazioni<\/strong><\/li>\n<li><strong>Propriet\u00e0 intellettuale<\/strong><\/li>\n<li><strong>Estensione della garanzia<\/strong><\/li>\n<li><strong>Spedizione<\/strong><\/li>\n<\/ol>\n<h3><strong>1. Introduzione<\/strong><\/h3>\n<p>Le presenti Condizioni Generali di Vendita (denominate di seguito &#8220;Condizioni Generali&#8221;), regolano esclusivamente le relazioni contrattuali tra i clienti del sito www.kingstongrowshop.it (denominati di seguito &#8220;Clienti&#8221;) ed il venditore KINGSTON GROW SHOP, (denominata di seguito &#8220;Kingston&#8221;).Queste Condizioni Generali sono le sole a poter essere applicate e sostituiscono tutte le altre condizioni, salvo deroghe preliminari, espresse e scritte. Kingston pu\u00f2 trovarsi nell&#8217;obbligo di modificare alcune delle presenti disposizioni; si consiglia perci\u00f2 ai Clienti di leggere le Condizioni Generali ad ogni visita del sito Kingstongrowshop.it (denominato di seguito &#8220;il Sito&#8221;). Tali modifiche sono opponibili a partire dalla messa in linea e non sono applicabili ai contratti stipulati anteriormente ad essa. Ogni acquisto sul Sito \u00e8 sottoposto alle Condizioni Generali di Vendita applicabili alla data dell&#8217;ordine. Kingston confida che, una volta validato l&#8217;ordine, i Clienti abbiano letto e accettato senza riserve le Condizioni Generali di Vendita. I Clienti si impegnano a rispettare le Condizioni Generali e le Condizioni di Utilizzo dettagliate sullo stesso.<\/p>\n<h3><strong>2. Eseguire un ordine<\/strong><\/h3>\n<p>Per eseguire un ordine sul Sito i Clienti dispongono di 5 diverse possibilit\u00e0:<\/p>\n<ul>\n<li>via Internet sul Sito: www.kingstongrowshop.it 24 ore su 24 e 7 giorni su 7<\/li>\n<li>via e-mail scrivendo a: ordini@kingstongrowshop.it<\/li>\n<li>via telefono allo <span class=\"LrzXr zdqRlf kno-fv\">0923 365448<\/span><\/li>\n<li>Tramite i canali ufficiali di Facebook e Instagram<\/li>\n<\/ul>\n<p>Il procedimento d&#8217;ordine si compone di quattro (4) tappe successive.<br \/>\nUna volta effettuata la scelta e validato il cestino, i Clienti dovranno:<\/p>\n<ul>\n<li>identificarsi<\/li>\n<li>scegliere il modo di consegna<\/li>\n<li>accettare le Condizioni Generali di Vendita barrando l&#8217;apposita casella<\/li>\n<li>scegliere il modo di pagamento.<\/li>\n<\/ul>\n<p>Una volta selezionato il modo di pagamento, i Clienti dovranno procedere al saldo dell&#8217;ordine, che formalizzer\u00e0 in maniera ferma e definitiva il contratto di vendita che li lega a Kingston.<\/p>\n<h3><strong>3. Informazioni sui prodotti<\/strong><\/h3>\n<p>Kingston pone particolare attenzione alla messa in linea delle informazioni relative alle caratteristiche essenziali dei prodotti tramite schede tecniche elaborate dai suoi partner e\/o fornitori e tramite fotografie illustrative dei prodotti, nel limite della tecnica e nel rispetto dei migliori standard del mercato.<br \/>\nTutti gli accessori proposti nei vari pack e\/o kit e venduti sul Sito sono degli accessori di marche compatibili e non degli accessori costruttori.<\/p>\n<h3><strong>4. Prezzi<\/strong><\/h3>\n<p>I prezzi di vendita indicati sul Sito sono espressi in euro (\u20ac) e comprensivi di IVA ma non includono le spese di consegna. Le spese di consegna sono sempre a carico dei Cliente e sono fatturate alla fine dell&#8217;ordine come supplemento ai prodotti selezionati, non rientrano nelle promozioni ordini con eccessivo rapporto peso volume come substrati.<br \/>\nLa spedizione \u00e8 gratuita superati i 100\u20ac di ordine, ma solo se il destinatario non risiede in una delle zone considerate &#8220;disagiate&#8221; dai corrieri &amp; se il carrello non contiene specifici prodotti (es: terra) , cui tasse sulla spedizione saranno comunicate in fase di checkout.<br \/>\nI prezzi indicati sul Sito sono inoltre espressi, per le nazioni appartenenti alla Comunit\u00e0 Europea, nella valuta nazionale, senza che ci\u00f2 abbia un valore commerciale. Il prezzo di listino \u00e8 in euro ed \u00e8 sistematicamente indicato in maniera chiara prima della conferma dell&#8217;ordine.<br \/>\nKingston si riserva il diritto di modificare i prezzi in ogni momento, ma si impegna in ugual misura ad applicare i prezzi indicati sul Sito al momento dell&#8217;effettuazione dell&#8217;ordine.<\/p>\n<h3><strong>5. Disponibilit\u00e0<\/strong><\/h3>\n<p>Gli ordini dei Clienti sono soddisfatti nei limiti della quantit\u00e0 di prodotti disponibili.<br \/>\nNel caso in cui il prodotto ordinato non sia disponibile, Kingston si impegna a contattare i Clienti via e-mail entro 15 giorni a partire dalla data dell&#8217;ordine per informarli dei tempi necessari per la consegna del prodotto ordinato.<\/p>\n<h3><strong>6. Modalit\u00e0 di consegna<\/strong><\/h3>\n<p>I prodotti acquistati sul Sito possono essere consegnati in tutta Italia, isole comprese. Nel caso in cui i Clienti desiderino far consegnare i prodotti ordinati in una nazione estera (facente parte di quelle servite da Kingston), si dovr\u00e0 effettuare la proposta d\u2019ordine via e-mail o telefono.<br \/>\nQualora l&#8217;articolo sia disponibile in deposito, la data di consegna prevista \u00e8 determinata dall&#8217;insieme dei 2 seguenti elementi<br \/>\n1. Il tempo di spedizione (da 2 a 7 giorni) : verifica dell&#8217;affidabilit\u00e0 delle informazioni fornite al momento del saldo del conto (v. Articolo 8, \u00a7 Da sapere) + preparazione dell&#8217;ordine + gestione del\/i collo\/i da parte del trasportatore<br \/>\n2. il tempo di consegna del collo da parte del trasportatore scelto dai Clienti.<br \/>\nLa data di spedizione dell&#8217;ordine sar\u00e0 comunicata ai Clienti sul sito nella pagina \u00ab Il mio account &#8211; Ordini \u00bb.<br \/>\nNel caso in cui la consegna subisca un ritardo di pi\u00f9 di 15 giorni rispetto alla data prevista, i Clienti avranno la possibilit\u00e0 di annullare l&#8217;ordine tramite lettera raccomandata con ricevuta di ritorno. Kingston si impegner\u00e0 a rimborsare ai Clienti entro 30 giorni le spese sostenute.<\/p>\n<p><strong>Kingston utilizza 2 modalit\u00e0 di consegna:<\/strong><\/p>\n<ul>\n<li><strong>Espressa Standard<\/strong> (da 2 a 7 giorni) per <strong>ordini fino a 50 kg:\u00a0<\/strong>La scelta di questo tipo di consegna permette di ricevere l&#8217;ordine all&#8217;indirizzo indicato mediamente entro 2\/7 giorni grazie a <strong>SDA<\/strong> o <strong>BRT<\/strong>. Tutti gli ordini convalidati prima delle ore 13:00 saranno spediti immediatamente (a condizione che i prodotti ordinati siano disponibili). Le spese inerenti a questo tipo di consegna possono variare in funzione dei prodotti selezionati.<\/li>\n<li><strong>Espressa Extra Large<\/strong> (2-7 giorni lavorativi) per ordini fino <strong>peso superiore ai 50Kg.\u00a0<\/strong>La scelta di questo tipo di consegna permette di ricevere l&#8217;ordine all&#8217;indirizzo indicato mediamente entro 2-7 giorni lavorativi grazie a <strong>SDA<\/strong> o <strong>BRT<\/strong>. Tutti gli ordini convalidati prima delle ore 14:00 saranno spediti immediatamente (a condizione che i prodotti ordinati siano disponibili). Le spese inerenti a questo tipo di consegna possono variare in funzione dei prodotti selezionati.<\/li>\n<\/ul>\n<p><strong>Da sapere<\/strong>: Kingston pone particolare attenzione nel rispetto dei tempi di consegna garantiti durante la registrazione dell&#8217;ordine. In caso di non ricezione dell&#8217;ordine nei tempi indicati, Kingston aprir\u00e0 contro il trasportatore un&#8217;inchiesta che potr\u00e0 durare alcuni giorni (ad es. 21 per DHL, 15 giorni per SDA).<br \/>\nIn ogni circostanza, nel caso in cui la consegna ecceda di sette (15) giorni la data limite di consegna prevista, e ci\u00f2 non a causa di forza maggiore, i Clienti potranno annullare l&#8217;ordine tramite lettera raccomandata con ricevuta di ritorno e saranno rimborsati entro un massimo di trenta (30) giorni.<br \/>\nAlla ricezione dell&#8217;ordine, \u00e8 necessario verificare che i prodotti consegnati siano conformi all&#8217;ordine, e di indicare, nel caso in cui siano danneggiati, le eventuali anomalie sul modulo di consegna sottoforma di riserve manoscritte e controfirmate.<br \/>\nPer gli ordini non ritirati\/consegnati al cliente saranno addebitate le spese di spedizione per l\u2019andata e il ritorno, le spese di imballaggio e quelle amministrative al costo e qualsiasi altra spesa sostenuta ad esempio giacenze, riconsegna, ecc.. Tale condizione si applica anche agli ordini che usufruiscono delle spese di spedizione offerte da Kingston<br \/>\nSenza pregiudizi di garanzie legali applicabili, Kingston consiglia ai Clienti di indirizzare le loro riserve quanto prima:<\/p>\n<ul>\n<li>via posta al seguente indirizzo : Kingston Grow Shop \u2013 <span class=\"LrzXr\">Via Libert\u00e0, 15, 91100 Trapani TP<\/span><\/li>\n<li>via telefono (<span class=\"LrzXr zdqRlf kno-fv\">0923 365448<\/span>)<\/li>\n<li>via e-mail a: ordini@kingstongrowshop.it<\/li>\n<\/ul>\n<h3><strong>7. Pagamenti sicuri e trattamento dati finanziari<\/strong><\/h3>\n<p>Kingston ha scelto di garantire la sicurezza dei pagamenti, tramite la cifratura della connessione durante la loro trasmissione sulla rete. Quando appare il simbolo lucchetto, significa che i pagamenti sono protetti. Il nome KINGSTON GROW SHOP apparire nell&#8217;estratto conto inviato dalla banca del cliente.<br \/>\nPreghiamo i nostri clienti di notare che, nel caso in cui ci siano sospetti di frodi inerenti ad un pagamento specifico, quest&#8217;ultimo potr\u00e0 essere annullato senza preavviso.<br \/>\nKingston mette a disposizione dei propri clienti varie possibilit\u00e0 di pagamento: carta di credito (Visa, Visa Electron, Mastercard)<br \/>\nPer quanto riguarda il pagamento tramite carta di credito, l&#8217;addebito avviene immediatamente dopo la convalida dell&#8217;ordine, a condizione di aver ottenuto l&#8217;autorizzazione da parte degli organismi bancari competenti, senza la quale l&#8217;ordine sar\u00e0 considerato nullo. Il pagamento on line tramite carta di credito \u00e8 realizzato grazie al sistema &#8220;Secure Socket Layer&#8221; che permette la codifica dei dati bancari al momento della loro trasmissione sulla rete.<br \/>\nTrattamento dati finanziari; i dati finanziari emessi durante l\u2019acquisto con carta di credito o altri dati finanziarie dei nostri clienti NON vengono in nessun modo registrati o memorizzati dalla nostra azienda.<\/p>\n<p>Il pagamento in contrassegno \u00e8 disponibile in qualsiasi tipo di consegna. Grazie al pagamento in contrassegno, l&#8217;ordine \u00e8 pagato direttamente al corriere al momento della consegna. Inoltre, previo accordo telefonico o via e-mail da effettuare dopo l&#8217;ordine, il contrassegno include consegna su appuntamento<\/p>\n<p><strong>IMPORTANTE<\/strong>: sono accettati esclusivamente pagamenti in contanti alla consegna fino a 3000 euro per singola spedizione.<\/p>\n<h3><strong>8. Diritto di recesso. Soddisfatti o rimborsati<\/strong><\/h3>\n<p>Il diritto di recesso \u00e8 riservato esclusivamente alle persone fisiche, quindi non pu\u00f2 essere esercitato dalle persone giuridiche e dalle persone fisiche che agiscono per scopi riferibili all&#8217;attivit\u00e0 professionale eventualmente svolta.<\/p>\n<p>Per esercitare il diritto di recesso \u00e8 necessario inviare, previa raccomandata A\/R ed entro 15 giorni dal ricevimento della merce, gli articoli per i quali si intende esercitare tale diritto.<br \/>\nLe spese di rispedizione del prodotto sono a totale carico del cliente.<\/p>\n<p>Il diritto di recesso decade totalmente qualora il prodotto restituito non sia integro, ovvero:<\/p>\n<ul>\n<li>mancanza dell&#8217;imballo originale<\/li>\n<li>assenza di elementi integranti del prodotto (accessori, cavi, manuali d&#8217;istruzione etc)<\/li>\n<li>danneggiamento del prodotto.<\/li>\n<\/ul>\n<p>Il cliente non potr\u00e0 in ogni caso esercitare il diritto di recesso nel caso si tratti di beni sigillati che non si prestano ad essere restituiti per motivi igienici o connessi alla protezione della salute e sono stati aperti dopo la consegna.<br \/>\nL&#8217;esclusione si applica a categorie come:<\/p>\n<ul>\n<li>Vaporizzatori<\/li>\n<li>Accessori per fumatori<\/li>\n<li>Sementi Varie<\/li>\n<li>etc.<\/li>\n<\/ul>\n<p>La durata indicata di 15 giorni \u00e8 contata a partire dalla data di consegna dell&#8217;ordine.<br \/>\nKingston proceder\u00e0 alla trasmissione dell&#8217;ordine di riaccredito relativo al costo della merce spedita entro 30 giorni lavorativi successivi alla spedizione della merce da parte del cliente e comunque non prima della ricezione dei beni.<\/p>\n<p>Kingston respinger\u00e0 conseguentemente qualsiasi prodotto restituito non imballato, cos\u00ec come i prodotti per i quali non siano state integralmente gi\u00e0 pagate dal Cliente le spese di restituzione.<\/p>\n<h3><strong>9. Rispedizione dei prodotti<\/strong><\/h3>\n<p>Saranno accettati solamente i prodotti non danneggiati e comprensivi di accessori e manuali, rispediti nell&#8217;imballaggio originale all&#8217;indirizzo del Servizio Post Vendita.<br \/>\nLe spese di spedizione del prodotto sono a carico dei Clienti.<br \/>\nPer rispedire indietro uno o pi\u00f9 prodotti, seguire le istruzioni riportate nella mail di autorizzazione al reso.<\/p>\n<h3><strong>10. Garanzie e servizio assistenza<\/strong><\/h3>\n<p><strong>10.1 Garanzie legali<\/strong><\/p>\n<p>Indipendentemente dai Servizi contrattuali di cui all&#8217;articolo 13 delle presenti condizioni generali, qualsiasi prodotto da noi venduto come nuovo \u00e8 coperto da garanzia legale di conformit\u00e0 e da garanzia per vizi occulti, nel rispetto delle seguenti condizioni legali.<\/p>\n<p>Le spese per la rispedizione del\/i prodotto\/i guasto\/i o difettoso\/i sono a carico del cliente.<br \/>\nPer rispedire indietro uno o pi\u00f9 prodotti, seguire le istruzioni riportate nella mail di autorizzazione al reso. Nessun prodotto potr\u00e0 essere dato direttamente in consegna alla sede centrale di Kingston.<br \/>\nAttenzione: la garanzia legale non si applica (o si applica solo parzialmente) alle riparazioni dei danni indotti da una causa esterna al prodotto (per esempio: incidenti, urti, fulmini, sbalzi di tensione, ecc.) o da un errore del cliente (come, per esempio, l&#8217;impiego di un&#8217;installazione non conforme alle specifiche del costruttore, un utilizzo del prodotto che risulti dannoso per lo stesso.<\/p>\n<p><strong>10.2. Garanzia costruttore<\/strong><br \/>\nTutti i prodotti da noi venduti sono inoltre provvisti di una garanzia costruttore, con validit\u00e0 e durate differenti secondo prodotti e marche.<\/p>\n<p>Le garanzie costruttori sui prodotti venduti da Kingston non coprono:<\/p>\n<ul>\n<li>la sostituzione dei consumabili (batterie, lampadine, fusibili, danni alle testine di registrazione o di lettura ecc.),<\/li>\n<li>l&#8217;utilizzo anormale o non conforme dei prodotti (i clienti sono pregati di consultare attentamente il manuale di istruzioni allegato al prodotto),<\/li>\n<li>i guasti (e successive conseguenze) dovuti all&#8217;intervento di un riparatore non autorizzato da Kingston,<\/li>\n<li>i guasti (e successive conseguenze) dovuti a cause esterne (per esempio : incidenti, urti, fulmini, sbalzi di tensione&#8230;)<\/li>\n<\/ul>\n<p>In ogni caso, Kingston non potr\u00e0 essere ritenuta responsabile dell&#8217;eventuale rifiuto del costruttore nell&#8217;applicazione della garanzia per le motivazioni precedentemente esposte.<br \/>\nNel caso in cui la riparazione non sia coperta dalla garanzia, il costruttore proceder\u00e0 ad un preventivo.<br \/>\nDelle spese amministrative saranno richieste dal costruttore in caso di rifiuto di pagamento del preventivo. In caso di accordo, il cliente dovr\u00e0 effettuare un bonifico bancario, pari al totale del preventivo, all&#8217;ordine di Kingston.<\/p>\n<h3><strong>11. Controversie e responsabilit\u00e0<\/strong><\/h3>\n<p>Kingston non potr\u00e0 in nessun caso essere ritenuta responsabile della non finalizzazione del contratto per cause di forza maggiore, tali quelle definite dai tribunali italiani, responsabilit\u00e0 del cliente o di terzi. Ricordiamo che \u00e8 prudente e consigliato procedere alla salvaguardia dei dati contenuti nei prodotti acquistati. Kingston non potr\u00e0 essere considerata responsabile dei danni risultanti da un cattivo utilizzo dei prodotti venduti sul Sito.<\/p>\n<p>Bench\u00e9 i prodotti venduti sul Sito posseggano delle caratteristiche conformi con un utilizzo professionale, Kingston non ha come vocazione quella di vendere dei prodotti a dei professionisti.<\/p>\n<p>In caso di ricezione di un pacco danneggiato, ritirare il collo avendo cura di far apporre la dicitura \u201cSI ACCETTA CON RISERVA\u201d, solo in questo modo sar\u00e0 possibile aprire la pratica per la sostituzione.<\/p>\n<\/div>\n<div class=\"desc_prod\">\n<h3><strong>12. Commenti, critiche, comunicazioni<\/strong><\/h3>\n<p>Tutte le opinioni dei Clienti inviate a Kingston sono sorvegliate e moderate dal marketing Kingston. Nel caso che dette opinioni siano contrarie alle leggi o alla moralit\u00e0 (pubblicit\u00e0 abusiva, propositi diffamatori, insulti, commenti impropri&#8230;) Kingston si riserva il diritto di rifiutare o modificare l&#8217;opinione in oggetto.<\/p>\n<h3><strong>13. Propriet\u00e0 intellettuale<\/strong><\/h3>\n<p>La totalit\u00e0 del contenuto del Sito Kingston (illustrazioni, testi, descrizioni, marche, immagini, video) \u00e8 la propriet\u00e0 di Kingston, dei suoi collaboratori e\/o partner. Tutte le riproduzioni, parziali o totali, del contenuto del sito, per mezzo di un qualsiasi processo e su un qualsiasi supporto, devono essere l\u2019oggetto di un\u2019autorizzazione preliminare ed esplicita di Kingston. Tutte le informazioni, i contenuti, le pratiche ed i software offerti dai nostri servizi, sono protetti dalle leggi italiane ed internazionali che gestiscono la propriet\u00e0 intellettuale ed il copyright. Kingsotn non pu\u00f2 concedere il permesso di copiare, pubblicare e\/o distribuire i vari contenuti alle persone che non ne detengano i diritti di propriet\u00e0 intellettuale. Tutti gli utilizzi fraudolenti di tali contenuti saranno considerati come dei delitti di contraffazione, severamente puniti dal Codice della Propriet\u00e0 Intellettuale. Kingston non potr\u00e0 in nessun caso essere ritenuta responsabile della violazione da parte di uno o pi\u00f9 utilizzatori dei diritti detenuti da terzi e perpetrata in ragione delle attivit\u00e0 degli stessi sul Sito.<\/p>\n<\/div>\n<h3><strong>15. Spedizioni<\/strong><\/h3>\n<\/div>\n<p>Il testo \u00e8 riportato nell&#8217;apposta pagina &#8220;Spedizioni&#8221; del sito. Per visualizzarlo, <a href=\"https:\/\/www.kingstongrowshop.it\/?page_id=5321\">clicca qui<\/a>[\/vc_column_text][\/vc_column][\/vc_row]<\/p>\n","protected":false},"excerpt":{"rendered":"<p>[vc_row][vc_column][vc_column_text] Introduzione Eseguire un ordine Informazioni sui prodotti Prezzi Disponibilit\u00e0 Modalit\u00e0 di consegna Pagamenti sicuri e trattamento dati finanziari Diritto di recesso. Soddisfatti o rimborsati Rispedizione dei prodotti Garanzie e<\/p>\n","protected":false},"author":1,"featured_media":0,"parent":0,"menu_order":0,"comment_status":"closed","ping_status":"closed","template":"","meta":{"footnotes":""},"class_list":["post-2183","page","type-page","status-publish","hentry"],"yoast_head":"<!-- This site is optimized with the Yoast SEO plugin v27.5 - https:\/\/yoast.com\/product\/yoast-seo-wordpress\/ -->\n<title>Termini e Condizioni - Kingston Grow Shop<\/title>\n<meta name=\"robots\" content=\"index, follow, max-snippet:-1, max-image-preview:large, max-video-preview:-1\" \/>\n<link rel=\"canonical\" href=\"https:\/\/www.kingstongrowshop.it\/?page_id=2183\" \/>\n<meta property=\"og:locale\" content=\"it_IT\" \/>\n<meta property=\"og:type\" content=\"article\" \/>\n<meta property=\"og:title\" content=\"Termini e Condizioni - Kingston Grow Shop\" \/>\n<meta property=\"og:description\" content=\"[vc_row][vc_column][vc_column_text] Introduzione Eseguire un ordine Informazioni sui prodotti Prezzi Disponibilit\u00e0 Modalit\u00e0 di consegna Pagamenti sicuri e trattamento dati finanziari Diritto di recesso. Soddisfatti o rimborsati Rispedizione dei prodotti Garanzie e\" \/>\n<meta property=\"og:url\" content=\"https:\/\/www.kingstongrowshop.it\/?page_id=2183\" \/>\n<meta property=\"og:site_name\" content=\"Kingston Grow Shop\" \/>\n<meta property=\"article:modified_time\" content=\"2020-04-16T14:15:53+00:00\" \/>\n<meta property=\"og:image\" content=\"https:\/\/www.kingstongrowshop.it\/wp-content\/uploads\/2021\/03\/121224327_1179375135780746_5428576774169632060_o.jpg\" \/>\n\t<meta property=\"og:image:width\" content=\"1920\" \/>\n\t<meta property=\"og:image:height\" content=\"1080\" \/>\n\t<meta property=\"og:image:type\" content=\"image\/jpeg\" \/>\n<meta name=\"twitter:card\" content=\"summary_large_image\" \/>\n<meta name=\"twitter:label1\" content=\"Tempo di lettura stimato\" \/>\n\t<meta name=\"twitter:data1\" content=\"12 minuti\" \/>\n<script type=\"application\/ld+json\" class=\"yoast-schema-graph\">{\"@context\":\"https:\\\/\\\/schema.org\",\"@graph\":[{\"@type\":\"WebPage\",\"@id\":\"https:\\\/\\\/www.kingstongrowshop.it\\\/?page_id=2183\",\"url\":\"https:\\\/\\\/www.kingstongrowshop.it\\\/?page_id=2183\",\"name\":\"Termini e Condizioni - Kingston Grow Shop\",\"isPartOf\":{\"@id\":\"https:\\\/\\\/www.kingstongrowshop.it\\\/#website\"},\"datePublished\":\"2016-02-28T08:28:22+00:00\",\"dateModified\":\"2020-04-16T14:15:53+00:00\",\"breadcrumb\":{\"@id\":\"https:\\\/\\\/www.kingstongrowshop.it\\\/?page_id=2183#breadcrumb\"},\"inLanguage\":\"it-IT\",\"potentialAction\":[{\"@type\":\"ReadAction\",\"target\":[\"https:\\\/\\\/www.kingstongrowshop.it\\\/?page_id=2183\"]}]},{\"@type\":\"BreadcrumbList\",\"@id\":\"https:\\\/\\\/www.kingstongrowshop.it\\\/?page_id=2183#breadcrumb\",\"itemListElement\":[{\"@type\":\"ListItem\",\"position\":1,\"name\":\"Home\",\"item\":\"https:\\\/\\\/www.kingstongrowshop.it\\\/\"},{\"@type\":\"ListItem\",\"position\":2,\"name\":\"Termini e Condizioni\"}]},{\"@type\":\"WebSite\",\"@id\":\"https:\\\/\\\/www.kingstongrowshop.it\\\/#website\",\"url\":\"https:\\\/\\\/www.kingstongrowshop.it\\\/\",\"name\":\"Kingston Grow Shop\",\"description\":\"Il tuo Grow Shop di Fiducia\",\"potentialAction\":[{\"@type\":\"SearchAction\",\"target\":{\"@type\":\"EntryPoint\",\"urlTemplate\":\"https:\\\/\\\/www.kingstongrowshop.it\\\/?s={search_term_string}\"},\"query-input\":{\"@type\":\"PropertyValueSpecification\",\"valueRequired\":true,\"valueName\":\"search_term_string\"}}],\"inLanguage\":\"it-IT\"}]}<\/script>\n<!-- \/ Yoast SEO plugin. -->","yoast_head_json":{"title":"Termini e Condizioni - Kingston Grow Shop","robots":{"index":"index","follow":"follow","max-snippet":"max-snippet:-1","max-image-preview":"max-image-preview:large","max-video-preview":"max-video-preview:-1"},"canonical":"https:\/\/www.kingstongrowshop.it\/?page_id=2183","og_locale":"it_IT","og_type":"article","og_title":"Termini e Condizioni - Kingston Grow Shop","og_description":"[vc_row][vc_column][vc_column_text] Introduzione Eseguire un ordine Informazioni sui prodotti Prezzi Disponibilit\u00e0 Modalit\u00e0 di consegna Pagamenti sicuri e trattamento dati finanziari Diritto di recesso. Soddisfatti o rimborsati Rispedizione dei prodotti Garanzie e","og_url":"https:\/\/www.kingstongrowshop.it\/?page_id=2183","og_site_name":"Kingston Grow Shop","article_modified_time":"2020-04-16T14:15:53+00:00","og_image":[{"width":1920,"height":1080,"url":"https:\/\/www.kingstongrowshop.it\/wp-content\/uploads\/2021\/03\/121224327_1179375135780746_5428576774169632060_o.jpg","type":"image\/jpeg"}],"twitter_card":"summary_large_image","twitter_misc":{"Tempo di lettura stimato":"12 minuti"},"schema":{"@context":"https:\/\/schema.org","@graph":[{"@type":"WebPage","@id":"https:\/\/www.kingstongrowshop.it\/?page_id=2183","url":"https:\/\/www.kingstongrowshop.it\/?page_id=2183","name":"Termini e Condizioni - Kingston Grow Shop","isPartOf":{"@id":"https:\/\/www.kingstongrowshop.it\/#website"},"datePublished":"2016-02-28T08:28:22+00:00","dateModified":"2020-04-16T14:15:53+00:00","breadcrumb":{"@id":"https:\/\/www.kingstongrowshop.it\/?page_id=2183#breadcrumb"},"inLanguage":"it-IT","potentialAction":[{"@type":"ReadAction","target":["https:\/\/www.kingstongrowshop.it\/?page_id=2183"]}]},{"@type":"BreadcrumbList","@id":"https:\/\/www.kingstongrowshop.it\/?page_id=2183#breadcrumb","itemListElement":[{"@type":"ListItem","position":1,"name":"Home","item":"https:\/\/www.kingstongrowshop.it\/"},{"@type":"ListItem","position":2,"name":"Termini e Condizioni"}]},{"@type":"WebSite","@id":"https:\/\/www.kingstongrowshop.it\/#website","url":"https:\/\/www.kingstongrowshop.it\/","name":"Kingston Grow Shop","description":"Il tuo Grow Shop di Fiducia","potentialAction":[{"@type":"SearchAction","target":{"@type":"EntryPoint","urlTemplate":"https:\/\/www.kingstongrowshop.it\/?s={search_term_string}"},"query-input":{"@type":"PropertyValueSpecification","valueRequired":true,"valueName":"search_term_string"}}],"inLanguage":"it-IT"}]}},"jetpack_sharing_enabled":true,"_links":{"self":[{"href":"https:\/\/www.kingstongrowshop.it\/index.php?rest_route=\/wp\/v2\/pages\/2183","targetHints":{"allow":["GET"]}}],"collection":[{"href":"https:\/\/www.kingstongrowshop.it\/index.php?rest_route=\/wp\/v2\/pages"}],"about":[{"href":"https:\/\/www.kingstongrowshop.it\/index.php?rest_route=\/wp\/v2\/types\/page"}],"author":[{"embeddable":true,"href":"https:\/\/www.kingstongrowshop.it\/index.php?rest_route=\/wp\/v2\/users\/1"}],"replies":[{"embeddable":true,"href":"https:\/\/www.kingstongrowshop.it\/index.php?rest_route=%2Fwp%2Fv2%2Fcomments&post=2183"}],"version-history":[{"count":4,"href":"https:\/\/www.kingstongrowshop.it\/index.php?rest_route=\/wp\/v2\/pages\/2183\/revisions"}],"predecessor-version":[{"id":8335,"href":"https:\/\/www.kingstongrowshop.it\/index.php?rest_route=\/wp\/v2\/pages\/2183\/revisions\/8335"}],"wp:attachment":[{"href":"https:\/\/www.kingstongrowshop.it\/index.php?rest_route=%2Fwp%2Fv2%2Fmedia&parent=2183"}],"curies":[{"name":"wp","href":"https:\/\/api.w.org\/{rel}","templated":true}]}}