{"id":10223,"date":"2022-03-05T19:46:37","date_gmt":"2022-03-05T18:46:37","guid":{"rendered":"https:\/\/www.kingstongrowshop.it\/?post_type=product&#038;p=10223"},"modified":"2022-11-21T10:46:16","modified_gmt":"2022-11-21T09:46:16","slug":"ttm100rv-estrattore-silenziato-170-240-m%c2%b3-h-cablato-con-interruttore","status":"publish","type":"product","link":"https:\/\/www.kingstongrowshop.it\/?product=ttm100rv-estrattore-silenziato-170-240-m%c2%b3-h-cablato-con-interruttore","title":{"rendered":"TTM100RV &#8211; ESTRATTORE SILENZIATO 170-240 M\u00b3\/H Cablato con Interruttore"},"content":{"rendered":"","protected":false},"excerpt":{"rendered":"<p>CABLATO CON INTERRUTTORE<\/p>\n<p>&#8211; ASPIRATORE SILENZIATO \u00d8100 &#8211; 170-240 MC\/H<br \/>\nI nuovi aspiratori in linea VENTS TT-silent-M sono contenuti in uno speciale case isolato acusticamente che assicura un funzionamento estremamente silenzioso ed alta aerodinamicit\u00e0.<br \/>\nGli estrattori sono compatibili con condotte per l&#8217;estrazione dell&#8217;aria da \u00d8100mm fino a \u00d8315mm.<br \/>\nGli aspiratori silenziati della linea TTM combinano in un unico prodotto le caratteristiche e le alte performances degli estrattori assiali e degli aspiratori centrifughi, assicurando di conseguenza un flusso d&#8217;aria potente, costante e ad alta pressione.<\/p>\n<p>L&#8217;utilizzo degli estrattori della serie TTM \u00e8 altamente raccomandato all&#8217;interno sistemi per la gestione dell&#8217;aria di luoghi che richiedono particolare attenzione ai livelli di rumorosit\u00e0 quali biblioteche, sale conferenza, asili e scuole.<\/p>\n<p>Il case esterno \u00e8 realizzato acciaio interamente rivestito in polimero sintetico; internamente \u00e8 perforato in modo tale che le onde sonore possano passare attraverso i piccoli buchi finendo con una specifica angolatura sulla superficie insonorizzante a due livelli.<br \/>\nInternamente, il case \u00e8 reso resistente al calore ed al rumore grazie ad uno strato spesso 50mm di lana minerale.<\/p>\n<p>Installazione:<br \/>\nL&#8217;estrattore pu\u00f2 essere installato ovunque ed a qualsiasi angolazione all&#8217;interno del sistema di estrazione dell&#8217;aria. Inoltre, all&#8217;interno di un unico impianto \u00e8 possibile installare in parallelo pi\u00f9 di un aspiratore per ottenere una maggiore capacit\u00e0 di estrazione; in alternativa, gli estrattori possono essere installati in serie per ottenere una maggiore pressione negativa.<br \/>\nL&#8217;aspiratore \u00e8 dotato di staffe per il fissaggio al muro, al soffitto o al pavimento.<\/p>\n<p>Portata:240 M\/H<\/p>\n<p>Speed: min\/max<br \/>\nVoltage [V \/ 50-60 Hz]: 1~ 230<br \/>\nPower [W]: 24\/26<br \/>\nCurrent [A]: 0.10 0. 11<br \/>\nMaximum airflow [m3\/h]: 170\/240<br \/>\nRPM: 2030\/2630<br \/>\nNoise level at 3 m [dBA]: 24-29<br \/>\nMax operating temperature [\u00b0C]: 60<br \/>\nProtection rating: IP X4<\/p>\n","protected":false},"featured_media":10224,"comment_status":"open","ping_status":"closed","template":"","meta":[],"product_brand":[],"product_cat":[260,259],"product_tag":[1377,1376,1375],"class_list":{"0":"post-10223","1":"product","2":"type-product","3":"status-publish","4":"has-post-thumbnail","6":"product_cat-estrattorieaspiratori","7":"product_cat-trattamentoaria","8":"product_tag-cablato","9":"product_tag-estrattore-silenziato","10":"product_tag-vents-tt-100-rv","12":"first","13":"outofstock","14":"sale","15":"shipping-taxable","16":"purchasable","17":"product-type-simple"},"yoast_head":"<!-- This site is optimized with the Yoast SEO plugin v27.5 - https:\/\/yoast.com\/product\/yoast-seo-wordpress\/ -->\n<title>TTM100RV - ESTRATTORE SILENZIATO 170-240 M\u00b3\/H Cablato con Interruttore - Kingston Grow Shop<\/title>\n<meta name=\"description\" content=\"- ASPIRATORE SILENZIATO \u00d8100 - 170-240 MC\/HI nuovi aspiratori in linea VENTS TT-silent-M sono contenuti in uno speciale case isolato\" \/>\n<meta name=\"robots\" content=\"index, follow, max-snippet:-1, max-image-preview:large, max-video-preview:-1\" \/>\n<link rel=\"canonical\" href=\"https:\/\/www.kingstongrowshop.it\/?product=ttm100rv-estrattore-silenziato-170-240-m\u00b3-h-cablato-con-interruttore\" \/>\n<meta property=\"og:locale\" content=\"it_IT\" \/>\n<meta property=\"og:type\" content=\"article\" \/>\n<meta property=\"og:title\" content=\"TTM100RV - ESTRATTORE SILENZIATO 170-240 M\u00b3\/H Cablato con Interruttore - Kingston Grow Shop\" \/>\n<meta property=\"og:description\" content=\"- ASPIRATORE SILENZIATO \u00d8100 - 170-240 MC\/HI nuovi aspiratori in linea VENTS TT-silent-M sono contenuti in uno speciale case isolato\" \/>\n<meta property=\"og:url\" content=\"https:\/\/www.kingstongrowshop.it\/?product=ttm100rv-estrattore-silenziato-170-240-m\u00b3-h-cablato-con-interruttore\" \/>\n<meta property=\"og:site_name\" content=\"Kingston Grow Shop\" \/>\n<meta property=\"article:modified_time\" content=\"2022-11-21T09:46:16+00:00\" \/>\n<meta property=\"og:image\" content=\"https:\/\/www.kingstongrowshop.it\/wp-content\/uploads\/2022\/03\/ttm100.jpg\" \/>\n\t<meta property=\"og:image:width\" content=\"500\" \/>\n\t<meta property=\"og:image:height\" content=\"500\" \/>\n\t<meta property=\"og:image:type\" content=\"image\/jpeg\" \/>\n<meta name=\"twitter:card\" content=\"summary_large_image\" \/>\n<script type=\"application\/ld+json\" class=\"yoast-schema-graph\">{\"@context\":\"https:\\\/\\\/schema.org\",\"@graph\":[{\"@type\":\"WebPage\",\"@id\":\"https:\\\/\\\/www.kingstongrowshop.it\\\/?product=ttm100rv-estrattore-silenziato-170-240-m%c2%b3-h-cablato-con-interruttore\",\"url\":\"https:\\\/\\\/www.kingstongrowshop.it\\\/?product=ttm100rv-estrattore-silenziato-170-240-m%c2%b3-h-cablato-con-interruttore\",\"name\":\"TTM100RV - ESTRATTORE SILENZIATO 170-240 M\u00b3\\\/H Cablato con Interruttore - Kingston Grow Shop\",\"isPartOf\":{\"@id\":\"https:\\\/\\\/www.kingstongrowshop.it\\\/#website\"},\"primaryImageOfPage\":{\"@id\":\"https:\\\/\\\/www.kingstongrowshop.it\\\/?product=ttm100rv-estrattore-silenziato-170-240-m%c2%b3-h-cablato-con-interruttore#primaryimage\"},\"image\":{\"@id\":\"https:\\\/\\\/www.kingstongrowshop.it\\\/?product=ttm100rv-estrattore-silenziato-170-240-m%c2%b3-h-cablato-con-interruttore#primaryimage\"},\"thumbnailUrl\":\"https:\\\/\\\/www.kingstongrowshop.it\\\/wp-content\\\/uploads\\\/2022\\\/03\\\/ttm100.jpg\",\"datePublished\":\"2022-03-05T18:46:37+00:00\",\"dateModified\":\"2022-11-21T09:46:16+00:00\",\"description\":\"- ASPIRATORE SILENZIATO \u00d8100 - 170-240 MC\\\/HI nuovi aspiratori in linea VENTS TT-silent-M sono contenuti in uno speciale case isolato\",\"breadcrumb\":{\"@id\":\"https:\\\/\\\/www.kingstongrowshop.it\\\/?product=ttm100rv-estrattore-silenziato-170-240-m%c2%b3-h-cablato-con-interruttore#breadcrumb\"},\"inLanguage\":\"it-IT\",\"potentialAction\":[{\"@type\":\"ReadAction\",\"target\":[\"https:\\\/\\\/www.kingstongrowshop.it\\\/?product=ttm100rv-estrattore-silenziato-170-240-m%c2%b3-h-cablato-con-interruttore\"]}]},{\"@type\":\"ImageObject\",\"inLanguage\":\"it-IT\",\"@id\":\"https:\\\/\\\/www.kingstongrowshop.it\\\/?product=ttm100rv-estrattore-silenziato-170-240-m%c2%b3-h-cablato-con-interruttore#primaryimage\",\"url\":\"https:\\\/\\\/www.kingstongrowshop.it\\\/wp-content\\\/uploads\\\/2022\\\/03\\\/ttm100.jpg\",\"contentUrl\":\"https:\\\/\\\/www.kingstongrowshop.it\\\/wp-content\\\/uploads\\\/2022\\\/03\\\/ttm100.jpg\",\"width\":500,\"height\":500},{\"@type\":\"BreadcrumbList\",\"@id\":\"https:\\\/\\\/www.kingstongrowshop.it\\\/?product=ttm100rv-estrattore-silenziato-170-240-m%c2%b3-h-cablato-con-interruttore#breadcrumb\",\"itemListElement\":[{\"@type\":\"ListItem\",\"position\":1,\"name\":\"Home\",\"item\":\"https:\\\/\\\/www.kingstongrowshop.it\\\/\"},{\"@type\":\"ListItem\",\"position\":2,\"name\":\"Shop\",\"item\":\"https:\\\/\\\/www.kingstongrowshop.it\\\/?page_id=3853\"},{\"@type\":\"ListItem\",\"position\":3,\"name\":\"TTM100RV &#8211; ESTRATTORE SILENZIATO 170-240 M\u00b3\\\/H Cablato con Interruttore\"}]},{\"@type\":\"WebSite\",\"@id\":\"https:\\\/\\\/www.kingstongrowshop.it\\\/#website\",\"url\":\"https:\\\/\\\/www.kingstongrowshop.it\\\/\",\"name\":\"Kingston Grow Shop\",\"description\":\"Il tuo Grow Shop di Fiducia\",\"potentialAction\":[{\"@type\":\"SearchAction\",\"target\":{\"@type\":\"EntryPoint\",\"urlTemplate\":\"https:\\\/\\\/www.kingstongrowshop.it\\\/?s={search_term_string}\"},\"query-input\":{\"@type\":\"PropertyValueSpecification\",\"valueRequired\":true,\"valueName\":\"search_term_string\"}}],\"inLanguage\":\"it-IT\"}]}<\/script>\n<!-- \/ Yoast SEO plugin. -->","yoast_head_json":{"title":"TTM100RV - ESTRATTORE SILENZIATO 170-240 M\u00b3\/H Cablato con Interruttore - Kingston Grow Shop","description":"- ASPIRATORE SILENZIATO \u00d8100 - 170-240 MC\/HI nuovi aspiratori in linea VENTS TT-silent-M sono contenuti in uno speciale case isolato","robots":{"index":"index","follow":"follow","max-snippet":"max-snippet:-1","max-image-preview":"max-image-preview:large","max-video-preview":"max-video-preview:-1"},"canonical":"https:\/\/www.kingstongrowshop.it\/?product=ttm100rv-estrattore-silenziato-170-240-m\u00b3-h-cablato-con-interruttore","og_locale":"it_IT","og_type":"article","og_title":"TTM100RV - ESTRATTORE SILENZIATO 170-240 M\u00b3\/H Cablato con Interruttore - Kingston Grow Shop","og_description":"- ASPIRATORE SILENZIATO \u00d8100 - 170-240 MC\/HI nuovi aspiratori in linea VENTS TT-silent-M sono contenuti in uno speciale case isolato","og_url":"https:\/\/www.kingstongrowshop.it\/?product=ttm100rv-estrattore-silenziato-170-240-m\u00b3-h-cablato-con-interruttore","og_site_name":"Kingston Grow Shop","article_modified_time":"2022-11-21T09:46:16+00:00","og_image":[{"width":500,"height":500,"url":"https:\/\/www.kingstongrowshop.it\/wp-content\/uploads\/2022\/03\/ttm100.jpg","type":"image\/jpeg"}],"twitter_card":"summary_large_image","schema":{"@context":"https:\/\/schema.org","@graph":[{"@type":"WebPage","@id":"https:\/\/www.kingstongrowshop.it\/?product=ttm100rv-estrattore-silenziato-170-240-m%c2%b3-h-cablato-con-interruttore","url":"https:\/\/www.kingstongrowshop.it\/?product=ttm100rv-estrattore-silenziato-170-240-m%c2%b3-h-cablato-con-interruttore","name":"TTM100RV - ESTRATTORE SILENZIATO 170-240 M\u00b3\/H Cablato con Interruttore - Kingston Grow Shop","isPartOf":{"@id":"https:\/\/www.kingstongrowshop.it\/#website"},"primaryImageOfPage":{"@id":"https:\/\/www.kingstongrowshop.it\/?product=ttm100rv-estrattore-silenziato-170-240-m%c2%b3-h-cablato-con-interruttore#primaryimage"},"image":{"@id":"https:\/\/www.kingstongrowshop.it\/?product=ttm100rv-estrattore-silenziato-170-240-m%c2%b3-h-cablato-con-interruttore#primaryimage"},"thumbnailUrl":"https:\/\/www.kingstongrowshop.it\/wp-content\/uploads\/2022\/03\/ttm100.jpg","datePublished":"2022-03-05T18:46:37+00:00","dateModified":"2022-11-21T09:46:16+00:00","description":"- ASPIRATORE SILENZIATO \u00d8100 - 170-240 MC\/HI nuovi aspiratori in linea VENTS TT-silent-M sono contenuti in uno speciale case isolato","breadcrumb":{"@id":"https:\/\/www.kingstongrowshop.it\/?product=ttm100rv-estrattore-silenziato-170-240-m%c2%b3-h-cablato-con-interruttore#breadcrumb"},"inLanguage":"it-IT","potentialAction":[{"@type":"ReadAction","target":["https:\/\/www.kingstongrowshop.it\/?product=ttm100rv-estrattore-silenziato-170-240-m%c2%b3-h-cablato-con-interruttore"]}]},{"@type":"ImageObject","inLanguage":"it-IT","@id":"https:\/\/www.kingstongrowshop.it\/?product=ttm100rv-estrattore-silenziato-170-240-m%c2%b3-h-cablato-con-interruttore#primaryimage","url":"https:\/\/www.kingstongrowshop.it\/wp-content\/uploads\/2022\/03\/ttm100.jpg","contentUrl":"https:\/\/www.kingstongrowshop.it\/wp-content\/uploads\/2022\/03\/ttm100.jpg","width":500,"height":500},{"@type":"BreadcrumbList","@id":"https:\/\/www.kingstongrowshop.it\/?product=ttm100rv-estrattore-silenziato-170-240-m%c2%b3-h-cablato-con-interruttore#breadcrumb","itemListElement":[{"@type":"ListItem","position":1,"name":"Home","item":"https:\/\/www.kingstongrowshop.it\/"},{"@type":"ListItem","position":2,"name":"Shop","item":"https:\/\/www.kingstongrowshop.it\/?page_id=3853"},{"@type":"ListItem","position":3,"name":"TTM100RV &#8211; ESTRATTORE SILENZIATO 170-240 M\u00b3\/H Cablato con Interruttore"}]},{"@type":"WebSite","@id":"https:\/\/www.kingstongrowshop.it\/#website","url":"https:\/\/www.kingstongrowshop.it\/","name":"Kingston Grow Shop","description":"Il tuo Grow Shop di Fiducia","potentialAction":[{"@type":"SearchAction","target":{"@type":"EntryPoint","urlTemplate":"https:\/\/www.kingstongrowshop.it\/?s={search_term_string}"},"query-input":{"@type":"PropertyValueSpecification","valueRequired":true,"valueName":"search_term_string"}}],"inLanguage":"it-IT"}]}},"jetpack_sharing_enabled":true,"_links":{"self":[{"href":"https:\/\/www.kingstongrowshop.it\/index.php?rest_route=\/wp\/v2\/product\/10223","targetHints":{"allow":["GET"]}}],"collection":[{"href":"https:\/\/www.kingstongrowshop.it\/index.php?rest_route=\/wp\/v2\/product"}],"about":[{"href":"https:\/\/www.kingstongrowshop.it\/index.php?rest_route=\/wp\/v2\/types\/product"}],"replies":[{"embeddable":true,"href":"https:\/\/www.kingstongrowshop.it\/index.php?rest_route=%2Fwp%2Fv2%2Fcomments&post=10223"}],"wp:featuredmedia":[{"embeddable":true,"href":"https:\/\/www.kingstongrowshop.it\/index.php?rest_route=\/wp\/v2\/media\/10224"}],"wp:attachment":[{"href":"https:\/\/www.kingstongrowshop.it\/index.php?rest_route=%2Fwp%2Fv2%2Fmedia&parent=10223"}],"wp:term":[{"taxonomy":"product_brand","embeddable":true,"href":"https:\/\/www.kingstongrowshop.it\/index.php?rest_route=%2Fwp%2Fv2%2Fproduct_brand&post=10223"},{"taxonomy":"product_cat","embeddable":true,"href":"https:\/\/www.kingstongrowshop.it\/index.php?rest_route=%2Fwp%2Fv2%2Fproduct_cat&post=10223"},{"taxonomy":"product_tag","embeddable":true,"href":"https:\/\/www.kingstongrowshop.it\/index.php?rest_route=%2Fwp%2Fv2%2Fproduct_tag&post=10223"}],"curies":[{"name":"wp","href":"https:\/\/api.w.org\/{rel}","templated":true}]}}