{"id":10233,"date":"2022-03-15T11:26:13","date_gmt":"2022-03-15T10:26:13","guid":{"rendered":"https:\/\/www.kingstongrowshop.it\/?post_type=product&#038;p=10233"},"modified":"2023-10-23T18:10:57","modified_gmt":"2023-10-23T16:10:57","slug":"integra-boost-62","status":"publish","type":"product","link":"https:\/\/www.kingstongrowshop.it\/?product=integra-boost-62","title":{"rendered":"INTEGRA BOOST 55%"},"content":{"rendered":"<p><strong>Come funziona Boost?<\/strong><br \/>\nIntegra Boost \u00e8 <b>una soluzione priva di sale<\/b>, basata principalmente sulla glicerina. Quest\u2019ultima \u00e8 perfettamente sicura, poich\u00e9 di origine vegetale, e la sua azione in grado di <b>ridurre la contaminazione e la corrosione da muffe<\/b> \u00e8 universalmente riconosciuta. Boost, quindi, rilascia o assorbe l\u2019umidit\u00e0 a seconda dell\u2019ambiente in cui la tua coltivazione si trova.<\/p>\n<p class=\"p1\">In questo modo, potrai contare su <b>un\u2019umidit\u00e0 relativa garantita al 55% <\/b>. Questi valori sono molto importanti: un ambiente dall\u2019umidit\u00e0 inferiore al 55%, infatti, non potrebbe offrirti un contenuto idrico sufficiente, e la canapa finirebbe per diventare troppo friabile, inadatta per essere fumata. Inoltre, le piante potrebbero tendere all\u2019essiccazione, quindi perdere di peso ed efficacia. Al contrario, un\u2019umidit\u00e0 superiore al 62% potrebbe portare alla formazione di organismi non graditi, quali muffe e funghi di vario genere.<\/p>\n","protected":false},"excerpt":{"rendered":"<p>BUSTINA DA 1 o da 8 GRAMMI.<\/p>\n<p>Tecnologia brevettata che rilascer\u00e0 o assorbir\u00e0 l&#8217;umidit\u00e0.<\/p>\n<p>\u2022 Fino a 12 grammi di fiori o frutti secchi, utilizzare 4 grammi di Integra Boost\u00ae<\/p>\n<p>\u2022 12 grammi &#8211; 28 grammi di fiori o frutti secchi, utilizzare 8 grammi di Integra Boost\u00ae<\/p>\n<p>\u2022 Fino a 500 grammi di fiori o frutti secchi, utilizzare 67 grammi di Integra Boost\u00ae<\/p>\n","protected":false},"featured_media":10666,"comment_status":"open","ping_status":"closed","template":"","meta":[],"product_brand":[],"product_cat":[295],"product_tag":[1059],"class_list":{"0":"post-10233","1":"product","2":"type-product","3":"status-publish","4":"has-post-thumbnail","6":"product_cat-raccoltoessicazioneeconservazione","7":"product_tag-integra-boost","9":"first","10":"instock","11":"shipping-taxable","12":"purchasable","13":"product-type-variable"},"yoast_head":"<!-- This site is optimized with the Yoast SEO plugin v27.5 - https:\/\/yoast.com\/product\/yoast-seo-wordpress\/ -->\n<title>INTEGRA BOOST 55% - Kingston Grow Shop<\/title>\n<meta name=\"description\" content=\"Integra Boost \u00e8 una soluzione priva di sale, basata principalmente sulla glicerina. Quest\u2019ultima \u00e8 perfettamente sicura, poich\u00e9 ...\" \/>\n<meta name=\"robots\" content=\"index, follow, max-snippet:-1, max-image-preview:large, max-video-preview:-1\" \/>\n<link rel=\"canonical\" href=\"https:\/\/www.kingstongrowshop.it\/?product=integra-boost-62\" \/>\n<meta property=\"og:locale\" content=\"it_IT\" \/>\n<meta property=\"og:type\" content=\"article\" \/>\n<meta property=\"og:title\" content=\"INTEGRA BOOST 55% - Kingston Grow Shop\" \/>\n<meta property=\"og:description\" content=\"Integra Boost \u00e8 una soluzione priva di sale, basata principalmente sulla glicerina. Quest\u2019ultima \u00e8 perfettamente sicura, poich\u00e9 ...\" \/>\n<meta property=\"og:url\" content=\"https:\/\/www.kingstongrowshop.it\/?product=integra-boost-62\" \/>\n<meta property=\"og:site_name\" content=\"Kingston Grow Shop\" \/>\n<meta property=\"article:modified_time\" content=\"2023-10-23T16:10:57+00:00\" \/>\n<meta property=\"og:image\" content=\"https:\/\/www.kingstongrowshop.it\/wp-content\/uploads\/2022\/03\/integra-boost-55-4gr-miniImg_Principale_49899.jpg\" \/>\n\t<meta property=\"og:image:width\" content=\"600\" \/>\n\t<meta property=\"og:image:height\" content=\"600\" \/>\n\t<meta property=\"og:image:type\" content=\"image\/jpeg\" \/>\n<meta name=\"twitter:card\" content=\"summary_large_image\" \/>\n<meta name=\"twitter:label1\" content=\"Tempo di lettura stimato\" \/>\n\t<meta name=\"twitter:data1\" content=\"1 minuto\" \/>\n<script type=\"application\/ld+json\" class=\"yoast-schema-graph\">{\"@context\":\"https:\\\/\\\/schema.org\",\"@graph\":[{\"@type\":\"WebPage\",\"@id\":\"https:\\\/\\\/www.kingstongrowshop.it\\\/?product=integra-boost-62\",\"url\":\"https:\\\/\\\/www.kingstongrowshop.it\\\/?product=integra-boost-62\",\"name\":\"INTEGRA BOOST 55% - Kingston Grow Shop\",\"isPartOf\":{\"@id\":\"https:\\\/\\\/www.kingstongrowshop.it\\\/#website\"},\"primaryImageOfPage\":{\"@id\":\"https:\\\/\\\/www.kingstongrowshop.it\\\/?product=integra-boost-62#primaryimage\"},\"image\":{\"@id\":\"https:\\\/\\\/www.kingstongrowshop.it\\\/?product=integra-boost-62#primaryimage\"},\"thumbnailUrl\":\"https:\\\/\\\/www.kingstongrowshop.it\\\/wp-content\\\/uploads\\\/2022\\\/03\\\/integra-boost-55-4gr-miniImg_Principale_49899.jpg\",\"datePublished\":\"2022-03-15T10:26:13+00:00\",\"dateModified\":\"2023-10-23T16:10:57+00:00\",\"description\":\"Integra Boost \u00e8 una soluzione priva di sale, basata principalmente sulla glicerina. Quest\u2019ultima \u00e8 perfettamente sicura, poich\u00e9 ...\",\"breadcrumb\":{\"@id\":\"https:\\\/\\\/www.kingstongrowshop.it\\\/?product=integra-boost-62#breadcrumb\"},\"inLanguage\":\"it-IT\",\"potentialAction\":[{\"@type\":\"ReadAction\",\"target\":[\"https:\\\/\\\/www.kingstongrowshop.it\\\/?product=integra-boost-62\"]}]},{\"@type\":\"ImageObject\",\"inLanguage\":\"it-IT\",\"@id\":\"https:\\\/\\\/www.kingstongrowshop.it\\\/?product=integra-boost-62#primaryimage\",\"url\":\"https:\\\/\\\/www.kingstongrowshop.it\\\/wp-content\\\/uploads\\\/2022\\\/03\\\/integra-boost-55-4gr-miniImg_Principale_49899.jpg\",\"contentUrl\":\"https:\\\/\\\/www.kingstongrowshop.it\\\/wp-content\\\/uploads\\\/2022\\\/03\\\/integra-boost-55-4gr-miniImg_Principale_49899.jpg\",\"width\":600,\"height\":600},{\"@type\":\"BreadcrumbList\",\"@id\":\"https:\\\/\\\/www.kingstongrowshop.it\\\/?product=integra-boost-62#breadcrumb\",\"itemListElement\":[{\"@type\":\"ListItem\",\"position\":1,\"name\":\"Home\",\"item\":\"https:\\\/\\\/www.kingstongrowshop.it\\\/\"},{\"@type\":\"ListItem\",\"position\":2,\"name\":\"Shop\",\"item\":\"https:\\\/\\\/www.kingstongrowshop.it\\\/?page_id=3853\"},{\"@type\":\"ListItem\",\"position\":3,\"name\":\"INTEGRA BOOST 55%\"}]},{\"@type\":\"WebSite\",\"@id\":\"https:\\\/\\\/www.kingstongrowshop.it\\\/#website\",\"url\":\"https:\\\/\\\/www.kingstongrowshop.it\\\/\",\"name\":\"Kingston Grow Shop\",\"description\":\"Il tuo Grow Shop di Fiducia\",\"potentialAction\":[{\"@type\":\"SearchAction\",\"target\":{\"@type\":\"EntryPoint\",\"urlTemplate\":\"https:\\\/\\\/www.kingstongrowshop.it\\\/?s={search_term_string}\"},\"query-input\":{\"@type\":\"PropertyValueSpecification\",\"valueRequired\":true,\"valueName\":\"search_term_string\"}}],\"inLanguage\":\"it-IT\"}]}<\/script>\n<!-- \/ Yoast SEO plugin. -->","yoast_head_json":{"title":"INTEGRA BOOST 55% - Kingston Grow Shop","description":"Integra Boost \u00e8 una soluzione priva di sale, basata principalmente sulla glicerina. Quest\u2019ultima \u00e8 perfettamente sicura, poich\u00e9 ...","robots":{"index":"index","follow":"follow","max-snippet":"max-snippet:-1","max-image-preview":"max-image-preview:large","max-video-preview":"max-video-preview:-1"},"canonical":"https:\/\/www.kingstongrowshop.it\/?product=integra-boost-62","og_locale":"it_IT","og_type":"article","og_title":"INTEGRA BOOST 55% - Kingston Grow Shop","og_description":"Integra Boost \u00e8 una soluzione priva di sale, basata principalmente sulla glicerina. Quest\u2019ultima \u00e8 perfettamente sicura, poich\u00e9 ...","og_url":"https:\/\/www.kingstongrowshop.it\/?product=integra-boost-62","og_site_name":"Kingston Grow Shop","article_modified_time":"2023-10-23T16:10:57+00:00","og_image":[{"width":600,"height":600,"url":"https:\/\/www.kingstongrowshop.it\/wp-content\/uploads\/2022\/03\/integra-boost-55-4gr-miniImg_Principale_49899.jpg","type":"image\/jpeg"}],"twitter_card":"summary_large_image","twitter_misc":{"Tempo di lettura stimato":"1 minuto"},"schema":{"@context":"https:\/\/schema.org","@graph":[{"@type":"WebPage","@id":"https:\/\/www.kingstongrowshop.it\/?product=integra-boost-62","url":"https:\/\/www.kingstongrowshop.it\/?product=integra-boost-62","name":"INTEGRA BOOST 55% - Kingston Grow Shop","isPartOf":{"@id":"https:\/\/www.kingstongrowshop.it\/#website"},"primaryImageOfPage":{"@id":"https:\/\/www.kingstongrowshop.it\/?product=integra-boost-62#primaryimage"},"image":{"@id":"https:\/\/www.kingstongrowshop.it\/?product=integra-boost-62#primaryimage"},"thumbnailUrl":"https:\/\/www.kingstongrowshop.it\/wp-content\/uploads\/2022\/03\/integra-boost-55-4gr-miniImg_Principale_49899.jpg","datePublished":"2022-03-15T10:26:13+00:00","dateModified":"2023-10-23T16:10:57+00:00","description":"Integra Boost \u00e8 una soluzione priva di sale, basata principalmente sulla glicerina. Quest\u2019ultima \u00e8 perfettamente sicura, poich\u00e9 ...","breadcrumb":{"@id":"https:\/\/www.kingstongrowshop.it\/?product=integra-boost-62#breadcrumb"},"inLanguage":"it-IT","potentialAction":[{"@type":"ReadAction","target":["https:\/\/www.kingstongrowshop.it\/?product=integra-boost-62"]}]},{"@type":"ImageObject","inLanguage":"it-IT","@id":"https:\/\/www.kingstongrowshop.it\/?product=integra-boost-62#primaryimage","url":"https:\/\/www.kingstongrowshop.it\/wp-content\/uploads\/2022\/03\/integra-boost-55-4gr-miniImg_Principale_49899.jpg","contentUrl":"https:\/\/www.kingstongrowshop.it\/wp-content\/uploads\/2022\/03\/integra-boost-55-4gr-miniImg_Principale_49899.jpg","width":600,"height":600},{"@type":"BreadcrumbList","@id":"https:\/\/www.kingstongrowshop.it\/?product=integra-boost-62#breadcrumb","itemListElement":[{"@type":"ListItem","position":1,"name":"Home","item":"https:\/\/www.kingstongrowshop.it\/"},{"@type":"ListItem","position":2,"name":"Shop","item":"https:\/\/www.kingstongrowshop.it\/?page_id=3853"},{"@type":"ListItem","position":3,"name":"INTEGRA BOOST 55%"}]},{"@type":"WebSite","@id":"https:\/\/www.kingstongrowshop.it\/#website","url":"https:\/\/www.kingstongrowshop.it\/","name":"Kingston Grow Shop","description":"Il tuo Grow Shop di Fiducia","potentialAction":[{"@type":"SearchAction","target":{"@type":"EntryPoint","urlTemplate":"https:\/\/www.kingstongrowshop.it\/?s={search_term_string}"},"query-input":{"@type":"PropertyValueSpecification","valueRequired":true,"valueName":"search_term_string"}}],"inLanguage":"it-IT"}]}},"jetpack_sharing_enabled":true,"_links":{"self":[{"href":"https:\/\/www.kingstongrowshop.it\/index.php?rest_route=\/wp\/v2\/product\/10233","targetHints":{"allow":["GET"]}}],"collection":[{"href":"https:\/\/www.kingstongrowshop.it\/index.php?rest_route=\/wp\/v2\/product"}],"about":[{"href":"https:\/\/www.kingstongrowshop.it\/index.php?rest_route=\/wp\/v2\/types\/product"}],"replies":[{"embeddable":true,"href":"https:\/\/www.kingstongrowshop.it\/index.php?rest_route=%2Fwp%2Fv2%2Fcomments&post=10233"}],"wp:featuredmedia":[{"embeddable":true,"href":"https:\/\/www.kingstongrowshop.it\/index.php?rest_route=\/wp\/v2\/media\/10666"}],"wp:attachment":[{"href":"https:\/\/www.kingstongrowshop.it\/index.php?rest_route=%2Fwp%2Fv2%2Fmedia&parent=10233"}],"wp:term":[{"taxonomy":"product_brand","embeddable":true,"href":"https:\/\/www.kingstongrowshop.it\/index.php?rest_route=%2Fwp%2Fv2%2Fproduct_brand&post=10233"},{"taxonomy":"product_cat","embeddable":true,"href":"https:\/\/www.kingstongrowshop.it\/index.php?rest_route=%2Fwp%2Fv2%2Fproduct_cat&post=10233"},{"taxonomy":"product_tag","embeddable":true,"href":"https:\/\/www.kingstongrowshop.it\/index.php?rest_route=%2Fwp%2Fv2%2Fproduct_tag&post=10233"}],"curies":[{"name":"wp","href":"https:\/\/api.w.org\/{rel}","templated":true}]}}