{"id":10658,"date":"2023-09-04T17:41:38","date_gmt":"2023-09-04T15:41:38","guid":{"rendered":"https:\/\/www.kingstongrowshop.it\/?post_type=product&#038;p=10658"},"modified":"2025-09-22T17:40:28","modified_gmt":"2025-09-22T15:40:28","slug":"power-buds-plagron-100ml","status":"publish","type":"product","link":"https:\/\/www.kingstongrowshop.it\/?product=power-buds-plagron-100ml","title":{"rendered":"Power Buds Plagron"},"content":{"rendered":"","protected":false},"excerpt":{"rendered":"<p>AUMENTA LA QUANTITA&#8217; DI INFIORESCENZE E ACCELERA LA FIORITURA<\/p>\n<p>Power Buds aumenta la formazione di infiorescenze e accelera la fioritura. Se utilizzato dal momento in cui la tua coltivazione passa dalla fase vegetativa alla fase di fioritura, la tua pianta inizier\u00e0 a spendere la sua energia producendo infiorescenze. Di conseguenza, la pianta fiorisce pi\u00f9 velocemente, rimane compatta e forma pi\u00f9 fiori.<\/p>\n<p>Aumenta la formazione di infiorescenze<br \/>\nAccelera la fioritura<br \/>\nNon aumenta il valore EC<\/p>\n<p>Dosaggio e uso<br \/>\nAgitare bene prima dell&#8217;uso. Aggiungere fino a 1 ml di Power Buds per litro d&#8217;acqua (1:1000).<\/p>\n<p>Usa questa soluzione nutritiva dal momento in cui passi dalla fase vegetativa alla fioritura.<\/p>\n","protected":false},"featured_media":10659,"comment_status":"open","ping_status":"closed","template":"","meta":[],"product_brand":[],"product_cat":[283,281,284],"product_tag":[],"class_list":{"0":"post-10658","1":"product","2":"type-product","3":"status-publish","4":"has-post-thumbnail","6":"product_cat-fertilizzanti","7":"product_cat-fertilizzantiecuradellepiante","8":"product_cat-plagron","10":"first","11":"instock","12":"taxable","13":"shipping-taxable","14":"purchasable","15":"product-type-variable"},"yoast_head":"<!-- This site is optimized with the Yoast SEO plugin v27.5 - https:\/\/yoast.com\/product\/yoast-seo-wordpress\/ -->\n<title>Power Buds Plagron - Kingston Grow Shop<\/title>\n<meta name=\"robots\" content=\"index, follow, max-snippet:-1, max-image-preview:large, max-video-preview:-1\" \/>\n<link rel=\"canonical\" href=\"https:\/\/www.kingstongrowshop.it\/?product=power-buds-plagron-100ml\" \/>\n<meta property=\"og:locale\" content=\"it_IT\" \/>\n<meta property=\"og:type\" content=\"article\" \/>\n<meta property=\"og:title\" content=\"Power Buds Plagron - Kingston Grow Shop\" \/>\n<meta property=\"og:description\" content=\"AUMENTA LA QUANTITA&#039; DI INFIORESCENZE E ACCELERA LA FIORITURA  Power Buds aumenta la formazione di infiorescenze e accelera la fioritura. Se utilizzato dal momento in cui la tua coltivazione passa dalla fase vegetativa alla fase di fioritura, la tua pianta inizier\u00e0 a spendere la sua energia producendo infiorescenze. Di conseguenza, la pianta fiorisce pi\u00f9 velocemente, rimane compatta e forma pi\u00f9 fiori.  Aumenta la formazione di infiorescenze Accelera la fioritura Non aumenta il valore EC  Dosaggio e uso Agitare bene prima dell&#039;uso. Aggiungere fino a 1 ml di Power Buds per litro d&#039;acqua (1:1000).  Usa questa soluzione nutritiva dal momento in cui passi dalla fase vegetativa alla fioritura.\" \/>\n<meta property=\"og:url\" content=\"https:\/\/www.kingstongrowshop.it\/?product=power-buds-plagron-100ml\" \/>\n<meta property=\"og:site_name\" content=\"Kingston Grow Shop\" \/>\n<meta property=\"article:modified_time\" content=\"2025-09-22T15:40:28+00:00\" \/>\n<meta property=\"og:image\" content=\"https:\/\/www.kingstongrowshop.it\/wp-content\/uploads\/2023\/09\/78251.webp\" \/>\n\t<meta property=\"og:image:width\" content=\"700\" \/>\n\t<meta property=\"og:image:height\" content=\"700\" \/>\n\t<meta property=\"og:image:type\" content=\"image\/webp\" \/>\n<meta name=\"twitter:card\" content=\"summary_large_image\" \/>\n<meta name=\"twitter:label1\" content=\"Tempo di lettura stimato\" \/>\n\t<meta name=\"twitter:data1\" content=\"1 minuto\" \/>\n<script type=\"application\/ld+json\" class=\"yoast-schema-graph\">{\"@context\":\"https:\\\/\\\/schema.org\",\"@graph\":[{\"@type\":\"WebPage\",\"@id\":\"https:\\\/\\\/www.kingstongrowshop.it\\\/?product=power-buds-plagron-100ml\",\"url\":\"https:\\\/\\\/www.kingstongrowshop.it\\\/?product=power-buds-plagron-100ml\",\"name\":\"Power Buds Plagron - Kingston Grow Shop\",\"isPartOf\":{\"@id\":\"https:\\\/\\\/www.kingstongrowshop.it\\\/#website\"},\"primaryImageOfPage\":{\"@id\":\"https:\\\/\\\/www.kingstongrowshop.it\\\/?product=power-buds-plagron-100ml#primaryimage\"},\"image\":{\"@id\":\"https:\\\/\\\/www.kingstongrowshop.it\\\/?product=power-buds-plagron-100ml#primaryimage\"},\"thumbnailUrl\":\"https:\\\/\\\/www.kingstongrowshop.it\\\/wp-content\\\/uploads\\\/2023\\\/09\\\/78251.webp\",\"datePublished\":\"2023-09-04T15:41:38+00:00\",\"dateModified\":\"2025-09-22T15:40:28+00:00\",\"breadcrumb\":{\"@id\":\"https:\\\/\\\/www.kingstongrowshop.it\\\/?product=power-buds-plagron-100ml#breadcrumb\"},\"inLanguage\":\"it-IT\",\"potentialAction\":[{\"@type\":\"ReadAction\",\"target\":[\"https:\\\/\\\/www.kingstongrowshop.it\\\/?product=power-buds-plagron-100ml\"]}]},{\"@type\":\"ImageObject\",\"inLanguage\":\"it-IT\",\"@id\":\"https:\\\/\\\/www.kingstongrowshop.it\\\/?product=power-buds-plagron-100ml#primaryimage\",\"url\":\"https:\\\/\\\/www.kingstongrowshop.it\\\/wp-content\\\/uploads\\\/2023\\\/09\\\/78251.webp\",\"contentUrl\":\"https:\\\/\\\/www.kingstongrowshop.it\\\/wp-content\\\/uploads\\\/2023\\\/09\\\/78251.webp\",\"width\":700,\"height\":700},{\"@type\":\"BreadcrumbList\",\"@id\":\"https:\\\/\\\/www.kingstongrowshop.it\\\/?product=power-buds-plagron-100ml#breadcrumb\",\"itemListElement\":[{\"@type\":\"ListItem\",\"position\":1,\"name\":\"Home\",\"item\":\"https:\\\/\\\/www.kingstongrowshop.it\\\/\"},{\"@type\":\"ListItem\",\"position\":2,\"name\":\"Shop\",\"item\":\"https:\\\/\\\/www.kingstongrowshop.it\\\/?page_id=3853\"},{\"@type\":\"ListItem\",\"position\":3,\"name\":\"Power Buds Plagron\"}]},{\"@type\":\"WebSite\",\"@id\":\"https:\\\/\\\/www.kingstongrowshop.it\\\/#website\",\"url\":\"https:\\\/\\\/www.kingstongrowshop.it\\\/\",\"name\":\"Kingston Grow Shop\",\"description\":\"Il tuo Grow Shop di Fiducia\",\"potentialAction\":[{\"@type\":\"SearchAction\",\"target\":{\"@type\":\"EntryPoint\",\"urlTemplate\":\"https:\\\/\\\/www.kingstongrowshop.it\\\/?s={search_term_string}\"},\"query-input\":{\"@type\":\"PropertyValueSpecification\",\"valueRequired\":true,\"valueName\":\"search_term_string\"}}],\"inLanguage\":\"it-IT\"}]}<\/script>\n<!-- \/ Yoast SEO plugin. -->","yoast_head_json":{"title":"Power Buds Plagron - Kingston Grow Shop","robots":{"index":"index","follow":"follow","max-snippet":"max-snippet:-1","max-image-preview":"max-image-preview:large","max-video-preview":"max-video-preview:-1"},"canonical":"https:\/\/www.kingstongrowshop.it\/?product=power-buds-plagron-100ml","og_locale":"it_IT","og_type":"article","og_title":"Power Buds Plagron - Kingston Grow Shop","og_description":"AUMENTA LA QUANTITA' DI INFIORESCENZE E ACCELERA LA FIORITURA  Power Buds aumenta la formazione di infiorescenze e accelera la fioritura. Se utilizzato dal momento in cui la tua coltivazione passa dalla fase vegetativa alla fase di fioritura, la tua pianta inizier\u00e0 a spendere la sua energia producendo infiorescenze. Di conseguenza, la pianta fiorisce pi\u00f9 velocemente, rimane compatta e forma pi\u00f9 fiori.  Aumenta la formazione di infiorescenze Accelera la fioritura Non aumenta il valore EC  Dosaggio e uso Agitare bene prima dell'uso. Aggiungere fino a 1 ml di Power Buds per litro d'acqua (1:1000).  Usa questa soluzione nutritiva dal momento in cui passi dalla fase vegetativa alla fioritura.","og_url":"https:\/\/www.kingstongrowshop.it\/?product=power-buds-plagron-100ml","og_site_name":"Kingston Grow Shop","article_modified_time":"2025-09-22T15:40:28+00:00","og_image":[{"width":700,"height":700,"url":"https:\/\/www.kingstongrowshop.it\/wp-content\/uploads\/2023\/09\/78251.webp","type":"image\/webp"}],"twitter_card":"summary_large_image","twitter_misc":{"Tempo di lettura stimato":"1 minuto"},"schema":{"@context":"https:\/\/schema.org","@graph":[{"@type":"WebPage","@id":"https:\/\/www.kingstongrowshop.it\/?product=power-buds-plagron-100ml","url":"https:\/\/www.kingstongrowshop.it\/?product=power-buds-plagron-100ml","name":"Power Buds Plagron - Kingston Grow Shop","isPartOf":{"@id":"https:\/\/www.kingstongrowshop.it\/#website"},"primaryImageOfPage":{"@id":"https:\/\/www.kingstongrowshop.it\/?product=power-buds-plagron-100ml#primaryimage"},"image":{"@id":"https:\/\/www.kingstongrowshop.it\/?product=power-buds-plagron-100ml#primaryimage"},"thumbnailUrl":"https:\/\/www.kingstongrowshop.it\/wp-content\/uploads\/2023\/09\/78251.webp","datePublished":"2023-09-04T15:41:38+00:00","dateModified":"2025-09-22T15:40:28+00:00","breadcrumb":{"@id":"https:\/\/www.kingstongrowshop.it\/?product=power-buds-plagron-100ml#breadcrumb"},"inLanguage":"it-IT","potentialAction":[{"@type":"ReadAction","target":["https:\/\/www.kingstongrowshop.it\/?product=power-buds-plagron-100ml"]}]},{"@type":"ImageObject","inLanguage":"it-IT","@id":"https:\/\/www.kingstongrowshop.it\/?product=power-buds-plagron-100ml#primaryimage","url":"https:\/\/www.kingstongrowshop.it\/wp-content\/uploads\/2023\/09\/78251.webp","contentUrl":"https:\/\/www.kingstongrowshop.it\/wp-content\/uploads\/2023\/09\/78251.webp","width":700,"height":700},{"@type":"BreadcrumbList","@id":"https:\/\/www.kingstongrowshop.it\/?product=power-buds-plagron-100ml#breadcrumb","itemListElement":[{"@type":"ListItem","position":1,"name":"Home","item":"https:\/\/www.kingstongrowshop.it\/"},{"@type":"ListItem","position":2,"name":"Shop","item":"https:\/\/www.kingstongrowshop.it\/?page_id=3853"},{"@type":"ListItem","position":3,"name":"Power Buds Plagron"}]},{"@type":"WebSite","@id":"https:\/\/www.kingstongrowshop.it\/#website","url":"https:\/\/www.kingstongrowshop.it\/","name":"Kingston Grow Shop","description":"Il tuo Grow Shop di Fiducia","potentialAction":[{"@type":"SearchAction","target":{"@type":"EntryPoint","urlTemplate":"https:\/\/www.kingstongrowshop.it\/?s={search_term_string}"},"query-input":{"@type":"PropertyValueSpecification","valueRequired":true,"valueName":"search_term_string"}}],"inLanguage":"it-IT"}]}},"jetpack_sharing_enabled":true,"_links":{"self":[{"href":"https:\/\/www.kingstongrowshop.it\/index.php?rest_route=\/wp\/v2\/product\/10658","targetHints":{"allow":["GET"]}}],"collection":[{"href":"https:\/\/www.kingstongrowshop.it\/index.php?rest_route=\/wp\/v2\/product"}],"about":[{"href":"https:\/\/www.kingstongrowshop.it\/index.php?rest_route=\/wp\/v2\/types\/product"}],"replies":[{"embeddable":true,"href":"https:\/\/www.kingstongrowshop.it\/index.php?rest_route=%2Fwp%2Fv2%2Fcomments&post=10658"}],"wp:featuredmedia":[{"embeddable":true,"href":"https:\/\/www.kingstongrowshop.it\/index.php?rest_route=\/wp\/v2\/media\/10659"}],"wp:attachment":[{"href":"https:\/\/www.kingstongrowshop.it\/index.php?rest_route=%2Fwp%2Fv2%2Fmedia&parent=10658"}],"wp:term":[{"taxonomy":"product_brand","embeddable":true,"href":"https:\/\/www.kingstongrowshop.it\/index.php?rest_route=%2Fwp%2Fv2%2Fproduct_brand&post=10658"},{"taxonomy":"product_cat","embeddable":true,"href":"https:\/\/www.kingstongrowshop.it\/index.php?rest_route=%2Fwp%2Fv2%2Fproduct_cat&post=10658"},{"taxonomy":"product_tag","embeddable":true,"href":"https:\/\/www.kingstongrowshop.it\/index.php?rest_route=%2Fwp%2Fv2%2Fproduct_tag&post=10658"}],"curies":[{"name":"wp","href":"https:\/\/api.w.org\/{rel}","templated":true}]}}