{"id":11051,"date":"2024-10-12T11:26:45","date_gmt":"2024-10-12T09:26:45","guid":{"rendered":"https:\/\/www.kingstongrowshop.it\/?post_type=product&#038;p=11051"},"modified":"2025-12-29T19:18:40","modified_gmt":"2025-12-29T18:18:40","slug":"grow-box-allestita-80x80x180-grow-or-die","status":"publish","type":"product","link":"https:\/\/www.kingstongrowshop.it\/?product=grow-box-allestita-80x80x180-grow-or-die","title":{"rendered":"Grow Box Allestita 80x80x180 Grow Or Die"},"content":{"rendered":"<p style=\"text-align: left\">Il <strong>Set Up<\/strong>\u00a0 Completo che ti proponiamo <strong>&#8220;GROW OR DIE&#8221;<\/strong> comprende:<\/p>\n<p style=\"text-align: left\"><strong>Grow Box 80x80x180cm\u00a0 <\/strong><\/p>\n<p style=\"text-align: left\">Fodera interna in mylar argento mylar 210D placcato argento (CRX 90%);<br \/>\nStruttura resistente;<br \/>\nPrese d&#8217;aria per aria-in e aria-out<br \/>\nTessuto esterno nero<br \/>\nTessuto interno lavabile<br \/>\nSupporto per kit luce<br \/>\nAngoli in plastica resistenti \u00a0 \u00a0 \u00a0 \u00a0 \u00a0 \u00a0 \u00a0 \u00a0 \u00a0 \u00a0 \u00a0 \u00a0 \u00a0 \u00a0 \u00a0 \u00a0 \u00a0 \u00a0 \u00a0 \u00a0 \u00a0 \u00a0 \u00a0 \u00a0 \u00a0 \u00a0 \u00a0 \u00a0 \u00a0 \u00a0 \u00a0 \u00a0 \u00a0 \u00a0 \u00a0 \u00a0 \u00a0 \u00a0 \u00a0 \u00a0 \u00a0 \u00a0 \u00a0 \u00a0 \u00a0 \u00a0 \u00a0 \u00a0 \u00a0 \u00a0 \u00a0 \u00a0 \u00a0 \u00a0 \u00a0 \u00a0 \u00a0 \u00a0 \u00a0 \u00a0 \u00a0 \u00a0 \u00a0 \u00a0 \u00a0 \u00a0 \u00a0 \u00a0 \u00a0 \u00a0 \u00a0 \u00a0 \u00a0 \u00a0 \u00a0 \u00a0 \u00a0\u00a0 Istruzioni per il montaggio.<\/p>\n<p style=\"text-align: left\"><strong>Quantum Board- The Jackson LT 200W\u00a0\u00a0\u00a0\u00a0\u00a0\u00a0\u00a0\u00a0\u00a0\u00a0\u00a0\u00a0\u00a0\u00a0\u00a0\u00a0\u00a0\u00a0\u00a0\u00a0\u00a0\u00a0\u00a0\u00a0\u00a0\u00a0\u00a0\u00a0\u00a0\u00a0\u00a0\u00a0\u00a0\u00a0\u00a0\u00a0\u00a0\u00a0\u00a0\u00a0\u00a0\u00a0\u00a0\u00a0\u00a0\u00a0\u00a0\u00a0\u00a0\u00a0\u00a0\u00a0\u00a0\u00a0\u00a0\u00a0\u00a0\u00a0\u00a0\u00a0\u00a0\u00a0\u00a0\u00a0\u00a0\u00a0\u00a0\u00a0\u00a0\u00a0\u00a0\u00a0\u00a0\u00a0\u00a0\u00a0\u00a0\u00a0\u00a0\u00a0\u00a0\u00a0\u00a0\u00a0\u00a0\u00a0\u00a0\u00a0\u00a0\u00a0\u00a0\u00a0\u00a0\u00a0\u00a0\u00a0\u00a0\u00a0\u00a0 <\/strong><\/p>\n<p style=\"text-align: left\">Lampada Led ad alta Efficienza adatta per tutto il ciclo di vita della pianta<\/p>\n<p style=\"text-align: left\">Potenza: 200W<br \/>\nLenti:120\u00b0<br \/>\nFrequenza: 50\/60Hz<br \/>\nTemperatura di lavoro: 0\u00b0C~45\u00b0C<br \/>\nLED Samsung Full Spectrum + 660nm High Power<br \/>\nCertificati: ETL\/FCC\/CE\/EAC<br \/>\nDurata: 60,000hrs<br \/>\nPeso: 3.2Kg<strong><br \/>\n<\/strong>Dimensioni: 60x30cm<br \/>\nCopertura: da 60x80cm a 80x100cm<\/p>\n<p style=\"text-align: left\"><strong>Aspiratore in linea TT\u00d8100 2 Velocit\u00e0<\/strong><\/p>\n<p style=\"text-align: left\">Possibilit\u00e0 di diverso cablaggio:<br \/>\nalta velocit\u00e0 187 MC\/H (come fornito) oppure bassa velocit\u00e0 a 145 MC\/H.<br \/>\nLe istruzioni per per variare la potenza si trovano all&#8217;interno del coperchio che si dovr\u00e0 smontare per ricablare l&#8217;aspiratore (attacco cavo alimentazione).<\/p>\n<p style=\"text-align: left\">* funzionamento silenzioso e sicuro<br \/>\n* compatto<br \/>\n* due velocit\u00e0 in base al cablaggio<br \/>\n* comodo accesso al motore e alla ventola<br \/>\n* grado di potezione del motore: IPX4 motor protection: IP X4<br \/>\nL&#8217;apiratore \u00e8 cablato per la massima velocit\u00e0, ma pu\u00f2 essere cablato per funzionare alla minima.<\/p>\n<p style=\"text-align: left\"><strong>Filtro Ai Carboni per Abbatimento Odori\u00a0 <\/strong><\/p>\n<p style=\"text-align: left\">Filtro Made in Italy<br \/>\nFlangia: \u00d8100<br \/>\nPortata: 300 m\u00b3\/h<\/p>\n<p style=\"text-align: left\">Peso:2,5 kg<\/p>\n<p style=\"text-align: left\">Lunghezza: 250mm<\/p>\n<p style=\"text-align: left\"><strong>Condotta Flessibile in Alluminio x 3Mt<\/strong><\/p>\n<p style=\"text-align: left\"><strong>Fascette Metalliche stringitubo x 3 in acciaio inossidabile<br \/>\n<\/strong><\/p>\n<p><strong>Carrucole<\/strong> <strong>Alta Resistenza<\/strong><\/p>\n<p>Ottime per sostenere in totale sicurezza riflettori, lampade a led, filtri a carboni attivi\u00a0 e altri accessori fino ad un massimo di 68 kg.<\/p>\n<p>\u2022 Ingranaggio ad alta resistenza in acciaio e metallo zincato, alta resistenza per una tenuta sicura<br \/>\n\u2022 Corda intrecciata in polipropilene<br \/>\n\u2022 Totalmente regolabile<br \/>\n\u2022 Facili da usare<br \/>\n\u2022 Materiale resistente al caldo e al freddo<br \/>\n\u2022 Nessun rischio di rotture, scivolamenti o ruggine<\/p>\n<p style=\"text-align: left\"><strong>Timer Meccanico 24 ore<\/strong><\/p>\n<p style=\"text-align: left\">carico massimo: 3500W<br \/>\nspina tedesca tipo schuko<\/p>\n<p style=\"text-align: left\"><strong>Termoigrometro Digitale con Sonda\u00a0\u00a0\u00a0\u00a0\u00a0\u00a0\u00a0\u00a0\u00a0\u00a0\u00a0\u00a0\u00a0\u00a0\u00a0\u00a0\u00a0\u00a0\u00a0\u00a0\u00a0\u00a0\u00a0\u00a0\u00a0\u00a0\u00a0\u00a0\u00a0\u00a0\u00a0\u00a0\u00a0\u00a0\u00a0\u00a0\u00a0\u00a0\u00a0\u00a0\u00a0\u00a0\u00a0\u00a0\u00a0\u00a0\u00a0\u00a0\u00a0\u00a0\u00a0\u00a0\u00a0\u00a0\u00a0\u00a0\u00a0\u00a0\u00a0\u00a0\u00a0\u00a0\u00a0\u00a0\u00a0\u00a0\u00a0\u00a0\u00a0\u00a0\u00a0\u00a0\u00a0\u00a0\u00a0\u00a0\u00a0\u00a0\u00a0\u00a0\u00a0\u00a0\u00a0\u00a0\u00a0\u00a0\u00a0\u00a0\u00a0\u00a0\u00a0\u00a0\u00a0\u00a0\u00a0\u00a0\u00a0\u00a0\u00a0\u00a0\u00a0\u00a0\u00a0\u00a0\u00a0\u00a0\u00a0\u00a0\u00a0\u00a0\u00a0\u00a0\u00a0\u00a0\u00a0 <\/strong><\/p>\n<p style=\"text-align: left\">Misura temperatura e umidit\u00e0 percentuali;dispositivo munito di sonda per un maggior controllo dei parametri;tiene in memoria i valori massimi e minimi.<\/p>\n<h1 style=\"text-align: left\"><\/h1>\n<div class=\"imagesBox\"><\/div>\n<p>&nbsp;<\/p>\n","protected":false},"excerpt":{"rendered":"<p><strong>Grow Box Completo 80x80x180cm<\/strong><\/p>\n<p><strong>Assemblaggio Semplice e Rapido\u00a0<\/strong><\/p>\n<p><strong> Led di Ultima generazione ad Alta Resa<\/strong><\/p>\n<p><strong>Spedizione Gratuita<\/strong> ( fatta eccezione per le destinazioni disagiate per cui \u00e8 previsto un supplemento dopo la conclusione dell&#8217;ordine)<\/p>\n","protected":false},"featured_media":11052,"comment_status":"open","ping_status":"closed","template":"","meta":[],"product_brand":[],"product_cat":[1049,1199,247],"product_tag":[1467,638,317,1471,1472,1469,1470,1468],"class_list":{"0":"post-11051","1":"product","2":"type-product","3":"status-publish","4":"has-post-thumbnail","6":"product_cat-allestimenti-hps","7":"product_cat-grow-box","8":"product_cat-growboxallestite","9":"product_tag-box","10":"product_tag-grow","11":"product_tag-grow-box","12":"product_tag-growing","13":"product_tag-indoor","14":"product_tag-kit","15":"product_tag-kit-completo","16":"product_tag-setup","18":"first","19":"outofstock","20":"taxable","21":"shipping-taxable","22":"purchasable","23":"product-type-simple"},"yoast_head":"<!-- This site is optimized with the Yoast SEO plugin v27.5 - https:\/\/yoast.com\/product\/yoast-seo-wordpress\/ -->\n<title>Grow Box Allestita 80x80x180 Grow Or Die - Kingston Grow Shop<\/title>\n<meta name=\"robots\" content=\"index, follow, max-snippet:-1, max-image-preview:large, max-video-preview:-1\" \/>\n<link rel=\"canonical\" href=\"https:\/\/www.kingstongrowshop.it\/?product=grow-box-allestita-80x80x180-grow-or-die\" \/>\n<meta property=\"og:locale\" content=\"it_IT\" \/>\n<meta property=\"og:type\" content=\"article\" \/>\n<meta property=\"og:title\" content=\"Grow Box Allestita 80x80x180 Grow Or Die - Kingston Grow Shop\" \/>\n<meta property=\"og:description\" content=\"Grow Box Completo 80x80x180cm  Assemblaggio Semplice e Rapido\u00a0   Led di Ultima generazione ad Alta Resa  Spedizione Gratuita ( fatta eccezione per le destinazioni disagiate per cui \u00e8 previsto un supplemento dopo la conclusione dell&#039;ordine)\" \/>\n<meta property=\"og:url\" content=\"https:\/\/www.kingstongrowshop.it\/?product=grow-box-allestita-80x80x180-grow-or-die\" \/>\n<meta property=\"og:site_name\" content=\"Kingston Grow Shop\" \/>\n<meta property=\"article:modified_time\" content=\"2025-12-29T18:18:40+00:00\" \/>\n<meta property=\"og:image\" content=\"https:\/\/www.kingstongrowshop.it\/wp-content\/uploads\/2024\/10\/kit-Grow-Or-Die-80.png\" \/>\n\t<meta property=\"og:image:width\" content=\"1080\" \/>\n\t<meta property=\"og:image:height\" content=\"1080\" \/>\n\t<meta property=\"og:image:type\" content=\"image\/png\" \/>\n<meta name=\"twitter:card\" content=\"summary_large_image\" \/>\n<meta name=\"twitter:label1\" content=\"Tempo di lettura stimato\" \/>\n\t<meta name=\"twitter:data1\" content=\"2 minuti\" \/>\n<script type=\"application\/ld+json\" class=\"yoast-schema-graph\">{\"@context\":\"https:\\\/\\\/schema.org\",\"@graph\":[{\"@type\":\"WebPage\",\"@id\":\"https:\\\/\\\/www.kingstongrowshop.it\\\/?product=grow-box-allestita-80x80x180-grow-or-die\",\"url\":\"https:\\\/\\\/www.kingstongrowshop.it\\\/?product=grow-box-allestita-80x80x180-grow-or-die\",\"name\":\"Grow Box Allestita 80x80x180 Grow Or Die - Kingston Grow Shop\",\"isPartOf\":{\"@id\":\"https:\\\/\\\/www.kingstongrowshop.it\\\/#website\"},\"primaryImageOfPage\":{\"@id\":\"https:\\\/\\\/www.kingstongrowshop.it\\\/?product=grow-box-allestita-80x80x180-grow-or-die#primaryimage\"},\"image\":{\"@id\":\"https:\\\/\\\/www.kingstongrowshop.it\\\/?product=grow-box-allestita-80x80x180-grow-or-die#primaryimage\"},\"thumbnailUrl\":\"https:\\\/\\\/www.kingstongrowshop.it\\\/wp-content\\\/uploads\\\/2024\\\/10\\\/kit-Grow-Or-Die-80.png\",\"datePublished\":\"2024-10-12T09:26:45+00:00\",\"dateModified\":\"2025-12-29T18:18:40+00:00\",\"breadcrumb\":{\"@id\":\"https:\\\/\\\/www.kingstongrowshop.it\\\/?product=grow-box-allestita-80x80x180-grow-or-die#breadcrumb\"},\"inLanguage\":\"it-IT\",\"potentialAction\":[{\"@type\":\"ReadAction\",\"target\":[\"https:\\\/\\\/www.kingstongrowshop.it\\\/?product=grow-box-allestita-80x80x180-grow-or-die\"]}]},{\"@type\":\"ImageObject\",\"inLanguage\":\"it-IT\",\"@id\":\"https:\\\/\\\/www.kingstongrowshop.it\\\/?product=grow-box-allestita-80x80x180-grow-or-die#primaryimage\",\"url\":\"https:\\\/\\\/www.kingstongrowshop.it\\\/wp-content\\\/uploads\\\/2024\\\/10\\\/kit-Grow-Or-Die-80.png\",\"contentUrl\":\"https:\\\/\\\/www.kingstongrowshop.it\\\/wp-content\\\/uploads\\\/2024\\\/10\\\/kit-Grow-Or-Die-80.png\",\"width\":1080,\"height\":1080},{\"@type\":\"BreadcrumbList\",\"@id\":\"https:\\\/\\\/www.kingstongrowshop.it\\\/?product=grow-box-allestita-80x80x180-grow-or-die#breadcrumb\",\"itemListElement\":[{\"@type\":\"ListItem\",\"position\":1,\"name\":\"Home\",\"item\":\"https:\\\/\\\/www.kingstongrowshop.it\\\/\"},{\"@type\":\"ListItem\",\"position\":2,\"name\":\"Shop\",\"item\":\"https:\\\/\\\/www.kingstongrowshop.it\\\/?page_id=3853\"},{\"@type\":\"ListItem\",\"position\":3,\"name\":\"Grow Box Allestita 80x80x180 Grow Or Die\"}]},{\"@type\":\"WebSite\",\"@id\":\"https:\\\/\\\/www.kingstongrowshop.it\\\/#website\",\"url\":\"https:\\\/\\\/www.kingstongrowshop.it\\\/\",\"name\":\"Kingston Grow Shop\",\"description\":\"Il tuo Grow Shop di Fiducia\",\"potentialAction\":[{\"@type\":\"SearchAction\",\"target\":{\"@type\":\"EntryPoint\",\"urlTemplate\":\"https:\\\/\\\/www.kingstongrowshop.it\\\/?s={search_term_string}\"},\"query-input\":{\"@type\":\"PropertyValueSpecification\",\"valueRequired\":true,\"valueName\":\"search_term_string\"}}],\"inLanguage\":\"it-IT\"}]}<\/script>\n<!-- \/ Yoast SEO plugin. -->","yoast_head_json":{"title":"Grow Box Allestita 80x80x180 Grow Or Die - Kingston Grow Shop","robots":{"index":"index","follow":"follow","max-snippet":"max-snippet:-1","max-image-preview":"max-image-preview:large","max-video-preview":"max-video-preview:-1"},"canonical":"https:\/\/www.kingstongrowshop.it\/?product=grow-box-allestita-80x80x180-grow-or-die","og_locale":"it_IT","og_type":"article","og_title":"Grow Box Allestita 80x80x180 Grow Or Die - Kingston Grow Shop","og_description":"Grow Box Completo 80x80x180cm  Assemblaggio Semplice e Rapido\u00a0   Led di Ultima generazione ad Alta Resa  Spedizione Gratuita ( fatta eccezione per le destinazioni disagiate per cui \u00e8 previsto un supplemento dopo la conclusione dell'ordine)","og_url":"https:\/\/www.kingstongrowshop.it\/?product=grow-box-allestita-80x80x180-grow-or-die","og_site_name":"Kingston Grow Shop","article_modified_time":"2025-12-29T18:18:40+00:00","og_image":[{"width":1080,"height":1080,"url":"https:\/\/www.kingstongrowshop.it\/wp-content\/uploads\/2024\/10\/kit-Grow-Or-Die-80.png","type":"image\/png"}],"twitter_card":"summary_large_image","twitter_misc":{"Tempo di lettura stimato":"2 minuti"},"schema":{"@context":"https:\/\/schema.org","@graph":[{"@type":"WebPage","@id":"https:\/\/www.kingstongrowshop.it\/?product=grow-box-allestita-80x80x180-grow-or-die","url":"https:\/\/www.kingstongrowshop.it\/?product=grow-box-allestita-80x80x180-grow-or-die","name":"Grow Box Allestita 80x80x180 Grow Or Die - Kingston Grow Shop","isPartOf":{"@id":"https:\/\/www.kingstongrowshop.it\/#website"},"primaryImageOfPage":{"@id":"https:\/\/www.kingstongrowshop.it\/?product=grow-box-allestita-80x80x180-grow-or-die#primaryimage"},"image":{"@id":"https:\/\/www.kingstongrowshop.it\/?product=grow-box-allestita-80x80x180-grow-or-die#primaryimage"},"thumbnailUrl":"https:\/\/www.kingstongrowshop.it\/wp-content\/uploads\/2024\/10\/kit-Grow-Or-Die-80.png","datePublished":"2024-10-12T09:26:45+00:00","dateModified":"2025-12-29T18:18:40+00:00","breadcrumb":{"@id":"https:\/\/www.kingstongrowshop.it\/?product=grow-box-allestita-80x80x180-grow-or-die#breadcrumb"},"inLanguage":"it-IT","potentialAction":[{"@type":"ReadAction","target":["https:\/\/www.kingstongrowshop.it\/?product=grow-box-allestita-80x80x180-grow-or-die"]}]},{"@type":"ImageObject","inLanguage":"it-IT","@id":"https:\/\/www.kingstongrowshop.it\/?product=grow-box-allestita-80x80x180-grow-or-die#primaryimage","url":"https:\/\/www.kingstongrowshop.it\/wp-content\/uploads\/2024\/10\/kit-Grow-Or-Die-80.png","contentUrl":"https:\/\/www.kingstongrowshop.it\/wp-content\/uploads\/2024\/10\/kit-Grow-Or-Die-80.png","width":1080,"height":1080},{"@type":"BreadcrumbList","@id":"https:\/\/www.kingstongrowshop.it\/?product=grow-box-allestita-80x80x180-grow-or-die#breadcrumb","itemListElement":[{"@type":"ListItem","position":1,"name":"Home","item":"https:\/\/www.kingstongrowshop.it\/"},{"@type":"ListItem","position":2,"name":"Shop","item":"https:\/\/www.kingstongrowshop.it\/?page_id=3853"},{"@type":"ListItem","position":3,"name":"Grow Box Allestita 80x80x180 Grow Or Die"}]},{"@type":"WebSite","@id":"https:\/\/www.kingstongrowshop.it\/#website","url":"https:\/\/www.kingstongrowshop.it\/","name":"Kingston Grow Shop","description":"Il tuo Grow Shop di Fiducia","potentialAction":[{"@type":"SearchAction","target":{"@type":"EntryPoint","urlTemplate":"https:\/\/www.kingstongrowshop.it\/?s={search_term_string}"},"query-input":{"@type":"PropertyValueSpecification","valueRequired":true,"valueName":"search_term_string"}}],"inLanguage":"it-IT"}]}},"jetpack_sharing_enabled":true,"_links":{"self":[{"href":"https:\/\/www.kingstongrowshop.it\/index.php?rest_route=\/wp\/v2\/product\/11051","targetHints":{"allow":["GET"]}}],"collection":[{"href":"https:\/\/www.kingstongrowshop.it\/index.php?rest_route=\/wp\/v2\/product"}],"about":[{"href":"https:\/\/www.kingstongrowshop.it\/index.php?rest_route=\/wp\/v2\/types\/product"}],"replies":[{"embeddable":true,"href":"https:\/\/www.kingstongrowshop.it\/index.php?rest_route=%2Fwp%2Fv2%2Fcomments&post=11051"}],"wp:featuredmedia":[{"embeddable":true,"href":"https:\/\/www.kingstongrowshop.it\/index.php?rest_route=\/wp\/v2\/media\/11052"}],"wp:attachment":[{"href":"https:\/\/www.kingstongrowshop.it\/index.php?rest_route=%2Fwp%2Fv2%2Fmedia&parent=11051"}],"wp:term":[{"taxonomy":"product_brand","embeddable":true,"href":"https:\/\/www.kingstongrowshop.it\/index.php?rest_route=%2Fwp%2Fv2%2Fproduct_brand&post=11051"},{"taxonomy":"product_cat","embeddable":true,"href":"https:\/\/www.kingstongrowshop.it\/index.php?rest_route=%2Fwp%2Fv2%2Fproduct_cat&post=11051"},{"taxonomy":"product_tag","embeddable":true,"href":"https:\/\/www.kingstongrowshop.it\/index.php?rest_route=%2Fwp%2Fv2%2Fproduct_tag&post=11051"}],"curies":[{"name":"wp","href":"https:\/\/api.w.org\/{rel}","templated":true}]}}