{"id":6375,"date":"2019-08-23T19:10:32","date_gmt":"2019-08-23T17:10:32","guid":{"rendered":"https:\/\/www.kingstongrowshop.it\/?post_type=product&#038;p=6375"},"modified":"2022-02-18T11:18:59","modified_gmt":"2022-02-18T10:18:59","slug":"alimentatore-elettromeccanico-eti-400w","status":"publish","type":"product","link":"https:\/\/www.kingstongrowshop.it\/?product=alimentatore-elettromeccanico-eti-400w","title":{"rendered":"ALIMENTATORE ELETTROMECCANICO ELT 250W"},"content":{"rendered":"","protected":false},"excerpt":{"rendered":"<p>L&#8217; <strong>Alimentatore Magnetico\u00a0<\/strong>da 250W\u00a0 \u00e8 un alimentatore di alta qualit\u00e0 che permette di per accendere le lampade HPS, le lampade MH e le lampade AGRO. L&#8217;unit\u00e0 di accensione \u00e8 costituita da una protezione termica ed un condensatore che permette l&#8217;utilizzo delle lampade precedentemente elencate, per la coltivazione, garantendone l&#8217;utilizzo prolungato lungo il loro ciclo di vita.\u00a0<strong><br \/>\n<\/strong><\/p>\n<p>I sistemi di accensione magnetici, si presentano chiusi, per rendere un maggiore isolamento e sicurezza. Gli alimentatori si cablano facilmente,\u00a0grazie ai suoi morsetti a vite posti sul fronte.<\/p>\n<ul>\n<li>Tipo Lampada: mh-hps-agro<\/li>\n<li>Watt: 250 W<\/li>\n<li>Garanzia: 2 Anni<\/li>\n<li>Tipo Alimentatore: Magnetico<\/li>\n<li>Luogo di assemblaggio: Italia<\/li>\n<\/ul>\n<h5>Avvertenze:<\/h5>\n<ul>\n<li>Elemento ad alta intensit\u00e0 di corrente<\/li>\n<li>Non toccare l&#8217;alimentatore quando la spina della corrente \u00e8 inserita nella presa<\/li>\n<li>Tenere lontano dalla portata di bambini, animali e fonti di calore<\/li>\n<li>Utilizzare il prodotto in ambienti con una ventilazione adeguata<\/li>\n<li>Per il cablaggio si consiglia l&#8217;intervento di un tecnico specializzato<\/li>\n<\/ul>\n","protected":false},"featured_media":8985,"comment_status":"open","ping_status":"closed","template":"","meta":[],"product_brand":[],"product_cat":[252],"product_tag":[503,500,501,502],"class_list":{"0":"post-6375","1":"product","2":"type-product","3":"status-publish","4":"has-post-thumbnail","6":"product_cat-alimentatori","7":"product_tag-250w","8":"product_tag-alimentatore","9":"product_tag-ballast","10":"product_tag-eti","12":"first","13":"instock","14":"shipping-taxable","15":"purchasable","16":"product-type-simple"},"yoast_head":"<!-- This site is optimized with the Yoast SEO plugin v27.5 - https:\/\/yoast.com\/product\/yoast-seo-wordpress\/ -->\n<title>ALIMENTATORE ELETTROMECCANICO ELT 250W - Kingston Grow Shop<\/title>\n<meta name=\"robots\" content=\"index, follow, max-snippet:-1, max-image-preview:large, max-video-preview:-1\" \/>\n<link rel=\"canonical\" href=\"https:\/\/www.kingstongrowshop.it\/?product=alimentatore-elettromeccanico-eti-400w\" \/>\n<meta property=\"og:locale\" content=\"it_IT\" \/>\n<meta property=\"og:type\" content=\"article\" \/>\n<meta property=\"og:title\" content=\"ALIMENTATORE ELETTROMECCANICO ELT 250W - Kingston Grow Shop\" \/>\n<meta property=\"og:description\" content=\"L&#039; Alimentatore Magnetico\u00a0da 250W\u00a0 \u00e8 un alimentatore di alta qualit\u00e0 che permette di per accendere le lampade HPS, le lampade MH e le lampade AGRO. L&#039;unit\u00e0 di accensione \u00e8 costituita da una protezione termica ed un condensatore che permette l&#039;utilizzo delle lampade precedentemente elencate, per la coltivazione, garantendone l&#039;utilizzo prolungato lungo il loro ciclo di vita.\u00a0   I sistemi di accensione magnetici, si presentano chiusi, per rendere un maggiore isolamento e sicurezza. Gli alimentatori si cablano facilmente,\u00a0grazie ai suoi morsetti a vite posti sul fronte.   Tipo Lampada: mh-hps-agro  Watt: 250 W  Garanzia: 2 Anni  Tipo Alimentatore: Magnetico  Luogo di assemblaggio: Italia  Avvertenze:   Elemento ad alta intensit\u00e0 di corrente  Non toccare l&#039;alimentatore quando la spina della corrente \u00e8 inserita nella presa  Tenere lontano dalla portata di bambini, animali e fonti di calore  Utilizzare il prodotto in ambienti con una ventilazione adeguata  Per il cablaggio si consiglia l&#039;intervento di un tecnico specializzato\" \/>\n<meta property=\"og:url\" content=\"https:\/\/www.kingstongrowshop.it\/?product=alimentatore-elettromeccanico-eti-400w\" \/>\n<meta property=\"og:site_name\" content=\"Kingston Grow Shop\" \/>\n<meta property=\"article:modified_time\" content=\"2022-02-18T10:18:59+00:00\" \/>\n<meta property=\"og:image\" content=\"https:\/\/www.kingstongrowshop.it\/wp-content\/uploads\/2019\/08\/ELT.jpg\" \/>\n\t<meta property=\"og:image:width\" content=\"500\" \/>\n\t<meta property=\"og:image:height\" content=\"500\" \/>\n\t<meta property=\"og:image:type\" content=\"image\/jpeg\" \/>\n<meta name=\"twitter:card\" content=\"summary_large_image\" \/>\n<script type=\"application\/ld+json\" class=\"yoast-schema-graph\">{\"@context\":\"https:\\\/\\\/schema.org\",\"@graph\":[{\"@type\":\"WebPage\",\"@id\":\"https:\\\/\\\/www.kingstongrowshop.it\\\/?product=alimentatore-elettromeccanico-eti-400w\",\"url\":\"https:\\\/\\\/www.kingstongrowshop.it\\\/?product=alimentatore-elettromeccanico-eti-400w\",\"name\":\"ALIMENTATORE ELETTROMECCANICO ELT 250W - Kingston Grow Shop\",\"isPartOf\":{\"@id\":\"https:\\\/\\\/www.kingstongrowshop.it\\\/#website\"},\"primaryImageOfPage\":{\"@id\":\"https:\\\/\\\/www.kingstongrowshop.it\\\/?product=alimentatore-elettromeccanico-eti-400w#primaryimage\"},\"image\":{\"@id\":\"https:\\\/\\\/www.kingstongrowshop.it\\\/?product=alimentatore-elettromeccanico-eti-400w#primaryimage\"},\"thumbnailUrl\":\"https:\\\/\\\/www.kingstongrowshop.it\\\/wp-content\\\/uploads\\\/2019\\\/08\\\/ELT.jpg\",\"datePublished\":\"2019-08-23T17:10:32+00:00\",\"dateModified\":\"2022-02-18T10:18:59+00:00\",\"breadcrumb\":{\"@id\":\"https:\\\/\\\/www.kingstongrowshop.it\\\/?product=alimentatore-elettromeccanico-eti-400w#breadcrumb\"},\"inLanguage\":\"it-IT\",\"potentialAction\":[{\"@type\":\"ReadAction\",\"target\":[\"https:\\\/\\\/www.kingstongrowshop.it\\\/?product=alimentatore-elettromeccanico-eti-400w\"]}]},{\"@type\":\"ImageObject\",\"inLanguage\":\"it-IT\",\"@id\":\"https:\\\/\\\/www.kingstongrowshop.it\\\/?product=alimentatore-elettromeccanico-eti-400w#primaryimage\",\"url\":\"https:\\\/\\\/www.kingstongrowshop.it\\\/wp-content\\\/uploads\\\/2019\\\/08\\\/ELT.jpg\",\"contentUrl\":\"https:\\\/\\\/www.kingstongrowshop.it\\\/wp-content\\\/uploads\\\/2019\\\/08\\\/ELT.jpg\",\"width\":500,\"height\":500},{\"@type\":\"BreadcrumbList\",\"@id\":\"https:\\\/\\\/www.kingstongrowshop.it\\\/?product=alimentatore-elettromeccanico-eti-400w#breadcrumb\",\"itemListElement\":[{\"@type\":\"ListItem\",\"position\":1,\"name\":\"Home\",\"item\":\"https:\\\/\\\/www.kingstongrowshop.it\\\/\"},{\"@type\":\"ListItem\",\"position\":2,\"name\":\"Shop\",\"item\":\"https:\\\/\\\/www.kingstongrowshop.it\\\/?page_id=3853\"},{\"@type\":\"ListItem\",\"position\":3,\"name\":\"ALIMENTATORE ELETTROMECCANICO ELT 250W\"}]},{\"@type\":\"WebSite\",\"@id\":\"https:\\\/\\\/www.kingstongrowshop.it\\\/#website\",\"url\":\"https:\\\/\\\/www.kingstongrowshop.it\\\/\",\"name\":\"Kingston Grow Shop\",\"description\":\"Il tuo Grow Shop di Fiducia\",\"potentialAction\":[{\"@type\":\"SearchAction\",\"target\":{\"@type\":\"EntryPoint\",\"urlTemplate\":\"https:\\\/\\\/www.kingstongrowshop.it\\\/?s={search_term_string}\"},\"query-input\":{\"@type\":\"PropertyValueSpecification\",\"valueRequired\":true,\"valueName\":\"search_term_string\"}}],\"inLanguage\":\"it-IT\"}]}<\/script>\n<!-- \/ Yoast SEO plugin. -->","yoast_head_json":{"title":"ALIMENTATORE ELETTROMECCANICO ELT 250W - Kingston Grow Shop","robots":{"index":"index","follow":"follow","max-snippet":"max-snippet:-1","max-image-preview":"max-image-preview:large","max-video-preview":"max-video-preview:-1"},"canonical":"https:\/\/www.kingstongrowshop.it\/?product=alimentatore-elettromeccanico-eti-400w","og_locale":"it_IT","og_type":"article","og_title":"ALIMENTATORE ELETTROMECCANICO ELT 250W - Kingston Grow Shop","og_description":"L' Alimentatore Magnetico\u00a0da 250W\u00a0 \u00e8 un alimentatore di alta qualit\u00e0 che permette di per accendere le lampade HPS, le lampade MH e le lampade AGRO. L'unit\u00e0 di accensione \u00e8 costituita da una protezione termica ed un condensatore che permette l'utilizzo delle lampade precedentemente elencate, per la coltivazione, garantendone l'utilizzo prolungato lungo il loro ciclo di vita.\u00a0   I sistemi di accensione magnetici, si presentano chiusi, per rendere un maggiore isolamento e sicurezza. Gli alimentatori si cablano facilmente,\u00a0grazie ai suoi morsetti a vite posti sul fronte.   Tipo Lampada: mh-hps-agro  Watt: 250 W  Garanzia: 2 Anni  Tipo Alimentatore: Magnetico  Luogo di assemblaggio: Italia  Avvertenze:   Elemento ad alta intensit\u00e0 di corrente  Non toccare l'alimentatore quando la spina della corrente \u00e8 inserita nella presa  Tenere lontano dalla portata di bambini, animali e fonti di calore  Utilizzare il prodotto in ambienti con una ventilazione adeguata  Per il cablaggio si consiglia l'intervento di un tecnico specializzato","og_url":"https:\/\/www.kingstongrowshop.it\/?product=alimentatore-elettromeccanico-eti-400w","og_site_name":"Kingston Grow Shop","article_modified_time":"2022-02-18T10:18:59+00:00","og_image":[{"width":500,"height":500,"url":"https:\/\/www.kingstongrowshop.it\/wp-content\/uploads\/2019\/08\/ELT.jpg","type":"image\/jpeg"}],"twitter_card":"summary_large_image","schema":{"@context":"https:\/\/schema.org","@graph":[{"@type":"WebPage","@id":"https:\/\/www.kingstongrowshop.it\/?product=alimentatore-elettromeccanico-eti-400w","url":"https:\/\/www.kingstongrowshop.it\/?product=alimentatore-elettromeccanico-eti-400w","name":"ALIMENTATORE ELETTROMECCANICO ELT 250W - Kingston Grow Shop","isPartOf":{"@id":"https:\/\/www.kingstongrowshop.it\/#website"},"primaryImageOfPage":{"@id":"https:\/\/www.kingstongrowshop.it\/?product=alimentatore-elettromeccanico-eti-400w#primaryimage"},"image":{"@id":"https:\/\/www.kingstongrowshop.it\/?product=alimentatore-elettromeccanico-eti-400w#primaryimage"},"thumbnailUrl":"https:\/\/www.kingstongrowshop.it\/wp-content\/uploads\/2019\/08\/ELT.jpg","datePublished":"2019-08-23T17:10:32+00:00","dateModified":"2022-02-18T10:18:59+00:00","breadcrumb":{"@id":"https:\/\/www.kingstongrowshop.it\/?product=alimentatore-elettromeccanico-eti-400w#breadcrumb"},"inLanguage":"it-IT","potentialAction":[{"@type":"ReadAction","target":["https:\/\/www.kingstongrowshop.it\/?product=alimentatore-elettromeccanico-eti-400w"]}]},{"@type":"ImageObject","inLanguage":"it-IT","@id":"https:\/\/www.kingstongrowshop.it\/?product=alimentatore-elettromeccanico-eti-400w#primaryimage","url":"https:\/\/www.kingstongrowshop.it\/wp-content\/uploads\/2019\/08\/ELT.jpg","contentUrl":"https:\/\/www.kingstongrowshop.it\/wp-content\/uploads\/2019\/08\/ELT.jpg","width":500,"height":500},{"@type":"BreadcrumbList","@id":"https:\/\/www.kingstongrowshop.it\/?product=alimentatore-elettromeccanico-eti-400w#breadcrumb","itemListElement":[{"@type":"ListItem","position":1,"name":"Home","item":"https:\/\/www.kingstongrowshop.it\/"},{"@type":"ListItem","position":2,"name":"Shop","item":"https:\/\/www.kingstongrowshop.it\/?page_id=3853"},{"@type":"ListItem","position":3,"name":"ALIMENTATORE ELETTROMECCANICO ELT 250W"}]},{"@type":"WebSite","@id":"https:\/\/www.kingstongrowshop.it\/#website","url":"https:\/\/www.kingstongrowshop.it\/","name":"Kingston Grow Shop","description":"Il tuo Grow Shop di Fiducia","potentialAction":[{"@type":"SearchAction","target":{"@type":"EntryPoint","urlTemplate":"https:\/\/www.kingstongrowshop.it\/?s={search_term_string}"},"query-input":{"@type":"PropertyValueSpecification","valueRequired":true,"valueName":"search_term_string"}}],"inLanguage":"it-IT"}]}},"jetpack_sharing_enabled":true,"_links":{"self":[{"href":"https:\/\/www.kingstongrowshop.it\/index.php?rest_route=\/wp\/v2\/product\/6375","targetHints":{"allow":["GET"]}}],"collection":[{"href":"https:\/\/www.kingstongrowshop.it\/index.php?rest_route=\/wp\/v2\/product"}],"about":[{"href":"https:\/\/www.kingstongrowshop.it\/index.php?rest_route=\/wp\/v2\/types\/product"}],"replies":[{"embeddable":true,"href":"https:\/\/www.kingstongrowshop.it\/index.php?rest_route=%2Fwp%2Fv2%2Fcomments&post=6375"}],"wp:featuredmedia":[{"embeddable":true,"href":"https:\/\/www.kingstongrowshop.it\/index.php?rest_route=\/wp\/v2\/media\/8985"}],"wp:attachment":[{"href":"https:\/\/www.kingstongrowshop.it\/index.php?rest_route=%2Fwp%2Fv2%2Fmedia&parent=6375"}],"wp:term":[{"taxonomy":"product_brand","embeddable":true,"href":"https:\/\/www.kingstongrowshop.it\/index.php?rest_route=%2Fwp%2Fv2%2Fproduct_brand&post=6375"},{"taxonomy":"product_cat","embeddable":true,"href":"https:\/\/www.kingstongrowshop.it\/index.php?rest_route=%2Fwp%2Fv2%2Fproduct_cat&post=6375"},{"taxonomy":"product_tag","embeddable":true,"href":"https:\/\/www.kingstongrowshop.it\/index.php?rest_route=%2Fwp%2Fv2%2Fproduct_tag&post=6375"}],"curies":[{"name":"wp","href":"https:\/\/api.w.org\/{rel}","templated":true}]}}