{"id":6446,"date":"2019-08-24T23:08:33","date_gmt":"2019-08-24T21:08:33","guid":{"rendered":"https:\/\/www.kingstongrowshop.it\/?post_type=product&#038;p=6446"},"modified":"2025-09-15T18:13:27","modified_gmt":"2025-09-15T16:13:27","slug":"plagron-pk-13-14-500-ml-1-lt","status":"publish","type":"product","link":"https:\/\/www.kingstongrowshop.it\/?product=plagron-pk-13-14-500-ml-1-lt","title":{"rendered":"PLAGRON PK 13\/14 500 ml &#8211; 1 Lt"},"content":{"rendered":"","protected":false},"excerpt":{"rendered":"<div id=\"tab-description\" class=\"panel entry-content active\">\n<div>PK 13-14 \u00e8 un fertilizzante organico minerale che fornisce alle piante durante la fase di fioritura una quantit\u00e0 aggiuntiva di fosforo e potassio. In questo modo si formeranno dei frutti pi\u00f9 compatti, duri e pesanti. PK 13-14 garantisce un\u2019alta resa.<\/div>\n<div><\/div>\n<div><\/div>\n<div><strong>Uso<\/strong><\/div>\n<div>Agitare bene prima dell\u2019uso. Diluire al massimo 2 ml di PK 13-14 in 1 litro d\u2019acqua (1:500). In seguito aggiungi la nutrizione base fino a quando ottieni il valore EC desiderato.<\/div>\n<div><\/div>\n<div><\/div>\n<div><strong>Conservazione<\/strong><\/div>\n<div>Trasportare in posizione verticale e conservare al buio. Temperatura di conservazione: 0 \u2013 30\u00b0C.<\/div>\n<div>Avviso<\/div>\n<div>R 36\/38: irritante per gli occhi e la pelle.<\/div>\n<div><\/div>\n<div><\/div>\n<div><strong>Composizione<\/strong><\/div>\n<div>FERTILIZZANTE CE. Soluzione di fertilizzanti PK (0-13-14). 13% Di pentossido di fosforo P2O5 solubile in acqua, 14% di ossido di potassio (K2O) solubile in acqua.<\/div>\n<\/div>\n<div id=\"tab-pwb_tab\" class=\"panel entry-content \">\n<h2><\/h2>\n<div id=\"tab-product_brand_tab-content\">\n<h3><\/h3>\n<\/div>\n<\/div>\n<div id=\"tab-reviews\" class=\"panel entry-content \">\n<div id=\"reviews\" class=\"row\">\n<div id=\"comments\" class=\"col large-12\">\n<h3 class=\"normal\"><\/h3>\n<\/div>\n<\/div>\n<\/div>\n","protected":false},"featured_media":6449,"comment_status":"open","ping_status":"closed","template":"","meta":[],"product_brand":[],"product_cat":[283,281,594,284],"product_tag":[536],"class_list":{"0":"post-6446","1":"product","2":"type-product","3":"status-publish","4":"has-post-thumbnail","6":"product_cat-fertilizzanti","7":"product_cat-fertilizzantiecuradellepiante","8":"product_cat-massimizza-la-produzione","9":"product_cat-plagron","10":"product_tag-plagron-pk","12":"first","13":"instock","14":"shipping-taxable","15":"purchasable","16":"product-type-variable"},"yoast_head":"<!-- This site is optimized with the Yoast SEO plugin v27.5 - https:\/\/yoast.com\/product\/yoast-seo-wordpress\/ -->\n<title>PLAGRON PK 13\/14 500 ml - 1 Lt - Kingston Grow Shop<\/title>\n<meta name=\"robots\" content=\"index, follow, max-snippet:-1, max-image-preview:large, max-video-preview:-1\" \/>\n<link rel=\"canonical\" href=\"https:\/\/www.kingstongrowshop.it\/?product=plagron-pk-13-14-500-ml-1-lt\" \/>\n<meta property=\"og:locale\" content=\"it_IT\" \/>\n<meta property=\"og:type\" content=\"article\" \/>\n<meta property=\"og:title\" content=\"PLAGRON PK 13\/14 500 ml - 1 Lt - Kingston Grow Shop\" \/>\n<meta property=\"og:description\" content=\"PK 13-14 \u00e8 un fertilizzante organico minerale che fornisce alle piante durante la fase di fioritura una quantit\u00e0 aggiuntiva di fosforo e potassio. In questo modo si formeranno dei frutti pi\u00f9 compatti, duri e pesanti. PK 13-14 garantisce un\u2019alta resa.   Uso Agitare bene prima dell\u2019uso. Diluire al massimo 2 ml di PK 13-14 in 1 litro d\u2019acqua (1:500). In seguito aggiungi la nutrizione base fino a quando ottieni il valore EC desiderato.   Conservazione Trasportare in posizione verticale e conservare al buio. Temperatura di conservazione: 0 \u2013 30\u00b0C. Avviso R 36\/38: irritante per gli occhi e la pelle.   Composizione FERTILIZZANTE CE. Soluzione di fertilizzanti PK (0-13-14). 13% Di pentossido di fosforo P2O5 solubile in acqua, 14% di ossido di potassio (K2O) solubile in acqua.\" \/>\n<meta property=\"og:url\" content=\"https:\/\/www.kingstongrowshop.it\/?product=plagron-pk-13-14-500-ml-1-lt\" \/>\n<meta property=\"og:site_name\" content=\"Kingston Grow Shop\" \/>\n<meta property=\"article:modified_time\" content=\"2025-09-15T16:13:27+00:00\" \/>\n<meta property=\"og:image\" content=\"https:\/\/www.kingstongrowshop.it\/wp-content\/uploads\/2019\/08\/pk1314ig-plagron.jpg\" \/>\n\t<meta property=\"og:image:width\" content=\"1024\" \/>\n\t<meta property=\"og:image:height\" content=\"1023\" \/>\n\t<meta property=\"og:image:type\" content=\"image\/jpeg\" \/>\n<meta name=\"twitter:card\" content=\"summary_large_image\" \/>\n<meta name=\"twitter:label1\" content=\"Tempo di lettura stimato\" \/>\n\t<meta name=\"twitter:data1\" content=\"1 minuto\" \/>\n<script type=\"application\/ld+json\" class=\"yoast-schema-graph\">{\"@context\":\"https:\\\/\\\/schema.org\",\"@graph\":[{\"@type\":\"WebPage\",\"@id\":\"https:\\\/\\\/www.kingstongrowshop.it\\\/?product=plagron-pk-13-14-500-ml-1-lt\",\"url\":\"https:\\\/\\\/www.kingstongrowshop.it\\\/?product=plagron-pk-13-14-500-ml-1-lt\",\"name\":\"PLAGRON PK 13\\\/14 500 ml - 1 Lt - Kingston Grow Shop\",\"isPartOf\":{\"@id\":\"https:\\\/\\\/www.kingstongrowshop.it\\\/#website\"},\"primaryImageOfPage\":{\"@id\":\"https:\\\/\\\/www.kingstongrowshop.it\\\/?product=plagron-pk-13-14-500-ml-1-lt#primaryimage\"},\"image\":{\"@id\":\"https:\\\/\\\/www.kingstongrowshop.it\\\/?product=plagron-pk-13-14-500-ml-1-lt#primaryimage\"},\"thumbnailUrl\":\"https:\\\/\\\/www.kingstongrowshop.it\\\/wp-content\\\/uploads\\\/2019\\\/08\\\/pk1314ig-plagron.jpg\",\"datePublished\":\"2019-08-24T21:08:33+00:00\",\"dateModified\":\"2025-09-15T16:13:27+00:00\",\"breadcrumb\":{\"@id\":\"https:\\\/\\\/www.kingstongrowshop.it\\\/?product=plagron-pk-13-14-500-ml-1-lt#breadcrumb\"},\"inLanguage\":\"it-IT\",\"potentialAction\":[{\"@type\":\"ReadAction\",\"target\":[\"https:\\\/\\\/www.kingstongrowshop.it\\\/?product=plagron-pk-13-14-500-ml-1-lt\"]}]},{\"@type\":\"ImageObject\",\"inLanguage\":\"it-IT\",\"@id\":\"https:\\\/\\\/www.kingstongrowshop.it\\\/?product=plagron-pk-13-14-500-ml-1-lt#primaryimage\",\"url\":\"https:\\\/\\\/www.kingstongrowshop.it\\\/wp-content\\\/uploads\\\/2019\\\/08\\\/pk1314ig-plagron.jpg\",\"contentUrl\":\"https:\\\/\\\/www.kingstongrowshop.it\\\/wp-content\\\/uploads\\\/2019\\\/08\\\/pk1314ig-plagron.jpg\",\"width\":1024,\"height\":1023},{\"@type\":\"BreadcrumbList\",\"@id\":\"https:\\\/\\\/www.kingstongrowshop.it\\\/?product=plagron-pk-13-14-500-ml-1-lt#breadcrumb\",\"itemListElement\":[{\"@type\":\"ListItem\",\"position\":1,\"name\":\"Home\",\"item\":\"https:\\\/\\\/www.kingstongrowshop.it\\\/\"},{\"@type\":\"ListItem\",\"position\":2,\"name\":\"Shop\",\"item\":\"https:\\\/\\\/www.kingstongrowshop.it\\\/?page_id=3853\"},{\"@type\":\"ListItem\",\"position\":3,\"name\":\"PLAGRON PK 13\\\/14 500 ml &#8211; 1 Lt\"}]},{\"@type\":\"WebSite\",\"@id\":\"https:\\\/\\\/www.kingstongrowshop.it\\\/#website\",\"url\":\"https:\\\/\\\/www.kingstongrowshop.it\\\/\",\"name\":\"Kingston Grow Shop\",\"description\":\"Il tuo Grow Shop di Fiducia\",\"potentialAction\":[{\"@type\":\"SearchAction\",\"target\":{\"@type\":\"EntryPoint\",\"urlTemplate\":\"https:\\\/\\\/www.kingstongrowshop.it\\\/?s={search_term_string}\"},\"query-input\":{\"@type\":\"PropertyValueSpecification\",\"valueRequired\":true,\"valueName\":\"search_term_string\"}}],\"inLanguage\":\"it-IT\"}]}<\/script>\n<!-- \/ Yoast SEO plugin. -->","yoast_head_json":{"title":"PLAGRON PK 13\/14 500 ml - 1 Lt - Kingston Grow Shop","robots":{"index":"index","follow":"follow","max-snippet":"max-snippet:-1","max-image-preview":"max-image-preview:large","max-video-preview":"max-video-preview:-1"},"canonical":"https:\/\/www.kingstongrowshop.it\/?product=plagron-pk-13-14-500-ml-1-lt","og_locale":"it_IT","og_type":"article","og_title":"PLAGRON PK 13\/14 500 ml - 1 Lt - Kingston Grow Shop","og_description":"PK 13-14 \u00e8 un fertilizzante organico minerale che fornisce alle piante durante la fase di fioritura una quantit\u00e0 aggiuntiva di fosforo e potassio. In questo modo si formeranno dei frutti pi\u00f9 compatti, duri e pesanti. PK 13-14 garantisce un\u2019alta resa.   Uso Agitare bene prima dell\u2019uso. Diluire al massimo 2 ml di PK 13-14 in 1 litro d\u2019acqua (1:500). In seguito aggiungi la nutrizione base fino a quando ottieni il valore EC desiderato.   Conservazione Trasportare in posizione verticale e conservare al buio. Temperatura di conservazione: 0 \u2013 30\u00b0C. Avviso R 36\/38: irritante per gli occhi e la pelle.   Composizione FERTILIZZANTE CE. Soluzione di fertilizzanti PK (0-13-14). 13% Di pentossido di fosforo P2O5 solubile in acqua, 14% di ossido di potassio (K2O) solubile in acqua.","og_url":"https:\/\/www.kingstongrowshop.it\/?product=plagron-pk-13-14-500-ml-1-lt","og_site_name":"Kingston Grow Shop","article_modified_time":"2025-09-15T16:13:27+00:00","og_image":[{"width":1024,"height":1023,"url":"https:\/\/www.kingstongrowshop.it\/wp-content\/uploads\/2019\/08\/pk1314ig-plagron.jpg","type":"image\/jpeg"}],"twitter_card":"summary_large_image","twitter_misc":{"Tempo di lettura stimato":"1 minuto"},"schema":{"@context":"https:\/\/schema.org","@graph":[{"@type":"WebPage","@id":"https:\/\/www.kingstongrowshop.it\/?product=plagron-pk-13-14-500-ml-1-lt","url":"https:\/\/www.kingstongrowshop.it\/?product=plagron-pk-13-14-500-ml-1-lt","name":"PLAGRON PK 13\/14 500 ml - 1 Lt - Kingston Grow Shop","isPartOf":{"@id":"https:\/\/www.kingstongrowshop.it\/#website"},"primaryImageOfPage":{"@id":"https:\/\/www.kingstongrowshop.it\/?product=plagron-pk-13-14-500-ml-1-lt#primaryimage"},"image":{"@id":"https:\/\/www.kingstongrowshop.it\/?product=plagron-pk-13-14-500-ml-1-lt#primaryimage"},"thumbnailUrl":"https:\/\/www.kingstongrowshop.it\/wp-content\/uploads\/2019\/08\/pk1314ig-plagron.jpg","datePublished":"2019-08-24T21:08:33+00:00","dateModified":"2025-09-15T16:13:27+00:00","breadcrumb":{"@id":"https:\/\/www.kingstongrowshop.it\/?product=plagron-pk-13-14-500-ml-1-lt#breadcrumb"},"inLanguage":"it-IT","potentialAction":[{"@type":"ReadAction","target":["https:\/\/www.kingstongrowshop.it\/?product=plagron-pk-13-14-500-ml-1-lt"]}]},{"@type":"ImageObject","inLanguage":"it-IT","@id":"https:\/\/www.kingstongrowshop.it\/?product=plagron-pk-13-14-500-ml-1-lt#primaryimage","url":"https:\/\/www.kingstongrowshop.it\/wp-content\/uploads\/2019\/08\/pk1314ig-plagron.jpg","contentUrl":"https:\/\/www.kingstongrowshop.it\/wp-content\/uploads\/2019\/08\/pk1314ig-plagron.jpg","width":1024,"height":1023},{"@type":"BreadcrumbList","@id":"https:\/\/www.kingstongrowshop.it\/?product=plagron-pk-13-14-500-ml-1-lt#breadcrumb","itemListElement":[{"@type":"ListItem","position":1,"name":"Home","item":"https:\/\/www.kingstongrowshop.it\/"},{"@type":"ListItem","position":2,"name":"Shop","item":"https:\/\/www.kingstongrowshop.it\/?page_id=3853"},{"@type":"ListItem","position":3,"name":"PLAGRON PK 13\/14 500 ml &#8211; 1 Lt"}]},{"@type":"WebSite","@id":"https:\/\/www.kingstongrowshop.it\/#website","url":"https:\/\/www.kingstongrowshop.it\/","name":"Kingston Grow Shop","description":"Il tuo Grow Shop di Fiducia","potentialAction":[{"@type":"SearchAction","target":{"@type":"EntryPoint","urlTemplate":"https:\/\/www.kingstongrowshop.it\/?s={search_term_string}"},"query-input":{"@type":"PropertyValueSpecification","valueRequired":true,"valueName":"search_term_string"}}],"inLanguage":"it-IT"}]}},"jetpack_sharing_enabled":true,"_links":{"self":[{"href":"https:\/\/www.kingstongrowshop.it\/index.php?rest_route=\/wp\/v2\/product\/6446","targetHints":{"allow":["GET"]}}],"collection":[{"href":"https:\/\/www.kingstongrowshop.it\/index.php?rest_route=\/wp\/v2\/product"}],"about":[{"href":"https:\/\/www.kingstongrowshop.it\/index.php?rest_route=\/wp\/v2\/types\/product"}],"replies":[{"embeddable":true,"href":"https:\/\/www.kingstongrowshop.it\/index.php?rest_route=%2Fwp%2Fv2%2Fcomments&post=6446"}],"wp:featuredmedia":[{"embeddable":true,"href":"https:\/\/www.kingstongrowshop.it\/index.php?rest_route=\/wp\/v2\/media\/6449"}],"wp:attachment":[{"href":"https:\/\/www.kingstongrowshop.it\/index.php?rest_route=%2Fwp%2Fv2%2Fmedia&parent=6446"}],"wp:term":[{"taxonomy":"product_brand","embeddable":true,"href":"https:\/\/www.kingstongrowshop.it\/index.php?rest_route=%2Fwp%2Fv2%2Fproduct_brand&post=6446"},{"taxonomy":"product_cat","embeddable":true,"href":"https:\/\/www.kingstongrowshop.it\/index.php?rest_route=%2Fwp%2Fv2%2Fproduct_cat&post=6446"},{"taxonomy":"product_tag","embeddable":true,"href":"https:\/\/www.kingstongrowshop.it\/index.php?rest_route=%2Fwp%2Fv2%2Fproduct_tag&post=6446"}],"curies":[{"name":"wp","href":"https:\/\/api.w.org\/{rel}","templated":true}]}}