{"id":6471,"date":"2019-08-25T15:16:15","date_gmt":"2019-08-25T13:16:15","guid":{"rendered":"https:\/\/www.kingstongrowshop.it\/?post_type=product&#038;p=6471"},"modified":"2025-06-18T11:54:36","modified_gmt":"2025-06-18T09:54:36","slug":"plagron-sugar-royal-100-ml-250-ml","status":"publish","type":"product","link":"https:\/\/www.kingstongrowshop.it\/?product=plagron-sugar-royal-100-ml-250-ml","title":{"rendered":"PLAGRON SUGAR ROYAL"},"content":{"rendered":"","protected":false},"excerpt":{"rendered":"<p>Plagron Sugar Royal, noto in precedenza come Repro Forte, \u00e8 uno stimolatore di fioritura in grado di aumentare la velocit\u00e0 di trasporto degli zuccheri utili alla riproduzione cellulare.<br \/>\nSi pu\u00f2 definire per questo un vero e proprio bio-catalizzatore naturale e, grazie al suo contenuto di enzimi, \u00e8 in grado di contribuire a mantenere le radici sane e robuste.<\/p>\n<p>Caratteristiche<br \/>\n&#8211; sapore e profumo migliore<br \/>\n&#8211; diminuzione dei tempi di coltivazione<br \/>\n&#8211; si pu\u00f2 utilizzare come fertilizzante per radici e foglie<\/p>\n<p>Modalit\u00e0 d&#8217;uso<br \/>\ndiluire al massimo 2 ml di Plagron Sugar Royal in 1 litro d&#8217;acqua (1:500)<br \/>\nutlizzare a partire dalle ultime due settimane di crescita fino ad una settimana dalla fine della fase di fioritura.<\/p>\n","protected":false},"featured_media":6470,"comment_status":"open","ping_status":"closed","template":"","meta":[],"product_brand":[],"product_cat":[283,281,284],"product_tag":[522,539,538],"class_list":{"0":"post-6471","1":"product","2":"type-product","3":"status-publish","4":"has-post-thumbnail","6":"product_cat-fertilizzanti","7":"product_cat-fertilizzantiecuradellepiante","8":"product_cat-plagron","9":"product_tag-plagron","10":"product_tag-power-roots","11":"product_tag-radicante","13":"first","14":"instock","15":"shipping-taxable","16":"purchasable","17":"product-type-variable"},"yoast_head":"<!-- This site is optimized with the Yoast SEO plugin v27.5 - https:\/\/yoast.com\/product\/yoast-seo-wordpress\/ -->\n<title>PLAGRON SUGAR ROYAL - Kingston Grow Shop<\/title>\n<meta name=\"robots\" content=\"index, follow, max-snippet:-1, max-image-preview:large, max-video-preview:-1\" \/>\n<link rel=\"canonical\" href=\"https:\/\/www.kingstongrowshop.it\/?product=plagron-sugar-royal-100-ml-250-ml\" \/>\n<meta property=\"og:locale\" content=\"it_IT\" \/>\n<meta property=\"og:type\" content=\"article\" \/>\n<meta property=\"og:title\" content=\"PLAGRON SUGAR ROYAL - Kingston Grow Shop\" \/>\n<meta property=\"og:description\" content=\"Plagron Sugar Royal, noto in precedenza come Repro Forte, \u00e8 uno stimolatore di fioritura in grado di aumentare la velocit\u00e0 di trasporto degli zuccheri utili alla riproduzione cellulare. Si pu\u00f2 definire per questo un vero e proprio bio-catalizzatore naturale e, grazie al suo contenuto di enzimi, \u00e8 in grado di contribuire a mantenere le radici sane e robuste.  Caratteristiche - sapore e profumo migliore - diminuzione dei tempi di coltivazione - si pu\u00f2 utilizzare come fertilizzante per radici e foglie  Modalit\u00e0 d&#039;uso diluire al massimo 2 ml di Plagron Sugar Royal in 1 litro d&#039;acqua (1:500) utlizzare a partire dalle ultime due settimane di crescita fino ad una settimana dalla fine della fase di fioritura.\" \/>\n<meta property=\"og:url\" content=\"https:\/\/www.kingstongrowshop.it\/?product=plagron-sugar-royal-100-ml-250-ml\" \/>\n<meta property=\"og:site_name\" content=\"Kingston Grow Shop\" \/>\n<meta property=\"article:modified_time\" content=\"2025-06-18T09:54:36+00:00\" \/>\n<meta property=\"og:image\" content=\"https:\/\/www.kingstongrowshop.it\/wp-content\/uploads\/2019\/08\/s-l640.jpg\" \/>\n\t<meta property=\"og:image:width\" content=\"500\" \/>\n\t<meta property=\"og:image:height\" content=\"500\" \/>\n\t<meta property=\"og:image:type\" content=\"image\/jpeg\" \/>\n<meta name=\"twitter:card\" content=\"summary_large_image\" \/>\n<script type=\"application\/ld+json\" class=\"yoast-schema-graph\">{\"@context\":\"https:\\\/\\\/schema.org\",\"@graph\":[{\"@type\":\"WebPage\",\"@id\":\"https:\\\/\\\/www.kingstongrowshop.it\\\/?product=plagron-sugar-royal-100-ml-250-ml\",\"url\":\"https:\\\/\\\/www.kingstongrowshop.it\\\/?product=plagron-sugar-royal-100-ml-250-ml\",\"name\":\"PLAGRON SUGAR ROYAL - Kingston Grow Shop\",\"isPartOf\":{\"@id\":\"https:\\\/\\\/www.kingstongrowshop.it\\\/#website\"},\"primaryImageOfPage\":{\"@id\":\"https:\\\/\\\/www.kingstongrowshop.it\\\/?product=plagron-sugar-royal-100-ml-250-ml#primaryimage\"},\"image\":{\"@id\":\"https:\\\/\\\/www.kingstongrowshop.it\\\/?product=plagron-sugar-royal-100-ml-250-ml#primaryimage\"},\"thumbnailUrl\":\"https:\\\/\\\/www.kingstongrowshop.it\\\/wp-content\\\/uploads\\\/2019\\\/08\\\/s-l640.jpg\",\"datePublished\":\"2019-08-25T13:16:15+00:00\",\"dateModified\":\"2025-06-18T09:54:36+00:00\",\"breadcrumb\":{\"@id\":\"https:\\\/\\\/www.kingstongrowshop.it\\\/?product=plagron-sugar-royal-100-ml-250-ml#breadcrumb\"},\"inLanguage\":\"it-IT\",\"potentialAction\":[{\"@type\":\"ReadAction\",\"target\":[\"https:\\\/\\\/www.kingstongrowshop.it\\\/?product=plagron-sugar-royal-100-ml-250-ml\"]}]},{\"@type\":\"ImageObject\",\"inLanguage\":\"it-IT\",\"@id\":\"https:\\\/\\\/www.kingstongrowshop.it\\\/?product=plagron-sugar-royal-100-ml-250-ml#primaryimage\",\"url\":\"https:\\\/\\\/www.kingstongrowshop.it\\\/wp-content\\\/uploads\\\/2019\\\/08\\\/s-l640.jpg\",\"contentUrl\":\"https:\\\/\\\/www.kingstongrowshop.it\\\/wp-content\\\/uploads\\\/2019\\\/08\\\/s-l640.jpg\",\"width\":500,\"height\":500},{\"@type\":\"BreadcrumbList\",\"@id\":\"https:\\\/\\\/www.kingstongrowshop.it\\\/?product=plagron-sugar-royal-100-ml-250-ml#breadcrumb\",\"itemListElement\":[{\"@type\":\"ListItem\",\"position\":1,\"name\":\"Home\",\"item\":\"https:\\\/\\\/www.kingstongrowshop.it\\\/\"},{\"@type\":\"ListItem\",\"position\":2,\"name\":\"Shop\",\"item\":\"https:\\\/\\\/www.kingstongrowshop.it\\\/?page_id=3853\"},{\"@type\":\"ListItem\",\"position\":3,\"name\":\"PLAGRON SUGAR ROYAL\"}]},{\"@type\":\"WebSite\",\"@id\":\"https:\\\/\\\/www.kingstongrowshop.it\\\/#website\",\"url\":\"https:\\\/\\\/www.kingstongrowshop.it\\\/\",\"name\":\"Kingston Grow Shop\",\"description\":\"Il tuo Grow Shop di Fiducia\",\"potentialAction\":[{\"@type\":\"SearchAction\",\"target\":{\"@type\":\"EntryPoint\",\"urlTemplate\":\"https:\\\/\\\/www.kingstongrowshop.it\\\/?s={search_term_string}\"},\"query-input\":{\"@type\":\"PropertyValueSpecification\",\"valueRequired\":true,\"valueName\":\"search_term_string\"}}],\"inLanguage\":\"it-IT\"}]}<\/script>\n<!-- \/ Yoast SEO plugin. -->","yoast_head_json":{"title":"PLAGRON SUGAR ROYAL - Kingston Grow Shop","robots":{"index":"index","follow":"follow","max-snippet":"max-snippet:-1","max-image-preview":"max-image-preview:large","max-video-preview":"max-video-preview:-1"},"canonical":"https:\/\/www.kingstongrowshop.it\/?product=plagron-sugar-royal-100-ml-250-ml","og_locale":"it_IT","og_type":"article","og_title":"PLAGRON SUGAR ROYAL - Kingston Grow Shop","og_description":"Plagron Sugar Royal, noto in precedenza come Repro Forte, \u00e8 uno stimolatore di fioritura in grado di aumentare la velocit\u00e0 di trasporto degli zuccheri utili alla riproduzione cellulare. Si pu\u00f2 definire per questo un vero e proprio bio-catalizzatore naturale e, grazie al suo contenuto di enzimi, \u00e8 in grado di contribuire a mantenere le radici sane e robuste.  Caratteristiche - sapore e profumo migliore - diminuzione dei tempi di coltivazione - si pu\u00f2 utilizzare come fertilizzante per radici e foglie  Modalit\u00e0 d'uso diluire al massimo 2 ml di Plagron Sugar Royal in 1 litro d'acqua (1:500) utlizzare a partire dalle ultime due settimane di crescita fino ad una settimana dalla fine della fase di fioritura.","og_url":"https:\/\/www.kingstongrowshop.it\/?product=plagron-sugar-royal-100-ml-250-ml","og_site_name":"Kingston Grow Shop","article_modified_time":"2025-06-18T09:54:36+00:00","og_image":[{"width":500,"height":500,"url":"https:\/\/www.kingstongrowshop.it\/wp-content\/uploads\/2019\/08\/s-l640.jpg","type":"image\/jpeg"}],"twitter_card":"summary_large_image","schema":{"@context":"https:\/\/schema.org","@graph":[{"@type":"WebPage","@id":"https:\/\/www.kingstongrowshop.it\/?product=plagron-sugar-royal-100-ml-250-ml","url":"https:\/\/www.kingstongrowshop.it\/?product=plagron-sugar-royal-100-ml-250-ml","name":"PLAGRON SUGAR ROYAL - Kingston Grow Shop","isPartOf":{"@id":"https:\/\/www.kingstongrowshop.it\/#website"},"primaryImageOfPage":{"@id":"https:\/\/www.kingstongrowshop.it\/?product=plagron-sugar-royal-100-ml-250-ml#primaryimage"},"image":{"@id":"https:\/\/www.kingstongrowshop.it\/?product=plagron-sugar-royal-100-ml-250-ml#primaryimage"},"thumbnailUrl":"https:\/\/www.kingstongrowshop.it\/wp-content\/uploads\/2019\/08\/s-l640.jpg","datePublished":"2019-08-25T13:16:15+00:00","dateModified":"2025-06-18T09:54:36+00:00","breadcrumb":{"@id":"https:\/\/www.kingstongrowshop.it\/?product=plagron-sugar-royal-100-ml-250-ml#breadcrumb"},"inLanguage":"it-IT","potentialAction":[{"@type":"ReadAction","target":["https:\/\/www.kingstongrowshop.it\/?product=plagron-sugar-royal-100-ml-250-ml"]}]},{"@type":"ImageObject","inLanguage":"it-IT","@id":"https:\/\/www.kingstongrowshop.it\/?product=plagron-sugar-royal-100-ml-250-ml#primaryimage","url":"https:\/\/www.kingstongrowshop.it\/wp-content\/uploads\/2019\/08\/s-l640.jpg","contentUrl":"https:\/\/www.kingstongrowshop.it\/wp-content\/uploads\/2019\/08\/s-l640.jpg","width":500,"height":500},{"@type":"BreadcrumbList","@id":"https:\/\/www.kingstongrowshop.it\/?product=plagron-sugar-royal-100-ml-250-ml#breadcrumb","itemListElement":[{"@type":"ListItem","position":1,"name":"Home","item":"https:\/\/www.kingstongrowshop.it\/"},{"@type":"ListItem","position":2,"name":"Shop","item":"https:\/\/www.kingstongrowshop.it\/?page_id=3853"},{"@type":"ListItem","position":3,"name":"PLAGRON SUGAR ROYAL"}]},{"@type":"WebSite","@id":"https:\/\/www.kingstongrowshop.it\/#website","url":"https:\/\/www.kingstongrowshop.it\/","name":"Kingston Grow Shop","description":"Il tuo Grow Shop di Fiducia","potentialAction":[{"@type":"SearchAction","target":{"@type":"EntryPoint","urlTemplate":"https:\/\/www.kingstongrowshop.it\/?s={search_term_string}"},"query-input":{"@type":"PropertyValueSpecification","valueRequired":true,"valueName":"search_term_string"}}],"inLanguage":"it-IT"}]}},"jetpack_sharing_enabled":true,"_links":{"self":[{"href":"https:\/\/www.kingstongrowshop.it\/index.php?rest_route=\/wp\/v2\/product\/6471","targetHints":{"allow":["GET"]}}],"collection":[{"href":"https:\/\/www.kingstongrowshop.it\/index.php?rest_route=\/wp\/v2\/product"}],"about":[{"href":"https:\/\/www.kingstongrowshop.it\/index.php?rest_route=\/wp\/v2\/types\/product"}],"replies":[{"embeddable":true,"href":"https:\/\/www.kingstongrowshop.it\/index.php?rest_route=%2Fwp%2Fv2%2Fcomments&post=6471"}],"wp:featuredmedia":[{"embeddable":true,"href":"https:\/\/www.kingstongrowshop.it\/index.php?rest_route=\/wp\/v2\/media\/6470"}],"wp:attachment":[{"href":"https:\/\/www.kingstongrowshop.it\/index.php?rest_route=%2Fwp%2Fv2%2Fmedia&parent=6471"}],"wp:term":[{"taxonomy":"product_brand","embeddable":true,"href":"https:\/\/www.kingstongrowshop.it\/index.php?rest_route=%2Fwp%2Fv2%2Fproduct_brand&post=6471"},{"taxonomy":"product_cat","embeddable":true,"href":"https:\/\/www.kingstongrowshop.it\/index.php?rest_route=%2Fwp%2Fv2%2Fproduct_cat&post=6471"},{"taxonomy":"product_tag","embeddable":true,"href":"https:\/\/www.kingstongrowshop.it\/index.php?rest_route=%2Fwp%2Fv2%2Fproduct_tag&post=6471"}],"curies":[{"name":"wp","href":"https:\/\/api.w.org\/{rel}","templated":true}]}}