{"id":6641,"date":"2019-08-27T19:37:38","date_gmt":"2019-08-27T17:37:38","guid":{"rendered":"https:\/\/www.kingstongrowshop.it\/?post_type=product&#038;p=6641"},"modified":"2025-09-25T18:18:14","modified_gmt":"2025-09-25T16:18:14","slug":"ghe-ripen-1lt","status":"publish","type":"product","link":"https:\/\/www.kingstongrowshop.it\/?product=ghe-ripen-1lt","title":{"rendered":"GHE RIPEN"},"content":{"rendered":"","protected":false},"excerpt":{"rendered":"<div id=\"tab-description\" class=\"panel entry-content active\">\n<p><strong>Ripen<\/strong> \u00e8 un <strong>fertilizzante di fine fioritura<\/strong>, chiamato anche \u201csoluzione di forzatura\u201d. \u00c8 formulato in particolare per accelerare la maturazione delle piante e per migliorarne il tenore in principi attivi.<br \/>\n\u00c8 una miscela di sali minerali e di tamponi dosati con grande minuziosit\u00e0 dai nostri ricercatori. In effetti, in questa fase della crescita, la precisione \u00e8 della pi\u00f9 grande importanza dato che la pianta, essendo alla fine della sua vita, \u00e8 spesso indebolita e la sua capacit\u00e0 d\u2019assimilazione \u00e8 ben inferiore a quella della fase di crescita.<\/p>\n<h3>Vantaggi di utilizzare Ripen<\/h3>\n<ul>\n<li>Invia alla pianta un segnale forte per farle sapere che \u00e8 in fin di vita. Lei reagisce con una fioritura e una fruttificazione accelerate nello sforzo di riprodursi prima di morire.<\/li>\n<li>Forza la pianta ad aumentare le sue difese e di conseguenza i suoi principi attivi.<\/li>\n<li>Fornisce alla pianta tutti gli ioni minerali che le saranno necessari durante il suo ultimo sforzo di riproduzione.<\/li>\n<li>Nel caso la pianta abbia accumulato dei nitrati o degli oligo-elementi l\u2019aiuta durante la metabolizzazione di questi residui, migliorando cos\u00ec il gusto del raccolto.<\/li>\n<\/ul>\n<h3>Ripen fertilizzante multiuso<\/h3>\n<ul>\n<li>Permette di portare a termine rapidamente un raccolto prima che si rovini nel caso di fine stagione umida e fredda.<\/li>\n<li>In serra o all\u2019interno, permette d\u2019armonizzare la fine del ciclo e di portare a termine pi\u00f9 rapidamente la maturazione delle piante pi\u00f9 tardive.<\/li>\n<li>Nel caso di duro attacco da parte di germi patogeni o insetti, permette d\u2019accelerare il ciclo e di ottenere un raccolto prima che le piante vengano distrutte.<\/li>\n<li>Infine, permette di aumentare il tenore in principi attivi delle piante medicinali, aromatiche e culinarie.<\/li>\n<\/ul>\n<h3>Applicazione del Ripen GHE<\/h3>\n<ul>\n<li>Gli ultimi dieci giorni di fioritura, diluire Ripen in acqua con pH adattato (tra 5,5 e 6,5)<\/li>\n<li>In Hidroponia: 4-5 ml\/L \u2013 EC = 1,8 \u2013 2,2<\/li>\n<li>In Terra: la stessa concentrazione, 1 annafiatura ogni 2<\/li>\n<li>Ripen \u00e8 un acido, abassar\u00e0 il pH della vostra soluzione. Versatelo nell\u2019acqua prima di aggiustare il livello di pH.<\/li>\n<\/ul>\n<\/div>\n","protected":false},"featured_media":6642,"comment_status":"open","ping_status":"closed","template":"","meta":[],"product_brand":[],"product_cat":[283,281,286],"product_tag":[575,598],"class_list":{"0":"post-6641","1":"product","2":"type-product","3":"status-publish","4":"has-post-thumbnail","6":"product_cat-fertilizzanti","7":"product_cat-fertilizzantiecuradellepiante","8":"product_cat-ghe","9":"product_tag-ghe","10":"product_tag-ripen","12":"first","13":"instock","14":"shipping-taxable","15":"purchasable","16":"product-type-variable"},"yoast_head":"<!-- This site is optimized with the Yoast SEO plugin v27.5 - https:\/\/yoast.com\/product\/yoast-seo-wordpress\/ -->\n<title>GHE RIPEN - Kingston Grow Shop<\/title>\n<meta name=\"robots\" content=\"index, follow, max-snippet:-1, max-image-preview:large, max-video-preview:-1\" \/>\n<link rel=\"canonical\" href=\"https:\/\/www.kingstongrowshop.it\/?product=ghe-ripen-1lt\" \/>\n<meta property=\"og:locale\" content=\"it_IT\" \/>\n<meta property=\"og:type\" content=\"article\" \/>\n<meta property=\"og:title\" content=\"GHE RIPEN - Kingston Grow Shop\" \/>\n<meta property=\"og:description\" content=\"Ripen \u00e8 un fertilizzante di fine fioritura, chiamato anche \u201csoluzione di forzatura\u201d. \u00c8 formulato in particolare per accelerare la maturazione delle piante e per migliorarne il tenore in principi attivi. \u00c8 una miscela di sali minerali e di tamponi dosati con grande minuziosit\u00e0 dai nostri ricercatori. In effetti, in questa fase della crescita, la precisione \u00e8 della pi\u00f9 grande importanza dato che la pianta, essendo alla fine della sua vita, \u00e8 spesso indebolita e la sua capacit\u00e0 d\u2019assimilazione \u00e8 ben inferiore a quella della fase di crescita. Vantaggi di utilizzare Ripen   Invia alla pianta un segnale forte per farle sapere che \u00e8 in fin di vita. Lei reagisce con una fioritura e una fruttificazione accelerate nello sforzo di riprodursi prima di morire.  Forza la pianta ad aumentare le sue difese e di conseguenza i suoi principi attivi.  Fornisce alla pianta tutti gli ioni minerali che le saranno necessari durante il suo ultimo sforzo di riproduzione.  Nel caso la pianta abbia accumulato dei nitrati o degli oligo-elementi l\u2019aiuta durante la metabolizzazione di questi residui, migliorando cos\u00ec il gusto del raccolto.  Ripen fertilizzante multiuso   Permette di portare a termine rapidamente un raccolto prima che si rovini nel caso di fine stagione umida e fredda.  In serra o all\u2019interno, permette d\u2019armonizzare la fine del ciclo e di portare a termine pi\u00f9 rapidamente la maturazione delle piante pi\u00f9 tardive.  Nel caso di duro attacco da parte di germi patogeni o insetti, permette d\u2019accelerare il ciclo e di ottenere un raccolto prima che le piante vengano distrutte.  Infine, permette di aumentare il tenore in principi attivi delle piante medicinali, aromatiche e culinarie.  Applicazione del Ripen GHE   Gli ultimi dieci giorni di fioritura, diluire Ripen in acqua con pH adattato (tra 5,5 e 6,5)  In Hidroponia: 4-5 ml\/L \u2013 EC = 1,8 \u2013 2,2  In Terra: la stessa concentrazione, 1 annafiatura ogni 2  Ripen \u00e8 un acido, abassar\u00e0 il pH della vostra soluzione. Versatelo nell\u2019acqua prima di aggiustare il livello di pH.\" \/>\n<meta property=\"og:url\" content=\"https:\/\/www.kingstongrowshop.it\/?product=ghe-ripen-1lt\" \/>\n<meta property=\"og:site_name\" content=\"Kingston Grow Shop\" \/>\n<meta property=\"article:modified_time\" content=\"2025-09-25T16:18:14+00:00\" \/>\n<meta property=\"og:image\" content=\"https:\/\/www.kingstongrowshop.it\/wp-content\/uploads\/2019\/08\/ripen-1l.jpg\" \/>\n\t<meta property=\"og:image:width\" content=\"800\" \/>\n\t<meta property=\"og:image:height\" content=\"600\" \/>\n\t<meta property=\"og:image:type\" content=\"image\/jpeg\" \/>\n<meta name=\"twitter:card\" content=\"summary_large_image\" \/>\n<script type=\"application\/ld+json\" class=\"yoast-schema-graph\">{\"@context\":\"https:\\\/\\\/schema.org\",\"@graph\":[{\"@type\":\"WebPage\",\"@id\":\"https:\\\/\\\/www.kingstongrowshop.it\\\/?product=ghe-ripen-1lt\",\"url\":\"https:\\\/\\\/www.kingstongrowshop.it\\\/?product=ghe-ripen-1lt\",\"name\":\"GHE RIPEN - Kingston Grow Shop\",\"isPartOf\":{\"@id\":\"https:\\\/\\\/www.kingstongrowshop.it\\\/#website\"},\"primaryImageOfPage\":{\"@id\":\"https:\\\/\\\/www.kingstongrowshop.it\\\/?product=ghe-ripen-1lt#primaryimage\"},\"image\":{\"@id\":\"https:\\\/\\\/www.kingstongrowshop.it\\\/?product=ghe-ripen-1lt#primaryimage\"},\"thumbnailUrl\":\"https:\\\/\\\/www.kingstongrowshop.it\\\/wp-content\\\/uploads\\\/2019\\\/08\\\/ripen-1l.jpg\",\"datePublished\":\"2019-08-27T17:37:38+00:00\",\"dateModified\":\"2025-09-25T16:18:14+00:00\",\"breadcrumb\":{\"@id\":\"https:\\\/\\\/www.kingstongrowshop.it\\\/?product=ghe-ripen-1lt#breadcrumb\"},\"inLanguage\":\"it-IT\",\"potentialAction\":[{\"@type\":\"ReadAction\",\"target\":[\"https:\\\/\\\/www.kingstongrowshop.it\\\/?product=ghe-ripen-1lt\"]}]},{\"@type\":\"ImageObject\",\"inLanguage\":\"it-IT\",\"@id\":\"https:\\\/\\\/www.kingstongrowshop.it\\\/?product=ghe-ripen-1lt#primaryimage\",\"url\":\"https:\\\/\\\/www.kingstongrowshop.it\\\/wp-content\\\/uploads\\\/2019\\\/08\\\/ripen-1l.jpg\",\"contentUrl\":\"https:\\\/\\\/www.kingstongrowshop.it\\\/wp-content\\\/uploads\\\/2019\\\/08\\\/ripen-1l.jpg\",\"width\":800,\"height\":600},{\"@type\":\"BreadcrumbList\",\"@id\":\"https:\\\/\\\/www.kingstongrowshop.it\\\/?product=ghe-ripen-1lt#breadcrumb\",\"itemListElement\":[{\"@type\":\"ListItem\",\"position\":1,\"name\":\"Home\",\"item\":\"https:\\\/\\\/www.kingstongrowshop.it\\\/\"},{\"@type\":\"ListItem\",\"position\":2,\"name\":\"Shop\",\"item\":\"https:\\\/\\\/www.kingstongrowshop.it\\\/?page_id=3853\"},{\"@type\":\"ListItem\",\"position\":3,\"name\":\"GHE RIPEN\"}]},{\"@type\":\"WebSite\",\"@id\":\"https:\\\/\\\/www.kingstongrowshop.it\\\/#website\",\"url\":\"https:\\\/\\\/www.kingstongrowshop.it\\\/\",\"name\":\"Kingston Grow Shop\",\"description\":\"Il tuo Grow Shop di Fiducia\",\"potentialAction\":[{\"@type\":\"SearchAction\",\"target\":{\"@type\":\"EntryPoint\",\"urlTemplate\":\"https:\\\/\\\/www.kingstongrowshop.it\\\/?s={search_term_string}\"},\"query-input\":{\"@type\":\"PropertyValueSpecification\",\"valueRequired\":true,\"valueName\":\"search_term_string\"}}],\"inLanguage\":\"it-IT\"}]}<\/script>\n<!-- \/ Yoast SEO plugin. -->","yoast_head_json":{"title":"GHE RIPEN - Kingston Grow Shop","robots":{"index":"index","follow":"follow","max-snippet":"max-snippet:-1","max-image-preview":"max-image-preview:large","max-video-preview":"max-video-preview:-1"},"canonical":"https:\/\/www.kingstongrowshop.it\/?product=ghe-ripen-1lt","og_locale":"it_IT","og_type":"article","og_title":"GHE RIPEN - Kingston Grow Shop","og_description":"Ripen \u00e8 un fertilizzante di fine fioritura, chiamato anche \u201csoluzione di forzatura\u201d. \u00c8 formulato in particolare per accelerare la maturazione delle piante e per migliorarne il tenore in principi attivi. \u00c8 una miscela di sali minerali e di tamponi dosati con grande minuziosit\u00e0 dai nostri ricercatori. In effetti, in questa fase della crescita, la precisione \u00e8 della pi\u00f9 grande importanza dato che la pianta, essendo alla fine della sua vita, \u00e8 spesso indebolita e la sua capacit\u00e0 d\u2019assimilazione \u00e8 ben inferiore a quella della fase di crescita. Vantaggi di utilizzare Ripen   Invia alla pianta un segnale forte per farle sapere che \u00e8 in fin di vita. Lei reagisce con una fioritura e una fruttificazione accelerate nello sforzo di riprodursi prima di morire.  Forza la pianta ad aumentare le sue difese e di conseguenza i suoi principi attivi.  Fornisce alla pianta tutti gli ioni minerali che le saranno necessari durante il suo ultimo sforzo di riproduzione.  Nel caso la pianta abbia accumulato dei nitrati o degli oligo-elementi l\u2019aiuta durante la metabolizzazione di questi residui, migliorando cos\u00ec il gusto del raccolto.  Ripen fertilizzante multiuso   Permette di portare a termine rapidamente un raccolto prima che si rovini nel caso di fine stagione umida e fredda.  In serra o all\u2019interno, permette d\u2019armonizzare la fine del ciclo e di portare a termine pi\u00f9 rapidamente la maturazione delle piante pi\u00f9 tardive.  Nel caso di duro attacco da parte di germi patogeni o insetti, permette d\u2019accelerare il ciclo e di ottenere un raccolto prima che le piante vengano distrutte.  Infine, permette di aumentare il tenore in principi attivi delle piante medicinali, aromatiche e culinarie.  Applicazione del Ripen GHE   Gli ultimi dieci giorni di fioritura, diluire Ripen in acqua con pH adattato (tra 5,5 e 6,5)  In Hidroponia: 4-5 ml\/L \u2013 EC = 1,8 \u2013 2,2  In Terra: la stessa concentrazione, 1 annafiatura ogni 2  Ripen \u00e8 un acido, abassar\u00e0 il pH della vostra soluzione. Versatelo nell\u2019acqua prima di aggiustare il livello di pH.","og_url":"https:\/\/www.kingstongrowshop.it\/?product=ghe-ripen-1lt","og_site_name":"Kingston Grow Shop","article_modified_time":"2025-09-25T16:18:14+00:00","og_image":[{"width":800,"height":600,"url":"https:\/\/www.kingstongrowshop.it\/wp-content\/uploads\/2019\/08\/ripen-1l.jpg","type":"image\/jpeg"}],"twitter_card":"summary_large_image","schema":{"@context":"https:\/\/schema.org","@graph":[{"@type":"WebPage","@id":"https:\/\/www.kingstongrowshop.it\/?product=ghe-ripen-1lt","url":"https:\/\/www.kingstongrowshop.it\/?product=ghe-ripen-1lt","name":"GHE RIPEN - Kingston Grow Shop","isPartOf":{"@id":"https:\/\/www.kingstongrowshop.it\/#website"},"primaryImageOfPage":{"@id":"https:\/\/www.kingstongrowshop.it\/?product=ghe-ripen-1lt#primaryimage"},"image":{"@id":"https:\/\/www.kingstongrowshop.it\/?product=ghe-ripen-1lt#primaryimage"},"thumbnailUrl":"https:\/\/www.kingstongrowshop.it\/wp-content\/uploads\/2019\/08\/ripen-1l.jpg","datePublished":"2019-08-27T17:37:38+00:00","dateModified":"2025-09-25T16:18:14+00:00","breadcrumb":{"@id":"https:\/\/www.kingstongrowshop.it\/?product=ghe-ripen-1lt#breadcrumb"},"inLanguage":"it-IT","potentialAction":[{"@type":"ReadAction","target":["https:\/\/www.kingstongrowshop.it\/?product=ghe-ripen-1lt"]}]},{"@type":"ImageObject","inLanguage":"it-IT","@id":"https:\/\/www.kingstongrowshop.it\/?product=ghe-ripen-1lt#primaryimage","url":"https:\/\/www.kingstongrowshop.it\/wp-content\/uploads\/2019\/08\/ripen-1l.jpg","contentUrl":"https:\/\/www.kingstongrowshop.it\/wp-content\/uploads\/2019\/08\/ripen-1l.jpg","width":800,"height":600},{"@type":"BreadcrumbList","@id":"https:\/\/www.kingstongrowshop.it\/?product=ghe-ripen-1lt#breadcrumb","itemListElement":[{"@type":"ListItem","position":1,"name":"Home","item":"https:\/\/www.kingstongrowshop.it\/"},{"@type":"ListItem","position":2,"name":"Shop","item":"https:\/\/www.kingstongrowshop.it\/?page_id=3853"},{"@type":"ListItem","position":3,"name":"GHE RIPEN"}]},{"@type":"WebSite","@id":"https:\/\/www.kingstongrowshop.it\/#website","url":"https:\/\/www.kingstongrowshop.it\/","name":"Kingston Grow Shop","description":"Il tuo Grow Shop di Fiducia","potentialAction":[{"@type":"SearchAction","target":{"@type":"EntryPoint","urlTemplate":"https:\/\/www.kingstongrowshop.it\/?s={search_term_string}"},"query-input":{"@type":"PropertyValueSpecification","valueRequired":true,"valueName":"search_term_string"}}],"inLanguage":"it-IT"}]}},"jetpack_sharing_enabled":true,"_links":{"self":[{"href":"https:\/\/www.kingstongrowshop.it\/index.php?rest_route=\/wp\/v2\/product\/6641","targetHints":{"allow":["GET"]}}],"collection":[{"href":"https:\/\/www.kingstongrowshop.it\/index.php?rest_route=\/wp\/v2\/product"}],"about":[{"href":"https:\/\/www.kingstongrowshop.it\/index.php?rest_route=\/wp\/v2\/types\/product"}],"replies":[{"embeddable":true,"href":"https:\/\/www.kingstongrowshop.it\/index.php?rest_route=%2Fwp%2Fv2%2Fcomments&post=6641"}],"wp:featuredmedia":[{"embeddable":true,"href":"https:\/\/www.kingstongrowshop.it\/index.php?rest_route=\/wp\/v2\/media\/6642"}],"wp:attachment":[{"href":"https:\/\/www.kingstongrowshop.it\/index.php?rest_route=%2Fwp%2Fv2%2Fmedia&parent=6641"}],"wp:term":[{"taxonomy":"product_brand","embeddable":true,"href":"https:\/\/www.kingstongrowshop.it\/index.php?rest_route=%2Fwp%2Fv2%2Fproduct_brand&post=6641"},{"taxonomy":"product_cat","embeddable":true,"href":"https:\/\/www.kingstongrowshop.it\/index.php?rest_route=%2Fwp%2Fv2%2Fproduct_cat&post=6641"},{"taxonomy":"product_tag","embeddable":true,"href":"https:\/\/www.kingstongrowshop.it\/index.php?rest_route=%2Fwp%2Fv2%2Fproduct_tag&post=6641"}],"curies":[{"name":"wp","href":"https:\/\/api.w.org\/{rel}","templated":true}]}}