{"id":6643,"date":"2019-08-27T19:40:34","date_gmt":"2019-08-27T17:40:34","guid":{"rendered":"https:\/\/www.kingstongrowshop.it\/?post_type=product&#038;p=6643"},"modified":"2019-08-27T19:40:38","modified_gmt":"2019-08-27T17:40:38","slug":"ghe-mineral-magic-1-kg","status":"publish","type":"product","link":"https:\/\/www.kingstongrowshop.it\/?product=ghe-mineral-magic-1-kg","title":{"rendered":"GHE MINERAL MAGIC 1 KG"},"content":{"rendered":"","protected":false},"excerpt":{"rendered":"<div id=\"tab-description\" class=\"panel entry-content active\">\n<p><strong>Mineral Magic<\/strong> \u00e8 una polvere di silicato naturale, particolarmente importante nella coltura idroponica e fuori suolo, in quanto permette di apportarvi un elemento fondamentale per\u00f2 mancante: il silice.<\/p>\n<p>La molteplicit\u00e0 di elementi che contiene Mineral Magic stimola la crescita dei microrganismi benefici, permettendo cos\u00ec la creazione di un ambiente naturale per la crescita di piante ancora pi\u00f9 sane.<br \/>\nIntroduce una forma solubile di Silicato che penetra nelle cellule della pianta, rinforzando la sua struttura, e permettendole di resistere meglio agli attacchi delle malattie e degli insetti.<br \/>\nI colloidi naturali contenuti nel Mineral Magic intensificano lo scambio di cationi nella soluzione nutritiva e aumentano la disponibilit\u00e0 di elementi nutritivi.<br \/>\nStabilizza il livello del pH e della conducibilit\u00e0, riducendo le condizioni di stress per la pianta e stimolando una crescita pi\u00f9 rapida.<\/p>\n<h3>Applicazione di Mineral Magic<\/h3>\n<p>In idroponica, non utilizzare Mineral Magic insieme a microrganismi (BM &amp; SubCulture). La combinazione \u00e8 controproducente in quanto, in acqua, il silicio si trasforma in acido silicico che ostacola lo sviluppo delle colonie benefiche.<\/p>\n<p>Al contrario, mescolato in terra sotto forma di polvere, l\u2019ampio spettro dei microelementi di Mineral Magic stimola il proliferare di organismi benefici che favoriscono la creazione di un ambiente naturale, ideale per la crescita sana delle piante.<\/p>\n<\/div>\n","protected":false},"featured_media":6644,"comment_status":"open","ping_status":"closed","template":"","meta":[],"product_brand":[],"product_cat":[568,283,281,286],"product_tag":[599,600],"class_list":{"0":"post-6643","1":"product","2":"type-product","3":"status-publish","4":"has-post-thumbnail","6":"product_cat-ammendanti-solidi","7":"product_cat-fertilizzanti","8":"product_cat-fertilizzantiecuradellepiante","9":"product_cat-ghe","10":"product_tag-ghe-mineral-magic","11":"product_tag-mineral-magic","13":"first","14":"instock","15":"taxable","16":"shipping-taxable","17":"purchasable","18":"product-type-simple"},"yoast_head":"<!-- This site is optimized with the Yoast SEO plugin v27.5 - https:\/\/yoast.com\/product\/yoast-seo-wordpress\/ -->\n<title>GHE MINERAL MAGIC 1 KG - Kingston Grow Shop<\/title>\n<meta name=\"robots\" content=\"index, follow, max-snippet:-1, max-image-preview:large, max-video-preview:-1\" \/>\n<link rel=\"canonical\" href=\"https:\/\/www.kingstongrowshop.it\/?product=ghe-mineral-magic-1-kg\" \/>\n<meta property=\"og:locale\" content=\"it_IT\" \/>\n<meta property=\"og:type\" content=\"article\" \/>\n<meta property=\"og:title\" content=\"GHE MINERAL MAGIC 1 KG - Kingston Grow Shop\" \/>\n<meta property=\"og:description\" content=\"Mineral Magic \u00e8 una polvere di silicato naturale, particolarmente importante nella coltura idroponica e fuori suolo, in quanto permette di apportarvi un elemento fondamentale per\u00f2 mancante: il silice.  La molteplicit\u00e0 di elementi che contiene Mineral Magic stimola la crescita dei microrganismi benefici, permettendo cos\u00ec la creazione di un ambiente naturale per la crescita di piante ancora pi\u00f9 sane. Introduce una forma solubile di Silicato che penetra nelle cellule della pianta, rinforzando la sua struttura, e permettendole di resistere meglio agli attacchi delle malattie e degli insetti. I colloidi naturali contenuti nel Mineral Magic intensificano lo scambio di cationi nella soluzione nutritiva e aumentano la disponibilit\u00e0 di elementi nutritivi. Stabilizza il livello del pH e della conducibilit\u00e0, riducendo le condizioni di stress per la pianta e stimolando una crescita pi\u00f9 rapida. Applicazione di Mineral Magic In idroponica, non utilizzare Mineral Magic insieme a microrganismi (BM &amp; SubCulture). La combinazione \u00e8 controproducente in quanto, in acqua, il silicio si trasforma in acido silicico che ostacola lo sviluppo delle colonie benefiche.  Al contrario, mescolato in terra sotto forma di polvere, l\u2019ampio spettro dei microelementi di Mineral Magic stimola il proliferare di organismi benefici che favoriscono la creazione di un ambiente naturale, ideale per la crescita sana delle piante.\" \/>\n<meta property=\"og:url\" content=\"https:\/\/www.kingstongrowshop.it\/?product=ghe-mineral-magic-1-kg\" \/>\n<meta property=\"og:site_name\" content=\"Kingston Grow Shop\" \/>\n<meta property=\"article:modified_time\" content=\"2019-08-27T17:40:38+00:00\" \/>\n<meta property=\"og:image\" content=\"https:\/\/www.kingstongrowshop.it\/wp-content\/uploads\/2019\/08\/mineral-magic.jpg\" \/>\n\t<meta property=\"og:image:width\" content=\"389\" \/>\n\t<meta property=\"og:image:height\" content=\"586\" \/>\n\t<meta property=\"og:image:type\" content=\"image\/jpeg\" \/>\n<meta name=\"twitter:card\" content=\"summary_large_image\" \/>\n<script type=\"application\/ld+json\" class=\"yoast-schema-graph\">{\"@context\":\"https:\\\/\\\/schema.org\",\"@graph\":[{\"@type\":\"WebPage\",\"@id\":\"https:\\\/\\\/www.kingstongrowshop.it\\\/?product=ghe-mineral-magic-1-kg\",\"url\":\"https:\\\/\\\/www.kingstongrowshop.it\\\/?product=ghe-mineral-magic-1-kg\",\"name\":\"GHE MINERAL MAGIC 1 KG - Kingston Grow Shop\",\"isPartOf\":{\"@id\":\"https:\\\/\\\/www.kingstongrowshop.it\\\/#website\"},\"primaryImageOfPage\":{\"@id\":\"https:\\\/\\\/www.kingstongrowshop.it\\\/?product=ghe-mineral-magic-1-kg#primaryimage\"},\"image\":{\"@id\":\"https:\\\/\\\/www.kingstongrowshop.it\\\/?product=ghe-mineral-magic-1-kg#primaryimage\"},\"thumbnailUrl\":\"https:\\\/\\\/www.kingstongrowshop.it\\\/wp-content\\\/uploads\\\/2019\\\/08\\\/mineral-magic.jpg\",\"datePublished\":\"2019-08-27T17:40:34+00:00\",\"dateModified\":\"2019-08-27T17:40:38+00:00\",\"breadcrumb\":{\"@id\":\"https:\\\/\\\/www.kingstongrowshop.it\\\/?product=ghe-mineral-magic-1-kg#breadcrumb\"},\"inLanguage\":\"it-IT\",\"potentialAction\":[{\"@type\":\"ReadAction\",\"target\":[\"https:\\\/\\\/www.kingstongrowshop.it\\\/?product=ghe-mineral-magic-1-kg\"]}]},{\"@type\":\"ImageObject\",\"inLanguage\":\"it-IT\",\"@id\":\"https:\\\/\\\/www.kingstongrowshop.it\\\/?product=ghe-mineral-magic-1-kg#primaryimage\",\"url\":\"https:\\\/\\\/www.kingstongrowshop.it\\\/wp-content\\\/uploads\\\/2019\\\/08\\\/mineral-magic.jpg\",\"contentUrl\":\"https:\\\/\\\/www.kingstongrowshop.it\\\/wp-content\\\/uploads\\\/2019\\\/08\\\/mineral-magic.jpg\",\"width\":389,\"height\":586},{\"@type\":\"BreadcrumbList\",\"@id\":\"https:\\\/\\\/www.kingstongrowshop.it\\\/?product=ghe-mineral-magic-1-kg#breadcrumb\",\"itemListElement\":[{\"@type\":\"ListItem\",\"position\":1,\"name\":\"Home\",\"item\":\"https:\\\/\\\/www.kingstongrowshop.it\\\/\"},{\"@type\":\"ListItem\",\"position\":2,\"name\":\"Shop\",\"item\":\"https:\\\/\\\/www.kingstongrowshop.it\\\/?page_id=3853\"},{\"@type\":\"ListItem\",\"position\":3,\"name\":\"GHE MINERAL MAGIC 1 KG\"}]},{\"@type\":\"WebSite\",\"@id\":\"https:\\\/\\\/www.kingstongrowshop.it\\\/#website\",\"url\":\"https:\\\/\\\/www.kingstongrowshop.it\\\/\",\"name\":\"Kingston Grow Shop\",\"description\":\"Il tuo Grow Shop di Fiducia\",\"potentialAction\":[{\"@type\":\"SearchAction\",\"target\":{\"@type\":\"EntryPoint\",\"urlTemplate\":\"https:\\\/\\\/www.kingstongrowshop.it\\\/?s={search_term_string}\"},\"query-input\":{\"@type\":\"PropertyValueSpecification\",\"valueRequired\":true,\"valueName\":\"search_term_string\"}}],\"inLanguage\":\"it-IT\"}]}<\/script>\n<!-- \/ Yoast SEO plugin. -->","yoast_head_json":{"title":"GHE MINERAL MAGIC 1 KG - Kingston Grow Shop","robots":{"index":"index","follow":"follow","max-snippet":"max-snippet:-1","max-image-preview":"max-image-preview:large","max-video-preview":"max-video-preview:-1"},"canonical":"https:\/\/www.kingstongrowshop.it\/?product=ghe-mineral-magic-1-kg","og_locale":"it_IT","og_type":"article","og_title":"GHE MINERAL MAGIC 1 KG - Kingston Grow Shop","og_description":"Mineral Magic \u00e8 una polvere di silicato naturale, particolarmente importante nella coltura idroponica e fuori suolo, in quanto permette di apportarvi un elemento fondamentale per\u00f2 mancante: il silice.  La molteplicit\u00e0 di elementi che contiene Mineral Magic stimola la crescita dei microrganismi benefici, permettendo cos\u00ec la creazione di un ambiente naturale per la crescita di piante ancora pi\u00f9 sane. Introduce una forma solubile di Silicato che penetra nelle cellule della pianta, rinforzando la sua struttura, e permettendole di resistere meglio agli attacchi delle malattie e degli insetti. I colloidi naturali contenuti nel Mineral Magic intensificano lo scambio di cationi nella soluzione nutritiva e aumentano la disponibilit\u00e0 di elementi nutritivi. Stabilizza il livello del pH e della conducibilit\u00e0, riducendo le condizioni di stress per la pianta e stimolando una crescita pi\u00f9 rapida. Applicazione di Mineral Magic In idroponica, non utilizzare Mineral Magic insieme a microrganismi (BM &amp; SubCulture). La combinazione \u00e8 controproducente in quanto, in acqua, il silicio si trasforma in acido silicico che ostacola lo sviluppo delle colonie benefiche.  Al contrario, mescolato in terra sotto forma di polvere, l\u2019ampio spettro dei microelementi di Mineral Magic stimola il proliferare di organismi benefici che favoriscono la creazione di un ambiente naturale, ideale per la crescita sana delle piante.","og_url":"https:\/\/www.kingstongrowshop.it\/?product=ghe-mineral-magic-1-kg","og_site_name":"Kingston Grow Shop","article_modified_time":"2019-08-27T17:40:38+00:00","og_image":[{"width":389,"height":586,"url":"https:\/\/www.kingstongrowshop.it\/wp-content\/uploads\/2019\/08\/mineral-magic.jpg","type":"image\/jpeg"}],"twitter_card":"summary_large_image","schema":{"@context":"https:\/\/schema.org","@graph":[{"@type":"WebPage","@id":"https:\/\/www.kingstongrowshop.it\/?product=ghe-mineral-magic-1-kg","url":"https:\/\/www.kingstongrowshop.it\/?product=ghe-mineral-magic-1-kg","name":"GHE MINERAL MAGIC 1 KG - Kingston Grow Shop","isPartOf":{"@id":"https:\/\/www.kingstongrowshop.it\/#website"},"primaryImageOfPage":{"@id":"https:\/\/www.kingstongrowshop.it\/?product=ghe-mineral-magic-1-kg#primaryimage"},"image":{"@id":"https:\/\/www.kingstongrowshop.it\/?product=ghe-mineral-magic-1-kg#primaryimage"},"thumbnailUrl":"https:\/\/www.kingstongrowshop.it\/wp-content\/uploads\/2019\/08\/mineral-magic.jpg","datePublished":"2019-08-27T17:40:34+00:00","dateModified":"2019-08-27T17:40:38+00:00","breadcrumb":{"@id":"https:\/\/www.kingstongrowshop.it\/?product=ghe-mineral-magic-1-kg#breadcrumb"},"inLanguage":"it-IT","potentialAction":[{"@type":"ReadAction","target":["https:\/\/www.kingstongrowshop.it\/?product=ghe-mineral-magic-1-kg"]}]},{"@type":"ImageObject","inLanguage":"it-IT","@id":"https:\/\/www.kingstongrowshop.it\/?product=ghe-mineral-magic-1-kg#primaryimage","url":"https:\/\/www.kingstongrowshop.it\/wp-content\/uploads\/2019\/08\/mineral-magic.jpg","contentUrl":"https:\/\/www.kingstongrowshop.it\/wp-content\/uploads\/2019\/08\/mineral-magic.jpg","width":389,"height":586},{"@type":"BreadcrumbList","@id":"https:\/\/www.kingstongrowshop.it\/?product=ghe-mineral-magic-1-kg#breadcrumb","itemListElement":[{"@type":"ListItem","position":1,"name":"Home","item":"https:\/\/www.kingstongrowshop.it\/"},{"@type":"ListItem","position":2,"name":"Shop","item":"https:\/\/www.kingstongrowshop.it\/?page_id=3853"},{"@type":"ListItem","position":3,"name":"GHE MINERAL MAGIC 1 KG"}]},{"@type":"WebSite","@id":"https:\/\/www.kingstongrowshop.it\/#website","url":"https:\/\/www.kingstongrowshop.it\/","name":"Kingston Grow Shop","description":"Il tuo Grow Shop di Fiducia","potentialAction":[{"@type":"SearchAction","target":{"@type":"EntryPoint","urlTemplate":"https:\/\/www.kingstongrowshop.it\/?s={search_term_string}"},"query-input":{"@type":"PropertyValueSpecification","valueRequired":true,"valueName":"search_term_string"}}],"inLanguage":"it-IT"}]}},"jetpack_sharing_enabled":true,"_links":{"self":[{"href":"https:\/\/www.kingstongrowshop.it\/index.php?rest_route=\/wp\/v2\/product\/6643","targetHints":{"allow":["GET"]}}],"collection":[{"href":"https:\/\/www.kingstongrowshop.it\/index.php?rest_route=\/wp\/v2\/product"}],"about":[{"href":"https:\/\/www.kingstongrowshop.it\/index.php?rest_route=\/wp\/v2\/types\/product"}],"replies":[{"embeddable":true,"href":"https:\/\/www.kingstongrowshop.it\/index.php?rest_route=%2Fwp%2Fv2%2Fcomments&post=6643"}],"wp:featuredmedia":[{"embeddable":true,"href":"https:\/\/www.kingstongrowshop.it\/index.php?rest_route=\/wp\/v2\/media\/6644"}],"wp:attachment":[{"href":"https:\/\/www.kingstongrowshop.it\/index.php?rest_route=%2Fwp%2Fv2%2Fmedia&parent=6643"}],"wp:term":[{"taxonomy":"product_brand","embeddable":true,"href":"https:\/\/www.kingstongrowshop.it\/index.php?rest_route=%2Fwp%2Fv2%2Fproduct_brand&post=6643"},{"taxonomy":"product_cat","embeddable":true,"href":"https:\/\/www.kingstongrowshop.it\/index.php?rest_route=%2Fwp%2Fv2%2Fproduct_cat&post=6643"},{"taxonomy":"product_tag","embeddable":true,"href":"https:\/\/www.kingstongrowshop.it\/index.php?rest_route=%2Fwp%2Fv2%2Fproduct_tag&post=6643"}],"curies":[{"name":"wp","href":"https:\/\/api.w.org\/{rel}","templated":true}]}}