{"id":6650,"date":"2019-08-27T19:49:06","date_gmt":"2019-08-27T17:49:06","guid":{"rendered":"https:\/\/www.kingstongrowshop.it\/?post_type=product&#038;p=6650"},"modified":"2021-05-12T07:16:54","modified_gmt":"2021-05-12T05:16:54","slug":"ghe-florakleen-1lt","status":"publish","type":"product","link":"https:\/\/www.kingstongrowshop.it\/?product=ghe-florakleen-1lt","title":{"rendered":"GHE FLORAKLEEN"},"content":{"rendered":"","protected":false},"excerpt":{"rendered":"<div id=\"tab-description\" class=\"panel entry-content active\">\n<p><strong>Florakleen<\/strong> \u00e8 una soluzione di pulitura dall\u2019accumulo di sali dovuto ai fertilizzanti.<\/p>\n<p>Florakleen \u00e8 stato formulato per rimuovere residui di fertilizzante che si possono accumulare nel tempo nei sistemi idroponici, nei substrati di coltivazione e nel terriccio.<\/p>\n<p>L\u2019utilizzo di questo prodotto durante la crescita e lo sviluppo delle piante \u00e8 assolutamente sicuro e pu\u00f2 essere utilizzato anche tra una coltura e l\u2019altra per pulire i sistemi da eventuali accumuli di sali.<\/p>\n<p>Diversamente da altri prodotti presenti sul mercato non \u00e8 un prodotto a base di enzimi: Florakleen \u00e8 basato su una tecnologia completamente differente.<\/p>\n<h3>Florakleen pu\u00f2 essere utilizzato per:<\/h3>\n<ul>\n<li>Disciogliere sali minerali accumulati;<\/li>\n<li>Ridurre lo stress per le piante dovuto a un eccesso di fertilizzazione o da fertilizzanti poco bilanciati;<\/li>\n<li>Nutrire la vita microbica nel substrato di coltivazione;<\/li>\n<li>Superare il blocco nutritivo dovuto dal legame tra loro di alcuni sali minerali del fertilizzante.<\/li>\n<\/ul>\n<p>Utilizzate Florakleen mensilmente per depurare il vostro sistema idroponico o le vostre piante in vaso dagli eccessi di sali che si possono verificare con l\u2019uso continuo di fertilizzanti.<\/p>\n<p>Florakleen \u00e8 eccellente anche come prodotto da risciacquo per gli ultimissimi giorni di coltivazione per promuovere la maturazione e la qualit\u00e0 del prodotto finale. Utilizzatelo gli ultimi due giorni prima della raccolta, da solo o insieme al Ripen.<\/p>\n<p>La sua alta concentrazione e il suo basso prezzo rendono Florakleen un prodotto molto economico per proteggere le vostre piante sia in idroponica che in terra e fibra di cocco.<\/p>\n<h3>Florakleen in idroponica:<\/h3>\n<p>Tra i cambi di soluzione nutritiva, diluire da 1,5 a 3ml al litro. Utilizzare meno prodotto per le piante pi\u00f9 giovani e aumentare il dosaggio per le piante adulte vicino alla raccolta. Far circolare la soluzione creata con solo il florkleen per almeno 24 ore, poi aggiungere i nutrimenti.<\/p>\n<p>Per il flush finale (risciacquo). Dopo aver cambiato la vecchia soluzione nutritiva dal serbatoio sostituendola con acqua, diluire 3ml di florakleen al litro. Utilizzate questa soluzione per gli ultimi due giorni prima della raccolta. E\u2019 possibile utilizzare florakleen anche con ripen: in questo caso diluire 3mldi florakleen nella soluzione nutritiva contenente il ripen due giorni prima del raccolto per aumentare il contenuto di zuccheri.<\/p>\n<h3>Florakleen\u00a0in terra (o altri substrati in vaso):<\/h3>\n<p>Diluite da 1,5 a 3ml per litro di Florakleen in acqua fresca e innaffiare finch\u00e9 non esce acqua da sotto il vaso. Riprendere la normale fertilizzazione con l\u2019innaffiatura successiva.<\/p>\n<p>Utilizzo con Ripen: aggiungere Florakleen alla soluzione contenete il Ripen negli ultimi due giorni prima di raccogliere per aumentare il contenuto di zuccheri.<\/p>\n<\/div>\n","protected":false},"featured_media":6651,"comment_status":"open","ping_status":"closed","template":"","meta":[],"product_brand":[],"product_cat":[283,281,286],"product_tag":[605,602,575,603,604],"class_list":{"0":"post-6650","1":"product","2":"type-product","3":"status-publish","4":"has-post-thumbnail","6":"product_cat-fertilizzanti","7":"product_cat-fertilizzantiecuradellepiante","8":"product_cat-ghe","9":"product_tag-florakleen","10":"product_tag-flush","11":"product_tag-ghe","12":"product_tag-lavaggio","13":"product_tag-lavaggio-radici","15":"first","16":"instock","17":"shipping-taxable","18":"purchasable","19":"product-type-variable"},"yoast_head":"<!-- This site is optimized with the Yoast SEO plugin v27.5 - https:\/\/yoast.com\/product\/yoast-seo-wordpress\/ -->\n<title>GHE FLORAKLEEN - Kingston Grow Shop<\/title>\n<meta name=\"robots\" content=\"index, follow, max-snippet:-1, max-image-preview:large, max-video-preview:-1\" \/>\n<link rel=\"canonical\" href=\"https:\/\/www.kingstongrowshop.it\/?product=ghe-florakleen-1lt\" \/>\n<meta property=\"og:locale\" content=\"it_IT\" \/>\n<meta property=\"og:type\" content=\"article\" \/>\n<meta property=\"og:title\" content=\"GHE FLORAKLEEN - Kingston Grow Shop\" \/>\n<meta property=\"og:description\" content=\"Florakleen \u00e8 una soluzione di pulitura dall\u2019accumulo di sali dovuto ai fertilizzanti.  Florakleen \u00e8 stato formulato per rimuovere residui di fertilizzante che si possono accumulare nel tempo nei sistemi idroponici, nei substrati di coltivazione e nel terriccio.  L\u2019utilizzo di questo prodotto durante la crescita e lo sviluppo delle piante \u00e8 assolutamente sicuro e pu\u00f2 essere utilizzato anche tra una coltura e l\u2019altra per pulire i sistemi da eventuali accumuli di sali.  Diversamente da altri prodotti presenti sul mercato non \u00e8 un prodotto a base di enzimi: Florakleen \u00e8 basato su una tecnologia completamente differente. Florakleen pu\u00f2 essere utilizzato per:   Disciogliere sali minerali accumulati;  Ridurre lo stress per le piante dovuto a un eccesso di fertilizzazione o da fertilizzanti poco bilanciati;  Nutrire la vita microbica nel substrato di coltivazione;  Superare il blocco nutritivo dovuto dal legame tra loro di alcuni sali minerali del fertilizzante.  Utilizzate Florakleen mensilmente per depurare il vostro sistema idroponico o le vostre piante in vaso dagli eccessi di sali che si possono verificare con l\u2019uso continuo di fertilizzanti.  Florakleen \u00e8 eccellente anche come prodotto da risciacquo per gli ultimissimi giorni di coltivazione per promuovere la maturazione e la qualit\u00e0 del prodotto finale. Utilizzatelo gli ultimi due giorni prima della raccolta, da solo o insieme al Ripen.  La sua alta concentrazione e il suo basso prezzo rendono Florakleen un prodotto molto economico per proteggere le vostre piante sia in idroponica che in terra e fibra di cocco. Florakleen in idroponica: Tra i cambi di soluzione nutritiva, diluire da 1,5 a 3ml al litro. Utilizzare meno prodotto per le piante pi\u00f9 giovani e aumentare il dosaggio per le piante adulte vicino alla raccolta. Far circolare la soluzione creata con solo il florkleen per almeno 24 ore, poi aggiungere i nutrimenti.  Per il flush finale (risciacquo). Dopo aver cambiato la vecchia soluzione nutritiva dal serbatoio sostituendola con acqua, diluire 3ml di florakleen al litro. Utilizzate questa soluzione per gli ultimi due giorni prima della raccolta. E\u2019 possibile utilizzare florakleen anche con ripen: in questo caso diluire 3mldi florakleen nella soluzione nutritiva contenente il ripen due giorni prima del raccolto per aumentare il contenuto di zuccheri. Florakleen\u00a0in terra (o altri substrati in vaso): Diluite da 1,5 a 3ml per litro di Florakleen in acqua fresca e innaffiare finch\u00e9 non esce acqua da sotto il vaso. Riprendere la normale fertilizzazione con l\u2019innaffiatura successiva.  Utilizzo con Ripen: aggiungere Florakleen alla soluzione contenete il Ripen negli ultimi due giorni prima di raccogliere per aumentare il contenuto di zuccheri.\" \/>\n<meta property=\"og:url\" content=\"https:\/\/www.kingstongrowshop.it\/?product=ghe-florakleen-1lt\" \/>\n<meta property=\"og:site_name\" content=\"Kingston Grow Shop\" \/>\n<meta property=\"article:modified_time\" content=\"2021-05-12T05:16:54+00:00\" \/>\n<meta property=\"og:image\" content=\"https:\/\/www.kingstongrowshop.it\/wp-content\/uploads\/2019\/08\/florakleen.jpg\" \/>\n\t<meta property=\"og:image:width\" content=\"159\" \/>\n\t<meta property=\"og:image:height\" content=\"275\" \/>\n\t<meta property=\"og:image:type\" content=\"image\/jpeg\" \/>\n<meta name=\"twitter:card\" content=\"summary_large_image\" \/>\n<script type=\"application\/ld+json\" class=\"yoast-schema-graph\">{\"@context\":\"https:\\\/\\\/schema.org\",\"@graph\":[{\"@type\":\"WebPage\",\"@id\":\"https:\\\/\\\/www.kingstongrowshop.it\\\/?product=ghe-florakleen-1lt\",\"url\":\"https:\\\/\\\/www.kingstongrowshop.it\\\/?product=ghe-florakleen-1lt\",\"name\":\"GHE FLORAKLEEN - Kingston Grow Shop\",\"isPartOf\":{\"@id\":\"https:\\\/\\\/www.kingstongrowshop.it\\\/#website\"},\"primaryImageOfPage\":{\"@id\":\"https:\\\/\\\/www.kingstongrowshop.it\\\/?product=ghe-florakleen-1lt#primaryimage\"},\"image\":{\"@id\":\"https:\\\/\\\/www.kingstongrowshop.it\\\/?product=ghe-florakleen-1lt#primaryimage\"},\"thumbnailUrl\":\"https:\\\/\\\/www.kingstongrowshop.it\\\/wp-content\\\/uploads\\\/2019\\\/08\\\/florakleen.jpg\",\"datePublished\":\"2019-08-27T17:49:06+00:00\",\"dateModified\":\"2021-05-12T05:16:54+00:00\",\"breadcrumb\":{\"@id\":\"https:\\\/\\\/www.kingstongrowshop.it\\\/?product=ghe-florakleen-1lt#breadcrumb\"},\"inLanguage\":\"it-IT\",\"potentialAction\":[{\"@type\":\"ReadAction\",\"target\":[\"https:\\\/\\\/www.kingstongrowshop.it\\\/?product=ghe-florakleen-1lt\"]}]},{\"@type\":\"ImageObject\",\"inLanguage\":\"it-IT\",\"@id\":\"https:\\\/\\\/www.kingstongrowshop.it\\\/?product=ghe-florakleen-1lt#primaryimage\",\"url\":\"https:\\\/\\\/www.kingstongrowshop.it\\\/wp-content\\\/uploads\\\/2019\\\/08\\\/florakleen.jpg\",\"contentUrl\":\"https:\\\/\\\/www.kingstongrowshop.it\\\/wp-content\\\/uploads\\\/2019\\\/08\\\/florakleen.jpg\",\"width\":159,\"height\":275},{\"@type\":\"BreadcrumbList\",\"@id\":\"https:\\\/\\\/www.kingstongrowshop.it\\\/?product=ghe-florakleen-1lt#breadcrumb\",\"itemListElement\":[{\"@type\":\"ListItem\",\"position\":1,\"name\":\"Home\",\"item\":\"https:\\\/\\\/www.kingstongrowshop.it\\\/\"},{\"@type\":\"ListItem\",\"position\":2,\"name\":\"Shop\",\"item\":\"https:\\\/\\\/www.kingstongrowshop.it\\\/?page_id=3853\"},{\"@type\":\"ListItem\",\"position\":3,\"name\":\"GHE FLORAKLEEN\"}]},{\"@type\":\"WebSite\",\"@id\":\"https:\\\/\\\/www.kingstongrowshop.it\\\/#website\",\"url\":\"https:\\\/\\\/www.kingstongrowshop.it\\\/\",\"name\":\"Kingston Grow Shop\",\"description\":\"Il tuo Grow Shop di Fiducia\",\"potentialAction\":[{\"@type\":\"SearchAction\",\"target\":{\"@type\":\"EntryPoint\",\"urlTemplate\":\"https:\\\/\\\/www.kingstongrowshop.it\\\/?s={search_term_string}\"},\"query-input\":{\"@type\":\"PropertyValueSpecification\",\"valueRequired\":true,\"valueName\":\"search_term_string\"}}],\"inLanguage\":\"it-IT\"}]}<\/script>\n<!-- \/ Yoast SEO plugin. -->","yoast_head_json":{"title":"GHE FLORAKLEEN - Kingston Grow Shop","robots":{"index":"index","follow":"follow","max-snippet":"max-snippet:-1","max-image-preview":"max-image-preview:large","max-video-preview":"max-video-preview:-1"},"canonical":"https:\/\/www.kingstongrowshop.it\/?product=ghe-florakleen-1lt","og_locale":"it_IT","og_type":"article","og_title":"GHE FLORAKLEEN - Kingston Grow Shop","og_description":"Florakleen \u00e8 una soluzione di pulitura dall\u2019accumulo di sali dovuto ai fertilizzanti.  Florakleen \u00e8 stato formulato per rimuovere residui di fertilizzante che si possono accumulare nel tempo nei sistemi idroponici, nei substrati di coltivazione e nel terriccio.  L\u2019utilizzo di questo prodotto durante la crescita e lo sviluppo delle piante \u00e8 assolutamente sicuro e pu\u00f2 essere utilizzato anche tra una coltura e l\u2019altra per pulire i sistemi da eventuali accumuli di sali.  Diversamente da altri prodotti presenti sul mercato non \u00e8 un prodotto a base di enzimi: Florakleen \u00e8 basato su una tecnologia completamente differente. Florakleen pu\u00f2 essere utilizzato per:   Disciogliere sali minerali accumulati;  Ridurre lo stress per le piante dovuto a un eccesso di fertilizzazione o da fertilizzanti poco bilanciati;  Nutrire la vita microbica nel substrato di coltivazione;  Superare il blocco nutritivo dovuto dal legame tra loro di alcuni sali minerali del fertilizzante.  Utilizzate Florakleen mensilmente per depurare il vostro sistema idroponico o le vostre piante in vaso dagli eccessi di sali che si possono verificare con l\u2019uso continuo di fertilizzanti.  Florakleen \u00e8 eccellente anche come prodotto da risciacquo per gli ultimissimi giorni di coltivazione per promuovere la maturazione e la qualit\u00e0 del prodotto finale. Utilizzatelo gli ultimi due giorni prima della raccolta, da solo o insieme al Ripen.  La sua alta concentrazione e il suo basso prezzo rendono Florakleen un prodotto molto economico per proteggere le vostre piante sia in idroponica che in terra e fibra di cocco. Florakleen in idroponica: Tra i cambi di soluzione nutritiva, diluire da 1,5 a 3ml al litro. Utilizzare meno prodotto per le piante pi\u00f9 giovani e aumentare il dosaggio per le piante adulte vicino alla raccolta. Far circolare la soluzione creata con solo il florkleen per almeno 24 ore, poi aggiungere i nutrimenti.  Per il flush finale (risciacquo). Dopo aver cambiato la vecchia soluzione nutritiva dal serbatoio sostituendola con acqua, diluire 3ml di florakleen al litro. Utilizzate questa soluzione per gli ultimi due giorni prima della raccolta. E\u2019 possibile utilizzare florakleen anche con ripen: in questo caso diluire 3mldi florakleen nella soluzione nutritiva contenente il ripen due giorni prima del raccolto per aumentare il contenuto di zuccheri. Florakleen\u00a0in terra (o altri substrati in vaso): Diluite da 1,5 a 3ml per litro di Florakleen in acqua fresca e innaffiare finch\u00e9 non esce acqua da sotto il vaso. Riprendere la normale fertilizzazione con l\u2019innaffiatura successiva.  Utilizzo con Ripen: aggiungere Florakleen alla soluzione contenete il Ripen negli ultimi due giorni prima di raccogliere per aumentare il contenuto di zuccheri.","og_url":"https:\/\/www.kingstongrowshop.it\/?product=ghe-florakleen-1lt","og_site_name":"Kingston Grow Shop","article_modified_time":"2021-05-12T05:16:54+00:00","og_image":[{"width":159,"height":275,"url":"https:\/\/www.kingstongrowshop.it\/wp-content\/uploads\/2019\/08\/florakleen.jpg","type":"image\/jpeg"}],"twitter_card":"summary_large_image","schema":{"@context":"https:\/\/schema.org","@graph":[{"@type":"WebPage","@id":"https:\/\/www.kingstongrowshop.it\/?product=ghe-florakleen-1lt","url":"https:\/\/www.kingstongrowshop.it\/?product=ghe-florakleen-1lt","name":"GHE FLORAKLEEN - Kingston Grow Shop","isPartOf":{"@id":"https:\/\/www.kingstongrowshop.it\/#website"},"primaryImageOfPage":{"@id":"https:\/\/www.kingstongrowshop.it\/?product=ghe-florakleen-1lt#primaryimage"},"image":{"@id":"https:\/\/www.kingstongrowshop.it\/?product=ghe-florakleen-1lt#primaryimage"},"thumbnailUrl":"https:\/\/www.kingstongrowshop.it\/wp-content\/uploads\/2019\/08\/florakleen.jpg","datePublished":"2019-08-27T17:49:06+00:00","dateModified":"2021-05-12T05:16:54+00:00","breadcrumb":{"@id":"https:\/\/www.kingstongrowshop.it\/?product=ghe-florakleen-1lt#breadcrumb"},"inLanguage":"it-IT","potentialAction":[{"@type":"ReadAction","target":["https:\/\/www.kingstongrowshop.it\/?product=ghe-florakleen-1lt"]}]},{"@type":"ImageObject","inLanguage":"it-IT","@id":"https:\/\/www.kingstongrowshop.it\/?product=ghe-florakleen-1lt#primaryimage","url":"https:\/\/www.kingstongrowshop.it\/wp-content\/uploads\/2019\/08\/florakleen.jpg","contentUrl":"https:\/\/www.kingstongrowshop.it\/wp-content\/uploads\/2019\/08\/florakleen.jpg","width":159,"height":275},{"@type":"BreadcrumbList","@id":"https:\/\/www.kingstongrowshop.it\/?product=ghe-florakleen-1lt#breadcrumb","itemListElement":[{"@type":"ListItem","position":1,"name":"Home","item":"https:\/\/www.kingstongrowshop.it\/"},{"@type":"ListItem","position":2,"name":"Shop","item":"https:\/\/www.kingstongrowshop.it\/?page_id=3853"},{"@type":"ListItem","position":3,"name":"GHE FLORAKLEEN"}]},{"@type":"WebSite","@id":"https:\/\/www.kingstongrowshop.it\/#website","url":"https:\/\/www.kingstongrowshop.it\/","name":"Kingston Grow Shop","description":"Il tuo Grow Shop di Fiducia","potentialAction":[{"@type":"SearchAction","target":{"@type":"EntryPoint","urlTemplate":"https:\/\/www.kingstongrowshop.it\/?s={search_term_string}"},"query-input":{"@type":"PropertyValueSpecification","valueRequired":true,"valueName":"search_term_string"}}],"inLanguage":"it-IT"}]}},"jetpack_sharing_enabled":true,"_links":{"self":[{"href":"https:\/\/www.kingstongrowshop.it\/index.php?rest_route=\/wp\/v2\/product\/6650","targetHints":{"allow":["GET"]}}],"collection":[{"href":"https:\/\/www.kingstongrowshop.it\/index.php?rest_route=\/wp\/v2\/product"}],"about":[{"href":"https:\/\/www.kingstongrowshop.it\/index.php?rest_route=\/wp\/v2\/types\/product"}],"replies":[{"embeddable":true,"href":"https:\/\/www.kingstongrowshop.it\/index.php?rest_route=%2Fwp%2Fv2%2Fcomments&post=6650"}],"wp:featuredmedia":[{"embeddable":true,"href":"https:\/\/www.kingstongrowshop.it\/index.php?rest_route=\/wp\/v2\/media\/6651"}],"wp:attachment":[{"href":"https:\/\/www.kingstongrowshop.it\/index.php?rest_route=%2Fwp%2Fv2%2Fmedia&parent=6650"}],"wp:term":[{"taxonomy":"product_brand","embeddable":true,"href":"https:\/\/www.kingstongrowshop.it\/index.php?rest_route=%2Fwp%2Fv2%2Fproduct_brand&post=6650"},{"taxonomy":"product_cat","embeddable":true,"href":"https:\/\/www.kingstongrowshop.it\/index.php?rest_route=%2Fwp%2Fv2%2Fproduct_cat&post=6650"},{"taxonomy":"product_tag","embeddable":true,"href":"https:\/\/www.kingstongrowshop.it\/index.php?rest_route=%2Fwp%2Fv2%2Fproduct_tag&post=6650"}],"curies":[{"name":"wp","href":"https:\/\/api.w.org\/{rel}","templated":true}]}}