{"id":6695,"date":"2019-08-28T16:23:28","date_gmt":"2019-08-28T14:23:28","guid":{"rendered":"https:\/\/www.kingstongrowshop.it\/?post_type=product&#038;p=6695"},"modified":"2025-04-08T18:40:04","modified_gmt":"2025-04-08T16:40:04","slug":"riflettore-stuco-40x47","status":"publish","type":"product","link":"https:\/\/www.kingstongrowshop.it\/?product=riflettore-stuco-40x47","title":{"rendered":"RIFLETTORE STUCO LISCIO 40X47"},"content":{"rendered":"","protected":false},"excerpt":{"rendered":"<div id=\"tab-description\" class=\"panel entry-content active\">\n<p>Il <strong>riflettore stuco<\/strong> \u00e8 lo schermo riflettente pi\u00f9 utilizzato da chi coltiva indoor grazie al suo eccellente rapporto tra qualit\u00e0 e prezzo.<\/p>\n<p>Viene utilizzato per riflettere la luce delle lampade in tutta l\u2019area di coltivazione, \u00e8 realizzato in alluminio anodizzato, materiale che conferisce la speciale caratteristica di resistere ad alti valori di umidit\u00e0 che spesso si presentano nella grow room. Questo riflettore stuco pu\u00f2 essere utilizzato con <strong>lampade HPS, HPS Agro ed MH<\/strong>. (e CMH-LEC previo montaggio di adattatore NON INCLUSO)<\/p>\n<h3>Caratteristiche del Riflettore Stuco<\/h3>\n<ul>\n<li>Ottimo rapporto tra qualit\u00e0 e prezzo;<\/li>\n<li>Realizzato in alluminio anodizzato;<\/li>\n<li><strong>Portalampada E40<\/strong> in ceramica incluso;<\/li>\n<li>Dotato di staffe per sospensione;<\/li>\n<li>Adatto a lampade HPS, HPS Agro ed MH di ogni wattaggio.<\/li>\n<\/ul>\n<\/div>\n","protected":false},"featured_media":8987,"comment_status":"open","ping_status":"closed","template":"","meta":[],"product_brand":[],"product_cat":[249,257],"product_tag":[617],"class_list":{"0":"post-6695","1":"product","2":"type-product","3":"status-publish","4":"has-post-thumbnail","6":"product_cat-illuminazionetimerecarrucole","7":"product_cat-riflettori","8":"product_tag-riflettore-hps","10":"first","11":"instock","12":"shipping-taxable","13":"purchasable","14":"product-type-simple"},"yoast_head":"<!-- This site is optimized with the Yoast SEO plugin v27.5 - https:\/\/yoast.com\/product\/yoast-seo-wordpress\/ -->\n<title>RIFLETTORE STUCO LISCIO 40X47 - Kingston Grow Shop<\/title>\n<meta name=\"robots\" content=\"index, follow, max-snippet:-1, max-image-preview:large, max-video-preview:-1\" \/>\n<link rel=\"canonical\" href=\"https:\/\/www.kingstongrowshop.it\/?product=riflettore-stuco-40x47\" \/>\n<meta property=\"og:locale\" content=\"it_IT\" \/>\n<meta property=\"og:type\" content=\"article\" \/>\n<meta property=\"og:title\" content=\"RIFLETTORE STUCO LISCIO 40X47 - Kingston Grow Shop\" \/>\n<meta property=\"og:description\" content=\"Il riflettore stuco \u00e8 lo schermo riflettente pi\u00f9 utilizzato da chi coltiva indoor grazie al suo eccellente rapporto tra qualit\u00e0 e prezzo.  Viene utilizzato per riflettere la luce delle lampade in tutta l\u2019area di coltivazione, \u00e8 realizzato in alluminio anodizzato, materiale che conferisce la speciale caratteristica di resistere ad alti valori di umidit\u00e0 che spesso si presentano nella grow room. Questo riflettore stuco pu\u00f2 essere utilizzato con lampade HPS, HPS Agro ed MH. (e CMH-LEC previo montaggio di adattatore NON INCLUSO) Caratteristiche del Riflettore Stuco   Ottimo rapporto tra qualit\u00e0 e prezzo;  Realizzato in alluminio anodizzato;  Portalampada E40 in ceramica incluso;  Dotato di staffe per sospensione;  Adatto a lampade HPS, HPS Agro ed MH di ogni wattaggio.\" \/>\n<meta property=\"og:url\" content=\"https:\/\/www.kingstongrowshop.it\/?product=riflettore-stuco-40x47\" \/>\n<meta property=\"og:site_name\" content=\"Kingston Grow Shop\" \/>\n<meta property=\"article:modified_time\" content=\"2025-04-08T16:40:04+00:00\" \/>\n<meta property=\"og:image\" content=\"https:\/\/www.kingstongrowshop.it\/wp-content\/uploads\/2019\/08\/riflettore-stucoliscio.jpg\" \/>\n\t<meta property=\"og:image:width\" content=\"450\" \/>\n\t<meta property=\"og:image:height\" content=\"450\" \/>\n\t<meta property=\"og:image:type\" content=\"image\/jpeg\" \/>\n<meta name=\"twitter:card\" content=\"summary_large_image\" \/>\n<meta name=\"twitter:label1\" content=\"Tempo di lettura stimato\" \/>\n\t<meta name=\"twitter:data1\" content=\"1 minuto\" \/>\n<script type=\"application\/ld+json\" class=\"yoast-schema-graph\">{\"@context\":\"https:\\\/\\\/schema.org\",\"@graph\":[{\"@type\":\"WebPage\",\"@id\":\"https:\\\/\\\/www.kingstongrowshop.it\\\/?product=riflettore-stuco-40x47\",\"url\":\"https:\\\/\\\/www.kingstongrowshop.it\\\/?product=riflettore-stuco-40x47\",\"name\":\"RIFLETTORE STUCO LISCIO 40X47 - Kingston Grow Shop\",\"isPartOf\":{\"@id\":\"https:\\\/\\\/www.kingstongrowshop.it\\\/#website\"},\"primaryImageOfPage\":{\"@id\":\"https:\\\/\\\/www.kingstongrowshop.it\\\/?product=riflettore-stuco-40x47#primaryimage\"},\"image\":{\"@id\":\"https:\\\/\\\/www.kingstongrowshop.it\\\/?product=riflettore-stuco-40x47#primaryimage\"},\"thumbnailUrl\":\"https:\\\/\\\/www.kingstongrowshop.it\\\/wp-content\\\/uploads\\\/2019\\\/08\\\/riflettore-stucoliscio.jpg\",\"datePublished\":\"2019-08-28T14:23:28+00:00\",\"dateModified\":\"2025-04-08T16:40:04+00:00\",\"breadcrumb\":{\"@id\":\"https:\\\/\\\/www.kingstongrowshop.it\\\/?product=riflettore-stuco-40x47#breadcrumb\"},\"inLanguage\":\"it-IT\",\"potentialAction\":[{\"@type\":\"ReadAction\",\"target\":[\"https:\\\/\\\/www.kingstongrowshop.it\\\/?product=riflettore-stuco-40x47\"]}]},{\"@type\":\"ImageObject\",\"inLanguage\":\"it-IT\",\"@id\":\"https:\\\/\\\/www.kingstongrowshop.it\\\/?product=riflettore-stuco-40x47#primaryimage\",\"url\":\"https:\\\/\\\/www.kingstongrowshop.it\\\/wp-content\\\/uploads\\\/2019\\\/08\\\/riflettore-stucoliscio.jpg\",\"contentUrl\":\"https:\\\/\\\/www.kingstongrowshop.it\\\/wp-content\\\/uploads\\\/2019\\\/08\\\/riflettore-stucoliscio.jpg\",\"width\":450,\"height\":450},{\"@type\":\"BreadcrumbList\",\"@id\":\"https:\\\/\\\/www.kingstongrowshop.it\\\/?product=riflettore-stuco-40x47#breadcrumb\",\"itemListElement\":[{\"@type\":\"ListItem\",\"position\":1,\"name\":\"Home\",\"item\":\"https:\\\/\\\/www.kingstongrowshop.it\\\/\"},{\"@type\":\"ListItem\",\"position\":2,\"name\":\"Shop\",\"item\":\"https:\\\/\\\/www.kingstongrowshop.it\\\/?page_id=3853\"},{\"@type\":\"ListItem\",\"position\":3,\"name\":\"RIFLETTORE STUCO LISCIO 40X47\"}]},{\"@type\":\"WebSite\",\"@id\":\"https:\\\/\\\/www.kingstongrowshop.it\\\/#website\",\"url\":\"https:\\\/\\\/www.kingstongrowshop.it\\\/\",\"name\":\"Kingston Grow Shop\",\"description\":\"Il tuo Grow Shop di Fiducia\",\"potentialAction\":[{\"@type\":\"SearchAction\",\"target\":{\"@type\":\"EntryPoint\",\"urlTemplate\":\"https:\\\/\\\/www.kingstongrowshop.it\\\/?s={search_term_string}\"},\"query-input\":{\"@type\":\"PropertyValueSpecification\",\"valueRequired\":true,\"valueName\":\"search_term_string\"}}],\"inLanguage\":\"it-IT\"}]}<\/script>\n<!-- \/ Yoast SEO plugin. -->","yoast_head_json":{"title":"RIFLETTORE STUCO LISCIO 40X47 - Kingston Grow Shop","robots":{"index":"index","follow":"follow","max-snippet":"max-snippet:-1","max-image-preview":"max-image-preview:large","max-video-preview":"max-video-preview:-1"},"canonical":"https:\/\/www.kingstongrowshop.it\/?product=riflettore-stuco-40x47","og_locale":"it_IT","og_type":"article","og_title":"RIFLETTORE STUCO LISCIO 40X47 - Kingston Grow Shop","og_description":"Il riflettore stuco \u00e8 lo schermo riflettente pi\u00f9 utilizzato da chi coltiva indoor grazie al suo eccellente rapporto tra qualit\u00e0 e prezzo.  Viene utilizzato per riflettere la luce delle lampade in tutta l\u2019area di coltivazione, \u00e8 realizzato in alluminio anodizzato, materiale che conferisce la speciale caratteristica di resistere ad alti valori di umidit\u00e0 che spesso si presentano nella grow room. Questo riflettore stuco pu\u00f2 essere utilizzato con lampade HPS, HPS Agro ed MH. (e CMH-LEC previo montaggio di adattatore NON INCLUSO) Caratteristiche del Riflettore Stuco   Ottimo rapporto tra qualit\u00e0 e prezzo;  Realizzato in alluminio anodizzato;  Portalampada E40 in ceramica incluso;  Dotato di staffe per sospensione;  Adatto a lampade HPS, HPS Agro ed MH di ogni wattaggio.","og_url":"https:\/\/www.kingstongrowshop.it\/?product=riflettore-stuco-40x47","og_site_name":"Kingston Grow Shop","article_modified_time":"2025-04-08T16:40:04+00:00","og_image":[{"width":450,"height":450,"url":"https:\/\/www.kingstongrowshop.it\/wp-content\/uploads\/2019\/08\/riflettore-stucoliscio.jpg","type":"image\/jpeg"}],"twitter_card":"summary_large_image","twitter_misc":{"Tempo di lettura stimato":"1 minuto"},"schema":{"@context":"https:\/\/schema.org","@graph":[{"@type":"WebPage","@id":"https:\/\/www.kingstongrowshop.it\/?product=riflettore-stuco-40x47","url":"https:\/\/www.kingstongrowshop.it\/?product=riflettore-stuco-40x47","name":"RIFLETTORE STUCO LISCIO 40X47 - Kingston Grow Shop","isPartOf":{"@id":"https:\/\/www.kingstongrowshop.it\/#website"},"primaryImageOfPage":{"@id":"https:\/\/www.kingstongrowshop.it\/?product=riflettore-stuco-40x47#primaryimage"},"image":{"@id":"https:\/\/www.kingstongrowshop.it\/?product=riflettore-stuco-40x47#primaryimage"},"thumbnailUrl":"https:\/\/www.kingstongrowshop.it\/wp-content\/uploads\/2019\/08\/riflettore-stucoliscio.jpg","datePublished":"2019-08-28T14:23:28+00:00","dateModified":"2025-04-08T16:40:04+00:00","breadcrumb":{"@id":"https:\/\/www.kingstongrowshop.it\/?product=riflettore-stuco-40x47#breadcrumb"},"inLanguage":"it-IT","potentialAction":[{"@type":"ReadAction","target":["https:\/\/www.kingstongrowshop.it\/?product=riflettore-stuco-40x47"]}]},{"@type":"ImageObject","inLanguage":"it-IT","@id":"https:\/\/www.kingstongrowshop.it\/?product=riflettore-stuco-40x47#primaryimage","url":"https:\/\/www.kingstongrowshop.it\/wp-content\/uploads\/2019\/08\/riflettore-stucoliscio.jpg","contentUrl":"https:\/\/www.kingstongrowshop.it\/wp-content\/uploads\/2019\/08\/riflettore-stucoliscio.jpg","width":450,"height":450},{"@type":"BreadcrumbList","@id":"https:\/\/www.kingstongrowshop.it\/?product=riflettore-stuco-40x47#breadcrumb","itemListElement":[{"@type":"ListItem","position":1,"name":"Home","item":"https:\/\/www.kingstongrowshop.it\/"},{"@type":"ListItem","position":2,"name":"Shop","item":"https:\/\/www.kingstongrowshop.it\/?page_id=3853"},{"@type":"ListItem","position":3,"name":"RIFLETTORE STUCO LISCIO 40X47"}]},{"@type":"WebSite","@id":"https:\/\/www.kingstongrowshop.it\/#website","url":"https:\/\/www.kingstongrowshop.it\/","name":"Kingston Grow Shop","description":"Il tuo Grow Shop di Fiducia","potentialAction":[{"@type":"SearchAction","target":{"@type":"EntryPoint","urlTemplate":"https:\/\/www.kingstongrowshop.it\/?s={search_term_string}"},"query-input":{"@type":"PropertyValueSpecification","valueRequired":true,"valueName":"search_term_string"}}],"inLanguage":"it-IT"}]}},"jetpack_sharing_enabled":true,"_links":{"self":[{"href":"https:\/\/www.kingstongrowshop.it\/index.php?rest_route=\/wp\/v2\/product\/6695","targetHints":{"allow":["GET"]}}],"collection":[{"href":"https:\/\/www.kingstongrowshop.it\/index.php?rest_route=\/wp\/v2\/product"}],"about":[{"href":"https:\/\/www.kingstongrowshop.it\/index.php?rest_route=\/wp\/v2\/types\/product"}],"replies":[{"embeddable":true,"href":"https:\/\/www.kingstongrowshop.it\/index.php?rest_route=%2Fwp%2Fv2%2Fcomments&post=6695"}],"wp:featuredmedia":[{"embeddable":true,"href":"https:\/\/www.kingstongrowshop.it\/index.php?rest_route=\/wp\/v2\/media\/8987"}],"wp:attachment":[{"href":"https:\/\/www.kingstongrowshop.it\/index.php?rest_route=%2Fwp%2Fv2%2Fmedia&parent=6695"}],"wp:term":[{"taxonomy":"product_brand","embeddable":true,"href":"https:\/\/www.kingstongrowshop.it\/index.php?rest_route=%2Fwp%2Fv2%2Fproduct_brand&post=6695"},{"taxonomy":"product_cat","embeddable":true,"href":"https:\/\/www.kingstongrowshop.it\/index.php?rest_route=%2Fwp%2Fv2%2Fproduct_cat&post=6695"},{"taxonomy":"product_tag","embeddable":true,"href":"https:\/\/www.kingstongrowshop.it\/index.php?rest_route=%2Fwp%2Fv2%2Fproduct_tag&post=6695"}],"curies":[{"name":"wp","href":"https:\/\/api.w.org\/{rel}","templated":true}]}}