{"id":6735,"date":"2019-08-28T19:48:49","date_gmt":"2019-08-28T17:48:49","guid":{"rendered":"https:\/\/www.kingstongrowshop.it\/?post_type=product&#038;p=6735"},"modified":"2020-05-13T20:28:20","modified_gmt":"2020-05-13T18:28:20","slug":"cfl-cultilite-g-shock-125w-agro-2100k","status":"publish","type":"product","link":"https:\/\/www.kingstongrowshop.it\/?product=cfl-cultilite-g-shock-125w-agro-2100k","title":{"rendered":"CFL CULTILITE G-SHOCK 125W AGRO 2100K\u00b0"},"content":{"rendered":"","protected":false},"excerpt":{"rendered":"<p>CULTILITE<br \/>\n&#8220;Cultilite&#8221; nasce in Inghilterra con il fine dichiarato di realizzare lampade CFL di standard qualitativo elevato in grado di soddisfare le esigenze dei piccoli e medi growers in ogni parte d&#8217;Europa.<br \/>\nPer realizzare questo obiettivo i creatori di Cultilite hanno instaurato una fitta rete di collaborazioni con importanti laboratori di ricerca statunitensi con sede in California, Stato notoriamente all&#8217;avanguardia nello sviluppo di tecnologie dedicate all'&#8221;indoor growing.&#8221;<\/p>\n<p>Durante la progettazione delle lampade della linea -SHOCK, i ricercatori Cultilite si sono domandati quali fossero le caratteristiche pi\u00f9 importanti che una lampada CFL dedicata all&#8217;orticoltura indoor dovesse riunire in s\u00e9:<\/p>\n<p>1 &#8211; ridotto consumo energetico a fronte di un&#8217;elevata emissione di lumen;<br \/>\n2 &#8211; colorazione luminosa che stimoli il pi\u00f9 possibile la fotosintesi e che sia adatta a tutte le fasi di vita della pianta, dalla germinazione alla fioritura;<br \/>\n3 &#8211; efficienza energetica;<br \/>\n4 &#8211; maggiore resistenza agli urti e ai trasporti.<\/p>\n<p>Come dare risposta a queste esigenze?<\/p>\n<p>In primis, le lampade Cultilite Eco-Power 125w sono state pensate e realizzate con 4U.<br \/>\nI ricercatori Cultilite hanno infatti dimostrato che l&#8217;utilizzo di 4U permette di ottimizzare il rapporto tra assorbimento energetico ed emissione di luce.<\/p>\n<p>Inoltre Cultilite ha optato per quelle che sono risultate le temperature di colore pi\u00f9 efficaci per la coltivazione indoor: 2100\u00b0K, 2700\u00b0K, 6400\u00b0K.<br \/>\nQueste colorazioni includono i picchi di assorbimento delle onde luminose da parte delle piante, che utilizzano questa energia per i processi anabolici: formazione delle componenti cellulari, formazione dei nuovi tessuti e approvvigionamento di energia.<\/p>\n<p>Le Cultilite Eco-Power rientrano nella categoria A della &#8220;Energy Class&#8221;: sono state infatti realizzate per trasformare la quasi totalit\u00e0 dell&#8217;energia assorbita in luce\u2026per questo motivo emettono pochissimo calore e possono essere utilizzate anche d&#8217;estate e in piccoli ambienti.<\/p>\n<p>Inoltre\u2026<\/p>\n<p>le G-SHOCK sono state realizzate con vetro pi\u00f9 spesso e presentano due punti di saldatura tra ogni U.<br \/>\nQueste innovazioni riducono il rischio di danni dovuti al trasporto o ad errori nel manipolare le lampade al momento dell&#8217;installazione.<\/p>\n<p>Le Cultilite G-SHOCK sono dotate di marchio CE e interamente conformi alla direttiva RoHS.<\/p>\n","protected":false},"featured_media":6736,"comment_status":"open","ping_status":"closed","template":"","meta":[],"product_brand":[],"product_cat":[254,249],"product_tag":[626,632],"class_list":{"0":"post-6735","1":"product","2":"type-product","3":"status-publish","4":"has-post-thumbnail","6":"product_cat-cfl","7":"product_cat-illuminazionetimerecarrucole","8":"product_tag-cfl","9":"product_tag-lampada","11":"first","12":"outofstock","13":"shipping-taxable","14":"purchasable","15":"product-type-simple"},"yoast_head":"<!-- This site is optimized with the Yoast SEO plugin v27.4 - https:\/\/yoast.com\/product\/yoast-seo-wordpress\/ -->\n<title>CFL CULTILITE G-SHOCK 125W AGRO 2100K\u00b0 - Kingston Grow Shop<\/title>\n<meta name=\"robots\" content=\"index, follow, max-snippet:-1, max-image-preview:large, max-video-preview:-1\" \/>\n<link rel=\"canonical\" href=\"https:\/\/www.kingstongrowshop.it\/?product=cfl-cultilite-g-shock-125w-agro-2100k\" \/>\n<meta property=\"og:locale\" content=\"it_IT\" \/>\n<meta property=\"og:type\" content=\"article\" \/>\n<meta property=\"og:title\" content=\"CFL CULTILITE G-SHOCK 125W AGRO 2100K\u00b0 - Kingston Grow Shop\" \/>\n<meta property=\"og:description\" content=\"CULTILITE &quot;Cultilite&quot; nasce in Inghilterra con il fine dichiarato di realizzare lampade CFL di standard qualitativo elevato in grado di soddisfare le esigenze dei piccoli e medi growers in ogni parte d&#039;Europa. Per realizzare questo obiettivo i creatori di Cultilite hanno instaurato una fitta rete di collaborazioni con importanti laboratori di ricerca statunitensi con sede in California, Stato notoriamente all&#039;avanguardia nello sviluppo di tecnologie dedicate all&#039;&quot;indoor growing.&quot;  Durante la progettazione delle lampade della linea -SHOCK, i ricercatori Cultilite si sono domandati quali fossero le caratteristiche pi\u00f9 importanti che una lampada CFL dedicata all&#039;orticoltura indoor dovesse riunire in s\u00e9:  1 - ridotto consumo energetico a fronte di un&#039;elevata emissione di lumen; 2 - colorazione luminosa che stimoli il pi\u00f9 possibile la fotosintesi e che sia adatta a tutte le fasi di vita della pianta, dalla germinazione alla fioritura; 3 - efficienza energetica; 4 - maggiore resistenza agli urti e ai trasporti.  Come dare risposta a queste esigenze?  In primis, le lampade Cultilite Eco-Power 125w sono state pensate e realizzate con 4U. I ricercatori Cultilite hanno infatti dimostrato che l&#039;utilizzo di 4U permette di ottimizzare il rapporto tra assorbimento energetico ed emissione di luce.  Inoltre Cultilite ha optato per quelle che sono risultate le temperature di colore pi\u00f9 efficaci per la coltivazione indoor: 2100\u00b0K, 2700\u00b0K, 6400\u00b0K. Queste colorazioni includono i picchi di assorbimento delle onde luminose da parte delle piante, che utilizzano questa energia per i processi anabolici: formazione delle componenti cellulari, formazione dei nuovi tessuti e approvvigionamento di energia.  Le Cultilite Eco-Power rientrano nella categoria A della &quot;Energy Class&quot;: sono state infatti realizzate per trasformare la quasi totalit\u00e0 dell&#039;energia assorbita in luce\u2026per questo motivo emettono pochissimo calore e possono essere utilizzate anche d&#039;estate e in piccoli ambienti.  Inoltre\u2026  le G-SHOCK sono state realizzate con vetro pi\u00f9 spesso e presentano due punti di saldatura tra ogni U. Queste innovazioni riducono il rischio di danni dovuti al trasporto o ad errori nel manipolare le lampade al momento dell&#039;installazione.  Le Cultilite G-SHOCK sono dotate di marchio CE e interamente conformi alla direttiva RoHS.\" \/>\n<meta property=\"og:url\" content=\"https:\/\/www.kingstongrowshop.it\/?product=cfl-cultilite-g-shock-125w-agro-2100k\" \/>\n<meta property=\"og:site_name\" content=\"Kingston Grow Shop\" \/>\n<meta property=\"article:modified_time\" content=\"2020-05-13T18:28:20+00:00\" \/>\n<meta property=\"og:image\" content=\"https:\/\/www.kingstongrowshop.it\/wp-content\/uploads\/2019\/08\/9191_2.jpg\" \/>\n\t<meta property=\"og:image:width\" content=\"500\" \/>\n\t<meta property=\"og:image:height\" content=\"500\" \/>\n\t<meta property=\"og:image:type\" content=\"image\/jpeg\" \/>\n<meta name=\"twitter:card\" content=\"summary_large_image\" \/>\n<script type=\"application\/ld+json\" class=\"yoast-schema-graph\">{\"@context\":\"https:\\\/\\\/schema.org\",\"@graph\":[{\"@type\":\"WebPage\",\"@id\":\"https:\\\/\\\/www.kingstongrowshop.it\\\/?product=cfl-cultilite-g-shock-125w-agro-2100k\",\"url\":\"https:\\\/\\\/www.kingstongrowshop.it\\\/?product=cfl-cultilite-g-shock-125w-agro-2100k\",\"name\":\"CFL CULTILITE G-SHOCK 125W AGRO 2100K\u00b0 - Kingston Grow Shop\",\"isPartOf\":{\"@id\":\"https:\\\/\\\/www.kingstongrowshop.it\\\/#website\"},\"primaryImageOfPage\":{\"@id\":\"https:\\\/\\\/www.kingstongrowshop.it\\\/?product=cfl-cultilite-g-shock-125w-agro-2100k#primaryimage\"},\"image\":{\"@id\":\"https:\\\/\\\/www.kingstongrowshop.it\\\/?product=cfl-cultilite-g-shock-125w-agro-2100k#primaryimage\"},\"thumbnailUrl\":\"https:\\\/\\\/www.kingstongrowshop.it\\\/wp-content\\\/uploads\\\/2019\\\/08\\\/9191_2.jpg\",\"datePublished\":\"2019-08-28T17:48:49+00:00\",\"dateModified\":\"2020-05-13T18:28:20+00:00\",\"breadcrumb\":{\"@id\":\"https:\\\/\\\/www.kingstongrowshop.it\\\/?product=cfl-cultilite-g-shock-125w-agro-2100k#breadcrumb\"},\"inLanguage\":\"it-IT\",\"potentialAction\":[{\"@type\":\"ReadAction\",\"target\":[\"https:\\\/\\\/www.kingstongrowshop.it\\\/?product=cfl-cultilite-g-shock-125w-agro-2100k\"]}]},{\"@type\":\"ImageObject\",\"inLanguage\":\"it-IT\",\"@id\":\"https:\\\/\\\/www.kingstongrowshop.it\\\/?product=cfl-cultilite-g-shock-125w-agro-2100k#primaryimage\",\"url\":\"https:\\\/\\\/www.kingstongrowshop.it\\\/wp-content\\\/uploads\\\/2019\\\/08\\\/9191_2.jpg\",\"contentUrl\":\"https:\\\/\\\/www.kingstongrowshop.it\\\/wp-content\\\/uploads\\\/2019\\\/08\\\/9191_2.jpg\",\"width\":500,\"height\":500},{\"@type\":\"BreadcrumbList\",\"@id\":\"https:\\\/\\\/www.kingstongrowshop.it\\\/?product=cfl-cultilite-g-shock-125w-agro-2100k#breadcrumb\",\"itemListElement\":[{\"@type\":\"ListItem\",\"position\":1,\"name\":\"Home\",\"item\":\"https:\\\/\\\/www.kingstongrowshop.it\\\/\"},{\"@type\":\"ListItem\",\"position\":2,\"name\":\"Shop\",\"item\":\"https:\\\/\\\/www.kingstongrowshop.it\\\/?page_id=3853\"},{\"@type\":\"ListItem\",\"position\":3,\"name\":\"CFL CULTILITE G-SHOCK 125W AGRO 2100K\u00b0\"}]},{\"@type\":\"WebSite\",\"@id\":\"https:\\\/\\\/www.kingstongrowshop.it\\\/#website\",\"url\":\"https:\\\/\\\/www.kingstongrowshop.it\\\/\",\"name\":\"Kingston Grow Shop\",\"description\":\"Il tuo Grow Shop di Fiducia\",\"potentialAction\":[{\"@type\":\"SearchAction\",\"target\":{\"@type\":\"EntryPoint\",\"urlTemplate\":\"https:\\\/\\\/www.kingstongrowshop.it\\\/?s={search_term_string}\"},\"query-input\":{\"@type\":\"PropertyValueSpecification\",\"valueRequired\":true,\"valueName\":\"search_term_string\"}}],\"inLanguage\":\"it-IT\"}]}<\/script>\n<!-- \/ Yoast SEO plugin. -->","yoast_head_json":{"title":"CFL CULTILITE G-SHOCK 125W AGRO 2100K\u00b0 - Kingston Grow Shop","robots":{"index":"index","follow":"follow","max-snippet":"max-snippet:-1","max-image-preview":"max-image-preview:large","max-video-preview":"max-video-preview:-1"},"canonical":"https:\/\/www.kingstongrowshop.it\/?product=cfl-cultilite-g-shock-125w-agro-2100k","og_locale":"it_IT","og_type":"article","og_title":"CFL CULTILITE G-SHOCK 125W AGRO 2100K\u00b0 - Kingston Grow Shop","og_description":"CULTILITE \"Cultilite\" nasce in Inghilterra con il fine dichiarato di realizzare lampade CFL di standard qualitativo elevato in grado di soddisfare le esigenze dei piccoli e medi growers in ogni parte d'Europa. Per realizzare questo obiettivo i creatori di Cultilite hanno instaurato una fitta rete di collaborazioni con importanti laboratori di ricerca statunitensi con sede in California, Stato notoriamente all'avanguardia nello sviluppo di tecnologie dedicate all'\"indoor growing.\"  Durante la progettazione delle lampade della linea -SHOCK, i ricercatori Cultilite si sono domandati quali fossero le caratteristiche pi\u00f9 importanti che una lampada CFL dedicata all'orticoltura indoor dovesse riunire in s\u00e9:  1 - ridotto consumo energetico a fronte di un'elevata emissione di lumen; 2 - colorazione luminosa che stimoli il pi\u00f9 possibile la fotosintesi e che sia adatta a tutte le fasi di vita della pianta, dalla germinazione alla fioritura; 3 - efficienza energetica; 4 - maggiore resistenza agli urti e ai trasporti.  Come dare risposta a queste esigenze?  In primis, le lampade Cultilite Eco-Power 125w sono state pensate e realizzate con 4U. I ricercatori Cultilite hanno infatti dimostrato che l'utilizzo di 4U permette di ottimizzare il rapporto tra assorbimento energetico ed emissione di luce.  Inoltre Cultilite ha optato per quelle che sono risultate le temperature di colore pi\u00f9 efficaci per la coltivazione indoor: 2100\u00b0K, 2700\u00b0K, 6400\u00b0K. Queste colorazioni includono i picchi di assorbimento delle onde luminose da parte delle piante, che utilizzano questa energia per i processi anabolici: formazione delle componenti cellulari, formazione dei nuovi tessuti e approvvigionamento di energia.  Le Cultilite Eco-Power rientrano nella categoria A della \"Energy Class\": sono state infatti realizzate per trasformare la quasi totalit\u00e0 dell'energia assorbita in luce\u2026per questo motivo emettono pochissimo calore e possono essere utilizzate anche d'estate e in piccoli ambienti.  Inoltre\u2026  le G-SHOCK sono state realizzate con vetro pi\u00f9 spesso e presentano due punti di saldatura tra ogni U. Queste innovazioni riducono il rischio di danni dovuti al trasporto o ad errori nel manipolare le lampade al momento dell'installazione.  Le Cultilite G-SHOCK sono dotate di marchio CE e interamente conformi alla direttiva RoHS.","og_url":"https:\/\/www.kingstongrowshop.it\/?product=cfl-cultilite-g-shock-125w-agro-2100k","og_site_name":"Kingston Grow Shop","article_modified_time":"2020-05-13T18:28:20+00:00","og_image":[{"width":500,"height":500,"url":"https:\/\/www.kingstongrowshop.it\/wp-content\/uploads\/2019\/08\/9191_2.jpg","type":"image\/jpeg"}],"twitter_card":"summary_large_image","schema":{"@context":"https:\/\/schema.org","@graph":[{"@type":"WebPage","@id":"https:\/\/www.kingstongrowshop.it\/?product=cfl-cultilite-g-shock-125w-agro-2100k","url":"https:\/\/www.kingstongrowshop.it\/?product=cfl-cultilite-g-shock-125w-agro-2100k","name":"CFL CULTILITE G-SHOCK 125W AGRO 2100K\u00b0 - Kingston Grow Shop","isPartOf":{"@id":"https:\/\/www.kingstongrowshop.it\/#website"},"primaryImageOfPage":{"@id":"https:\/\/www.kingstongrowshop.it\/?product=cfl-cultilite-g-shock-125w-agro-2100k#primaryimage"},"image":{"@id":"https:\/\/www.kingstongrowshop.it\/?product=cfl-cultilite-g-shock-125w-agro-2100k#primaryimage"},"thumbnailUrl":"https:\/\/www.kingstongrowshop.it\/wp-content\/uploads\/2019\/08\/9191_2.jpg","datePublished":"2019-08-28T17:48:49+00:00","dateModified":"2020-05-13T18:28:20+00:00","breadcrumb":{"@id":"https:\/\/www.kingstongrowshop.it\/?product=cfl-cultilite-g-shock-125w-agro-2100k#breadcrumb"},"inLanguage":"it-IT","potentialAction":[{"@type":"ReadAction","target":["https:\/\/www.kingstongrowshop.it\/?product=cfl-cultilite-g-shock-125w-agro-2100k"]}]},{"@type":"ImageObject","inLanguage":"it-IT","@id":"https:\/\/www.kingstongrowshop.it\/?product=cfl-cultilite-g-shock-125w-agro-2100k#primaryimage","url":"https:\/\/www.kingstongrowshop.it\/wp-content\/uploads\/2019\/08\/9191_2.jpg","contentUrl":"https:\/\/www.kingstongrowshop.it\/wp-content\/uploads\/2019\/08\/9191_2.jpg","width":500,"height":500},{"@type":"BreadcrumbList","@id":"https:\/\/www.kingstongrowshop.it\/?product=cfl-cultilite-g-shock-125w-agro-2100k#breadcrumb","itemListElement":[{"@type":"ListItem","position":1,"name":"Home","item":"https:\/\/www.kingstongrowshop.it\/"},{"@type":"ListItem","position":2,"name":"Shop","item":"https:\/\/www.kingstongrowshop.it\/?page_id=3853"},{"@type":"ListItem","position":3,"name":"CFL CULTILITE G-SHOCK 125W AGRO 2100K\u00b0"}]},{"@type":"WebSite","@id":"https:\/\/www.kingstongrowshop.it\/#website","url":"https:\/\/www.kingstongrowshop.it\/","name":"Kingston Grow Shop","description":"Il tuo Grow Shop di Fiducia","potentialAction":[{"@type":"SearchAction","target":{"@type":"EntryPoint","urlTemplate":"https:\/\/www.kingstongrowshop.it\/?s={search_term_string}"},"query-input":{"@type":"PropertyValueSpecification","valueRequired":true,"valueName":"search_term_string"}}],"inLanguage":"it-IT"}]}},"jetpack_sharing_enabled":true,"_links":{"self":[{"href":"https:\/\/www.kingstongrowshop.it\/index.php?rest_route=\/wp\/v2\/product\/6735","targetHints":{"allow":["GET"]}}],"collection":[{"href":"https:\/\/www.kingstongrowshop.it\/index.php?rest_route=\/wp\/v2\/product"}],"about":[{"href":"https:\/\/www.kingstongrowshop.it\/index.php?rest_route=\/wp\/v2\/types\/product"}],"replies":[{"embeddable":true,"href":"https:\/\/www.kingstongrowshop.it\/index.php?rest_route=%2Fwp%2Fv2%2Fcomments&post=6735"}],"wp:featuredmedia":[{"embeddable":true,"href":"https:\/\/www.kingstongrowshop.it\/index.php?rest_route=\/wp\/v2\/media\/6736"}],"wp:attachment":[{"href":"https:\/\/www.kingstongrowshop.it\/index.php?rest_route=%2Fwp%2Fv2%2Fmedia&parent=6735"}],"wp:term":[{"taxonomy":"product_brand","embeddable":true,"href":"https:\/\/www.kingstongrowshop.it\/index.php?rest_route=%2Fwp%2Fv2%2Fproduct_brand&post=6735"},{"taxonomy":"product_cat","embeddable":true,"href":"https:\/\/www.kingstongrowshop.it\/index.php?rest_route=%2Fwp%2Fv2%2Fproduct_cat&post=6735"},{"taxonomy":"product_tag","embeddable":true,"href":"https:\/\/www.kingstongrowshop.it\/index.php?rest_route=%2Fwp%2Fv2%2Fproduct_tag&post=6735"}],"curies":[{"name":"wp","href":"https:\/\/api.w.org\/{rel}","templated":true}]}}