{"id":6834,"date":"2019-08-30T18:57:33","date_gmt":"2019-08-30T16:57:33","guid":{"rendered":"https:\/\/www.kingstongrowshop.it\/?post_type=product&#038;p=6834"},"modified":"2020-12-25T17:48:03","modified_gmt":"2020-12-25T16:48:03","slug":"estrattore-centrifugato-vk0-100mm-250mc-h-cablato","status":"publish","type":"product","link":"https:\/\/www.kingstongrowshop.it\/?product=estrattore-centrifugato-vk0-100mm-250mc-h-cablato","title":{"rendered":"ESTRATTORE CENTRIFUGO VK0 125mm 355MC\/H Cablato"},"content":{"rendered":"","protected":false},"excerpt":{"rendered":"<p>Aspiratore centrifugo VK 125 da diametro 125 mm Cablato. Portata potenziata a 355 mc\/h . Realizzato in tecnopolimero autoestinguente. Aspiratori centrifughi potenziati VK garantiscono un flusso di aria pi\u00f9 potente rispetto agli aspiratori centrifughi tradizionali. Adatti per l\u2019aspirazione in growroom di medie e grandi dimensioni.<\/p>\n<p>CARATTERISTICHE<\/p>\n<ul>\n<li>61W<\/li>\n<li>0.34A<\/li>\n<li>peso 2.850<\/li>\n<\/ul>\n<p>\u2013 fornito con staffe per il posizionamento.<br \/>\n\u2013 motore bilanciato per ridurre al minimo le vibrazioni.<br \/>\n\u2013 velocit\u00e0 regolabile con un regolatore di velocit\u00e0 elettronico.<br \/>\n\u2013 motore montato su cuscinetti a sfera.<br \/>\n\u2013 protezione termica.<br \/>\n\u2013 guscio in plastica antiurto.<br \/>\n\u2013 bassa rumorosit\u00e0 = 46dbA a 3 m<\/p>\n<p>&nbsp;<\/p>\n<p>La velocit\u00e0 di questo aspiratore \u00e8 regolabile tramite regolatori di velocit\u00e0 GSE.<\/p>\n","protected":false},"featured_media":6832,"comment_status":"open","ping_status":"closed","template":"","meta":[],"product_brand":[],"product_cat":[260,259],"product_tag":[659],"class_list":{"0":"post-6834","1":"product","2":"type-product","3":"status-publish","4":"has-post-thumbnail","6":"product_cat-estrattorieaspiratori","7":"product_cat-trattamentoaria","8":"product_tag-estrattore-125-centrifugato","10":"first","11":"instock","12":"shipping-taxable","13":"purchasable","14":"product-type-simple"},"yoast_head":"<!-- This site is optimized with the Yoast SEO plugin v27.5 - https:\/\/yoast.com\/product\/yoast-seo-wordpress\/ -->\n<title>ESTRATTORE CENTRIFUGO VK0 125mm 355MC\/H Cablato - Kingston Grow Shop<\/title>\n<meta name=\"robots\" content=\"index, follow, max-snippet:-1, max-image-preview:large, max-video-preview:-1\" \/>\n<link rel=\"canonical\" href=\"https:\/\/www.kingstongrowshop.it\/?product=estrattore-centrifugato-vk0-100mm-250mc-h-cablato\" \/>\n<meta property=\"og:locale\" content=\"it_IT\" \/>\n<meta property=\"og:type\" content=\"article\" \/>\n<meta property=\"og:title\" content=\"ESTRATTORE CENTRIFUGO VK0 125mm 355MC\/H Cablato - Kingston Grow Shop\" \/>\n<meta property=\"og:description\" content=\"Aspiratore centrifugo VK 125 da diametro 125 mm Cablato. Portata potenziata a 355 mc\/h . Realizzato in tecnopolimero autoestinguente. Aspiratori centrifughi potenziati VK garantiscono un flusso di aria pi\u00f9 potente rispetto agli aspiratori centrifughi tradizionali. Adatti per l\u2019aspirazione in growroom di medie e grandi dimensioni.  CARATTERISTICHE   61W  0.34A  peso 2.850  \u2013 fornito con staffe per il posizionamento. \u2013 motore bilanciato per ridurre al minimo le vibrazioni. \u2013 velocit\u00e0 regolabile con un regolatore di velocit\u00e0 elettronico. \u2013 motore montato su cuscinetti a sfera. \u2013 protezione termica. \u2013 guscio in plastica antiurto. \u2013 bassa rumorosit\u00e0 = 46dbA a 3 m  &nbsp;  La velocit\u00e0 di questo aspiratore \u00e8 regolabile tramite regolatori di velocit\u00e0 GSE.\" \/>\n<meta property=\"og:url\" content=\"https:\/\/www.kingstongrowshop.it\/?product=estrattore-centrifugato-vk0-100mm-250mc-h-cablato\" \/>\n<meta property=\"og:site_name\" content=\"Kingston Grow Shop\" \/>\n<meta property=\"article:modified_time\" content=\"2020-12-25T16:48:03+00:00\" \/>\n<meta property=\"og:image\" content=\"https:\/\/www.kingstongrowshop.it\/wp-content\/uploads\/2019\/08\/vk250.jpg\" \/>\n\t<meta property=\"og:image:width\" content=\"433\" \/>\n\t<meta property=\"og:image:height\" content=\"325\" \/>\n\t<meta property=\"og:image:type\" content=\"image\/jpeg\" \/>\n<meta name=\"twitter:card\" content=\"summary_large_image\" \/>\n<script type=\"application\/ld+json\" class=\"yoast-schema-graph\">{\"@context\":\"https:\\\/\\\/schema.org\",\"@graph\":[{\"@type\":\"WebPage\",\"@id\":\"https:\\\/\\\/www.kingstongrowshop.it\\\/?product=estrattore-centrifugato-vk0-100mm-250mc-h-cablato\",\"url\":\"https:\\\/\\\/www.kingstongrowshop.it\\\/?product=estrattore-centrifugato-vk0-100mm-250mc-h-cablato\",\"name\":\"ESTRATTORE CENTRIFUGO VK0 125mm 355MC\\\/H Cablato - Kingston Grow Shop\",\"isPartOf\":{\"@id\":\"https:\\\/\\\/www.kingstongrowshop.it\\\/#website\"},\"primaryImageOfPage\":{\"@id\":\"https:\\\/\\\/www.kingstongrowshop.it\\\/?product=estrattore-centrifugato-vk0-100mm-250mc-h-cablato#primaryimage\"},\"image\":{\"@id\":\"https:\\\/\\\/www.kingstongrowshop.it\\\/?product=estrattore-centrifugato-vk0-100mm-250mc-h-cablato#primaryimage\"},\"thumbnailUrl\":\"https:\\\/\\\/www.kingstongrowshop.it\\\/wp-content\\\/uploads\\\/2019\\\/08\\\/vk250.jpg\",\"datePublished\":\"2019-08-30T16:57:33+00:00\",\"dateModified\":\"2020-12-25T16:48:03+00:00\",\"breadcrumb\":{\"@id\":\"https:\\\/\\\/www.kingstongrowshop.it\\\/?product=estrattore-centrifugato-vk0-100mm-250mc-h-cablato#breadcrumb\"},\"inLanguage\":\"it-IT\",\"potentialAction\":[{\"@type\":\"ReadAction\",\"target\":[\"https:\\\/\\\/www.kingstongrowshop.it\\\/?product=estrattore-centrifugato-vk0-100mm-250mc-h-cablato\"]}]},{\"@type\":\"ImageObject\",\"inLanguage\":\"it-IT\",\"@id\":\"https:\\\/\\\/www.kingstongrowshop.it\\\/?product=estrattore-centrifugato-vk0-100mm-250mc-h-cablato#primaryimage\",\"url\":\"https:\\\/\\\/www.kingstongrowshop.it\\\/wp-content\\\/uploads\\\/2019\\\/08\\\/vk250.jpg\",\"contentUrl\":\"https:\\\/\\\/www.kingstongrowshop.it\\\/wp-content\\\/uploads\\\/2019\\\/08\\\/vk250.jpg\",\"width\":433,\"height\":325},{\"@type\":\"BreadcrumbList\",\"@id\":\"https:\\\/\\\/www.kingstongrowshop.it\\\/?product=estrattore-centrifugato-vk0-100mm-250mc-h-cablato#breadcrumb\",\"itemListElement\":[{\"@type\":\"ListItem\",\"position\":1,\"name\":\"Home\",\"item\":\"https:\\\/\\\/www.kingstongrowshop.it\\\/\"},{\"@type\":\"ListItem\",\"position\":2,\"name\":\"Shop\",\"item\":\"https:\\\/\\\/www.kingstongrowshop.it\\\/?page_id=3853\"},{\"@type\":\"ListItem\",\"position\":3,\"name\":\"ESTRATTORE CENTRIFUGO VK0 125mm 355MC\\\/H Cablato\"}]},{\"@type\":\"WebSite\",\"@id\":\"https:\\\/\\\/www.kingstongrowshop.it\\\/#website\",\"url\":\"https:\\\/\\\/www.kingstongrowshop.it\\\/\",\"name\":\"Kingston Grow Shop\",\"description\":\"Il tuo Grow Shop di Fiducia\",\"potentialAction\":[{\"@type\":\"SearchAction\",\"target\":{\"@type\":\"EntryPoint\",\"urlTemplate\":\"https:\\\/\\\/www.kingstongrowshop.it\\\/?s={search_term_string}\"},\"query-input\":{\"@type\":\"PropertyValueSpecification\",\"valueRequired\":true,\"valueName\":\"search_term_string\"}}],\"inLanguage\":\"it-IT\"}]}<\/script>\n<!-- \/ Yoast SEO plugin. -->","yoast_head_json":{"title":"ESTRATTORE CENTRIFUGO VK0 125mm 355MC\/H Cablato - Kingston Grow Shop","robots":{"index":"index","follow":"follow","max-snippet":"max-snippet:-1","max-image-preview":"max-image-preview:large","max-video-preview":"max-video-preview:-1"},"canonical":"https:\/\/www.kingstongrowshop.it\/?product=estrattore-centrifugato-vk0-100mm-250mc-h-cablato","og_locale":"it_IT","og_type":"article","og_title":"ESTRATTORE CENTRIFUGO VK0 125mm 355MC\/H Cablato - Kingston Grow Shop","og_description":"Aspiratore centrifugo VK 125 da diametro 125 mm Cablato. Portata potenziata a 355 mc\/h . Realizzato in tecnopolimero autoestinguente. Aspiratori centrifughi potenziati VK garantiscono un flusso di aria pi\u00f9 potente rispetto agli aspiratori centrifughi tradizionali. Adatti per l\u2019aspirazione in growroom di medie e grandi dimensioni.  CARATTERISTICHE   61W  0.34A  peso 2.850  \u2013 fornito con staffe per il posizionamento. \u2013 motore bilanciato per ridurre al minimo le vibrazioni. \u2013 velocit\u00e0 regolabile con un regolatore di velocit\u00e0 elettronico. \u2013 motore montato su cuscinetti a sfera. \u2013 protezione termica. \u2013 guscio in plastica antiurto. \u2013 bassa rumorosit\u00e0 = 46dbA a 3 m  &nbsp;  La velocit\u00e0 di questo aspiratore \u00e8 regolabile tramite regolatori di velocit\u00e0 GSE.","og_url":"https:\/\/www.kingstongrowshop.it\/?product=estrattore-centrifugato-vk0-100mm-250mc-h-cablato","og_site_name":"Kingston Grow Shop","article_modified_time":"2020-12-25T16:48:03+00:00","og_image":[{"width":433,"height":325,"url":"https:\/\/www.kingstongrowshop.it\/wp-content\/uploads\/2019\/08\/vk250.jpg","type":"image\/jpeg"}],"twitter_card":"summary_large_image","schema":{"@context":"https:\/\/schema.org","@graph":[{"@type":"WebPage","@id":"https:\/\/www.kingstongrowshop.it\/?product=estrattore-centrifugato-vk0-100mm-250mc-h-cablato","url":"https:\/\/www.kingstongrowshop.it\/?product=estrattore-centrifugato-vk0-100mm-250mc-h-cablato","name":"ESTRATTORE CENTRIFUGO VK0 125mm 355MC\/H Cablato - Kingston Grow Shop","isPartOf":{"@id":"https:\/\/www.kingstongrowshop.it\/#website"},"primaryImageOfPage":{"@id":"https:\/\/www.kingstongrowshop.it\/?product=estrattore-centrifugato-vk0-100mm-250mc-h-cablato#primaryimage"},"image":{"@id":"https:\/\/www.kingstongrowshop.it\/?product=estrattore-centrifugato-vk0-100mm-250mc-h-cablato#primaryimage"},"thumbnailUrl":"https:\/\/www.kingstongrowshop.it\/wp-content\/uploads\/2019\/08\/vk250.jpg","datePublished":"2019-08-30T16:57:33+00:00","dateModified":"2020-12-25T16:48:03+00:00","breadcrumb":{"@id":"https:\/\/www.kingstongrowshop.it\/?product=estrattore-centrifugato-vk0-100mm-250mc-h-cablato#breadcrumb"},"inLanguage":"it-IT","potentialAction":[{"@type":"ReadAction","target":["https:\/\/www.kingstongrowshop.it\/?product=estrattore-centrifugato-vk0-100mm-250mc-h-cablato"]}]},{"@type":"ImageObject","inLanguage":"it-IT","@id":"https:\/\/www.kingstongrowshop.it\/?product=estrattore-centrifugato-vk0-100mm-250mc-h-cablato#primaryimage","url":"https:\/\/www.kingstongrowshop.it\/wp-content\/uploads\/2019\/08\/vk250.jpg","contentUrl":"https:\/\/www.kingstongrowshop.it\/wp-content\/uploads\/2019\/08\/vk250.jpg","width":433,"height":325},{"@type":"BreadcrumbList","@id":"https:\/\/www.kingstongrowshop.it\/?product=estrattore-centrifugato-vk0-100mm-250mc-h-cablato#breadcrumb","itemListElement":[{"@type":"ListItem","position":1,"name":"Home","item":"https:\/\/www.kingstongrowshop.it\/"},{"@type":"ListItem","position":2,"name":"Shop","item":"https:\/\/www.kingstongrowshop.it\/?page_id=3853"},{"@type":"ListItem","position":3,"name":"ESTRATTORE CENTRIFUGO VK0 125mm 355MC\/H Cablato"}]},{"@type":"WebSite","@id":"https:\/\/www.kingstongrowshop.it\/#website","url":"https:\/\/www.kingstongrowshop.it\/","name":"Kingston Grow Shop","description":"Il tuo Grow Shop di Fiducia","potentialAction":[{"@type":"SearchAction","target":{"@type":"EntryPoint","urlTemplate":"https:\/\/www.kingstongrowshop.it\/?s={search_term_string}"},"query-input":{"@type":"PropertyValueSpecification","valueRequired":true,"valueName":"search_term_string"}}],"inLanguage":"it-IT"}]}},"jetpack_sharing_enabled":true,"_links":{"self":[{"href":"https:\/\/www.kingstongrowshop.it\/index.php?rest_route=\/wp\/v2\/product\/6834","targetHints":{"allow":["GET"]}}],"collection":[{"href":"https:\/\/www.kingstongrowshop.it\/index.php?rest_route=\/wp\/v2\/product"}],"about":[{"href":"https:\/\/www.kingstongrowshop.it\/index.php?rest_route=\/wp\/v2\/types\/product"}],"replies":[{"embeddable":true,"href":"https:\/\/www.kingstongrowshop.it\/index.php?rest_route=%2Fwp%2Fv2%2Fcomments&post=6834"}],"wp:featuredmedia":[{"embeddable":true,"href":"https:\/\/www.kingstongrowshop.it\/index.php?rest_route=\/wp\/v2\/media\/6832"}],"wp:attachment":[{"href":"https:\/\/www.kingstongrowshop.it\/index.php?rest_route=%2Fwp%2Fv2%2Fmedia&parent=6834"}],"wp:term":[{"taxonomy":"product_brand","embeddable":true,"href":"https:\/\/www.kingstongrowshop.it\/index.php?rest_route=%2Fwp%2Fv2%2Fproduct_brand&post=6834"},{"taxonomy":"product_cat","embeddable":true,"href":"https:\/\/www.kingstongrowshop.it\/index.php?rest_route=%2Fwp%2Fv2%2Fproduct_cat&post=6834"},{"taxonomy":"product_tag","embeddable":true,"href":"https:\/\/www.kingstongrowshop.it\/index.php?rest_route=%2Fwp%2Fv2%2Fproduct_tag&post=6834"}],"curies":[{"name":"wp","href":"https:\/\/api.w.org\/{rel}","templated":true}]}}