{"id":6975,"date":"2025-11-26T16:31:16","date_gmt":"2025-11-26T15:31:16","guid":{"rendered":"https:\/\/www.kingstongrowshop.it\/?post_type=product&#038;p=6975"},"modified":"2025-12-27T11:48:36","modified_gmt":"2025-12-27T10:48:36","slug":"storz-bickel-crafty","status":"publish","type":"product","link":"https:\/\/www.kingstongrowshop.it\/?product=storz-bickel-crafty","title":{"rendered":"CRAFTY PLUS Storz &amp; Bickel"},"content":{"rendered":"","protected":false},"excerpt":{"rendered":"<p>Disponibilit\u00e0 Immediata, consegna in 2-3 gg lavorativi.<\/p>\n<p>L&#8217;amico fidato. CRAFTY PLUS (NUOVO MODELLO), alimentato a batteria, \u00e8 senza dubbio il compagno perfetto da portare con s\u00e9. Mentre le impostazioni di fabbrica di CRAFTY sono gi\u00e0 ottimali per l&#8217;uso immediato, l&#8217;app per il comando a distanza per Android e iOS permette di effettuare diverse impostazioni in base alle preferenze personali.<\/p>\n<h3>La consegna include<\/h3>\n<div class=\"long-description\">\n<ul>\n<li>1 pz. CRAFTY Vaporizzatore<\/li>\n<li>1 pz. Alimentatore con Cavo USB<\/li>\n<li>1 Set Anelli di Tenuta di Ricambio<\/li>\n<li>3 pz. Filtro di Ricambio (ca. \u00d8 15 mm)<\/li>\n<li>1 pz. Tampone per Gocce (ca. \u00d8 15 x 5 mm)<\/li>\n<li>1 pz. Ausilio di Riempimento<\/li>\n<li>1 pz. Macinatoio per Erbe (ca. \u00d8 59 mm)<\/li>\n<li>1 pz. Capsula dosatrice<\/li>\n<li>1 pz. Pennello per la Pulizia<\/li>\n<li>1 pz. Istruzioni per l\u2019Uso<\/li>\n<\/ul>\n<\/div>\n","protected":false},"featured_media":9593,"comment_status":"open","ping_status":"closed","template":"","meta":[],"product_brand":[],"product_cat":[230,231],"product_tag":[710,711],"class_list":{"0":"post-6975","1":"product","2":"type-product","3":"status-publish","4":"has-post-thumbnail","6":"product_cat-vaposvapoecbd","7":"product_cat-vaporizzatori","8":"product_tag-crafty","9":"product_tag-storz-bickel","11":"first","12":"outofstock","13":"sale","14":"shipping-taxable","15":"purchasable","16":"product-type-simple"},"yoast_head":"<!-- This site is optimized with the Yoast SEO plugin v27.5 - https:\/\/yoast.com\/product\/yoast-seo-wordpress\/ -->\n<title>CRAFTY PLUS Storz &amp; Bickel - Kingston Grow Shop<\/title>\n<meta name=\"description\" content=\"CRAFTY, alimentato a batteria, \u00e8 senza dubbio il compagno perfetto da portare con s\u00e9. E&#039; possibile regolare la temperatura scaricando l&#039;app.\" \/>\n<meta name=\"robots\" content=\"index, follow, max-snippet:-1, max-image-preview:large, max-video-preview:-1\" \/>\n<link rel=\"canonical\" href=\"https:\/\/www.kingstongrowshop.it\/?product=storz-bickel-crafty\" \/>\n<meta property=\"og:locale\" content=\"it_IT\" \/>\n<meta property=\"og:type\" content=\"article\" \/>\n<meta property=\"og:title\" content=\"CRAFTY PLUS Storz &amp; Bickel - Kingston Grow Shop\" \/>\n<meta property=\"og:description\" content=\"CRAFTY, alimentato a batteria, \u00e8 senza dubbio il compagno perfetto da portare con s\u00e9. E&#039; possibile regolare la temperatura scaricando l&#039;app.\" \/>\n<meta property=\"og:url\" content=\"https:\/\/www.kingstongrowshop.it\/?product=storz-bickel-crafty\" \/>\n<meta property=\"og:site_name\" content=\"Kingston Grow Shop\" \/>\n<meta property=\"article:modified_time\" content=\"2025-12-27T10:48:36+00:00\" \/>\n<meta property=\"og:image\" content=\"https:\/\/www.kingstongrowshop.it\/wp-content\/uploads\/2019\/09\/01-01-cy-01.png\" \/>\n\t<meta property=\"og:image:width\" content=\"1080\" \/>\n\t<meta property=\"og:image:height\" content=\"1080\" \/>\n\t<meta property=\"og:image:type\" content=\"image\/png\" \/>\n<meta name=\"twitter:card\" content=\"summary_large_image\" \/>\n<meta name=\"twitter:label1\" content=\"Tempo di lettura stimato\" \/>\n\t<meta name=\"twitter:data1\" content=\"1 minuto\" \/>\n<script type=\"application\/ld+json\" class=\"yoast-schema-graph\">{\"@context\":\"https:\\\/\\\/schema.org\",\"@graph\":[{\"@type\":\"WebPage\",\"@id\":\"https:\\\/\\\/www.kingstongrowshop.it\\\/?product=storz-bickel-crafty\",\"url\":\"https:\\\/\\\/www.kingstongrowshop.it\\\/?product=storz-bickel-crafty\",\"name\":\"CRAFTY PLUS Storz &amp; Bickel - Kingston Grow Shop\",\"isPartOf\":{\"@id\":\"https:\\\/\\\/www.kingstongrowshop.it\\\/#website\"},\"primaryImageOfPage\":{\"@id\":\"https:\\\/\\\/www.kingstongrowshop.it\\\/?product=storz-bickel-crafty#primaryimage\"},\"image\":{\"@id\":\"https:\\\/\\\/www.kingstongrowshop.it\\\/?product=storz-bickel-crafty#primaryimage\"},\"thumbnailUrl\":\"https:\\\/\\\/www.kingstongrowshop.it\\\/wp-content\\\/uploads\\\/2019\\\/09\\\/01-01-cy-01.png\",\"datePublished\":\"2025-11-26T15:31:16+00:00\",\"dateModified\":\"2025-12-27T10:48:36+00:00\",\"description\":\"CRAFTY, alimentato a batteria, \u00e8 senza dubbio il compagno perfetto da portare con s\u00e9. E' possibile regolare la temperatura scaricando l'app.\",\"breadcrumb\":{\"@id\":\"https:\\\/\\\/www.kingstongrowshop.it\\\/?product=storz-bickel-crafty#breadcrumb\"},\"inLanguage\":\"it-IT\",\"potentialAction\":[{\"@type\":\"ReadAction\",\"target\":[\"https:\\\/\\\/www.kingstongrowshop.it\\\/?product=storz-bickel-crafty\"]}]},{\"@type\":\"ImageObject\",\"inLanguage\":\"it-IT\",\"@id\":\"https:\\\/\\\/www.kingstongrowshop.it\\\/?product=storz-bickel-crafty#primaryimage\",\"url\":\"https:\\\/\\\/www.kingstongrowshop.it\\\/wp-content\\\/uploads\\\/2019\\\/09\\\/01-01-cy-01.png\",\"contentUrl\":\"https:\\\/\\\/www.kingstongrowshop.it\\\/wp-content\\\/uploads\\\/2019\\\/09\\\/01-01-cy-01.png\",\"width\":1080,\"height\":1080},{\"@type\":\"BreadcrumbList\",\"@id\":\"https:\\\/\\\/www.kingstongrowshop.it\\\/?product=storz-bickel-crafty#breadcrumb\",\"itemListElement\":[{\"@type\":\"ListItem\",\"position\":1,\"name\":\"Home\",\"item\":\"https:\\\/\\\/www.kingstongrowshop.it\\\/\"},{\"@type\":\"ListItem\",\"position\":2,\"name\":\"Shop\",\"item\":\"https:\\\/\\\/www.kingstongrowshop.it\\\/?page_id=3853\"},{\"@type\":\"ListItem\",\"position\":3,\"name\":\"CRAFTY PLUS Storz &amp; Bickel\"}]},{\"@type\":\"WebSite\",\"@id\":\"https:\\\/\\\/www.kingstongrowshop.it\\\/#website\",\"url\":\"https:\\\/\\\/www.kingstongrowshop.it\\\/\",\"name\":\"Kingston Grow Shop\",\"description\":\"Il tuo Grow Shop di Fiducia\",\"potentialAction\":[{\"@type\":\"SearchAction\",\"target\":{\"@type\":\"EntryPoint\",\"urlTemplate\":\"https:\\\/\\\/www.kingstongrowshop.it\\\/?s={search_term_string}\"},\"query-input\":{\"@type\":\"PropertyValueSpecification\",\"valueRequired\":true,\"valueName\":\"search_term_string\"}}],\"inLanguage\":\"it-IT\"}]}<\/script>\n<!-- \/ Yoast SEO plugin. -->","yoast_head_json":{"title":"CRAFTY PLUS Storz &amp; Bickel - Kingston Grow Shop","description":"CRAFTY, alimentato a batteria, \u00e8 senza dubbio il compagno perfetto da portare con s\u00e9. E' possibile regolare la temperatura scaricando l'app.","robots":{"index":"index","follow":"follow","max-snippet":"max-snippet:-1","max-image-preview":"max-image-preview:large","max-video-preview":"max-video-preview:-1"},"canonical":"https:\/\/www.kingstongrowshop.it\/?product=storz-bickel-crafty","og_locale":"it_IT","og_type":"article","og_title":"CRAFTY PLUS Storz &amp; Bickel - Kingston Grow Shop","og_description":"CRAFTY, alimentato a batteria, \u00e8 senza dubbio il compagno perfetto da portare con s\u00e9. E' possibile regolare la temperatura scaricando l'app.","og_url":"https:\/\/www.kingstongrowshop.it\/?product=storz-bickel-crafty","og_site_name":"Kingston Grow Shop","article_modified_time":"2025-12-27T10:48:36+00:00","og_image":[{"width":1080,"height":1080,"url":"https:\/\/www.kingstongrowshop.it\/wp-content\/uploads\/2019\/09\/01-01-cy-01.png","type":"image\/png"}],"twitter_card":"summary_large_image","twitter_misc":{"Tempo di lettura stimato":"1 minuto"},"schema":{"@context":"https:\/\/schema.org","@graph":[{"@type":"WebPage","@id":"https:\/\/www.kingstongrowshop.it\/?product=storz-bickel-crafty","url":"https:\/\/www.kingstongrowshop.it\/?product=storz-bickel-crafty","name":"CRAFTY PLUS Storz &amp; Bickel - Kingston Grow Shop","isPartOf":{"@id":"https:\/\/www.kingstongrowshop.it\/#website"},"primaryImageOfPage":{"@id":"https:\/\/www.kingstongrowshop.it\/?product=storz-bickel-crafty#primaryimage"},"image":{"@id":"https:\/\/www.kingstongrowshop.it\/?product=storz-bickel-crafty#primaryimage"},"thumbnailUrl":"https:\/\/www.kingstongrowshop.it\/wp-content\/uploads\/2019\/09\/01-01-cy-01.png","datePublished":"2025-11-26T15:31:16+00:00","dateModified":"2025-12-27T10:48:36+00:00","description":"CRAFTY, alimentato a batteria, \u00e8 senza dubbio il compagno perfetto da portare con s\u00e9. E' possibile regolare la temperatura scaricando l'app.","breadcrumb":{"@id":"https:\/\/www.kingstongrowshop.it\/?product=storz-bickel-crafty#breadcrumb"},"inLanguage":"it-IT","potentialAction":[{"@type":"ReadAction","target":["https:\/\/www.kingstongrowshop.it\/?product=storz-bickel-crafty"]}]},{"@type":"ImageObject","inLanguage":"it-IT","@id":"https:\/\/www.kingstongrowshop.it\/?product=storz-bickel-crafty#primaryimage","url":"https:\/\/www.kingstongrowshop.it\/wp-content\/uploads\/2019\/09\/01-01-cy-01.png","contentUrl":"https:\/\/www.kingstongrowshop.it\/wp-content\/uploads\/2019\/09\/01-01-cy-01.png","width":1080,"height":1080},{"@type":"BreadcrumbList","@id":"https:\/\/www.kingstongrowshop.it\/?product=storz-bickel-crafty#breadcrumb","itemListElement":[{"@type":"ListItem","position":1,"name":"Home","item":"https:\/\/www.kingstongrowshop.it\/"},{"@type":"ListItem","position":2,"name":"Shop","item":"https:\/\/www.kingstongrowshop.it\/?page_id=3853"},{"@type":"ListItem","position":3,"name":"CRAFTY PLUS Storz &amp; Bickel"}]},{"@type":"WebSite","@id":"https:\/\/www.kingstongrowshop.it\/#website","url":"https:\/\/www.kingstongrowshop.it\/","name":"Kingston Grow Shop","description":"Il tuo Grow Shop di Fiducia","potentialAction":[{"@type":"SearchAction","target":{"@type":"EntryPoint","urlTemplate":"https:\/\/www.kingstongrowshop.it\/?s={search_term_string}"},"query-input":{"@type":"PropertyValueSpecification","valueRequired":true,"valueName":"search_term_string"}}],"inLanguage":"it-IT"}]}},"jetpack_sharing_enabled":true,"_links":{"self":[{"href":"https:\/\/www.kingstongrowshop.it\/index.php?rest_route=\/wp\/v2\/product\/6975","targetHints":{"allow":["GET"]}}],"collection":[{"href":"https:\/\/www.kingstongrowshop.it\/index.php?rest_route=\/wp\/v2\/product"}],"about":[{"href":"https:\/\/www.kingstongrowshop.it\/index.php?rest_route=\/wp\/v2\/types\/product"}],"replies":[{"embeddable":true,"href":"https:\/\/www.kingstongrowshop.it\/index.php?rest_route=%2Fwp%2Fv2%2Fcomments&post=6975"}],"wp:featuredmedia":[{"embeddable":true,"href":"https:\/\/www.kingstongrowshop.it\/index.php?rest_route=\/wp\/v2\/media\/9593"}],"wp:attachment":[{"href":"https:\/\/www.kingstongrowshop.it\/index.php?rest_route=%2Fwp%2Fv2%2Fmedia&parent=6975"}],"wp:term":[{"taxonomy":"product_brand","embeddable":true,"href":"https:\/\/www.kingstongrowshop.it\/index.php?rest_route=%2Fwp%2Fv2%2Fproduct_brand&post=6975"},{"taxonomy":"product_cat","embeddable":true,"href":"https:\/\/www.kingstongrowshop.it\/index.php?rest_route=%2Fwp%2Fv2%2Fproduct_cat&post=6975"},{"taxonomy":"product_tag","embeddable":true,"href":"https:\/\/www.kingstongrowshop.it\/index.php?rest_route=%2Fwp%2Fv2%2Fproduct_tag&post=6975"}],"curies":[{"name":"wp","href":"https:\/\/api.w.org\/{rel}","templated":true}]}}