{"id":6984,"date":"2019-09-01T19:24:39","date_gmt":"2019-09-01T17:24:39","guid":{"rendered":"https:\/\/www.kingstongrowshop.it\/?post_type=product&#038;p=6984"},"modified":"2020-05-05T17:59:05","modified_gmt":"2020-05-05T15:59:05","slug":"air-vase-12lt","status":"publish","type":"product","link":"https:\/\/www.kingstongrowshop.it\/?product=air-vase-12lt","title":{"rendered":"AIR VASE 12Lt"},"content":{"rendered":"","protected":false},"excerpt":{"rendered":"<p>Il nuovo Air-Vase \u00e8 un vaso-contenitore adatto a piante che non richiedano ristagni d\u2019acqua, \u00e8 realizzato in HDPE riciclato, un materiale 100% ecologico.<\/p>\n<p>Grazie alla sua performante conformazione \u00e8 in grado di garantire alla pianta innumerevoli benefici, soprattutto prevenendo la spiralizzazione delle radici e guidandole in un ottimale attecchimento post-trapianto.<\/p>\n<p>Il suo lato esterno \u00e8 costituito da tondeggianti coni, bucati centralmente, in grado di attivare il meccanismo detto di auto-potatura delle radici, che consiste appunto nella potatura di queste a contatto con l\u2019aria. Si promuove cos\u00ec lo sviluppo di un nuovo apparato radicale pi\u00f9 filamentoso e pi\u00f9 consistente, nonch\u00e9 tale da evitare tutti i processi di spiralizzazione.<\/p>\n<p>Il suo lato interno, formato da altrettante protuberanze coniche, per\u00f2 non forate, costituir\u00e0 una guida per le radici che perfezioner\u00e0 il loro rapido ed efficace attecchimento post-trapianto.<\/p>\n<p>Grazie a questo evoluto sistema in grado di forgiare un ideale apparato radicale, si avranno unici ed esclusivi vantaggi, tali da rivoluzionare il mondo vivaistico:<\/p>\n<p>&#8211; Piante eccezionalmente robuste e sane<br \/>\n&#8211; Notevole riduzione dei tempi di crescita<br \/>\n&#8211; Fioriture considerevolmente migliori sia dal punto di vista qualitativo che quantitativo<br \/>\n&#8211; Aumento dell\u2019assorbimento di nutrienti, grazie all\u2019aumentata ossigenazione del substrato<br \/>\n&#8211; Eliminato lo stress da trapianti, con percentuale pieno successo di questi vicino al 100%<br \/>\n&#8211; Rivoluzionaria ed esclusiva struttura anti-sfondamento, costituita da un robusto rinforzo conico che, integrato nel fondo del vaso arriva fino a terra. In tal modo non ci si dovr\u00e0 pi\u00f9 preoccupare di nessun greve substrato.<br \/>\n&#8211; Grazie alla sua completa e comoda apertura sar\u00e0 possibile riutilizzare pi\u00f9 volte il vaso, perch\u00e9 raramente verr\u00e0 danneggiato durante le varie operazioni vivaistiche (in primis i trapianti), come solitamente avviene utilizzando i normali contenitori; ulteriori saranno cos\u00ec i benefici economici<br \/>\n&#8211; Ultimi ma non meno importanti vantaggi coinvolgeranno immagazzinamento e trasporto, questo grazie alla sua natura componibile e poco ingombrante<\/p>\n","protected":false},"featured_media":6985,"comment_status":"open","ping_status":"closed","template":"","meta":[],"product_brand":[],"product_cat":[294],"product_tag":[714,713,712],"class_list":{"0":"post-6984","1":"product","2":"type-product","3":"status-publish","4":"has-post-thumbnail","6":"product_cat-vasiesottovasi","7":"product_tag-air-vase","8":"product_tag-airvase","9":"product_tag-vasi","11":"first","12":"outofstock","13":"shipping-taxable","14":"purchasable","15":"product-type-simple"},"yoast_head":"<!-- This site is optimized with the Yoast SEO plugin v27.5 - https:\/\/yoast.com\/product\/yoast-seo-wordpress\/ -->\n<title>AIR VASE 12Lt - Kingston Grow Shop<\/title>\n<meta name=\"robots\" content=\"index, follow, max-snippet:-1, max-image-preview:large, max-video-preview:-1\" \/>\n<link rel=\"canonical\" href=\"https:\/\/www.kingstongrowshop.it\/?product=air-vase-12lt\" \/>\n<meta property=\"og:locale\" content=\"it_IT\" \/>\n<meta property=\"og:type\" content=\"article\" \/>\n<meta property=\"og:title\" content=\"AIR VASE 12Lt - Kingston Grow Shop\" \/>\n<meta property=\"og:description\" content=\"Il nuovo Air-Vase \u00e8 un vaso-contenitore adatto a piante che non richiedano ristagni d\u2019acqua, \u00e8 realizzato in HDPE riciclato, un materiale 100% ecologico.  Grazie alla sua performante conformazione \u00e8 in grado di garantire alla pianta innumerevoli benefici, soprattutto prevenendo la spiralizzazione delle radici e guidandole in un ottimale attecchimento post-trapianto.  Il suo lato esterno \u00e8 costituito da tondeggianti coni, bucati centralmente, in grado di attivare il meccanismo detto di auto-potatura delle radici, che consiste appunto nella potatura di queste a contatto con l\u2019aria. Si promuove cos\u00ec lo sviluppo di un nuovo apparato radicale pi\u00f9 filamentoso e pi\u00f9 consistente, nonch\u00e9 tale da evitare tutti i processi di spiralizzazione.  Il suo lato interno, formato da altrettante protuberanze coniche, per\u00f2 non forate, costituir\u00e0 una guida per le radici che perfezioner\u00e0 il loro rapido ed efficace attecchimento post-trapianto.  Grazie a questo evoluto sistema in grado di forgiare un ideale apparato radicale, si avranno unici ed esclusivi vantaggi, tali da rivoluzionare il mondo vivaistico:  - Piante eccezionalmente robuste e sane - Notevole riduzione dei tempi di crescita - Fioriture considerevolmente migliori sia dal punto di vista qualitativo che quantitativo - Aumento dell\u2019assorbimento di nutrienti, grazie all\u2019aumentata ossigenazione del substrato - Eliminato lo stress da trapianti, con percentuale pieno successo di questi vicino al 100% - Rivoluzionaria ed esclusiva struttura anti-sfondamento, costituita da un robusto rinforzo conico che, integrato nel fondo del vaso arriva fino a terra. In tal modo non ci si dovr\u00e0 pi\u00f9 preoccupare di nessun greve substrato. - Grazie alla sua completa e comoda apertura sar\u00e0 possibile riutilizzare pi\u00f9 volte il vaso, perch\u00e9 raramente verr\u00e0 danneggiato durante le varie operazioni vivaistiche (in primis i trapianti), come solitamente avviene utilizzando i normali contenitori; ulteriori saranno cos\u00ec i benefici economici - Ultimi ma non meno importanti vantaggi coinvolgeranno immagazzinamento e trasporto, questo grazie alla sua natura componibile e poco ingombrante\" \/>\n<meta property=\"og:url\" content=\"https:\/\/www.kingstongrowshop.it\/?product=air-vase-12lt\" \/>\n<meta property=\"og:site_name\" content=\"Kingston Grow Shop\" \/>\n<meta property=\"article:modified_time\" content=\"2020-05-05T15:59:05+00:00\" \/>\n<meta property=\"og:image\" content=\"https:\/\/www.kingstongrowshop.it\/wp-content\/uploads\/2019\/09\/AIR2.jpg\" \/>\n\t<meta property=\"og:image:width\" content=\"700\" \/>\n\t<meta property=\"og:image:height\" content=\"700\" \/>\n\t<meta property=\"og:image:type\" content=\"image\/jpeg\" \/>\n<meta name=\"twitter:card\" content=\"summary_large_image\" \/>\n<script type=\"application\/ld+json\" class=\"yoast-schema-graph\">{\"@context\":\"https:\\\/\\\/schema.org\",\"@graph\":[{\"@type\":\"WebPage\",\"@id\":\"https:\\\/\\\/www.kingstongrowshop.it\\\/?product=air-vase-12lt\",\"url\":\"https:\\\/\\\/www.kingstongrowshop.it\\\/?product=air-vase-12lt\",\"name\":\"AIR VASE 12Lt - Kingston Grow Shop\",\"isPartOf\":{\"@id\":\"https:\\\/\\\/www.kingstongrowshop.it\\\/#website\"},\"primaryImageOfPage\":{\"@id\":\"https:\\\/\\\/www.kingstongrowshop.it\\\/?product=air-vase-12lt#primaryimage\"},\"image\":{\"@id\":\"https:\\\/\\\/www.kingstongrowshop.it\\\/?product=air-vase-12lt#primaryimage\"},\"thumbnailUrl\":\"https:\\\/\\\/www.kingstongrowshop.it\\\/wp-content\\\/uploads\\\/2019\\\/09\\\/AIR2.jpg\",\"datePublished\":\"2019-09-01T17:24:39+00:00\",\"dateModified\":\"2020-05-05T15:59:05+00:00\",\"breadcrumb\":{\"@id\":\"https:\\\/\\\/www.kingstongrowshop.it\\\/?product=air-vase-12lt#breadcrumb\"},\"inLanguage\":\"it-IT\",\"potentialAction\":[{\"@type\":\"ReadAction\",\"target\":[\"https:\\\/\\\/www.kingstongrowshop.it\\\/?product=air-vase-12lt\"]}]},{\"@type\":\"ImageObject\",\"inLanguage\":\"it-IT\",\"@id\":\"https:\\\/\\\/www.kingstongrowshop.it\\\/?product=air-vase-12lt#primaryimage\",\"url\":\"https:\\\/\\\/www.kingstongrowshop.it\\\/wp-content\\\/uploads\\\/2019\\\/09\\\/AIR2.jpg\",\"contentUrl\":\"https:\\\/\\\/www.kingstongrowshop.it\\\/wp-content\\\/uploads\\\/2019\\\/09\\\/AIR2.jpg\",\"width\":700,\"height\":700},{\"@type\":\"BreadcrumbList\",\"@id\":\"https:\\\/\\\/www.kingstongrowshop.it\\\/?product=air-vase-12lt#breadcrumb\",\"itemListElement\":[{\"@type\":\"ListItem\",\"position\":1,\"name\":\"Home\",\"item\":\"https:\\\/\\\/www.kingstongrowshop.it\\\/\"},{\"@type\":\"ListItem\",\"position\":2,\"name\":\"Shop\",\"item\":\"https:\\\/\\\/www.kingstongrowshop.it\\\/?page_id=3853\"},{\"@type\":\"ListItem\",\"position\":3,\"name\":\"AIR VASE 12Lt\"}]},{\"@type\":\"WebSite\",\"@id\":\"https:\\\/\\\/www.kingstongrowshop.it\\\/#website\",\"url\":\"https:\\\/\\\/www.kingstongrowshop.it\\\/\",\"name\":\"Kingston Grow Shop\",\"description\":\"Il tuo Grow Shop di Fiducia\",\"potentialAction\":[{\"@type\":\"SearchAction\",\"target\":{\"@type\":\"EntryPoint\",\"urlTemplate\":\"https:\\\/\\\/www.kingstongrowshop.it\\\/?s={search_term_string}\"},\"query-input\":{\"@type\":\"PropertyValueSpecification\",\"valueRequired\":true,\"valueName\":\"search_term_string\"}}],\"inLanguage\":\"it-IT\"}]}<\/script>\n<!-- \/ Yoast SEO plugin. -->","yoast_head_json":{"title":"AIR VASE 12Lt - Kingston Grow Shop","robots":{"index":"index","follow":"follow","max-snippet":"max-snippet:-1","max-image-preview":"max-image-preview:large","max-video-preview":"max-video-preview:-1"},"canonical":"https:\/\/www.kingstongrowshop.it\/?product=air-vase-12lt","og_locale":"it_IT","og_type":"article","og_title":"AIR VASE 12Lt - Kingston Grow Shop","og_description":"Il nuovo Air-Vase \u00e8 un vaso-contenitore adatto a piante che non richiedano ristagni d\u2019acqua, \u00e8 realizzato in HDPE riciclato, un materiale 100% ecologico.  Grazie alla sua performante conformazione \u00e8 in grado di garantire alla pianta innumerevoli benefici, soprattutto prevenendo la spiralizzazione delle radici e guidandole in un ottimale attecchimento post-trapianto.  Il suo lato esterno \u00e8 costituito da tondeggianti coni, bucati centralmente, in grado di attivare il meccanismo detto di auto-potatura delle radici, che consiste appunto nella potatura di queste a contatto con l\u2019aria. Si promuove cos\u00ec lo sviluppo di un nuovo apparato radicale pi\u00f9 filamentoso e pi\u00f9 consistente, nonch\u00e9 tale da evitare tutti i processi di spiralizzazione.  Il suo lato interno, formato da altrettante protuberanze coniche, per\u00f2 non forate, costituir\u00e0 una guida per le radici che perfezioner\u00e0 il loro rapido ed efficace attecchimento post-trapianto.  Grazie a questo evoluto sistema in grado di forgiare un ideale apparato radicale, si avranno unici ed esclusivi vantaggi, tali da rivoluzionare il mondo vivaistico:  - Piante eccezionalmente robuste e sane - Notevole riduzione dei tempi di crescita - Fioriture considerevolmente migliori sia dal punto di vista qualitativo che quantitativo - Aumento dell\u2019assorbimento di nutrienti, grazie all\u2019aumentata ossigenazione del substrato - Eliminato lo stress da trapianti, con percentuale pieno successo di questi vicino al 100% - Rivoluzionaria ed esclusiva struttura anti-sfondamento, costituita da un robusto rinforzo conico che, integrato nel fondo del vaso arriva fino a terra. In tal modo non ci si dovr\u00e0 pi\u00f9 preoccupare di nessun greve substrato. - Grazie alla sua completa e comoda apertura sar\u00e0 possibile riutilizzare pi\u00f9 volte il vaso, perch\u00e9 raramente verr\u00e0 danneggiato durante le varie operazioni vivaistiche (in primis i trapianti), come solitamente avviene utilizzando i normali contenitori; ulteriori saranno cos\u00ec i benefici economici - Ultimi ma non meno importanti vantaggi coinvolgeranno immagazzinamento e trasporto, questo grazie alla sua natura componibile e poco ingombrante","og_url":"https:\/\/www.kingstongrowshop.it\/?product=air-vase-12lt","og_site_name":"Kingston Grow Shop","article_modified_time":"2020-05-05T15:59:05+00:00","og_image":[{"width":700,"height":700,"url":"https:\/\/www.kingstongrowshop.it\/wp-content\/uploads\/2019\/09\/AIR2.jpg","type":"image\/jpeg"}],"twitter_card":"summary_large_image","schema":{"@context":"https:\/\/schema.org","@graph":[{"@type":"WebPage","@id":"https:\/\/www.kingstongrowshop.it\/?product=air-vase-12lt","url":"https:\/\/www.kingstongrowshop.it\/?product=air-vase-12lt","name":"AIR VASE 12Lt - Kingston Grow Shop","isPartOf":{"@id":"https:\/\/www.kingstongrowshop.it\/#website"},"primaryImageOfPage":{"@id":"https:\/\/www.kingstongrowshop.it\/?product=air-vase-12lt#primaryimage"},"image":{"@id":"https:\/\/www.kingstongrowshop.it\/?product=air-vase-12lt#primaryimage"},"thumbnailUrl":"https:\/\/www.kingstongrowshop.it\/wp-content\/uploads\/2019\/09\/AIR2.jpg","datePublished":"2019-09-01T17:24:39+00:00","dateModified":"2020-05-05T15:59:05+00:00","breadcrumb":{"@id":"https:\/\/www.kingstongrowshop.it\/?product=air-vase-12lt#breadcrumb"},"inLanguage":"it-IT","potentialAction":[{"@type":"ReadAction","target":["https:\/\/www.kingstongrowshop.it\/?product=air-vase-12lt"]}]},{"@type":"ImageObject","inLanguage":"it-IT","@id":"https:\/\/www.kingstongrowshop.it\/?product=air-vase-12lt#primaryimage","url":"https:\/\/www.kingstongrowshop.it\/wp-content\/uploads\/2019\/09\/AIR2.jpg","contentUrl":"https:\/\/www.kingstongrowshop.it\/wp-content\/uploads\/2019\/09\/AIR2.jpg","width":700,"height":700},{"@type":"BreadcrumbList","@id":"https:\/\/www.kingstongrowshop.it\/?product=air-vase-12lt#breadcrumb","itemListElement":[{"@type":"ListItem","position":1,"name":"Home","item":"https:\/\/www.kingstongrowshop.it\/"},{"@type":"ListItem","position":2,"name":"Shop","item":"https:\/\/www.kingstongrowshop.it\/?page_id=3853"},{"@type":"ListItem","position":3,"name":"AIR VASE 12Lt"}]},{"@type":"WebSite","@id":"https:\/\/www.kingstongrowshop.it\/#website","url":"https:\/\/www.kingstongrowshop.it\/","name":"Kingston Grow Shop","description":"Il tuo Grow Shop di Fiducia","potentialAction":[{"@type":"SearchAction","target":{"@type":"EntryPoint","urlTemplate":"https:\/\/www.kingstongrowshop.it\/?s={search_term_string}"},"query-input":{"@type":"PropertyValueSpecification","valueRequired":true,"valueName":"search_term_string"}}],"inLanguage":"it-IT"}]}},"jetpack_sharing_enabled":true,"_links":{"self":[{"href":"https:\/\/www.kingstongrowshop.it\/index.php?rest_route=\/wp\/v2\/product\/6984","targetHints":{"allow":["GET"]}}],"collection":[{"href":"https:\/\/www.kingstongrowshop.it\/index.php?rest_route=\/wp\/v2\/product"}],"about":[{"href":"https:\/\/www.kingstongrowshop.it\/index.php?rest_route=\/wp\/v2\/types\/product"}],"replies":[{"embeddable":true,"href":"https:\/\/www.kingstongrowshop.it\/index.php?rest_route=%2Fwp%2Fv2%2Fcomments&post=6984"}],"wp:featuredmedia":[{"embeddable":true,"href":"https:\/\/www.kingstongrowshop.it\/index.php?rest_route=\/wp\/v2\/media\/6985"}],"wp:attachment":[{"href":"https:\/\/www.kingstongrowshop.it\/index.php?rest_route=%2Fwp%2Fv2%2Fmedia&parent=6984"}],"wp:term":[{"taxonomy":"product_brand","embeddable":true,"href":"https:\/\/www.kingstongrowshop.it\/index.php?rest_route=%2Fwp%2Fv2%2Fproduct_brand&post=6984"},{"taxonomy":"product_cat","embeddable":true,"href":"https:\/\/www.kingstongrowshop.it\/index.php?rest_route=%2Fwp%2Fv2%2Fproduct_cat&post=6984"},{"taxonomy":"product_tag","embeddable":true,"href":"https:\/\/www.kingstongrowshop.it\/index.php?rest_route=%2Fwp%2Fv2%2Fproduct_tag&post=6984"}],"curies":[{"name":"wp","href":"https:\/\/api.w.org\/{rel}","templated":true}]}}