{"id":7239,"date":"2019-09-05T18:25:43","date_gmt":"2019-09-05T16:25:43","guid":{"rendered":"https:\/\/www.kingstongrowshop.it\/?post_type=product&#038;p=7239"},"modified":"2024-04-19T12:23:37","modified_gmt":"2024-04-19T10:23:37","slug":"ona-spray-apple-crumble-250ml","status":"publish","type":"product","link":"https:\/\/www.kingstongrowshop.it\/?product=ona-spray-apple-crumble-250ml","title":{"rendered":"ONA SPRAY APPLE CRUMBLE 250ml"},"content":{"rendered":"<div id=\"stcpDiv\">\n<h3><strong>Caratteristiche principali ONA Spray:<\/strong><\/h3>\n<ul>\n<li>Neutralizzatore di odori in spray<\/li>\n<li>Basta premere l&#8217;ugello per rilasciare una raffica di neutralizzatore di odori<\/li>\n<li>Eventuali odori con cui il neutralizzatore viene a contatto verranno neutralizzati<\/li>\n<li>A differenza di altri prodotti che hanno appena inviato l&#8217;aria, questo prodotto rende qualsiasi molecola odorosa nulla e inerte<\/li>\n<li>Non tossico<\/li>\n<li>Ecologico<\/li>\n<li>Biologico<\/li>\n<li>Disponibile in 4 noti profumi: PRO, Fresh Linen, Tropics e Apple Crumble<\/li>\n<\/ul>\n<p><strong><br \/>\nIstruzioni per l&#8217;uso:<\/strong> Basta rimuovere il coperchio dello spray ONA e spingere verso il basso l&#8217;ugello con esso rivolto verso l&#8217;area odorosa per la rimozione immediata degli odori<\/div>\n","protected":false},"excerpt":{"rendered":"<div id=\"stcpDiv\">\n<h2><strong>ONA Spray: usalo ovunque!<\/strong><\/h2>\n<p>ONA Spray \u00e8 un flacone spray caricato con neutralizzatore di odori ONA. Se hai fumatori nella tua famiglia, hai animali domestici, hai una zona spazzatura sgradevole o ti piacerebbe che l&#8217;aria nella tua casa o in ufficio\u00a0profumasse di un odore fresco e pulito,\u00a0lo spray ONA \u00e8 l&#8217;ideale!<\/p>\n<p>Viene fornito in un comodo flacone da 250 ml, ed \u00e8 tutto ci\u00f2 di cui avrai bisogno per affrontare i tuoi problemi di odore di casa.<\/p>\n<p>A differenza di alcuni marchi che profumano solo l&#8217;aria questo \u00e8 un vero neutralizzatore di odori. La chimica avanzata, sviluppata in diversi anni, cerca e distrugge tutte le molecole odorose che sono nell&#8217;aria rendendole inerti e rimuovendo permanentemente gli odori dall&#8217;aria.<br \/>\nONA \u00e8 un olio ecologico, non tossico e organico a base di oli estratti dai fiori.<\/p>\n<h3><\/h3>\n<\/div>\n","protected":false},"featured_media":7240,"comment_status":"open","ping_status":"closed","template":"","meta":[],"product_brand":[],"product_cat":[264,259],"product_tag":[786],"class_list":{"0":"post-7239","1":"product","2":"type-product","3":"status-publish","4":"has-post-thumbnail","6":"product_cat-filtriaicarboniattivi","7":"product_cat-trattamentoaria","8":"product_tag-ona-spray","10":"first","11":"instock","12":"shipping-taxable","13":"purchasable","14":"product-type-simple"},"yoast_head":"<!-- This site is optimized with the Yoast SEO plugin v27.5 - https:\/\/yoast.com\/product\/yoast-seo-wordpress\/ -->\n<title>ONA SPRAY APPLE CRUMBLE 250ml - Kingston Grow Shop<\/title>\n<meta name=\"robots\" content=\"index, follow, max-snippet:-1, max-image-preview:large, max-video-preview:-1\" \/>\n<link rel=\"canonical\" href=\"https:\/\/www.kingstongrowshop.it\/?product=ona-spray-apple-crumble-250ml\" \/>\n<meta property=\"og:locale\" content=\"it_IT\" \/>\n<meta property=\"og:type\" content=\"article\" \/>\n<meta property=\"og:title\" content=\"ONA SPRAY APPLE CRUMBLE 250ml - Kingston Grow Shop\" \/>\n<meta property=\"og:description\" content=\"ONA Spray: usalo ovunque! ONA Spray \u00e8 un flacone spray caricato con neutralizzatore di odori ONA. Se hai fumatori nella tua famiglia, hai animali domestici, hai una zona spazzatura sgradevole o ti piacerebbe che l&#039;aria nella tua casa o in ufficio\u00a0profumasse di un odore fresco e pulito,\u00a0lo spray ONA \u00e8 l&#039;ideale!  Viene fornito in un comodo flacone da 250 ml, ed \u00e8 tutto ci\u00f2 di cui avrai bisogno per affrontare i tuoi problemi di odore di casa.  A differenza di alcuni marchi che profumano solo l&#039;aria questo \u00e8 un vero neutralizzatore di odori. La chimica avanzata, sviluppata in diversi anni, cerca e distrugge tutte le molecole odorose che sono nell&#039;aria rendendole inerti e rimuovendo permanentemente gli odori dall&#039;aria. ONA \u00e8 un olio ecologico, non tossico e organico a base di oli estratti dai fiori.\" \/>\n<meta property=\"og:url\" content=\"https:\/\/www.kingstongrowshop.it\/?product=ona-spray-apple-crumble-250ml\" \/>\n<meta property=\"og:site_name\" content=\"Kingston Grow Shop\" \/>\n<meta property=\"article:modified_time\" content=\"2024-04-19T10:23:37+00:00\" \/>\n<meta property=\"og:image\" content=\"https:\/\/www.kingstongrowshop.it\/wp-content\/uploads\/2019\/09\/ona_spray_indoorline_apple.jpg\" \/>\n\t<meta property=\"og:image:width\" content=\"1200\" \/>\n\t<meta property=\"og:image:height\" content=\"1200\" \/>\n\t<meta property=\"og:image:type\" content=\"image\/jpeg\" \/>\n<meta name=\"twitter:card\" content=\"summary_large_image\" \/>\n<script type=\"application\/ld+json\" class=\"yoast-schema-graph\">{\"@context\":\"https:\\\/\\\/schema.org\",\"@graph\":[{\"@type\":\"WebPage\",\"@id\":\"https:\\\/\\\/www.kingstongrowshop.it\\\/?product=ona-spray-apple-crumble-250ml\",\"url\":\"https:\\\/\\\/www.kingstongrowshop.it\\\/?product=ona-spray-apple-crumble-250ml\",\"name\":\"ONA SPRAY APPLE CRUMBLE 250ml - Kingston Grow Shop\",\"isPartOf\":{\"@id\":\"https:\\\/\\\/www.kingstongrowshop.it\\\/#website\"},\"primaryImageOfPage\":{\"@id\":\"https:\\\/\\\/www.kingstongrowshop.it\\\/?product=ona-spray-apple-crumble-250ml#primaryimage\"},\"image\":{\"@id\":\"https:\\\/\\\/www.kingstongrowshop.it\\\/?product=ona-spray-apple-crumble-250ml#primaryimage\"},\"thumbnailUrl\":\"https:\\\/\\\/www.kingstongrowshop.it\\\/wp-content\\\/uploads\\\/2019\\\/09\\\/ona_spray_indoorline_apple.jpg\",\"datePublished\":\"2019-09-05T16:25:43+00:00\",\"dateModified\":\"2024-04-19T10:23:37+00:00\",\"breadcrumb\":{\"@id\":\"https:\\\/\\\/www.kingstongrowshop.it\\\/?product=ona-spray-apple-crumble-250ml#breadcrumb\"},\"inLanguage\":\"it-IT\",\"potentialAction\":[{\"@type\":\"ReadAction\",\"target\":[\"https:\\\/\\\/www.kingstongrowshop.it\\\/?product=ona-spray-apple-crumble-250ml\"]}]},{\"@type\":\"ImageObject\",\"inLanguage\":\"it-IT\",\"@id\":\"https:\\\/\\\/www.kingstongrowshop.it\\\/?product=ona-spray-apple-crumble-250ml#primaryimage\",\"url\":\"https:\\\/\\\/www.kingstongrowshop.it\\\/wp-content\\\/uploads\\\/2019\\\/09\\\/ona_spray_indoorline_apple.jpg\",\"contentUrl\":\"https:\\\/\\\/www.kingstongrowshop.it\\\/wp-content\\\/uploads\\\/2019\\\/09\\\/ona_spray_indoorline_apple.jpg\",\"width\":1200,\"height\":1200},{\"@type\":\"BreadcrumbList\",\"@id\":\"https:\\\/\\\/www.kingstongrowshop.it\\\/?product=ona-spray-apple-crumble-250ml#breadcrumb\",\"itemListElement\":[{\"@type\":\"ListItem\",\"position\":1,\"name\":\"Home\",\"item\":\"https:\\\/\\\/www.kingstongrowshop.it\\\/\"},{\"@type\":\"ListItem\",\"position\":2,\"name\":\"Shop\",\"item\":\"https:\\\/\\\/www.kingstongrowshop.it\\\/?page_id=3853\"},{\"@type\":\"ListItem\",\"position\":3,\"name\":\"ONA SPRAY APPLE CRUMBLE 250ml\"}]},{\"@type\":\"WebSite\",\"@id\":\"https:\\\/\\\/www.kingstongrowshop.it\\\/#website\",\"url\":\"https:\\\/\\\/www.kingstongrowshop.it\\\/\",\"name\":\"Kingston Grow Shop\",\"description\":\"Il tuo Grow Shop di Fiducia\",\"potentialAction\":[{\"@type\":\"SearchAction\",\"target\":{\"@type\":\"EntryPoint\",\"urlTemplate\":\"https:\\\/\\\/www.kingstongrowshop.it\\\/?s={search_term_string}\"},\"query-input\":{\"@type\":\"PropertyValueSpecification\",\"valueRequired\":true,\"valueName\":\"search_term_string\"}}],\"inLanguage\":\"it-IT\"}]}<\/script>\n<!-- \/ Yoast SEO plugin. -->","yoast_head_json":{"title":"ONA SPRAY APPLE CRUMBLE 250ml - Kingston Grow Shop","robots":{"index":"index","follow":"follow","max-snippet":"max-snippet:-1","max-image-preview":"max-image-preview:large","max-video-preview":"max-video-preview:-1"},"canonical":"https:\/\/www.kingstongrowshop.it\/?product=ona-spray-apple-crumble-250ml","og_locale":"it_IT","og_type":"article","og_title":"ONA SPRAY APPLE CRUMBLE 250ml - Kingston Grow Shop","og_description":"ONA Spray: usalo ovunque! ONA Spray \u00e8 un flacone spray caricato con neutralizzatore di odori ONA. Se hai fumatori nella tua famiglia, hai animali domestici, hai una zona spazzatura sgradevole o ti piacerebbe che l'aria nella tua casa o in ufficio\u00a0profumasse di un odore fresco e pulito,\u00a0lo spray ONA \u00e8 l'ideale!  Viene fornito in un comodo flacone da 250 ml, ed \u00e8 tutto ci\u00f2 di cui avrai bisogno per affrontare i tuoi problemi di odore di casa.  A differenza di alcuni marchi che profumano solo l'aria questo \u00e8 un vero neutralizzatore di odori. La chimica avanzata, sviluppata in diversi anni, cerca e distrugge tutte le molecole odorose che sono nell'aria rendendole inerti e rimuovendo permanentemente gli odori dall'aria. ONA \u00e8 un olio ecologico, non tossico e organico a base di oli estratti dai fiori.","og_url":"https:\/\/www.kingstongrowshop.it\/?product=ona-spray-apple-crumble-250ml","og_site_name":"Kingston Grow Shop","article_modified_time":"2024-04-19T10:23:37+00:00","og_image":[{"width":1200,"height":1200,"url":"https:\/\/www.kingstongrowshop.it\/wp-content\/uploads\/2019\/09\/ona_spray_indoorline_apple.jpg","type":"image\/jpeg"}],"twitter_card":"summary_large_image","schema":{"@context":"https:\/\/schema.org","@graph":[{"@type":"WebPage","@id":"https:\/\/www.kingstongrowshop.it\/?product=ona-spray-apple-crumble-250ml","url":"https:\/\/www.kingstongrowshop.it\/?product=ona-spray-apple-crumble-250ml","name":"ONA SPRAY APPLE CRUMBLE 250ml - Kingston Grow Shop","isPartOf":{"@id":"https:\/\/www.kingstongrowshop.it\/#website"},"primaryImageOfPage":{"@id":"https:\/\/www.kingstongrowshop.it\/?product=ona-spray-apple-crumble-250ml#primaryimage"},"image":{"@id":"https:\/\/www.kingstongrowshop.it\/?product=ona-spray-apple-crumble-250ml#primaryimage"},"thumbnailUrl":"https:\/\/www.kingstongrowshop.it\/wp-content\/uploads\/2019\/09\/ona_spray_indoorline_apple.jpg","datePublished":"2019-09-05T16:25:43+00:00","dateModified":"2024-04-19T10:23:37+00:00","breadcrumb":{"@id":"https:\/\/www.kingstongrowshop.it\/?product=ona-spray-apple-crumble-250ml#breadcrumb"},"inLanguage":"it-IT","potentialAction":[{"@type":"ReadAction","target":["https:\/\/www.kingstongrowshop.it\/?product=ona-spray-apple-crumble-250ml"]}]},{"@type":"ImageObject","inLanguage":"it-IT","@id":"https:\/\/www.kingstongrowshop.it\/?product=ona-spray-apple-crumble-250ml#primaryimage","url":"https:\/\/www.kingstongrowshop.it\/wp-content\/uploads\/2019\/09\/ona_spray_indoorline_apple.jpg","contentUrl":"https:\/\/www.kingstongrowshop.it\/wp-content\/uploads\/2019\/09\/ona_spray_indoorline_apple.jpg","width":1200,"height":1200},{"@type":"BreadcrumbList","@id":"https:\/\/www.kingstongrowshop.it\/?product=ona-spray-apple-crumble-250ml#breadcrumb","itemListElement":[{"@type":"ListItem","position":1,"name":"Home","item":"https:\/\/www.kingstongrowshop.it\/"},{"@type":"ListItem","position":2,"name":"Shop","item":"https:\/\/www.kingstongrowshop.it\/?page_id=3853"},{"@type":"ListItem","position":3,"name":"ONA SPRAY APPLE CRUMBLE 250ml"}]},{"@type":"WebSite","@id":"https:\/\/www.kingstongrowshop.it\/#website","url":"https:\/\/www.kingstongrowshop.it\/","name":"Kingston Grow Shop","description":"Il tuo Grow Shop di Fiducia","potentialAction":[{"@type":"SearchAction","target":{"@type":"EntryPoint","urlTemplate":"https:\/\/www.kingstongrowshop.it\/?s={search_term_string}"},"query-input":{"@type":"PropertyValueSpecification","valueRequired":true,"valueName":"search_term_string"}}],"inLanguage":"it-IT"}]}},"jetpack_sharing_enabled":true,"_links":{"self":[{"href":"https:\/\/www.kingstongrowshop.it\/index.php?rest_route=\/wp\/v2\/product\/7239","targetHints":{"allow":["GET"]}}],"collection":[{"href":"https:\/\/www.kingstongrowshop.it\/index.php?rest_route=\/wp\/v2\/product"}],"about":[{"href":"https:\/\/www.kingstongrowshop.it\/index.php?rest_route=\/wp\/v2\/types\/product"}],"replies":[{"embeddable":true,"href":"https:\/\/www.kingstongrowshop.it\/index.php?rest_route=%2Fwp%2Fv2%2Fcomments&post=7239"}],"wp:featuredmedia":[{"embeddable":true,"href":"https:\/\/www.kingstongrowshop.it\/index.php?rest_route=\/wp\/v2\/media\/7240"}],"wp:attachment":[{"href":"https:\/\/www.kingstongrowshop.it\/index.php?rest_route=%2Fwp%2Fv2%2Fmedia&parent=7239"}],"wp:term":[{"taxonomy":"product_brand","embeddable":true,"href":"https:\/\/www.kingstongrowshop.it\/index.php?rest_route=%2Fwp%2Fv2%2Fproduct_brand&post=7239"},{"taxonomy":"product_cat","embeddable":true,"href":"https:\/\/www.kingstongrowshop.it\/index.php?rest_route=%2Fwp%2Fv2%2Fproduct_cat&post=7239"},{"taxonomy":"product_tag","embeddable":true,"href":"https:\/\/www.kingstongrowshop.it\/index.php?rest_route=%2Fwp%2Fv2%2Fproduct_tag&post=7239"}],"curies":[{"name":"wp","href":"https:\/\/api.w.org\/{rel}","templated":true}]}}