{"id":7281,"date":"2019-09-06T14:57:25","date_gmt":"2019-09-06T12:57:25","guid":{"rendered":"https:\/\/www.kingstongrowshop.it\/?post_type=product&#038;p=7281"},"modified":"2019-09-06T14:57:26","modified_gmt":"2019-09-06T12:57:26","slug":"sistema-idroponico-dwc-neptune","status":"publish","type":"product","link":"https:\/\/www.kingstongrowshop.it\/?product=sistema-idroponico-dwc-neptune","title":{"rendered":"SISTEMA IDROPONICO DWC NEPTUNE"},"content":{"rendered":"<p>Nota: Necessita di argilla espansa o altro substrato inerte.<\/p>\n","protected":false},"excerpt":{"rendered":"<p>Sistema Idroponico DWC (Deep Water Colture).<\/p>\n<p>Il sistema DWC (Deep Water Culture) della Neptune, \u00e8 un sistema idroponico in cui le radici sono continuamente a contatto con l&#8217;acqua. Le piante che vengono coltivate con questo sistema, crescono sane e molto rapidamente, proprio perch\u00e9 le radici sono costantemente alimentate con sostanze nutritive e ossigenate mediante la pietra in ceramica di alta qualit\u00e0.<\/p>\n<p>Un fattore da considerare \u00e8 la quantit\u00e0 di ossigeno fornito alle radici. Le piante coltivate nel sistema DWC POT, ricevono grandi quantit\u00e0 di ossigeno, garantendo ottimi risultati, nonostante sia un sistema estremamente semplice da utilizzare ma incredibilmente efficace..<\/p>\n<p>Il sistema \u00e8 completo e pronto all&#8217;uso.<\/p>\n<p><strong>Hydroponics Neptune DWC POT include<\/strong>:<\/p>\n<ul>\n<li>1x Serbatoio da 25 litri<\/li>\n<li>1x Vaso a rete da 20 cm<\/li>\n<li>1x Pompa ossigenatrice<\/li>\n<li>1x Tubo in silicone atossico da 1,25 m per pompa ossigenatrice<\/li>\n<li>2x Pietra ossigenatrice 15 cm<\/li>\n<li>1x Tubo trasparente blu antialga per livello soluzione<\/li>\n<li>Raccordi e gommini<\/li>\n<\/ul>\n","protected":false},"featured_media":7282,"comment_status":"open","ping_status":"closed","template":"","meta":[],"product_brand":[],"product_cat":[279],"product_tag":[801,699],"class_list":{"0":"post-7281","1":"product","2":"type-product","3":"status-publish","4":"has-post-thumbnail","6":"product_cat-idroponicaeirrigazione","7":"product_tag-dwc","8":"product_tag-idroponica","10":"first","11":"instock","12":"shipping-taxable","13":"purchasable","14":"product-type-simple"},"yoast_head":"<!-- This site is optimized with the Yoast SEO plugin v27.5 - https:\/\/yoast.com\/product\/yoast-seo-wordpress\/ -->\n<title>SISTEMA IDROPONICO DWC NEPTUNE - Kingston Grow Shop<\/title>\n<meta name=\"robots\" content=\"index, follow, max-snippet:-1, max-image-preview:large, max-video-preview:-1\" \/>\n<link rel=\"canonical\" href=\"https:\/\/www.kingstongrowshop.it\/?product=sistema-idroponico-dwc-neptune\" \/>\n<meta property=\"og:locale\" content=\"it_IT\" \/>\n<meta property=\"og:type\" content=\"article\" \/>\n<meta property=\"og:title\" content=\"SISTEMA IDROPONICO DWC NEPTUNE - Kingston Grow Shop\" \/>\n<meta property=\"og:description\" content=\"Sistema Idroponico DWC (Deep Water Colture).  Il sistema DWC (Deep Water Culture) della Neptune, \u00e8 un sistema idroponico in cui le radici sono continuamente a contatto con l&#039;acqua. Le piante che vengono coltivate con questo sistema, crescono sane e molto rapidamente, proprio perch\u00e9 le radici sono costantemente alimentate con sostanze nutritive e ossigenate mediante la pietra in ceramica di alta qualit\u00e0.  Un fattore da considerare \u00e8 la quantit\u00e0 di ossigeno fornito alle radici. Le piante coltivate nel sistema DWC POT, ricevono grandi quantit\u00e0 di ossigeno, garantendo ottimi risultati, nonostante sia un sistema estremamente semplice da utilizzare ma incredibilmente efficace..  Il sistema \u00e8 completo e pronto all&#039;uso.  Hydroponics Neptune DWC POT include:   1x Serbatoio da 25 litri  1x Vaso a rete da 20 cm  1x Pompa ossigenatrice  1x Tubo in silicone atossico da 1,25 m per pompa ossigenatrice  2x Pietra ossigenatrice 15 cm  1x Tubo trasparente blu antialga per livello soluzione  Raccordi e gommini\" \/>\n<meta property=\"og:url\" content=\"https:\/\/www.kingstongrowshop.it\/?product=sistema-idroponico-dwc-neptune\" \/>\n<meta property=\"og:site_name\" content=\"Kingston Grow Shop\" \/>\n<meta property=\"article:modified_time\" content=\"2019-09-06T12:57:26+00:00\" \/>\n<meta property=\"og:image\" content=\"https:\/\/www.kingstongrowshop.it\/wp-content\/uploads\/2019\/09\/dwc.jpg\" \/>\n\t<meta property=\"og:image:width\" content=\"500\" \/>\n\t<meta property=\"og:image:height\" content=\"500\" \/>\n\t<meta property=\"og:image:type\" content=\"image\/jpeg\" \/>\n<meta name=\"twitter:card\" content=\"summary_large_image\" \/>\n<script type=\"application\/ld+json\" class=\"yoast-schema-graph\">{\"@context\":\"https:\\\/\\\/schema.org\",\"@graph\":[{\"@type\":\"WebPage\",\"@id\":\"https:\\\/\\\/www.kingstongrowshop.it\\\/?product=sistema-idroponico-dwc-neptune\",\"url\":\"https:\\\/\\\/www.kingstongrowshop.it\\\/?product=sistema-idroponico-dwc-neptune\",\"name\":\"SISTEMA IDROPONICO DWC NEPTUNE - Kingston Grow Shop\",\"isPartOf\":{\"@id\":\"https:\\\/\\\/www.kingstongrowshop.it\\\/#website\"},\"primaryImageOfPage\":{\"@id\":\"https:\\\/\\\/www.kingstongrowshop.it\\\/?product=sistema-idroponico-dwc-neptune#primaryimage\"},\"image\":{\"@id\":\"https:\\\/\\\/www.kingstongrowshop.it\\\/?product=sistema-idroponico-dwc-neptune#primaryimage\"},\"thumbnailUrl\":\"https:\\\/\\\/www.kingstongrowshop.it\\\/wp-content\\\/uploads\\\/2019\\\/09\\\/dwc.jpg\",\"datePublished\":\"2019-09-06T12:57:25+00:00\",\"dateModified\":\"2019-09-06T12:57:26+00:00\",\"breadcrumb\":{\"@id\":\"https:\\\/\\\/www.kingstongrowshop.it\\\/?product=sistema-idroponico-dwc-neptune#breadcrumb\"},\"inLanguage\":\"it-IT\",\"potentialAction\":[{\"@type\":\"ReadAction\",\"target\":[\"https:\\\/\\\/www.kingstongrowshop.it\\\/?product=sistema-idroponico-dwc-neptune\"]}]},{\"@type\":\"ImageObject\",\"inLanguage\":\"it-IT\",\"@id\":\"https:\\\/\\\/www.kingstongrowshop.it\\\/?product=sistema-idroponico-dwc-neptune#primaryimage\",\"url\":\"https:\\\/\\\/www.kingstongrowshop.it\\\/wp-content\\\/uploads\\\/2019\\\/09\\\/dwc.jpg\",\"contentUrl\":\"https:\\\/\\\/www.kingstongrowshop.it\\\/wp-content\\\/uploads\\\/2019\\\/09\\\/dwc.jpg\",\"width\":500,\"height\":500},{\"@type\":\"BreadcrumbList\",\"@id\":\"https:\\\/\\\/www.kingstongrowshop.it\\\/?product=sistema-idroponico-dwc-neptune#breadcrumb\",\"itemListElement\":[{\"@type\":\"ListItem\",\"position\":1,\"name\":\"Home\",\"item\":\"https:\\\/\\\/www.kingstongrowshop.it\\\/\"},{\"@type\":\"ListItem\",\"position\":2,\"name\":\"Shop\",\"item\":\"https:\\\/\\\/www.kingstongrowshop.it\\\/?page_id=3853\"},{\"@type\":\"ListItem\",\"position\":3,\"name\":\"SISTEMA IDROPONICO DWC NEPTUNE\"}]},{\"@type\":\"WebSite\",\"@id\":\"https:\\\/\\\/www.kingstongrowshop.it\\\/#website\",\"url\":\"https:\\\/\\\/www.kingstongrowshop.it\\\/\",\"name\":\"Kingston Grow Shop\",\"description\":\"Il tuo Grow Shop di Fiducia\",\"potentialAction\":[{\"@type\":\"SearchAction\",\"target\":{\"@type\":\"EntryPoint\",\"urlTemplate\":\"https:\\\/\\\/www.kingstongrowshop.it\\\/?s={search_term_string}\"},\"query-input\":{\"@type\":\"PropertyValueSpecification\",\"valueRequired\":true,\"valueName\":\"search_term_string\"}}],\"inLanguage\":\"it-IT\"}]}<\/script>\n<!-- \/ Yoast SEO plugin. -->","yoast_head_json":{"title":"SISTEMA IDROPONICO DWC NEPTUNE - Kingston Grow Shop","robots":{"index":"index","follow":"follow","max-snippet":"max-snippet:-1","max-image-preview":"max-image-preview:large","max-video-preview":"max-video-preview:-1"},"canonical":"https:\/\/www.kingstongrowshop.it\/?product=sistema-idroponico-dwc-neptune","og_locale":"it_IT","og_type":"article","og_title":"SISTEMA IDROPONICO DWC NEPTUNE - Kingston Grow Shop","og_description":"Sistema Idroponico DWC (Deep Water Colture).  Il sistema DWC (Deep Water Culture) della Neptune, \u00e8 un sistema idroponico in cui le radici sono continuamente a contatto con l'acqua. Le piante che vengono coltivate con questo sistema, crescono sane e molto rapidamente, proprio perch\u00e9 le radici sono costantemente alimentate con sostanze nutritive e ossigenate mediante la pietra in ceramica di alta qualit\u00e0.  Un fattore da considerare \u00e8 la quantit\u00e0 di ossigeno fornito alle radici. Le piante coltivate nel sistema DWC POT, ricevono grandi quantit\u00e0 di ossigeno, garantendo ottimi risultati, nonostante sia un sistema estremamente semplice da utilizzare ma incredibilmente efficace..  Il sistema \u00e8 completo e pronto all'uso.  Hydroponics Neptune DWC POT include:   1x Serbatoio da 25 litri  1x Vaso a rete da 20 cm  1x Pompa ossigenatrice  1x Tubo in silicone atossico da 1,25 m per pompa ossigenatrice  2x Pietra ossigenatrice 15 cm  1x Tubo trasparente blu antialga per livello soluzione  Raccordi e gommini","og_url":"https:\/\/www.kingstongrowshop.it\/?product=sistema-idroponico-dwc-neptune","og_site_name":"Kingston Grow Shop","article_modified_time":"2019-09-06T12:57:26+00:00","og_image":[{"width":500,"height":500,"url":"https:\/\/www.kingstongrowshop.it\/wp-content\/uploads\/2019\/09\/dwc.jpg","type":"image\/jpeg"}],"twitter_card":"summary_large_image","schema":{"@context":"https:\/\/schema.org","@graph":[{"@type":"WebPage","@id":"https:\/\/www.kingstongrowshop.it\/?product=sistema-idroponico-dwc-neptune","url":"https:\/\/www.kingstongrowshop.it\/?product=sistema-idroponico-dwc-neptune","name":"SISTEMA IDROPONICO DWC NEPTUNE - Kingston Grow Shop","isPartOf":{"@id":"https:\/\/www.kingstongrowshop.it\/#website"},"primaryImageOfPage":{"@id":"https:\/\/www.kingstongrowshop.it\/?product=sistema-idroponico-dwc-neptune#primaryimage"},"image":{"@id":"https:\/\/www.kingstongrowshop.it\/?product=sistema-idroponico-dwc-neptune#primaryimage"},"thumbnailUrl":"https:\/\/www.kingstongrowshop.it\/wp-content\/uploads\/2019\/09\/dwc.jpg","datePublished":"2019-09-06T12:57:25+00:00","dateModified":"2019-09-06T12:57:26+00:00","breadcrumb":{"@id":"https:\/\/www.kingstongrowshop.it\/?product=sistema-idroponico-dwc-neptune#breadcrumb"},"inLanguage":"it-IT","potentialAction":[{"@type":"ReadAction","target":["https:\/\/www.kingstongrowshop.it\/?product=sistema-idroponico-dwc-neptune"]}]},{"@type":"ImageObject","inLanguage":"it-IT","@id":"https:\/\/www.kingstongrowshop.it\/?product=sistema-idroponico-dwc-neptune#primaryimage","url":"https:\/\/www.kingstongrowshop.it\/wp-content\/uploads\/2019\/09\/dwc.jpg","contentUrl":"https:\/\/www.kingstongrowshop.it\/wp-content\/uploads\/2019\/09\/dwc.jpg","width":500,"height":500},{"@type":"BreadcrumbList","@id":"https:\/\/www.kingstongrowshop.it\/?product=sistema-idroponico-dwc-neptune#breadcrumb","itemListElement":[{"@type":"ListItem","position":1,"name":"Home","item":"https:\/\/www.kingstongrowshop.it\/"},{"@type":"ListItem","position":2,"name":"Shop","item":"https:\/\/www.kingstongrowshop.it\/?page_id=3853"},{"@type":"ListItem","position":3,"name":"SISTEMA IDROPONICO DWC NEPTUNE"}]},{"@type":"WebSite","@id":"https:\/\/www.kingstongrowshop.it\/#website","url":"https:\/\/www.kingstongrowshop.it\/","name":"Kingston Grow Shop","description":"Il tuo Grow Shop di Fiducia","potentialAction":[{"@type":"SearchAction","target":{"@type":"EntryPoint","urlTemplate":"https:\/\/www.kingstongrowshop.it\/?s={search_term_string}"},"query-input":{"@type":"PropertyValueSpecification","valueRequired":true,"valueName":"search_term_string"}}],"inLanguage":"it-IT"}]}},"jetpack_sharing_enabled":true,"_links":{"self":[{"href":"https:\/\/www.kingstongrowshop.it\/index.php?rest_route=\/wp\/v2\/product\/7281","targetHints":{"allow":["GET"]}}],"collection":[{"href":"https:\/\/www.kingstongrowshop.it\/index.php?rest_route=\/wp\/v2\/product"}],"about":[{"href":"https:\/\/www.kingstongrowshop.it\/index.php?rest_route=\/wp\/v2\/types\/product"}],"replies":[{"embeddable":true,"href":"https:\/\/www.kingstongrowshop.it\/index.php?rest_route=%2Fwp%2Fv2%2Fcomments&post=7281"}],"wp:featuredmedia":[{"embeddable":true,"href":"https:\/\/www.kingstongrowshop.it\/index.php?rest_route=\/wp\/v2\/media\/7282"}],"wp:attachment":[{"href":"https:\/\/www.kingstongrowshop.it\/index.php?rest_route=%2Fwp%2Fv2%2Fmedia&parent=7281"}],"wp:term":[{"taxonomy":"product_brand","embeddable":true,"href":"https:\/\/www.kingstongrowshop.it\/index.php?rest_route=%2Fwp%2Fv2%2Fproduct_brand&post=7281"},{"taxonomy":"product_cat","embeddable":true,"href":"https:\/\/www.kingstongrowshop.it\/index.php?rest_route=%2Fwp%2Fv2%2Fproduct_cat&post=7281"},{"taxonomy":"product_tag","embeddable":true,"href":"https:\/\/www.kingstongrowshop.it\/index.php?rest_route=%2Fwp%2Fv2%2Fproduct_tag&post=7281"}],"curies":[{"name":"wp","href":"https:\/\/api.w.org\/{rel}","templated":true}]}}