{"id":7292,"date":"2019-09-08T15:00:39","date_gmt":"2019-09-08T13:00:39","guid":{"rendered":"https:\/\/www.kingstongrowshop.it\/?post_type=product&#038;p=7292"},"modified":"2021-04-16T08:32:39","modified_gmt":"2021-04-16T06:32:39","slug":"dexso-tubo-di-estrazione-professional-100-gr","status":"publish","type":"product","link":"https:\/\/www.kingstongrowshop.it\/?product=dexso-tubo-di-estrazione-professional-100-gr","title":{"rendered":"DEXSO &#8211; TUBO DI ESTRAZIONE PROFESSIONAL &#8211; 100 GR"},"content":{"rendered":"","protected":false},"excerpt":{"rendered":"<p>Dexso \u00e8 un prodotto a base di etere dimetilico studiato per estrarre resine ed olii essenziali con la massima efficacia e sicurezza.<br \/>\nCon l&#8217;utilizzo di questo gas organico si ottengono estrazioni pure al 99,99% e senza residui dannosi per la salute.<\/p>\n<p>Il tubo di estrazione Professional Dexso in acciaio V4A contiene fino a 100 gr di foglie secche e pu\u00f2 essere utilizzato con l&#8217;etere dimetilico (DME) Dexso.<br \/>\nL&#8217;acciao V4A \u00e8 autopulente: si pulisce automaticamente durante l&#8217;estrazione!<\/p>\n<p>Perch\u00e8 scegliere gli estrattori Dexso&#8230;?<\/p>\n<p>Design superiore:<\/p>\n<p>* gli estrattori Dexso, grazie ai piedini inclusi nel prodotto, sono stati studiati per essere messi in posizione verticale durante il processo di estrazione e il design esclusivo e brevettato previene eventuali perdite di prodotto.<\/p>\n<p>* rivestimento in Ossiodo di Alluminio anodizzato: il rivestimento in Al2O3 (ossido di alluminio) d\u00e0 i vantaggi di un estrattore in vetro e protegge l&#8217;estrattore da graffi o danni.<\/p>\n<p>* facilit\u00e0 di svuotamento: il disco in alluminio inserito nell&#8217;estrattore e collegato ad un cavo consente di svuotare l&#8217;estrattore con facilit\u00e0 e velocit\u00e0. Provate e vi sar\u00e0 facile apprezzarne la facilit\u00e0 d&#8217;uso!<\/p>\n<p>* dispositivo di distribuzione: garantisce la migliore distribuzione del solvente durante il processo di estrazione in modo che il gas entri in contatto con tutte le foglie inserite nell&#8217;estrattore.<\/p>\n<p>* tenuta statica: la tenuta statica garantisce un&#8217;estrazione pulita, sicura e semplicissima.<\/p>\n<p>* Treppiede magnetico: il treppiede magnetico \u00e8 facile da assemblare e vi sar\u00e0 facile apprezzare tutti i vantaggi dei supporti magnetici: portare con voi dovunque il vostro estrattore per WAX non \u00e8 mai stato cos\u00ec facile&#8230;<\/p>\n<p>* Piedini in gomma: i piedini in gomma danno stabilit\u00e0 all&#8217;etrattore durante l&#8217;utilizzo.<\/p>\n<p>Vantaggi:<\/p>\n<p>&#8211; nessuno spreco: estraete fino all&#8217;ultima paticella dsi resina dalle vostre foglie di scarto!<br \/>\n&#8211; miglior processo di estrazione nel pi\u00f9 breve tempo<br \/>\n&#8211; prodotto originale svizzero, realizzato in accordo con le leggi vigenti sulla sicurezza<\/p>\n","protected":false},"featured_media":7293,"comment_status":"open","ping_status":"closed","template":"","meta":[],"product_brand":[],"product_cat":[296,297],"product_tag":[807,808,805,806],"class_list":{"0":"post-7292","1":"product","2":"type-product","3":"status-publish","4":"has-post-thumbnail","6":"product_cat-estrazionieresine","7":"product_cat-headshopeparaphernalia","8":"product_tag-butano","9":"product_tag-dexso","10":"product_tag-estrazione","11":"product_tag-torre-estrazione","13":"first","14":"outofstock","15":"sale","16":"shipping-taxable","17":"purchasable","18":"product-type-simple"},"yoast_head":"<!-- This site is optimized with the Yoast SEO plugin v27.5 - https:\/\/yoast.com\/product\/yoast-seo-wordpress\/ -->\n<title>DEXSO - TUBO DI ESTRAZIONE PROFESSIONAL - 100 GR - Kingston Grow Shop<\/title>\n<meta name=\"robots\" content=\"index, follow, max-snippet:-1, max-image-preview:large, max-video-preview:-1\" \/>\n<link rel=\"canonical\" href=\"https:\/\/www.kingstongrowshop.it\/?product=dexso-tubo-di-estrazione-professional-100-gr\" \/>\n<meta property=\"og:locale\" content=\"it_IT\" \/>\n<meta property=\"og:type\" content=\"article\" \/>\n<meta property=\"og:title\" content=\"DEXSO - TUBO DI ESTRAZIONE PROFESSIONAL - 100 GR - Kingston Grow Shop\" \/>\n<meta property=\"og:description\" content=\"Dexso \u00e8 un prodotto a base di etere dimetilico studiato per estrarre resine ed olii essenziali con la massima efficacia e sicurezza. Con l&#039;utilizzo di questo gas organico si ottengono estrazioni pure al 99,99% e senza residui dannosi per la salute.  Il tubo di estrazione Professional Dexso in acciaio V4A contiene fino a 100 gr di foglie secche e pu\u00f2 essere utilizzato con l&#039;etere dimetilico (DME) Dexso. L&#039;acciao V4A \u00e8 autopulente: si pulisce automaticamente durante l&#039;estrazione!  Perch\u00e8 scegliere gli estrattori Dexso...?  Design superiore:  * gli estrattori Dexso, grazie ai piedini inclusi nel prodotto, sono stati studiati per essere messi in posizione verticale durante il processo di estrazione e il design esclusivo e brevettato previene eventuali perdite di prodotto.  * rivestimento in Ossiodo di Alluminio anodizzato: il rivestimento in Al2O3 (ossido di alluminio) d\u00e0 i vantaggi di un estrattore in vetro e protegge l&#039;estrattore da graffi o danni.  * facilit\u00e0 di svuotamento: il disco in alluminio inserito nell&#039;estrattore e collegato ad un cavo consente di svuotare l&#039;estrattore con facilit\u00e0 e velocit\u00e0. Provate e vi sar\u00e0 facile apprezzarne la facilit\u00e0 d&#039;uso!  * dispositivo di distribuzione: garantisce la migliore distribuzione del solvente durante il processo di estrazione in modo che il gas entri in contatto con tutte le foglie inserite nell&#039;estrattore.  * tenuta statica: la tenuta statica garantisce un&#039;estrazione pulita, sicura e semplicissima.  * Treppiede magnetico: il treppiede magnetico \u00e8 facile da assemblare e vi sar\u00e0 facile apprezzare tutti i vantaggi dei supporti magnetici: portare con voi dovunque il vostro estrattore per WAX non \u00e8 mai stato cos\u00ec facile...  * Piedini in gomma: i piedini in gomma danno stabilit\u00e0 all&#039;etrattore durante l&#039;utilizzo.  Vantaggi:  - nessuno spreco: estraete fino all&#039;ultima paticella dsi resina dalle vostre foglie di scarto! - miglior processo di estrazione nel pi\u00f9 breve tempo - prodotto originale svizzero, realizzato in accordo con le leggi vigenti sulla sicurezza\" \/>\n<meta property=\"og:url\" content=\"https:\/\/www.kingstongrowshop.it\/?product=dexso-tubo-di-estrazione-professional-100-gr\" \/>\n<meta property=\"og:site_name\" content=\"Kingston Grow Shop\" \/>\n<meta property=\"article:modified_time\" content=\"2021-04-16T06:32:39+00:00\" \/>\n<meta property=\"og:image\" content=\"https:\/\/www.kingstongrowshop.it\/wp-content\/uploads\/2019\/09\/torretta.jpg\" \/>\n\t<meta property=\"og:image:width\" content=\"500\" \/>\n\t<meta property=\"og:image:height\" content=\"500\" \/>\n\t<meta property=\"og:image:type\" content=\"image\/jpeg\" \/>\n<meta name=\"twitter:card\" content=\"summary_large_image\" \/>\n<script type=\"application\/ld+json\" class=\"yoast-schema-graph\">{\"@context\":\"https:\\\/\\\/schema.org\",\"@graph\":[{\"@type\":\"WebPage\",\"@id\":\"https:\\\/\\\/www.kingstongrowshop.it\\\/?product=dexso-tubo-di-estrazione-professional-100-gr\",\"url\":\"https:\\\/\\\/www.kingstongrowshop.it\\\/?product=dexso-tubo-di-estrazione-professional-100-gr\",\"name\":\"DEXSO - TUBO DI ESTRAZIONE PROFESSIONAL - 100 GR - Kingston Grow Shop\",\"isPartOf\":{\"@id\":\"https:\\\/\\\/www.kingstongrowshop.it\\\/#website\"},\"primaryImageOfPage\":{\"@id\":\"https:\\\/\\\/www.kingstongrowshop.it\\\/?product=dexso-tubo-di-estrazione-professional-100-gr#primaryimage\"},\"image\":{\"@id\":\"https:\\\/\\\/www.kingstongrowshop.it\\\/?product=dexso-tubo-di-estrazione-professional-100-gr#primaryimage\"},\"thumbnailUrl\":\"https:\\\/\\\/www.kingstongrowshop.it\\\/wp-content\\\/uploads\\\/2019\\\/09\\\/torretta.jpg\",\"datePublished\":\"2019-09-08T13:00:39+00:00\",\"dateModified\":\"2021-04-16T06:32:39+00:00\",\"breadcrumb\":{\"@id\":\"https:\\\/\\\/www.kingstongrowshop.it\\\/?product=dexso-tubo-di-estrazione-professional-100-gr#breadcrumb\"},\"inLanguage\":\"it-IT\",\"potentialAction\":[{\"@type\":\"ReadAction\",\"target\":[\"https:\\\/\\\/www.kingstongrowshop.it\\\/?product=dexso-tubo-di-estrazione-professional-100-gr\"]}]},{\"@type\":\"ImageObject\",\"inLanguage\":\"it-IT\",\"@id\":\"https:\\\/\\\/www.kingstongrowshop.it\\\/?product=dexso-tubo-di-estrazione-professional-100-gr#primaryimage\",\"url\":\"https:\\\/\\\/www.kingstongrowshop.it\\\/wp-content\\\/uploads\\\/2019\\\/09\\\/torretta.jpg\",\"contentUrl\":\"https:\\\/\\\/www.kingstongrowshop.it\\\/wp-content\\\/uploads\\\/2019\\\/09\\\/torretta.jpg\",\"width\":500,\"height\":500},{\"@type\":\"BreadcrumbList\",\"@id\":\"https:\\\/\\\/www.kingstongrowshop.it\\\/?product=dexso-tubo-di-estrazione-professional-100-gr#breadcrumb\",\"itemListElement\":[{\"@type\":\"ListItem\",\"position\":1,\"name\":\"Home\",\"item\":\"https:\\\/\\\/www.kingstongrowshop.it\\\/\"},{\"@type\":\"ListItem\",\"position\":2,\"name\":\"Shop\",\"item\":\"https:\\\/\\\/www.kingstongrowshop.it\\\/?page_id=3853\"},{\"@type\":\"ListItem\",\"position\":3,\"name\":\"DEXSO &#8211; TUBO DI ESTRAZIONE PROFESSIONAL &#8211; 100 GR\"}]},{\"@type\":\"WebSite\",\"@id\":\"https:\\\/\\\/www.kingstongrowshop.it\\\/#website\",\"url\":\"https:\\\/\\\/www.kingstongrowshop.it\\\/\",\"name\":\"Kingston Grow Shop\",\"description\":\"Il tuo Grow Shop di Fiducia\",\"potentialAction\":[{\"@type\":\"SearchAction\",\"target\":{\"@type\":\"EntryPoint\",\"urlTemplate\":\"https:\\\/\\\/www.kingstongrowshop.it\\\/?s={search_term_string}\"},\"query-input\":{\"@type\":\"PropertyValueSpecification\",\"valueRequired\":true,\"valueName\":\"search_term_string\"}}],\"inLanguage\":\"it-IT\"}]}<\/script>\n<!-- \/ Yoast SEO plugin. -->","yoast_head_json":{"title":"DEXSO - TUBO DI ESTRAZIONE PROFESSIONAL - 100 GR - Kingston Grow Shop","robots":{"index":"index","follow":"follow","max-snippet":"max-snippet:-1","max-image-preview":"max-image-preview:large","max-video-preview":"max-video-preview:-1"},"canonical":"https:\/\/www.kingstongrowshop.it\/?product=dexso-tubo-di-estrazione-professional-100-gr","og_locale":"it_IT","og_type":"article","og_title":"DEXSO - TUBO DI ESTRAZIONE PROFESSIONAL - 100 GR - Kingston Grow Shop","og_description":"Dexso \u00e8 un prodotto a base di etere dimetilico studiato per estrarre resine ed olii essenziali con la massima efficacia e sicurezza. Con l'utilizzo di questo gas organico si ottengono estrazioni pure al 99,99% e senza residui dannosi per la salute.  Il tubo di estrazione Professional Dexso in acciaio V4A contiene fino a 100 gr di foglie secche e pu\u00f2 essere utilizzato con l'etere dimetilico (DME) Dexso. L'acciao V4A \u00e8 autopulente: si pulisce automaticamente durante l'estrazione!  Perch\u00e8 scegliere gli estrattori Dexso...?  Design superiore:  * gli estrattori Dexso, grazie ai piedini inclusi nel prodotto, sono stati studiati per essere messi in posizione verticale durante il processo di estrazione e il design esclusivo e brevettato previene eventuali perdite di prodotto.  * rivestimento in Ossiodo di Alluminio anodizzato: il rivestimento in Al2O3 (ossido di alluminio) d\u00e0 i vantaggi di un estrattore in vetro e protegge l'estrattore da graffi o danni.  * facilit\u00e0 di svuotamento: il disco in alluminio inserito nell'estrattore e collegato ad un cavo consente di svuotare l'estrattore con facilit\u00e0 e velocit\u00e0. Provate e vi sar\u00e0 facile apprezzarne la facilit\u00e0 d'uso!  * dispositivo di distribuzione: garantisce la migliore distribuzione del solvente durante il processo di estrazione in modo che il gas entri in contatto con tutte le foglie inserite nell'estrattore.  * tenuta statica: la tenuta statica garantisce un'estrazione pulita, sicura e semplicissima.  * Treppiede magnetico: il treppiede magnetico \u00e8 facile da assemblare e vi sar\u00e0 facile apprezzare tutti i vantaggi dei supporti magnetici: portare con voi dovunque il vostro estrattore per WAX non \u00e8 mai stato cos\u00ec facile...  * Piedini in gomma: i piedini in gomma danno stabilit\u00e0 all'etrattore durante l'utilizzo.  Vantaggi:  - nessuno spreco: estraete fino all'ultima paticella dsi resina dalle vostre foglie di scarto! - miglior processo di estrazione nel pi\u00f9 breve tempo - prodotto originale svizzero, realizzato in accordo con le leggi vigenti sulla sicurezza","og_url":"https:\/\/www.kingstongrowshop.it\/?product=dexso-tubo-di-estrazione-professional-100-gr","og_site_name":"Kingston Grow Shop","article_modified_time":"2021-04-16T06:32:39+00:00","og_image":[{"width":500,"height":500,"url":"https:\/\/www.kingstongrowshop.it\/wp-content\/uploads\/2019\/09\/torretta.jpg","type":"image\/jpeg"}],"twitter_card":"summary_large_image","schema":{"@context":"https:\/\/schema.org","@graph":[{"@type":"WebPage","@id":"https:\/\/www.kingstongrowshop.it\/?product=dexso-tubo-di-estrazione-professional-100-gr","url":"https:\/\/www.kingstongrowshop.it\/?product=dexso-tubo-di-estrazione-professional-100-gr","name":"DEXSO - TUBO DI ESTRAZIONE PROFESSIONAL - 100 GR - Kingston Grow Shop","isPartOf":{"@id":"https:\/\/www.kingstongrowshop.it\/#website"},"primaryImageOfPage":{"@id":"https:\/\/www.kingstongrowshop.it\/?product=dexso-tubo-di-estrazione-professional-100-gr#primaryimage"},"image":{"@id":"https:\/\/www.kingstongrowshop.it\/?product=dexso-tubo-di-estrazione-professional-100-gr#primaryimage"},"thumbnailUrl":"https:\/\/www.kingstongrowshop.it\/wp-content\/uploads\/2019\/09\/torretta.jpg","datePublished":"2019-09-08T13:00:39+00:00","dateModified":"2021-04-16T06:32:39+00:00","breadcrumb":{"@id":"https:\/\/www.kingstongrowshop.it\/?product=dexso-tubo-di-estrazione-professional-100-gr#breadcrumb"},"inLanguage":"it-IT","potentialAction":[{"@type":"ReadAction","target":["https:\/\/www.kingstongrowshop.it\/?product=dexso-tubo-di-estrazione-professional-100-gr"]}]},{"@type":"ImageObject","inLanguage":"it-IT","@id":"https:\/\/www.kingstongrowshop.it\/?product=dexso-tubo-di-estrazione-professional-100-gr#primaryimage","url":"https:\/\/www.kingstongrowshop.it\/wp-content\/uploads\/2019\/09\/torretta.jpg","contentUrl":"https:\/\/www.kingstongrowshop.it\/wp-content\/uploads\/2019\/09\/torretta.jpg","width":500,"height":500},{"@type":"BreadcrumbList","@id":"https:\/\/www.kingstongrowshop.it\/?product=dexso-tubo-di-estrazione-professional-100-gr#breadcrumb","itemListElement":[{"@type":"ListItem","position":1,"name":"Home","item":"https:\/\/www.kingstongrowshop.it\/"},{"@type":"ListItem","position":2,"name":"Shop","item":"https:\/\/www.kingstongrowshop.it\/?page_id=3853"},{"@type":"ListItem","position":3,"name":"DEXSO &#8211; TUBO DI ESTRAZIONE PROFESSIONAL &#8211; 100 GR"}]},{"@type":"WebSite","@id":"https:\/\/www.kingstongrowshop.it\/#website","url":"https:\/\/www.kingstongrowshop.it\/","name":"Kingston Grow Shop","description":"Il tuo Grow Shop di Fiducia","potentialAction":[{"@type":"SearchAction","target":{"@type":"EntryPoint","urlTemplate":"https:\/\/www.kingstongrowshop.it\/?s={search_term_string}"},"query-input":{"@type":"PropertyValueSpecification","valueRequired":true,"valueName":"search_term_string"}}],"inLanguage":"it-IT"}]}},"jetpack_sharing_enabled":true,"_links":{"self":[{"href":"https:\/\/www.kingstongrowshop.it\/index.php?rest_route=\/wp\/v2\/product\/7292","targetHints":{"allow":["GET"]}}],"collection":[{"href":"https:\/\/www.kingstongrowshop.it\/index.php?rest_route=\/wp\/v2\/product"}],"about":[{"href":"https:\/\/www.kingstongrowshop.it\/index.php?rest_route=\/wp\/v2\/types\/product"}],"replies":[{"embeddable":true,"href":"https:\/\/www.kingstongrowshop.it\/index.php?rest_route=%2Fwp%2Fv2%2Fcomments&post=7292"}],"wp:featuredmedia":[{"embeddable":true,"href":"https:\/\/www.kingstongrowshop.it\/index.php?rest_route=\/wp\/v2\/media\/7293"}],"wp:attachment":[{"href":"https:\/\/www.kingstongrowshop.it\/index.php?rest_route=%2Fwp%2Fv2%2Fmedia&parent=7292"}],"wp:term":[{"taxonomy":"product_brand","embeddable":true,"href":"https:\/\/www.kingstongrowshop.it\/index.php?rest_route=%2Fwp%2Fv2%2Fproduct_brand&post=7292"},{"taxonomy":"product_cat","embeddable":true,"href":"https:\/\/www.kingstongrowshop.it\/index.php?rest_route=%2Fwp%2Fv2%2Fproduct_cat&post=7292"},{"taxonomy":"product_tag","embeddable":true,"href":"https:\/\/www.kingstongrowshop.it\/index.php?rest_route=%2Fwp%2Fv2%2Fproduct_tag&post=7292"}],"curies":[{"name":"wp","href":"https:\/\/api.w.org\/{rel}","templated":true}]}}