{"id":7294,"date":"2019-09-08T15:03:53","date_gmt":"2019-09-08T13:03:53","guid":{"rendered":"https:\/\/www.kingstongrowshop.it\/?post_type=product&#038;p=7294"},"modified":"2021-04-16T08:32:38","modified_gmt":"2021-04-16T06:32:38","slug":"dexso-bombola-gas-organico-per-estrazioni-500ml","status":"publish","type":"product","link":"https:\/\/www.kingstongrowshop.it\/?product=dexso-bombola-gas-organico-per-estrazioni-500ml","title":{"rendered":"DEXSO &#8211; BOMBOLA GAS ORGANICO PER ESTRAZIONI &#8211; 500ML"},"content":{"rendered":"","protected":false},"excerpt":{"rendered":"<p>Dexso DME \u00e8 etere dimetilico puro al 99.99%.<br \/>\nQuesto prodotto \u00e8 un gas organico nonch\u00e8 un solvente di alta qualit\u00e0, assolutamente innocuo, che non lascia alcuna traccia n\u00e8 impurit\u00e0 tossiche.<br \/>\nPer queste ragioni il DME viene usato com solvente nell&#8217;industria alimentare e come propellente in molti prodotti farmaceutici, quali gli spray nasali e per la gola.<\/p>\n<p>Altro grosso vantaggio dell&#8217;etere dimetilico \u00e8 il suo maggiore potere solvente rispetto al butano: Questa caratteristica gli deriva dalla sua struttura chimica e dalla conseguente capacit\u00e0 di costruire legami idrogeno verso altre molecole.<\/p>\n<p>Tutto questo risulta in rese molto maggiori ed estratti dal sapore molto miglior, dato che riesce ad estrarre l&#8217;intero spettro dei composti essenziali presenti nel vostro materiale vegetale.<\/p>\n<p>Oltre a questi vantaggi il dme \u00e8 molto pi\u00f9 sicuro del butano e degli altri solventi a base di idrocarburi, dato che la concentrazione nell&#8217;aria deve essere tre volte maggiore per esplodere.<\/p>\n<p>MAGGIOR RESA.<br \/>\nRispetto al butano, la struttura della molecola di etere dimetilico permette di estrarre uno spettro pi\u00f9 ampiodi composti liposolubili.<br \/>\nQuesto signifca maggior resa e una qualit\u00e0 superiore dell&#8217;estrattoche conserva il sapore delle piante.<\/p>\n<p>ATOSSICO.<br \/>\nL&#8217;etere dimetilico non \u00e8 tossico, non \u00e8 cancerogeno ed \u00e8 pi\u00f9 sicuro per l&#8217;ambiente.<br \/>\nViene usato come solvente estrattivo nell&#8217;industria alimentare ed in altri processi di fabbricazione, quali ad esempio l&#8217;uso come propellente<br \/>\nin diversi prodotti medici, quali gli spray per la bocca e la gola.<\/p>\n<p>PURO AL 99,995%.<br \/>\nDexso DME contiene etere dimetilico puro al 99,995%.<br \/>\nL&#8217;etere dimetilico \u00e8 un gas organico, assolutamente atossico; il restante 0.01% \u00e8 composto da acqua, etanolo e CO2: tutti prodotti assolutamente atossici!<\/p>\n<p>ALTA EFFICIENZA.<br \/>\nDexso DME \u00e8 il solvente estrattivo definitivo.<br \/>\nGrazie alla sua maggior forza solvente rimuove tutti i composti liposolubili, quili i terpeni, quasi all&#8217;istante.<br \/>\nQuesto vuol dire che con Dezso DME vi servir\u00e0 meno solvente per produrre un estratto migliore.<\/p>\n<p>LAVORAZIONE PI\u00f9 RAPIDA.<br \/>\nIl punto di evaporazione di Dexso DME \u00e8 molto pi\u00f9 basso di quello del butano: questo significa che Dexso DME evapora molto pi\u00f9 rapidamente, abbreviando di ore il procediemento di ripulitura.<br \/>\nPotete usare il tempo risparmiato per produrre molto pi\u00f9 olio!<\/p>\n<p>MOLTO PIU&#8217; SICURO.<br \/>\nDexso DME \u00e8 molto pi\u00f9 sicuro di qualsiasi altro prodotto a base di idrocarburi, dato che necessita di uan concentrazione tre volte pi\u00f9 alta<br \/>\nper divenire pericoloso.<br \/>\nIl minor rischio di esplosione aumenta di gran lunga la sicurezza durante il procedimento.<\/p>\n","protected":false},"featured_media":7295,"comment_status":"open","ping_status":"closed","template":"","meta":[],"product_brand":[],"product_cat":[296,297],"product_tag":[808],"class_list":{"0":"post-7294","1":"product","2":"type-product","3":"status-publish","4":"has-post-thumbnail","6":"product_cat-estrazionieresine","7":"product_cat-headshopeparaphernalia","8":"product_tag-dexso","10":"first","11":"outofstock","12":"sale","13":"shipping-taxable","14":"purchasable","15":"product-type-simple"},"yoast_head":"<!-- This site is optimized with the Yoast SEO plugin v27.5 - https:\/\/yoast.com\/product\/yoast-seo-wordpress\/ -->\n<title>DEXSO - BOMBOLA GAS ORGANICO PER ESTRAZIONI - 500ML - Kingston Grow Shop<\/title>\n<meta name=\"robots\" content=\"index, follow, max-snippet:-1, max-image-preview:large, max-video-preview:-1\" \/>\n<link rel=\"canonical\" href=\"https:\/\/www.kingstongrowshop.it\/?product=dexso-bombola-gas-organico-per-estrazioni-500ml\" \/>\n<meta property=\"og:locale\" content=\"it_IT\" \/>\n<meta property=\"og:type\" content=\"article\" \/>\n<meta property=\"og:title\" content=\"DEXSO - BOMBOLA GAS ORGANICO PER ESTRAZIONI - 500ML - Kingston Grow Shop\" \/>\n<meta property=\"og:description\" content=\"Dexso DME \u00e8 etere dimetilico puro al 99.99%. Questo prodotto \u00e8 un gas organico nonch\u00e8 un solvente di alta qualit\u00e0, assolutamente innocuo, che non lascia alcuna traccia n\u00e8 impurit\u00e0 tossiche. Per queste ragioni il DME viene usato com solvente nell&#039;industria alimentare e come propellente in molti prodotti farmaceutici, quali gli spray nasali e per la gola.  Altro grosso vantaggio dell&#039;etere dimetilico \u00e8 il suo maggiore potere solvente rispetto al butano: Questa caratteristica gli deriva dalla sua struttura chimica e dalla conseguente capacit\u00e0 di costruire legami idrogeno verso altre molecole.  Tutto questo risulta in rese molto maggiori ed estratti dal sapore molto miglior, dato che riesce ad estrarre l&#039;intero spettro dei composti essenziali presenti nel vostro materiale vegetale.  Oltre a questi vantaggi il dme \u00e8 molto pi\u00f9 sicuro del butano e degli altri solventi a base di idrocarburi, dato che la concentrazione nell&#039;aria deve essere tre volte maggiore per esplodere.  MAGGIOR RESA. Rispetto al butano, la struttura della molecola di etere dimetilico permette di estrarre uno spettro pi\u00f9 ampiodi composti liposolubili. Questo signifca maggior resa e una qualit\u00e0 superiore dell&#039;estrattoche conserva il sapore delle piante.  ATOSSICO. L&#039;etere dimetilico non \u00e8 tossico, non \u00e8 cancerogeno ed \u00e8 pi\u00f9 sicuro per l&#039;ambiente. Viene usato come solvente estrattivo nell&#039;industria alimentare ed in altri processi di fabbricazione, quali ad esempio l&#039;uso come propellente in diversi prodotti medici, quali gli spray per la bocca e la gola.  PURO AL 99,995%. Dexso DME contiene etere dimetilico puro al 99,995%. L&#039;etere dimetilico \u00e8 un gas organico, assolutamente atossico; il restante 0.01% \u00e8 composto da acqua, etanolo e CO2: tutti prodotti assolutamente atossici!  ALTA EFFICIENZA. Dexso DME \u00e8 il solvente estrattivo definitivo. Grazie alla sua maggior forza solvente rimuove tutti i composti liposolubili, quili i terpeni, quasi all&#039;istante. Questo vuol dire che con Dezso DME vi servir\u00e0 meno solvente per produrre un estratto migliore.  LAVORAZIONE PI\u00f9 RAPIDA. Il punto di evaporazione di Dexso DME \u00e8 molto pi\u00f9 basso di quello del butano: questo significa che Dexso DME evapora molto pi\u00f9 rapidamente, abbreviando di ore il procediemento di ripulitura. Potete usare il tempo risparmiato per produrre molto pi\u00f9 olio!  MOLTO PIU&#039; SICURO. Dexso DME \u00e8 molto pi\u00f9 sicuro di qualsiasi altro prodotto a base di idrocarburi, dato che necessita di uan concentrazione tre volte pi\u00f9 alta per divenire pericoloso. Il minor rischio di esplosione aumenta di gran lunga la sicurezza durante il procedimento.\" \/>\n<meta property=\"og:url\" content=\"https:\/\/www.kingstongrowshop.it\/?product=dexso-bombola-gas-organico-per-estrazioni-500ml\" \/>\n<meta property=\"og:site_name\" content=\"Kingston Grow Shop\" \/>\n<meta property=\"article:modified_time\" content=\"2021-04-16T06:32:38+00:00\" \/>\n<meta property=\"og:image\" content=\"https:\/\/www.kingstongrowshop.it\/wp-content\/uploads\/2019\/09\/dexso.jpg\" \/>\n\t<meta property=\"og:image:width\" content=\"500\" \/>\n\t<meta property=\"og:image:height\" content=\"500\" \/>\n\t<meta property=\"og:image:type\" content=\"image\/jpeg\" \/>\n<meta name=\"twitter:card\" content=\"summary_large_image\" \/>\n<script type=\"application\/ld+json\" class=\"yoast-schema-graph\">{\"@context\":\"https:\\\/\\\/schema.org\",\"@graph\":[{\"@type\":\"WebPage\",\"@id\":\"https:\\\/\\\/www.kingstongrowshop.it\\\/?product=dexso-bombola-gas-organico-per-estrazioni-500ml\",\"url\":\"https:\\\/\\\/www.kingstongrowshop.it\\\/?product=dexso-bombola-gas-organico-per-estrazioni-500ml\",\"name\":\"DEXSO - BOMBOLA GAS ORGANICO PER ESTRAZIONI - 500ML - Kingston Grow Shop\",\"isPartOf\":{\"@id\":\"https:\\\/\\\/www.kingstongrowshop.it\\\/#website\"},\"primaryImageOfPage\":{\"@id\":\"https:\\\/\\\/www.kingstongrowshop.it\\\/?product=dexso-bombola-gas-organico-per-estrazioni-500ml#primaryimage\"},\"image\":{\"@id\":\"https:\\\/\\\/www.kingstongrowshop.it\\\/?product=dexso-bombola-gas-organico-per-estrazioni-500ml#primaryimage\"},\"thumbnailUrl\":\"https:\\\/\\\/www.kingstongrowshop.it\\\/wp-content\\\/uploads\\\/2019\\\/09\\\/dexso.jpg\",\"datePublished\":\"2019-09-08T13:03:53+00:00\",\"dateModified\":\"2021-04-16T06:32:38+00:00\",\"breadcrumb\":{\"@id\":\"https:\\\/\\\/www.kingstongrowshop.it\\\/?product=dexso-bombola-gas-organico-per-estrazioni-500ml#breadcrumb\"},\"inLanguage\":\"it-IT\",\"potentialAction\":[{\"@type\":\"ReadAction\",\"target\":[\"https:\\\/\\\/www.kingstongrowshop.it\\\/?product=dexso-bombola-gas-organico-per-estrazioni-500ml\"]}]},{\"@type\":\"ImageObject\",\"inLanguage\":\"it-IT\",\"@id\":\"https:\\\/\\\/www.kingstongrowshop.it\\\/?product=dexso-bombola-gas-organico-per-estrazioni-500ml#primaryimage\",\"url\":\"https:\\\/\\\/www.kingstongrowshop.it\\\/wp-content\\\/uploads\\\/2019\\\/09\\\/dexso.jpg\",\"contentUrl\":\"https:\\\/\\\/www.kingstongrowshop.it\\\/wp-content\\\/uploads\\\/2019\\\/09\\\/dexso.jpg\",\"width\":500,\"height\":500},{\"@type\":\"BreadcrumbList\",\"@id\":\"https:\\\/\\\/www.kingstongrowshop.it\\\/?product=dexso-bombola-gas-organico-per-estrazioni-500ml#breadcrumb\",\"itemListElement\":[{\"@type\":\"ListItem\",\"position\":1,\"name\":\"Home\",\"item\":\"https:\\\/\\\/www.kingstongrowshop.it\\\/\"},{\"@type\":\"ListItem\",\"position\":2,\"name\":\"Shop\",\"item\":\"https:\\\/\\\/www.kingstongrowshop.it\\\/?page_id=3853\"},{\"@type\":\"ListItem\",\"position\":3,\"name\":\"DEXSO &#8211; BOMBOLA GAS ORGANICO PER ESTRAZIONI &#8211; 500ML\"}]},{\"@type\":\"WebSite\",\"@id\":\"https:\\\/\\\/www.kingstongrowshop.it\\\/#website\",\"url\":\"https:\\\/\\\/www.kingstongrowshop.it\\\/\",\"name\":\"Kingston Grow Shop\",\"description\":\"Il tuo Grow Shop di Fiducia\",\"potentialAction\":[{\"@type\":\"SearchAction\",\"target\":{\"@type\":\"EntryPoint\",\"urlTemplate\":\"https:\\\/\\\/www.kingstongrowshop.it\\\/?s={search_term_string}\"},\"query-input\":{\"@type\":\"PropertyValueSpecification\",\"valueRequired\":true,\"valueName\":\"search_term_string\"}}],\"inLanguage\":\"it-IT\"}]}<\/script>\n<!-- \/ Yoast SEO plugin. -->","yoast_head_json":{"title":"DEXSO - BOMBOLA GAS ORGANICO PER ESTRAZIONI - 500ML - Kingston Grow Shop","robots":{"index":"index","follow":"follow","max-snippet":"max-snippet:-1","max-image-preview":"max-image-preview:large","max-video-preview":"max-video-preview:-1"},"canonical":"https:\/\/www.kingstongrowshop.it\/?product=dexso-bombola-gas-organico-per-estrazioni-500ml","og_locale":"it_IT","og_type":"article","og_title":"DEXSO - BOMBOLA GAS ORGANICO PER ESTRAZIONI - 500ML - Kingston Grow Shop","og_description":"Dexso DME \u00e8 etere dimetilico puro al 99.99%. Questo prodotto \u00e8 un gas organico nonch\u00e8 un solvente di alta qualit\u00e0, assolutamente innocuo, che non lascia alcuna traccia n\u00e8 impurit\u00e0 tossiche. Per queste ragioni il DME viene usato com solvente nell'industria alimentare e come propellente in molti prodotti farmaceutici, quali gli spray nasali e per la gola.  Altro grosso vantaggio dell'etere dimetilico \u00e8 il suo maggiore potere solvente rispetto al butano: Questa caratteristica gli deriva dalla sua struttura chimica e dalla conseguente capacit\u00e0 di costruire legami idrogeno verso altre molecole.  Tutto questo risulta in rese molto maggiori ed estratti dal sapore molto miglior, dato che riesce ad estrarre l'intero spettro dei composti essenziali presenti nel vostro materiale vegetale.  Oltre a questi vantaggi il dme \u00e8 molto pi\u00f9 sicuro del butano e degli altri solventi a base di idrocarburi, dato che la concentrazione nell'aria deve essere tre volte maggiore per esplodere.  MAGGIOR RESA. Rispetto al butano, la struttura della molecola di etere dimetilico permette di estrarre uno spettro pi\u00f9 ampiodi composti liposolubili. Questo signifca maggior resa e una qualit\u00e0 superiore dell'estrattoche conserva il sapore delle piante.  ATOSSICO. L'etere dimetilico non \u00e8 tossico, non \u00e8 cancerogeno ed \u00e8 pi\u00f9 sicuro per l'ambiente. Viene usato come solvente estrattivo nell'industria alimentare ed in altri processi di fabbricazione, quali ad esempio l'uso come propellente in diversi prodotti medici, quali gli spray per la bocca e la gola.  PURO AL 99,995%. Dexso DME contiene etere dimetilico puro al 99,995%. L'etere dimetilico \u00e8 un gas organico, assolutamente atossico; il restante 0.01% \u00e8 composto da acqua, etanolo e CO2: tutti prodotti assolutamente atossici!  ALTA EFFICIENZA. Dexso DME \u00e8 il solvente estrattivo definitivo. Grazie alla sua maggior forza solvente rimuove tutti i composti liposolubili, quili i terpeni, quasi all'istante. Questo vuol dire che con Dezso DME vi servir\u00e0 meno solvente per produrre un estratto migliore.  LAVORAZIONE PI\u00f9 RAPIDA. Il punto di evaporazione di Dexso DME \u00e8 molto pi\u00f9 basso di quello del butano: questo significa che Dexso DME evapora molto pi\u00f9 rapidamente, abbreviando di ore il procediemento di ripulitura. Potete usare il tempo risparmiato per produrre molto pi\u00f9 olio!  MOLTO PIU' SICURO. Dexso DME \u00e8 molto pi\u00f9 sicuro di qualsiasi altro prodotto a base di idrocarburi, dato che necessita di uan concentrazione tre volte pi\u00f9 alta per divenire pericoloso. Il minor rischio di esplosione aumenta di gran lunga la sicurezza durante il procedimento.","og_url":"https:\/\/www.kingstongrowshop.it\/?product=dexso-bombola-gas-organico-per-estrazioni-500ml","og_site_name":"Kingston Grow Shop","article_modified_time":"2021-04-16T06:32:38+00:00","og_image":[{"width":500,"height":500,"url":"https:\/\/www.kingstongrowshop.it\/wp-content\/uploads\/2019\/09\/dexso.jpg","type":"image\/jpeg"}],"twitter_card":"summary_large_image","schema":{"@context":"https:\/\/schema.org","@graph":[{"@type":"WebPage","@id":"https:\/\/www.kingstongrowshop.it\/?product=dexso-bombola-gas-organico-per-estrazioni-500ml","url":"https:\/\/www.kingstongrowshop.it\/?product=dexso-bombola-gas-organico-per-estrazioni-500ml","name":"DEXSO - BOMBOLA GAS ORGANICO PER ESTRAZIONI - 500ML - Kingston Grow Shop","isPartOf":{"@id":"https:\/\/www.kingstongrowshop.it\/#website"},"primaryImageOfPage":{"@id":"https:\/\/www.kingstongrowshop.it\/?product=dexso-bombola-gas-organico-per-estrazioni-500ml#primaryimage"},"image":{"@id":"https:\/\/www.kingstongrowshop.it\/?product=dexso-bombola-gas-organico-per-estrazioni-500ml#primaryimage"},"thumbnailUrl":"https:\/\/www.kingstongrowshop.it\/wp-content\/uploads\/2019\/09\/dexso.jpg","datePublished":"2019-09-08T13:03:53+00:00","dateModified":"2021-04-16T06:32:38+00:00","breadcrumb":{"@id":"https:\/\/www.kingstongrowshop.it\/?product=dexso-bombola-gas-organico-per-estrazioni-500ml#breadcrumb"},"inLanguage":"it-IT","potentialAction":[{"@type":"ReadAction","target":["https:\/\/www.kingstongrowshop.it\/?product=dexso-bombola-gas-organico-per-estrazioni-500ml"]}]},{"@type":"ImageObject","inLanguage":"it-IT","@id":"https:\/\/www.kingstongrowshop.it\/?product=dexso-bombola-gas-organico-per-estrazioni-500ml#primaryimage","url":"https:\/\/www.kingstongrowshop.it\/wp-content\/uploads\/2019\/09\/dexso.jpg","contentUrl":"https:\/\/www.kingstongrowshop.it\/wp-content\/uploads\/2019\/09\/dexso.jpg","width":500,"height":500},{"@type":"BreadcrumbList","@id":"https:\/\/www.kingstongrowshop.it\/?product=dexso-bombola-gas-organico-per-estrazioni-500ml#breadcrumb","itemListElement":[{"@type":"ListItem","position":1,"name":"Home","item":"https:\/\/www.kingstongrowshop.it\/"},{"@type":"ListItem","position":2,"name":"Shop","item":"https:\/\/www.kingstongrowshop.it\/?page_id=3853"},{"@type":"ListItem","position":3,"name":"DEXSO &#8211; BOMBOLA GAS ORGANICO PER ESTRAZIONI &#8211; 500ML"}]},{"@type":"WebSite","@id":"https:\/\/www.kingstongrowshop.it\/#website","url":"https:\/\/www.kingstongrowshop.it\/","name":"Kingston Grow Shop","description":"Il tuo Grow Shop di Fiducia","potentialAction":[{"@type":"SearchAction","target":{"@type":"EntryPoint","urlTemplate":"https:\/\/www.kingstongrowshop.it\/?s={search_term_string}"},"query-input":{"@type":"PropertyValueSpecification","valueRequired":true,"valueName":"search_term_string"}}],"inLanguage":"it-IT"}]}},"jetpack_sharing_enabled":true,"_links":{"self":[{"href":"https:\/\/www.kingstongrowshop.it\/index.php?rest_route=\/wp\/v2\/product\/7294","targetHints":{"allow":["GET"]}}],"collection":[{"href":"https:\/\/www.kingstongrowshop.it\/index.php?rest_route=\/wp\/v2\/product"}],"about":[{"href":"https:\/\/www.kingstongrowshop.it\/index.php?rest_route=\/wp\/v2\/types\/product"}],"replies":[{"embeddable":true,"href":"https:\/\/www.kingstongrowshop.it\/index.php?rest_route=%2Fwp%2Fv2%2Fcomments&post=7294"}],"wp:featuredmedia":[{"embeddable":true,"href":"https:\/\/www.kingstongrowshop.it\/index.php?rest_route=\/wp\/v2\/media\/7295"}],"wp:attachment":[{"href":"https:\/\/www.kingstongrowshop.it\/index.php?rest_route=%2Fwp%2Fv2%2Fmedia&parent=7294"}],"wp:term":[{"taxonomy":"product_brand","embeddable":true,"href":"https:\/\/www.kingstongrowshop.it\/index.php?rest_route=%2Fwp%2Fv2%2Fproduct_brand&post=7294"},{"taxonomy":"product_cat","embeddable":true,"href":"https:\/\/www.kingstongrowshop.it\/index.php?rest_route=%2Fwp%2Fv2%2Fproduct_cat&post=7294"},{"taxonomy":"product_tag","embeddable":true,"href":"https:\/\/www.kingstongrowshop.it\/index.php?rest_route=%2Fwp%2Fv2%2Fproduct_tag&post=7294"}],"curies":[{"name":"wp","href":"https:\/\/api.w.org\/{rel}","templated":true}]}}