{"id":7444,"date":"2019-09-23T17:57:02","date_gmt":"2019-09-23T15:57:02","guid":{"rendered":"https:\/\/www.kingstongrowshop.it\/?post_type=product&#038;p=7444"},"modified":"2025-09-22T17:30:03","modified_gmt":"2025-09-22T15:30:03","slug":"plagron-terra-grow","status":"publish","type":"product","link":"https:\/\/www.kingstongrowshop.it\/?product=plagron-terra-grow","title":{"rendered":"PLAGRON TERRA GROW"},"content":{"rendered":"","protected":false},"excerpt":{"rendered":"<div class=\"woocommerce-product-details__short-description\">\n<p>Terra Grow.<br \/>\nFertilizzante completo per la fase di crescita<br \/>\nTerra Grow \u00e8 un fertilizzante organico minerale altamente concentrato, utilizzabile durante la fase di crescita della pianta. Questo fertilizzante liquido assicura una concimazione ottimale durante la crescita. Inoltre fornisce una base solida cosicch\u00e9 la pianta possa avere una piena fioritura in una fase successiva. Terra Grow \u00e8 adatto per tutti i tipi di miscele di terra e pu\u00f2 essere utilizzato in combinazione con tutti gli altri fertilizzanti liquidi e additivi.<br \/>\nUso<br \/>\nAgitare bene prima dell\u2019uso. Diluire al massimo 5 ml di Terra Grow in 1 litro d\u2019acqua (1:200). Utilizza questa soluzione nutritiva in tutte le irrigazioni durante la fase di crescita.<\/p>\n<p>Conservazione<br \/>\nTrasportare in posizione verticale e conservare al buio. Temperatura di conservazione: 0 \u2013 30\u00b0C.<br \/>\nAvviso<br \/>\nR 36\/38: irritante per gli occhi e la pelle.<\/p>\n<p>Composizione<br \/>\nAcqua, nitrato di potassio, diidrogenofosfato di potassio, nitrato di ammonio, acido fosforico. Fertilizzante NPK (3-1-3). 2,6% Di azoto totali (N) di cui 2,0% azoto nitrico (NO3) e 0,6% azoto ammoniacale (NH4), 1,1% di pentossido di fosforo (P2O5) solubile in acqua, 3,1% di ossido di potassio (K2O) solubile in acqua.<\/p>\n<\/div>\n","protected":false},"featured_media":7448,"comment_status":"open","ping_status":"closed","template":"","meta":[],"product_brand":[],"product_cat":[283,281,284],"product_tag":[550],"class_list":{"0":"post-7444","1":"product","2":"type-product","3":"status-publish","4":"has-post-thumbnail","6":"product_cat-fertilizzanti","7":"product_cat-fertilizzantiecuradellepiante","8":"product_cat-plagron","9":"product_tag-plagron-terra-grow","11":"first","12":"instock","13":"shipping-taxable","14":"purchasable","15":"product-type-variable"},"yoast_head":"<!-- This site is optimized with the Yoast SEO plugin v27.5 - https:\/\/yoast.com\/product\/yoast-seo-wordpress\/ -->\n<title>PLAGRON TERRA GROW - Kingston Grow Shop<\/title>\n<meta name=\"robots\" content=\"index, follow, max-snippet:-1, max-image-preview:large, max-video-preview:-1\" \/>\n<link rel=\"canonical\" href=\"https:\/\/www.kingstongrowshop.it\/?product=plagron-terra-grow\" \/>\n<meta property=\"og:locale\" content=\"it_IT\" \/>\n<meta property=\"og:type\" content=\"article\" \/>\n<meta property=\"og:title\" content=\"PLAGRON TERRA GROW - Kingston Grow Shop\" \/>\n<meta property=\"og:description\" content=\"Terra Grow. Fertilizzante completo per la fase di crescita Terra Grow \u00e8 un fertilizzante organico minerale altamente concentrato, utilizzabile durante la fase di crescita della pianta. Questo fertilizzante liquido assicura una concimazione ottimale durante la crescita. Inoltre fornisce una base solida cosicch\u00e9 la pianta possa avere una piena fioritura in una fase successiva. Terra Grow \u00e8 adatto per tutti i tipi di miscele di terra e pu\u00f2 essere utilizzato in combinazione con tutti gli altri fertilizzanti liquidi e additivi. Uso Agitare bene prima dell\u2019uso. Diluire al massimo 5 ml di Terra Grow in 1 litro d\u2019acqua (1:200). Utilizza questa soluzione nutritiva in tutte le irrigazioni durante la fase di crescita.  Conservazione Trasportare in posizione verticale e conservare al buio. Temperatura di conservazione: 0 \u2013 30\u00b0C. Avviso R 36\/38: irritante per gli occhi e la pelle.  Composizione Acqua, nitrato di potassio, diidrogenofosfato di potassio, nitrato di ammonio, acido fosforico. Fertilizzante NPK (3-1-3). 2,6% Di azoto totali (N) di cui 2,0% azoto nitrico (NO3) e 0,6% azoto ammoniacale (NH4), 1,1% di pentossido di fosforo (P2O5) solubile in acqua, 3,1% di ossido di potassio (K2O) solubile in acqua.\" \/>\n<meta property=\"og:url\" content=\"https:\/\/www.kingstongrowshop.it\/?product=plagron-terra-grow\" \/>\n<meta property=\"og:site_name\" content=\"Kingston Grow Shop\" \/>\n<meta property=\"article:modified_time\" content=\"2025-09-22T15:30:03+00:00\" \/>\n<meta property=\"og:image\" content=\"https:\/\/www.kingstongrowshop.it\/wp-content\/uploads\/2019\/09\/6912_2.jpg\" \/>\n\t<meta property=\"og:image:width\" content=\"500\" \/>\n\t<meta property=\"og:image:height\" content=\"500\" \/>\n\t<meta property=\"og:image:type\" content=\"image\/jpeg\" \/>\n<meta name=\"twitter:card\" content=\"summary_large_image\" \/>\n<meta name=\"twitter:label1\" content=\"Tempo di lettura stimato\" \/>\n\t<meta name=\"twitter:data1\" content=\"1 minuto\" \/>\n<script type=\"application\/ld+json\" class=\"yoast-schema-graph\">{\"@context\":\"https:\\\/\\\/schema.org\",\"@graph\":[{\"@type\":\"WebPage\",\"@id\":\"https:\\\/\\\/www.kingstongrowshop.it\\\/?product=plagron-terra-grow\",\"url\":\"https:\\\/\\\/www.kingstongrowshop.it\\\/?product=plagron-terra-grow\",\"name\":\"PLAGRON TERRA GROW - Kingston Grow Shop\",\"isPartOf\":{\"@id\":\"https:\\\/\\\/www.kingstongrowshop.it\\\/#website\"},\"primaryImageOfPage\":{\"@id\":\"https:\\\/\\\/www.kingstongrowshop.it\\\/?product=plagron-terra-grow#primaryimage\"},\"image\":{\"@id\":\"https:\\\/\\\/www.kingstongrowshop.it\\\/?product=plagron-terra-grow#primaryimage\"},\"thumbnailUrl\":\"https:\\\/\\\/www.kingstongrowshop.it\\\/wp-content\\\/uploads\\\/2019\\\/09\\\/6912_2.jpg\",\"datePublished\":\"2019-09-23T15:57:02+00:00\",\"dateModified\":\"2025-09-22T15:30:03+00:00\",\"breadcrumb\":{\"@id\":\"https:\\\/\\\/www.kingstongrowshop.it\\\/?product=plagron-terra-grow#breadcrumb\"},\"inLanguage\":\"it-IT\",\"potentialAction\":[{\"@type\":\"ReadAction\",\"target\":[\"https:\\\/\\\/www.kingstongrowshop.it\\\/?product=plagron-terra-grow\"]}]},{\"@type\":\"ImageObject\",\"inLanguage\":\"it-IT\",\"@id\":\"https:\\\/\\\/www.kingstongrowshop.it\\\/?product=plagron-terra-grow#primaryimage\",\"url\":\"https:\\\/\\\/www.kingstongrowshop.it\\\/wp-content\\\/uploads\\\/2019\\\/09\\\/6912_2.jpg\",\"contentUrl\":\"https:\\\/\\\/www.kingstongrowshop.it\\\/wp-content\\\/uploads\\\/2019\\\/09\\\/6912_2.jpg\",\"width\":500,\"height\":500},{\"@type\":\"BreadcrumbList\",\"@id\":\"https:\\\/\\\/www.kingstongrowshop.it\\\/?product=plagron-terra-grow#breadcrumb\",\"itemListElement\":[{\"@type\":\"ListItem\",\"position\":1,\"name\":\"Home\",\"item\":\"https:\\\/\\\/www.kingstongrowshop.it\\\/\"},{\"@type\":\"ListItem\",\"position\":2,\"name\":\"Shop\",\"item\":\"https:\\\/\\\/www.kingstongrowshop.it\\\/?page_id=3853\"},{\"@type\":\"ListItem\",\"position\":3,\"name\":\"PLAGRON TERRA GROW\"}]},{\"@type\":\"WebSite\",\"@id\":\"https:\\\/\\\/www.kingstongrowshop.it\\\/#website\",\"url\":\"https:\\\/\\\/www.kingstongrowshop.it\\\/\",\"name\":\"Kingston Grow Shop\",\"description\":\"Il tuo Grow Shop di Fiducia\",\"potentialAction\":[{\"@type\":\"SearchAction\",\"target\":{\"@type\":\"EntryPoint\",\"urlTemplate\":\"https:\\\/\\\/www.kingstongrowshop.it\\\/?s={search_term_string}\"},\"query-input\":{\"@type\":\"PropertyValueSpecification\",\"valueRequired\":true,\"valueName\":\"search_term_string\"}}],\"inLanguage\":\"it-IT\"}]}<\/script>\n<!-- \/ Yoast SEO plugin. -->","yoast_head_json":{"title":"PLAGRON TERRA GROW - Kingston Grow Shop","robots":{"index":"index","follow":"follow","max-snippet":"max-snippet:-1","max-image-preview":"max-image-preview:large","max-video-preview":"max-video-preview:-1"},"canonical":"https:\/\/www.kingstongrowshop.it\/?product=plagron-terra-grow","og_locale":"it_IT","og_type":"article","og_title":"PLAGRON TERRA GROW - Kingston Grow Shop","og_description":"Terra Grow. Fertilizzante completo per la fase di crescita Terra Grow \u00e8 un fertilizzante organico minerale altamente concentrato, utilizzabile durante la fase di crescita della pianta. Questo fertilizzante liquido assicura una concimazione ottimale durante la crescita. Inoltre fornisce una base solida cosicch\u00e9 la pianta possa avere una piena fioritura in una fase successiva. Terra Grow \u00e8 adatto per tutti i tipi di miscele di terra e pu\u00f2 essere utilizzato in combinazione con tutti gli altri fertilizzanti liquidi e additivi. Uso Agitare bene prima dell\u2019uso. Diluire al massimo 5 ml di Terra Grow in 1 litro d\u2019acqua (1:200). Utilizza questa soluzione nutritiva in tutte le irrigazioni durante la fase di crescita.  Conservazione Trasportare in posizione verticale e conservare al buio. Temperatura di conservazione: 0 \u2013 30\u00b0C. Avviso R 36\/38: irritante per gli occhi e la pelle.  Composizione Acqua, nitrato di potassio, diidrogenofosfato di potassio, nitrato di ammonio, acido fosforico. Fertilizzante NPK (3-1-3). 2,6% Di azoto totali (N) di cui 2,0% azoto nitrico (NO3) e 0,6% azoto ammoniacale (NH4), 1,1% di pentossido di fosforo (P2O5) solubile in acqua, 3,1% di ossido di potassio (K2O) solubile in acqua.","og_url":"https:\/\/www.kingstongrowshop.it\/?product=plagron-terra-grow","og_site_name":"Kingston Grow Shop","article_modified_time":"2025-09-22T15:30:03+00:00","og_image":[{"width":500,"height":500,"url":"https:\/\/www.kingstongrowshop.it\/wp-content\/uploads\/2019\/09\/6912_2.jpg","type":"image\/jpeg"}],"twitter_card":"summary_large_image","twitter_misc":{"Tempo di lettura stimato":"1 minuto"},"schema":{"@context":"https:\/\/schema.org","@graph":[{"@type":"WebPage","@id":"https:\/\/www.kingstongrowshop.it\/?product=plagron-terra-grow","url":"https:\/\/www.kingstongrowshop.it\/?product=plagron-terra-grow","name":"PLAGRON TERRA GROW - Kingston Grow Shop","isPartOf":{"@id":"https:\/\/www.kingstongrowshop.it\/#website"},"primaryImageOfPage":{"@id":"https:\/\/www.kingstongrowshop.it\/?product=plagron-terra-grow#primaryimage"},"image":{"@id":"https:\/\/www.kingstongrowshop.it\/?product=plagron-terra-grow#primaryimage"},"thumbnailUrl":"https:\/\/www.kingstongrowshop.it\/wp-content\/uploads\/2019\/09\/6912_2.jpg","datePublished":"2019-09-23T15:57:02+00:00","dateModified":"2025-09-22T15:30:03+00:00","breadcrumb":{"@id":"https:\/\/www.kingstongrowshop.it\/?product=plagron-terra-grow#breadcrumb"},"inLanguage":"it-IT","potentialAction":[{"@type":"ReadAction","target":["https:\/\/www.kingstongrowshop.it\/?product=plagron-terra-grow"]}]},{"@type":"ImageObject","inLanguage":"it-IT","@id":"https:\/\/www.kingstongrowshop.it\/?product=plagron-terra-grow#primaryimage","url":"https:\/\/www.kingstongrowshop.it\/wp-content\/uploads\/2019\/09\/6912_2.jpg","contentUrl":"https:\/\/www.kingstongrowshop.it\/wp-content\/uploads\/2019\/09\/6912_2.jpg","width":500,"height":500},{"@type":"BreadcrumbList","@id":"https:\/\/www.kingstongrowshop.it\/?product=plagron-terra-grow#breadcrumb","itemListElement":[{"@type":"ListItem","position":1,"name":"Home","item":"https:\/\/www.kingstongrowshop.it\/"},{"@type":"ListItem","position":2,"name":"Shop","item":"https:\/\/www.kingstongrowshop.it\/?page_id=3853"},{"@type":"ListItem","position":3,"name":"PLAGRON TERRA GROW"}]},{"@type":"WebSite","@id":"https:\/\/www.kingstongrowshop.it\/#website","url":"https:\/\/www.kingstongrowshop.it\/","name":"Kingston Grow Shop","description":"Il tuo Grow Shop di Fiducia","potentialAction":[{"@type":"SearchAction","target":{"@type":"EntryPoint","urlTemplate":"https:\/\/www.kingstongrowshop.it\/?s={search_term_string}"},"query-input":{"@type":"PropertyValueSpecification","valueRequired":true,"valueName":"search_term_string"}}],"inLanguage":"it-IT"}]}},"jetpack_sharing_enabled":true,"_links":{"self":[{"href":"https:\/\/www.kingstongrowshop.it\/index.php?rest_route=\/wp\/v2\/product\/7444","targetHints":{"allow":["GET"]}}],"collection":[{"href":"https:\/\/www.kingstongrowshop.it\/index.php?rest_route=\/wp\/v2\/product"}],"about":[{"href":"https:\/\/www.kingstongrowshop.it\/index.php?rest_route=\/wp\/v2\/types\/product"}],"replies":[{"embeddable":true,"href":"https:\/\/www.kingstongrowshop.it\/index.php?rest_route=%2Fwp%2Fv2%2Fcomments&post=7444"}],"wp:featuredmedia":[{"embeddable":true,"href":"https:\/\/www.kingstongrowshop.it\/index.php?rest_route=\/wp\/v2\/media\/7448"}],"wp:attachment":[{"href":"https:\/\/www.kingstongrowshop.it\/index.php?rest_route=%2Fwp%2Fv2%2Fmedia&parent=7444"}],"wp:term":[{"taxonomy":"product_brand","embeddable":true,"href":"https:\/\/www.kingstongrowshop.it\/index.php?rest_route=%2Fwp%2Fv2%2Fproduct_brand&post=7444"},{"taxonomy":"product_cat","embeddable":true,"href":"https:\/\/www.kingstongrowshop.it\/index.php?rest_route=%2Fwp%2Fv2%2Fproduct_cat&post=7444"},{"taxonomy":"product_tag","embeddable":true,"href":"https:\/\/www.kingstongrowshop.it\/index.php?rest_route=%2Fwp%2Fv2%2Fproduct_tag&post=7444"}],"curies":[{"name":"wp","href":"https:\/\/api.w.org\/{rel}","templated":true}]}}