{"id":7524,"date":"2019-09-27T15:16:46","date_gmt":"2019-09-27T13:16:46","guid":{"rendered":"https:\/\/www.kingstongrowshop.it\/?post_type=product&#038;p=7524"},"modified":"2021-01-30T01:54:04","modified_gmt":"2021-01-30T00:54:04","slug":"kit-estrattore-centrifugo-vk-250mc-h-e-filtro-100mm","status":"publish","type":"product","link":"https:\/\/www.kingstongrowshop.it\/?product=kit-estrattore-centrifugo-vk-250mc-h-e-filtro-100mm","title":{"rendered":"KIT ESTRATTORE CENTRIFUGO VK 100mm 250mc\/h e FILTRO Prima Klima"},"content":{"rendered":"<h5><strong>Aspiratore centrifugo VK 125 da diametro 125 mm. Portata potenziata a 355 mc\/h. Realizzato in tecnopolimero autoestinguente. Aspiratori centrifughi potenziati VK garantiscono un flusso di aria pi\u00f9 potente rispetto agli aspiratori centrifughi tradizionali. Adatti per l\u2019aspirazione in growroom di medie e grandi dimensioni.<\/strong><\/h5>\n<h3>CARATTERISTICHE<\/h3>\n<p>\u2013 fornito con staffe per il posizionamento.<br \/>\n\u2013 motore bilanciato per ridurre al minimo le vibrazioni.<br \/>\n\u2013 velocit\u00e0 regolabile con un regolatore di velocit\u00e0 elettronico.<br \/>\n\u2013 motore montato su cuscinetti a sfera.<br \/>\n\u2013 protezione termica.<br \/>\n\u2013 guscio in plastica antiurto.<br \/>\n\u2013 bassa rumorosit\u00e0 = 46dbA a 3 m<\/p>\n<p>La velocit\u00e0 di questo aspiratore \u00e8 regolabile tramite regolatori di velocit\u00e0 GSE<\/p>\n<div class=\"woocommerce-product-details__short-description\">\n<h5><strong>Filtro ai carboni attivi con diametro 100 mm e portata ottimale di 240 mc\/h massima 360 mc\/h.<\/strong>Utilissimi ad abbattere gli odori* presenti nell\u2019aria estratta dall\u2019aspiratore. I carboni attivi sono da sostituirsi quando si inizia a percepire odore. La durata media \u00e8 di 15 mesi. Possono causare delle perdite di carico al sistema di aspirazione fino al 30%.<\/h5>\n<div>* L\u2019abbattimento \u00e8 assicurato se la serra \u00e8 chiusa ermeticamente.<\/div>\n<\/div>\n<div>\n<h3>3 mt Condotta aerazione alluminio flessibile<\/h3>\n<p>Condotta flessibile in alluminio di diametro da 102 mm lunga 1mt. Ideale per collegare i componenti dell\u2019 impianto di aspirazione ed estrazione.<\/p>\n<h3>3 x Fascette metalliche<\/h3>\n<p>3 X Fascetta stringitubo in metallo. Adatta per fissare le condotte ai componenti dell\u2019 impianto di aerazione<\/p>\n<\/div>\n","protected":false},"excerpt":{"rendered":"<p>Completo di Estrattore d\u2019 aria centrifugo gi\u00e0 cablato, condotta in alluminio, filtro ai carboni attivi Prima Klima 100mm, 3 fascette stringitubo metalliche per il fissaggio dei componenti.<\/p>\n","protected":false},"featured_media":9201,"comment_status":"open","ping_status":"closed","template":"","meta":[],"product_brand":[],"product_cat":[868,259],"product_tag":[882],"class_list":{"0":"post-7524","1":"product","2":"type-product","3":"status-publish","4":"has-post-thumbnail","6":"product_cat-kit-aspirazione-e-filtro","7":"product_cat-trattamentoaria","8":"product_tag-kit-estrattore-e-filtro-vk-100mm","10":"first","11":"instock","12":"shipping-taxable","13":"purchasable","14":"product-type-simple"},"yoast_head":"<!-- This site is optimized with the Yoast SEO plugin v27.5 - https:\/\/yoast.com\/product\/yoast-seo-wordpress\/ -->\n<title>KIT ESTRATTORE CENTRIFUGO VK 100mm 250mc\/h e FILTRO Prima Klima - Kingston Grow Shop<\/title>\n<meta name=\"robots\" content=\"index, follow, max-snippet:-1, max-image-preview:large, max-video-preview:-1\" \/>\n<link rel=\"canonical\" href=\"https:\/\/www.kingstongrowshop.it\/?product=kit-estrattore-centrifugo-vk-250mc-h-e-filtro-100mm\" \/>\n<meta property=\"og:locale\" content=\"it_IT\" \/>\n<meta property=\"og:type\" content=\"article\" \/>\n<meta property=\"og:title\" content=\"KIT ESTRATTORE CENTRIFUGO VK 100mm 250mc\/h e FILTRO Prima Klima - Kingston Grow Shop\" \/>\n<meta property=\"og:description\" content=\"Completo di Estrattore d\u2019 aria centrifugo gi\u00e0 cablato, condotta in alluminio, filtro ai carboni attivi Prima Klima 100mm, 3 fascette stringitubo metalliche per il fissaggio dei componenti.\" \/>\n<meta property=\"og:url\" content=\"https:\/\/www.kingstongrowshop.it\/?product=kit-estrattore-centrifugo-vk-250mc-h-e-filtro-100mm\" \/>\n<meta property=\"og:site_name\" content=\"Kingston Grow Shop\" \/>\n<meta property=\"article:modified_time\" content=\"2021-01-30T00:54:04+00:00\" \/>\n<meta property=\"og:image\" content=\"https:\/\/www.kingstongrowshop.it\/wp-content\/uploads\/2019\/09\/51yZRHihqlL._SL1200_-1.jpg\" \/>\n\t<meta property=\"og:image:width\" content=\"1200\" \/>\n\t<meta property=\"og:image:height\" content=\"1200\" \/>\n\t<meta property=\"og:image:type\" content=\"image\/jpeg\" \/>\n<meta name=\"twitter:card\" content=\"summary_large_image\" \/>\n<meta name=\"twitter:label1\" content=\"Tempo di lettura stimato\" \/>\n\t<meta name=\"twitter:data1\" content=\"1 minuto\" \/>\n<script type=\"application\/ld+json\" class=\"yoast-schema-graph\">{\"@context\":\"https:\\\/\\\/schema.org\",\"@graph\":[{\"@type\":\"WebPage\",\"@id\":\"https:\\\/\\\/www.kingstongrowshop.it\\\/?product=kit-estrattore-centrifugo-vk-250mc-h-e-filtro-100mm\",\"url\":\"https:\\\/\\\/www.kingstongrowshop.it\\\/?product=kit-estrattore-centrifugo-vk-250mc-h-e-filtro-100mm\",\"name\":\"KIT ESTRATTORE CENTRIFUGO VK 100mm 250mc\\\/h e FILTRO Prima Klima - Kingston Grow Shop\",\"isPartOf\":{\"@id\":\"https:\\\/\\\/www.kingstongrowshop.it\\\/#website\"},\"primaryImageOfPage\":{\"@id\":\"https:\\\/\\\/www.kingstongrowshop.it\\\/?product=kit-estrattore-centrifugo-vk-250mc-h-e-filtro-100mm#primaryimage\"},\"image\":{\"@id\":\"https:\\\/\\\/www.kingstongrowshop.it\\\/?product=kit-estrattore-centrifugo-vk-250mc-h-e-filtro-100mm#primaryimage\"},\"thumbnailUrl\":\"https:\\\/\\\/www.kingstongrowshop.it\\\/wp-content\\\/uploads\\\/2019\\\/09\\\/51yZRHihqlL._SL1200_-1.jpg\",\"datePublished\":\"2019-09-27T13:16:46+00:00\",\"dateModified\":\"2021-01-30T00:54:04+00:00\",\"breadcrumb\":{\"@id\":\"https:\\\/\\\/www.kingstongrowshop.it\\\/?product=kit-estrattore-centrifugo-vk-250mc-h-e-filtro-100mm#breadcrumb\"},\"inLanguage\":\"it-IT\",\"potentialAction\":[{\"@type\":\"ReadAction\",\"target\":[\"https:\\\/\\\/www.kingstongrowshop.it\\\/?product=kit-estrattore-centrifugo-vk-250mc-h-e-filtro-100mm\"]}]},{\"@type\":\"ImageObject\",\"inLanguage\":\"it-IT\",\"@id\":\"https:\\\/\\\/www.kingstongrowshop.it\\\/?product=kit-estrattore-centrifugo-vk-250mc-h-e-filtro-100mm#primaryimage\",\"url\":\"https:\\\/\\\/www.kingstongrowshop.it\\\/wp-content\\\/uploads\\\/2019\\\/09\\\/51yZRHihqlL._SL1200_-1.jpg\",\"contentUrl\":\"https:\\\/\\\/www.kingstongrowshop.it\\\/wp-content\\\/uploads\\\/2019\\\/09\\\/51yZRHihqlL._SL1200_-1.jpg\",\"width\":1200,\"height\":1200},{\"@type\":\"BreadcrumbList\",\"@id\":\"https:\\\/\\\/www.kingstongrowshop.it\\\/?product=kit-estrattore-centrifugo-vk-250mc-h-e-filtro-100mm#breadcrumb\",\"itemListElement\":[{\"@type\":\"ListItem\",\"position\":1,\"name\":\"Home\",\"item\":\"https:\\\/\\\/www.kingstongrowshop.it\\\/\"},{\"@type\":\"ListItem\",\"position\":2,\"name\":\"Shop\",\"item\":\"https:\\\/\\\/www.kingstongrowshop.it\\\/?page_id=3853\"},{\"@type\":\"ListItem\",\"position\":3,\"name\":\"KIT ESTRATTORE CENTRIFUGO VK 100mm 250mc\\\/h e FILTRO Prima Klima\"}]},{\"@type\":\"WebSite\",\"@id\":\"https:\\\/\\\/www.kingstongrowshop.it\\\/#website\",\"url\":\"https:\\\/\\\/www.kingstongrowshop.it\\\/\",\"name\":\"Kingston Grow Shop\",\"description\":\"Il tuo Grow Shop di Fiducia\",\"potentialAction\":[{\"@type\":\"SearchAction\",\"target\":{\"@type\":\"EntryPoint\",\"urlTemplate\":\"https:\\\/\\\/www.kingstongrowshop.it\\\/?s={search_term_string}\"},\"query-input\":{\"@type\":\"PropertyValueSpecification\",\"valueRequired\":true,\"valueName\":\"search_term_string\"}}],\"inLanguage\":\"it-IT\"}]}<\/script>\n<!-- \/ Yoast SEO plugin. -->","yoast_head_json":{"title":"KIT ESTRATTORE CENTRIFUGO VK 100mm 250mc\/h e FILTRO Prima Klima - Kingston Grow Shop","robots":{"index":"index","follow":"follow","max-snippet":"max-snippet:-1","max-image-preview":"max-image-preview:large","max-video-preview":"max-video-preview:-1"},"canonical":"https:\/\/www.kingstongrowshop.it\/?product=kit-estrattore-centrifugo-vk-250mc-h-e-filtro-100mm","og_locale":"it_IT","og_type":"article","og_title":"KIT ESTRATTORE CENTRIFUGO VK 100mm 250mc\/h e FILTRO Prima Klima - Kingston Grow Shop","og_description":"Completo di Estrattore d\u2019 aria centrifugo gi\u00e0 cablato, condotta in alluminio, filtro ai carboni attivi Prima Klima 100mm, 3 fascette stringitubo metalliche per il fissaggio dei componenti.","og_url":"https:\/\/www.kingstongrowshop.it\/?product=kit-estrattore-centrifugo-vk-250mc-h-e-filtro-100mm","og_site_name":"Kingston Grow Shop","article_modified_time":"2021-01-30T00:54:04+00:00","og_image":[{"width":1200,"height":1200,"url":"https:\/\/www.kingstongrowshop.it\/wp-content\/uploads\/2019\/09\/51yZRHihqlL._SL1200_-1.jpg","type":"image\/jpeg"}],"twitter_card":"summary_large_image","twitter_misc":{"Tempo di lettura stimato":"1 minuto"},"schema":{"@context":"https:\/\/schema.org","@graph":[{"@type":"WebPage","@id":"https:\/\/www.kingstongrowshop.it\/?product=kit-estrattore-centrifugo-vk-250mc-h-e-filtro-100mm","url":"https:\/\/www.kingstongrowshop.it\/?product=kit-estrattore-centrifugo-vk-250mc-h-e-filtro-100mm","name":"KIT ESTRATTORE CENTRIFUGO VK 100mm 250mc\/h e FILTRO Prima Klima - Kingston Grow Shop","isPartOf":{"@id":"https:\/\/www.kingstongrowshop.it\/#website"},"primaryImageOfPage":{"@id":"https:\/\/www.kingstongrowshop.it\/?product=kit-estrattore-centrifugo-vk-250mc-h-e-filtro-100mm#primaryimage"},"image":{"@id":"https:\/\/www.kingstongrowshop.it\/?product=kit-estrattore-centrifugo-vk-250mc-h-e-filtro-100mm#primaryimage"},"thumbnailUrl":"https:\/\/www.kingstongrowshop.it\/wp-content\/uploads\/2019\/09\/51yZRHihqlL._SL1200_-1.jpg","datePublished":"2019-09-27T13:16:46+00:00","dateModified":"2021-01-30T00:54:04+00:00","breadcrumb":{"@id":"https:\/\/www.kingstongrowshop.it\/?product=kit-estrattore-centrifugo-vk-250mc-h-e-filtro-100mm#breadcrumb"},"inLanguage":"it-IT","potentialAction":[{"@type":"ReadAction","target":["https:\/\/www.kingstongrowshop.it\/?product=kit-estrattore-centrifugo-vk-250mc-h-e-filtro-100mm"]}]},{"@type":"ImageObject","inLanguage":"it-IT","@id":"https:\/\/www.kingstongrowshop.it\/?product=kit-estrattore-centrifugo-vk-250mc-h-e-filtro-100mm#primaryimage","url":"https:\/\/www.kingstongrowshop.it\/wp-content\/uploads\/2019\/09\/51yZRHihqlL._SL1200_-1.jpg","contentUrl":"https:\/\/www.kingstongrowshop.it\/wp-content\/uploads\/2019\/09\/51yZRHihqlL._SL1200_-1.jpg","width":1200,"height":1200},{"@type":"BreadcrumbList","@id":"https:\/\/www.kingstongrowshop.it\/?product=kit-estrattore-centrifugo-vk-250mc-h-e-filtro-100mm#breadcrumb","itemListElement":[{"@type":"ListItem","position":1,"name":"Home","item":"https:\/\/www.kingstongrowshop.it\/"},{"@type":"ListItem","position":2,"name":"Shop","item":"https:\/\/www.kingstongrowshop.it\/?page_id=3853"},{"@type":"ListItem","position":3,"name":"KIT ESTRATTORE CENTRIFUGO VK 100mm 250mc\/h e FILTRO Prima Klima"}]},{"@type":"WebSite","@id":"https:\/\/www.kingstongrowshop.it\/#website","url":"https:\/\/www.kingstongrowshop.it\/","name":"Kingston Grow Shop","description":"Il tuo Grow Shop di Fiducia","potentialAction":[{"@type":"SearchAction","target":{"@type":"EntryPoint","urlTemplate":"https:\/\/www.kingstongrowshop.it\/?s={search_term_string}"},"query-input":{"@type":"PropertyValueSpecification","valueRequired":true,"valueName":"search_term_string"}}],"inLanguage":"it-IT"}]}},"jetpack_sharing_enabled":true,"_links":{"self":[{"href":"https:\/\/www.kingstongrowshop.it\/index.php?rest_route=\/wp\/v2\/product\/7524","targetHints":{"allow":["GET"]}}],"collection":[{"href":"https:\/\/www.kingstongrowshop.it\/index.php?rest_route=\/wp\/v2\/product"}],"about":[{"href":"https:\/\/www.kingstongrowshop.it\/index.php?rest_route=\/wp\/v2\/types\/product"}],"replies":[{"embeddable":true,"href":"https:\/\/www.kingstongrowshop.it\/index.php?rest_route=%2Fwp%2Fv2%2Fcomments&post=7524"}],"wp:featuredmedia":[{"embeddable":true,"href":"https:\/\/www.kingstongrowshop.it\/index.php?rest_route=\/wp\/v2\/media\/9201"}],"wp:attachment":[{"href":"https:\/\/www.kingstongrowshop.it\/index.php?rest_route=%2Fwp%2Fv2%2Fmedia&parent=7524"}],"wp:term":[{"taxonomy":"product_brand","embeddable":true,"href":"https:\/\/www.kingstongrowshop.it\/index.php?rest_route=%2Fwp%2Fv2%2Fproduct_brand&post=7524"},{"taxonomy":"product_cat","embeddable":true,"href":"https:\/\/www.kingstongrowshop.it\/index.php?rest_route=%2Fwp%2Fv2%2Fproduct_cat&post=7524"},{"taxonomy":"product_tag","embeddable":true,"href":"https:\/\/www.kingstongrowshop.it\/index.php?rest_route=%2Fwp%2Fv2%2Fproduct_tag&post=7524"}],"curies":[{"name":"wp","href":"https:\/\/api.w.org\/{rel}","templated":true}]}}