{"id":7975,"date":"2020-03-21T15:40:38","date_gmt":"2020-03-21T14:40:38","guid":{"rendered":"https:\/\/www.kingstongrowshop.it\/?post_type=product&#038;p=7975"},"modified":"2024-08-26T11:56:17","modified_gmt":"2024-08-26T09:56:17","slug":"hydro-shoot-60x60x160-rev-2","status":"publish","type":"product","link":"https:\/\/www.kingstongrowshop.it\/?product=hydro-shoot-60x60x160-rev-2","title":{"rendered":"HYDRO SHOOT 60X60X160 REV.2"},"content":{"rendered":"","protected":false},"excerpt":{"rendered":"<p>Le Growbox della serie Hydro Shoot della Revision 2 sono molto convenienti e quindi ideali per chi \u00e8 alle prime esperienze con il giardinaggio o per chi desidera risparmiare, ma possono essere utilizzate anche come box aggiuntive per i professionisti del giardinaggio. Pur essendo a buon prezzo, offrono un&#8217;ottima qualit\u00e0 e quindi un buon rapporto prezzo-qualit\u00e0. La porta si apre e si chiude con un&#8217;apertura a cerniera e pu\u00f2 essere arrotolata e fissata.<br \/>\nAltre caratteristiche sono le cerniere resistenti e un&#8217;intelaiatura stabile con una portata fino a 10kg. All&#8217;interno la growbox \u00e8 rivestita di materiale (Mylar 70D) con un fattore di riflessione del 98%. La Hydro Shoot Box \u00e8 inoltre al 100% a tenuta di luce.<\/p>\n<p><b>Scheda tecnica della Box Hydro Shoot 60:<\/b><br \/>\n&#8211; Dimensioni: Lunghezza 60 x larghezza 60 x altezza 160 cm<br \/>\n&#8211; Diametro tubi intelaiatura: 16mm<br \/>\n&#8211; 1 finestra 30&#215;20 cm\u00b2<br \/>\n&#8211; 1 porta (con apertura a cerniera)<br \/>\n&#8211; 2 apertura (di accesso e uscita) per il tubo di aerazione: 150 mm<br \/>\n&#8211; Superficie: 0,36 m\u00b2<br \/>\n&#8211; Grandezza spazio interno: 0,60 m\u00b3<br \/>\n&#8211; Fattore di riflessione: ca. 98%<br \/>\n&#8211; A tenuta di luce e impermeabile<br \/>\n&#8211; Intelaiatura stabile con una portata fino a 10 kg<br \/>\n&#8211; Facile e veloce da montare<br \/>\n&#8211; Peso: 4,5 kg<\/p>\n","protected":false},"featured_media":7976,"comment_status":"open","ping_status":"closed","template":"","meta":[],"product_brand":[],"product_cat":[248],"product_tag":[979,317,314],"class_list":{"0":"post-7975","1":"product","2":"type-product","3":"status-publish","4":"has-post-thumbnail","6":"product_cat-growbox","7":"product_tag-60x60x160","8":"product_tag-grow-box","9":"product_tag-growbox","11":"first","12":"instock","13":"shipping-taxable","14":"purchasable","15":"product-type-simple"},"yoast_head":"<!-- This site is optimized with the Yoast SEO plugin v27.5 - https:\/\/yoast.com\/product\/yoast-seo-wordpress\/ -->\n<title>HYDRO SHOOT 60X60X160 REV.2 - Kingston Grow Shop<\/title>\n<meta name=\"robots\" content=\"index, follow, max-snippet:-1, max-image-preview:large, max-video-preview:-1\" \/>\n<link rel=\"canonical\" href=\"https:\/\/www.kingstongrowshop.it\/?product=hydro-shoot-60x60x160-rev-2\" \/>\n<meta property=\"og:locale\" content=\"it_IT\" \/>\n<meta property=\"og:type\" content=\"article\" \/>\n<meta property=\"og:title\" content=\"HYDRO SHOOT 60X60X160 REV.2 - Kingston Grow Shop\" \/>\n<meta property=\"og:description\" content=\"Le Growbox della serie Hydro Shoot della Revision 2 sono molto convenienti e quindi ideali per chi \u00e8 alle prime esperienze con il giardinaggio o per chi desidera risparmiare, ma possono essere utilizzate anche come box aggiuntive per i professionisti del giardinaggio. Pur essendo a buon prezzo, offrono un&#039;ottima qualit\u00e0 e quindi un buon rapporto prezzo-qualit\u00e0. La porta si apre e si chiude con un&#039;apertura a cerniera e pu\u00f2 essere arrotolata e fissata. Altre caratteristiche sono le cerniere resistenti e un&#039;intelaiatura stabile con una portata fino a 10kg. All&#039;interno la growbox \u00e8 rivestita di materiale (Mylar 70D) con un fattore di riflessione del 98%. La Hydro Shoot Box \u00e8 inoltre al 100% a tenuta di luce.  Scheda tecnica della Box Hydro Shoot 60: - Dimensioni: Lunghezza 60 x larghezza 60 x altezza 160 cm - Diametro tubi intelaiatura: 16mm - 1 finestra 30x20 cm\u00b2 - 1 porta (con apertura a cerniera) - 2 apertura (di accesso e uscita) per il tubo di aerazione: 150 mm - Superficie: 0,36 m\u00b2 - Grandezza spazio interno: 0,60 m\u00b3 - Fattore di riflessione: ca. 98% - A tenuta di luce e impermeabile - Intelaiatura stabile con una portata fino a 10 kg - Facile e veloce da montare - Peso: 4,5 kg\" \/>\n<meta property=\"og:url\" content=\"https:\/\/www.kingstongrowshop.it\/?product=hydro-shoot-60x60x160-rev-2\" \/>\n<meta property=\"og:site_name\" content=\"Kingston Grow Shop\" \/>\n<meta property=\"article:modified_time\" content=\"2024-08-26T09:56:17+00:00\" \/>\n<meta property=\"og:image\" content=\"https:\/\/www.kingstongrowshop.it\/wp-content\/uploads\/2020\/03\/60x60x160.jpg\" \/>\n\t<meta property=\"og:image:width\" content=\"700\" \/>\n\t<meta property=\"og:image:height\" content=\"800\" \/>\n\t<meta property=\"og:image:type\" content=\"image\/jpeg\" \/>\n<meta name=\"twitter:card\" content=\"summary_large_image\" \/>\n<meta name=\"twitter:label1\" content=\"Tempo di lettura stimato\" \/>\n\t<meta name=\"twitter:data1\" content=\"1 minuto\" \/>\n<script type=\"application\/ld+json\" class=\"yoast-schema-graph\">{\"@context\":\"https:\\\/\\\/schema.org\",\"@graph\":[{\"@type\":\"WebPage\",\"@id\":\"https:\\\/\\\/www.kingstongrowshop.it\\\/?product=hydro-shoot-60x60x160-rev-2\",\"url\":\"https:\\\/\\\/www.kingstongrowshop.it\\\/?product=hydro-shoot-60x60x160-rev-2\",\"name\":\"HYDRO SHOOT 60X60X160 REV.2 - Kingston Grow Shop\",\"isPartOf\":{\"@id\":\"https:\\\/\\\/www.kingstongrowshop.it\\\/#website\"},\"primaryImageOfPage\":{\"@id\":\"https:\\\/\\\/www.kingstongrowshop.it\\\/?product=hydro-shoot-60x60x160-rev-2#primaryimage\"},\"image\":{\"@id\":\"https:\\\/\\\/www.kingstongrowshop.it\\\/?product=hydro-shoot-60x60x160-rev-2#primaryimage\"},\"thumbnailUrl\":\"https:\\\/\\\/www.kingstongrowshop.it\\\/wp-content\\\/uploads\\\/2020\\\/03\\\/60x60x160.jpg\",\"datePublished\":\"2020-03-21T14:40:38+00:00\",\"dateModified\":\"2024-08-26T09:56:17+00:00\",\"breadcrumb\":{\"@id\":\"https:\\\/\\\/www.kingstongrowshop.it\\\/?product=hydro-shoot-60x60x160-rev-2#breadcrumb\"},\"inLanguage\":\"it-IT\",\"potentialAction\":[{\"@type\":\"ReadAction\",\"target\":[\"https:\\\/\\\/www.kingstongrowshop.it\\\/?product=hydro-shoot-60x60x160-rev-2\"]}]},{\"@type\":\"ImageObject\",\"inLanguage\":\"it-IT\",\"@id\":\"https:\\\/\\\/www.kingstongrowshop.it\\\/?product=hydro-shoot-60x60x160-rev-2#primaryimage\",\"url\":\"https:\\\/\\\/www.kingstongrowshop.it\\\/wp-content\\\/uploads\\\/2020\\\/03\\\/60x60x160.jpg\",\"contentUrl\":\"https:\\\/\\\/www.kingstongrowshop.it\\\/wp-content\\\/uploads\\\/2020\\\/03\\\/60x60x160.jpg\",\"width\":700,\"height\":800},{\"@type\":\"BreadcrumbList\",\"@id\":\"https:\\\/\\\/www.kingstongrowshop.it\\\/?product=hydro-shoot-60x60x160-rev-2#breadcrumb\",\"itemListElement\":[{\"@type\":\"ListItem\",\"position\":1,\"name\":\"Home\",\"item\":\"https:\\\/\\\/www.kingstongrowshop.it\\\/\"},{\"@type\":\"ListItem\",\"position\":2,\"name\":\"Shop\",\"item\":\"https:\\\/\\\/www.kingstongrowshop.it\\\/?page_id=3853\"},{\"@type\":\"ListItem\",\"position\":3,\"name\":\"HYDRO SHOOT 60X60X160 REV.2\"}]},{\"@type\":\"WebSite\",\"@id\":\"https:\\\/\\\/www.kingstongrowshop.it\\\/#website\",\"url\":\"https:\\\/\\\/www.kingstongrowshop.it\\\/\",\"name\":\"Kingston Grow Shop\",\"description\":\"Il tuo Grow Shop di Fiducia\",\"potentialAction\":[{\"@type\":\"SearchAction\",\"target\":{\"@type\":\"EntryPoint\",\"urlTemplate\":\"https:\\\/\\\/www.kingstongrowshop.it\\\/?s={search_term_string}\"},\"query-input\":{\"@type\":\"PropertyValueSpecification\",\"valueRequired\":true,\"valueName\":\"search_term_string\"}}],\"inLanguage\":\"it-IT\"}]}<\/script>\n<!-- \/ Yoast SEO plugin. -->","yoast_head_json":{"title":"HYDRO SHOOT 60X60X160 REV.2 - Kingston Grow Shop","robots":{"index":"index","follow":"follow","max-snippet":"max-snippet:-1","max-image-preview":"max-image-preview:large","max-video-preview":"max-video-preview:-1"},"canonical":"https:\/\/www.kingstongrowshop.it\/?product=hydro-shoot-60x60x160-rev-2","og_locale":"it_IT","og_type":"article","og_title":"HYDRO SHOOT 60X60X160 REV.2 - Kingston Grow Shop","og_description":"Le Growbox della serie Hydro Shoot della Revision 2 sono molto convenienti e quindi ideali per chi \u00e8 alle prime esperienze con il giardinaggio o per chi desidera risparmiare, ma possono essere utilizzate anche come box aggiuntive per i professionisti del giardinaggio. Pur essendo a buon prezzo, offrono un'ottima qualit\u00e0 e quindi un buon rapporto prezzo-qualit\u00e0. La porta si apre e si chiude con un'apertura a cerniera e pu\u00f2 essere arrotolata e fissata. Altre caratteristiche sono le cerniere resistenti e un'intelaiatura stabile con una portata fino a 10kg. All'interno la growbox \u00e8 rivestita di materiale (Mylar 70D) con un fattore di riflessione del 98%. La Hydro Shoot Box \u00e8 inoltre al 100% a tenuta di luce.  Scheda tecnica della Box Hydro Shoot 60: - Dimensioni: Lunghezza 60 x larghezza 60 x altezza 160 cm - Diametro tubi intelaiatura: 16mm - 1 finestra 30x20 cm\u00b2 - 1 porta (con apertura a cerniera) - 2 apertura (di accesso e uscita) per il tubo di aerazione: 150 mm - Superficie: 0,36 m\u00b2 - Grandezza spazio interno: 0,60 m\u00b3 - Fattore di riflessione: ca. 98% - A tenuta di luce e impermeabile - Intelaiatura stabile con una portata fino a 10 kg - Facile e veloce da montare - Peso: 4,5 kg","og_url":"https:\/\/www.kingstongrowshop.it\/?product=hydro-shoot-60x60x160-rev-2","og_site_name":"Kingston Grow Shop","article_modified_time":"2024-08-26T09:56:17+00:00","og_image":[{"width":700,"height":800,"url":"https:\/\/www.kingstongrowshop.it\/wp-content\/uploads\/2020\/03\/60x60x160.jpg","type":"image\/jpeg"}],"twitter_card":"summary_large_image","twitter_misc":{"Tempo di lettura stimato":"1 minuto"},"schema":{"@context":"https:\/\/schema.org","@graph":[{"@type":"WebPage","@id":"https:\/\/www.kingstongrowshop.it\/?product=hydro-shoot-60x60x160-rev-2","url":"https:\/\/www.kingstongrowshop.it\/?product=hydro-shoot-60x60x160-rev-2","name":"HYDRO SHOOT 60X60X160 REV.2 - Kingston Grow Shop","isPartOf":{"@id":"https:\/\/www.kingstongrowshop.it\/#website"},"primaryImageOfPage":{"@id":"https:\/\/www.kingstongrowshop.it\/?product=hydro-shoot-60x60x160-rev-2#primaryimage"},"image":{"@id":"https:\/\/www.kingstongrowshop.it\/?product=hydro-shoot-60x60x160-rev-2#primaryimage"},"thumbnailUrl":"https:\/\/www.kingstongrowshop.it\/wp-content\/uploads\/2020\/03\/60x60x160.jpg","datePublished":"2020-03-21T14:40:38+00:00","dateModified":"2024-08-26T09:56:17+00:00","breadcrumb":{"@id":"https:\/\/www.kingstongrowshop.it\/?product=hydro-shoot-60x60x160-rev-2#breadcrumb"},"inLanguage":"it-IT","potentialAction":[{"@type":"ReadAction","target":["https:\/\/www.kingstongrowshop.it\/?product=hydro-shoot-60x60x160-rev-2"]}]},{"@type":"ImageObject","inLanguage":"it-IT","@id":"https:\/\/www.kingstongrowshop.it\/?product=hydro-shoot-60x60x160-rev-2#primaryimage","url":"https:\/\/www.kingstongrowshop.it\/wp-content\/uploads\/2020\/03\/60x60x160.jpg","contentUrl":"https:\/\/www.kingstongrowshop.it\/wp-content\/uploads\/2020\/03\/60x60x160.jpg","width":700,"height":800},{"@type":"BreadcrumbList","@id":"https:\/\/www.kingstongrowshop.it\/?product=hydro-shoot-60x60x160-rev-2#breadcrumb","itemListElement":[{"@type":"ListItem","position":1,"name":"Home","item":"https:\/\/www.kingstongrowshop.it\/"},{"@type":"ListItem","position":2,"name":"Shop","item":"https:\/\/www.kingstongrowshop.it\/?page_id=3853"},{"@type":"ListItem","position":3,"name":"HYDRO SHOOT 60X60X160 REV.2"}]},{"@type":"WebSite","@id":"https:\/\/www.kingstongrowshop.it\/#website","url":"https:\/\/www.kingstongrowshop.it\/","name":"Kingston Grow Shop","description":"Il tuo Grow Shop di Fiducia","potentialAction":[{"@type":"SearchAction","target":{"@type":"EntryPoint","urlTemplate":"https:\/\/www.kingstongrowshop.it\/?s={search_term_string}"},"query-input":{"@type":"PropertyValueSpecification","valueRequired":true,"valueName":"search_term_string"}}],"inLanguage":"it-IT"}]}},"jetpack_sharing_enabled":true,"_links":{"self":[{"href":"https:\/\/www.kingstongrowshop.it\/index.php?rest_route=\/wp\/v2\/product\/7975","targetHints":{"allow":["GET"]}}],"collection":[{"href":"https:\/\/www.kingstongrowshop.it\/index.php?rest_route=\/wp\/v2\/product"}],"about":[{"href":"https:\/\/www.kingstongrowshop.it\/index.php?rest_route=\/wp\/v2\/types\/product"}],"replies":[{"embeddable":true,"href":"https:\/\/www.kingstongrowshop.it\/index.php?rest_route=%2Fwp%2Fv2%2Fcomments&post=7975"}],"wp:featuredmedia":[{"embeddable":true,"href":"https:\/\/www.kingstongrowshop.it\/index.php?rest_route=\/wp\/v2\/media\/7976"}],"wp:attachment":[{"href":"https:\/\/www.kingstongrowshop.it\/index.php?rest_route=%2Fwp%2Fv2%2Fmedia&parent=7975"}],"wp:term":[{"taxonomy":"product_brand","embeddable":true,"href":"https:\/\/www.kingstongrowshop.it\/index.php?rest_route=%2Fwp%2Fv2%2Fproduct_brand&post=7975"},{"taxonomy":"product_cat","embeddable":true,"href":"https:\/\/www.kingstongrowshop.it\/index.php?rest_route=%2Fwp%2Fv2%2Fproduct_cat&post=7975"},{"taxonomy":"product_tag","embeddable":true,"href":"https:\/\/www.kingstongrowshop.it\/index.php?rest_route=%2Fwp%2Fv2%2Fproduct_tag&post=7975"}],"curies":[{"name":"wp","href":"https:\/\/api.w.org\/{rel}","templated":true}]}}