{"id":8142,"date":"2024-02-22T23:07:43","date_gmt":"2024-02-22T22:07:43","guid":{"rendered":"https:\/\/www.kingstongrowshop.it\/?post_type=product&#038;p=8142"},"modified":"2025-01-10T21:18:35","modified_gmt":"2025-01-10T20:18:35","slug":"filtro-carboni-attivi-airontek-150mm","status":"publish","type":"product","link":"https:\/\/www.kingstongrowshop.it\/?product=filtro-carboni-attivi-airontek-150mm","title":{"rendered":"FILTRO CARBONI ATTIVI AIRONTEK 150mm"},"content":{"rendered":"","protected":false},"excerpt":{"rendered":"<p>Filtro Odori Plus<br \/>\nFlangia: \u00d8150<br \/>\nPortata: 450m\u00b3\/h<br \/>\nLunghezza : 400mm<\/p>\n<p>Dopo il riflettori per bulbi HPS e i propagatori per talee, Airontek arricchisce la propria linea introducendo i nuovi i filtri ai carboni attivi Airon-filters.<br \/>\nI nuovi filtri Airontek sono disponibili in 5 versioni che si differenziano per diametro della flangia e portata, ovvero per la capacit\u00e0 di filtrazione dell&#8217;aria calcolata su un&#8217;ora di utilizzo.<\/p>\n<p>Cosa sono i carboni attivi?<br \/>\nIl carbone attivo \u00e8 un materiale che ha come costituiente principale il carbonio amorfo e che \u00e8 caratterizzato da una struttura altamente porosa. Proprio questa caratteristica fa s\u00ec che un&#8217;ampia superficie di carbone attivo entri in contatto con l&#8217;aria durante il filtraggio che avviene grazie alle spiccate capacit\u00e0 adsorbenti di questo materiale.<br \/>\nGrazie a questo procedimento fisico il carbone \u00e8 in grado di trattenere al suo interno la quasi totalit\u00e0 delle molecole organiche (come quelle degli odori) e non, presenti nell&#8217;aria.<\/p>\n<p>A cosa servono i filtri ai carboni attivi?<br \/>\nConsiderate le caratteristiche riportate sopra, \u00e8 facile intuire per qule motivo l&#8217;utilizzo di filtri ai carboni attivi di qualit\u00e0 sia cos\u00ec importante nel nostro settore: per il controllo degli odori sgraditi che fuoriescono dalle camere di coltivazione.<\/p>\n<p>Come scegliere il filtro adatto?<br \/>\nI filtri ai carboni attvi sono costituiti da una &#8220;cartuccia&#8221; esterna cava chiusa da un lato e dotata, dall&#8217;altro lato, di un collo o flangia che ne consente la connessione a alle condotte flessibili.<br \/>\nLe pareti della cartuccia presentanto un&#8217;intercapedine che viene riempita da carbone attivo.<br \/>\nQuando il filtro viene inserito all&#8217;interno del sistema di aspirazione e quindi collegato ad un estrattore, l&#8217;aria viene forzata a passare attraverso i carboni che la ripuliscono da odori sgraditi e da particelle inquinanti o dannose.<br \/>\nPerch\u00e8 la pulzia dell&#8217;aria sia efficace \u00e8 importante scegliere l&#8217;aspiratore giusto, che deve essere proporzionato alla portata dal filtro: nello specifico la portata del filtro deve essere superiore di circa il 20-30% a quella dell&#8217;aspiratore.<br \/>\nIn questo si eviter\u00e0 di far perdere potenza all&#8217;aspiratore (che se accoppiato ad un filtro con portata troppo bassa sforzerebbe troppo perdendo potenza) e si prolungher\u00e0 il tempo di contatto tra aria e carboni, che potranno quindi svolgere al meglio il proprio lavoro di pulizia.<\/p>\n","protected":false},"featured_media":8143,"comment_status":"open","ping_status":"closed","template":"","meta":[],"product_brand":[],"product_cat":[264,259],"product_tag":[999,643],"class_list":{"0":"post-8142","1":"product","2":"type-product","3":"status-publish","4":"has-post-thumbnail","6":"product_cat-filtriaicarboniattivi","7":"product_cat-trattamentoaria","8":"product_tag-filtro-airontek-150mm","9":"product_tag-filtro-carboni-attivi","11":"first","12":"instock","13":"shipping-taxable","14":"purchasable","15":"product-type-simple"},"yoast_head":"<!-- This site is optimized with the Yoast SEO plugin v27.5 - https:\/\/yoast.com\/product\/yoast-seo-wordpress\/ -->\n<title>FILTRO CARBONI ATTIVI AIRONTEK 150mm - Kingston Grow Shop<\/title>\n<meta name=\"robots\" content=\"index, follow, max-snippet:-1, max-image-preview:large, max-video-preview:-1\" \/>\n<link rel=\"canonical\" href=\"https:\/\/www.kingstongrowshop.it\/?product=filtro-carboni-attivi-airontek-150mm\" \/>\n<meta property=\"og:locale\" content=\"it_IT\" \/>\n<meta property=\"og:type\" content=\"article\" \/>\n<meta property=\"og:title\" content=\"FILTRO CARBONI ATTIVI AIRONTEK 150mm - Kingston Grow Shop\" \/>\n<meta property=\"og:description\" content=\"Filtro Odori Plus Flangia: \u00d8150 Portata: 450m\u00b3\/h Lunghezza : 400mm  Dopo il riflettori per bulbi HPS e i propagatori per talee, Airontek arricchisce la propria linea introducendo i nuovi i filtri ai carboni attivi Airon-filters. I nuovi filtri Airontek sono disponibili in 5 versioni che si differenziano per diametro della flangia e portata, ovvero per la capacit\u00e0 di filtrazione dell&#039;aria calcolata su un&#039;ora di utilizzo.  Cosa sono i carboni attivi? Il carbone attivo \u00e8 un materiale che ha come costituiente principale il carbonio amorfo e che \u00e8 caratterizzato da una struttura altamente porosa. Proprio questa caratteristica fa s\u00ec che un&#039;ampia superficie di carbone attivo entri in contatto con l&#039;aria durante il filtraggio che avviene grazie alle spiccate capacit\u00e0 adsorbenti di questo materiale. Grazie a questo procedimento fisico il carbone \u00e8 in grado di trattenere al suo interno la quasi totalit\u00e0 delle molecole organiche (come quelle degli odori) e non, presenti nell&#039;aria.  A cosa servono i filtri ai carboni attivi? Considerate le caratteristiche riportate sopra, \u00e8 facile intuire per qule motivo l&#039;utilizzo di filtri ai carboni attivi di qualit\u00e0 sia cos\u00ec importante nel nostro settore: per il controllo degli odori sgraditi che fuoriescono dalle camere di coltivazione.  Come scegliere il filtro adatto? I filtri ai carboni attvi sono costituiti da una &quot;cartuccia&quot; esterna cava chiusa da un lato e dotata, dall&#039;altro lato, di un collo o flangia che ne consente la connessione a alle condotte flessibili. Le pareti della cartuccia presentanto un&#039;intercapedine che viene riempita da carbone attivo. Quando il filtro viene inserito all&#039;interno del sistema di aspirazione e quindi collegato ad un estrattore, l&#039;aria viene forzata a passare attraverso i carboni che la ripuliscono da odori sgraditi e da particelle inquinanti o dannose. Perch\u00e8 la pulzia dell&#039;aria sia efficace \u00e8 importante scegliere l&#039;aspiratore giusto, che deve essere proporzionato alla portata dal filtro: nello specifico la portata del filtro deve essere superiore di circa il 20-30% a quella dell&#039;aspiratore. In questo si eviter\u00e0 di far perdere potenza all&#039;aspiratore (che se accoppiato ad un filtro con portata troppo bassa sforzerebbe troppo perdendo potenza) e si prolungher\u00e0 il tempo di contatto tra aria e carboni, che potranno quindi svolgere al meglio il proprio lavoro di pulizia.\" \/>\n<meta property=\"og:url\" content=\"https:\/\/www.kingstongrowshop.it\/?product=filtro-carboni-attivi-airontek-150mm\" \/>\n<meta property=\"og:site_name\" content=\"Kingston Grow Shop\" \/>\n<meta property=\"article:modified_time\" content=\"2025-01-10T20:18:35+00:00\" \/>\n<meta property=\"og:image\" content=\"https:\/\/www.kingstongrowshop.it\/wp-content\/uploads\/2020\/04\/filtro-150-airontek.jpg\" \/>\n\t<meta property=\"og:image:width\" content=\"500\" \/>\n\t<meta property=\"og:image:height\" content=\"500\" \/>\n\t<meta property=\"og:image:type\" content=\"image\/jpeg\" \/>\n<meta name=\"twitter:card\" content=\"summary_large_image\" \/>\n<meta name=\"twitter:label1\" content=\"Tempo di lettura stimato\" \/>\n\t<meta name=\"twitter:data1\" content=\"1 minuto\" \/>\n<script type=\"application\/ld+json\" class=\"yoast-schema-graph\">{\"@context\":\"https:\\\/\\\/schema.org\",\"@graph\":[{\"@type\":\"WebPage\",\"@id\":\"https:\\\/\\\/www.kingstongrowshop.it\\\/?product=filtro-carboni-attivi-airontek-150mm\",\"url\":\"https:\\\/\\\/www.kingstongrowshop.it\\\/?product=filtro-carboni-attivi-airontek-150mm\",\"name\":\"FILTRO CARBONI ATTIVI AIRONTEK 150mm - Kingston Grow Shop\",\"isPartOf\":{\"@id\":\"https:\\\/\\\/www.kingstongrowshop.it\\\/#website\"},\"primaryImageOfPage\":{\"@id\":\"https:\\\/\\\/www.kingstongrowshop.it\\\/?product=filtro-carboni-attivi-airontek-150mm#primaryimage\"},\"image\":{\"@id\":\"https:\\\/\\\/www.kingstongrowshop.it\\\/?product=filtro-carboni-attivi-airontek-150mm#primaryimage\"},\"thumbnailUrl\":\"https:\\\/\\\/www.kingstongrowshop.it\\\/wp-content\\\/uploads\\\/2020\\\/04\\\/filtro-150-airontek.jpg\",\"datePublished\":\"2024-02-22T22:07:43+00:00\",\"dateModified\":\"2025-01-10T20:18:35+00:00\",\"breadcrumb\":{\"@id\":\"https:\\\/\\\/www.kingstongrowshop.it\\\/?product=filtro-carboni-attivi-airontek-150mm#breadcrumb\"},\"inLanguage\":\"it-IT\",\"potentialAction\":[{\"@type\":\"ReadAction\",\"target\":[\"https:\\\/\\\/www.kingstongrowshop.it\\\/?product=filtro-carboni-attivi-airontek-150mm\"]}]},{\"@type\":\"ImageObject\",\"inLanguage\":\"it-IT\",\"@id\":\"https:\\\/\\\/www.kingstongrowshop.it\\\/?product=filtro-carboni-attivi-airontek-150mm#primaryimage\",\"url\":\"https:\\\/\\\/www.kingstongrowshop.it\\\/wp-content\\\/uploads\\\/2020\\\/04\\\/filtro-150-airontek.jpg\",\"contentUrl\":\"https:\\\/\\\/www.kingstongrowshop.it\\\/wp-content\\\/uploads\\\/2020\\\/04\\\/filtro-150-airontek.jpg\",\"width\":500,\"height\":500},{\"@type\":\"BreadcrumbList\",\"@id\":\"https:\\\/\\\/www.kingstongrowshop.it\\\/?product=filtro-carboni-attivi-airontek-150mm#breadcrumb\",\"itemListElement\":[{\"@type\":\"ListItem\",\"position\":1,\"name\":\"Home\",\"item\":\"https:\\\/\\\/www.kingstongrowshop.it\\\/\"},{\"@type\":\"ListItem\",\"position\":2,\"name\":\"Shop\",\"item\":\"https:\\\/\\\/www.kingstongrowshop.it\\\/?page_id=3853\"},{\"@type\":\"ListItem\",\"position\":3,\"name\":\"FILTRO CARBONI ATTIVI AIRONTEK 150mm\"}]},{\"@type\":\"WebSite\",\"@id\":\"https:\\\/\\\/www.kingstongrowshop.it\\\/#website\",\"url\":\"https:\\\/\\\/www.kingstongrowshop.it\\\/\",\"name\":\"Kingston Grow Shop\",\"description\":\"Il tuo Grow Shop di Fiducia\",\"potentialAction\":[{\"@type\":\"SearchAction\",\"target\":{\"@type\":\"EntryPoint\",\"urlTemplate\":\"https:\\\/\\\/www.kingstongrowshop.it\\\/?s={search_term_string}\"},\"query-input\":{\"@type\":\"PropertyValueSpecification\",\"valueRequired\":true,\"valueName\":\"search_term_string\"}}],\"inLanguage\":\"it-IT\"}]}<\/script>\n<!-- \/ Yoast SEO plugin. -->","yoast_head_json":{"title":"FILTRO CARBONI ATTIVI AIRONTEK 150mm - Kingston Grow Shop","robots":{"index":"index","follow":"follow","max-snippet":"max-snippet:-1","max-image-preview":"max-image-preview:large","max-video-preview":"max-video-preview:-1"},"canonical":"https:\/\/www.kingstongrowshop.it\/?product=filtro-carboni-attivi-airontek-150mm","og_locale":"it_IT","og_type":"article","og_title":"FILTRO CARBONI ATTIVI AIRONTEK 150mm - Kingston Grow Shop","og_description":"Filtro Odori Plus Flangia: \u00d8150 Portata: 450m\u00b3\/h Lunghezza : 400mm  Dopo il riflettori per bulbi HPS e i propagatori per talee, Airontek arricchisce la propria linea introducendo i nuovi i filtri ai carboni attivi Airon-filters. I nuovi filtri Airontek sono disponibili in 5 versioni che si differenziano per diametro della flangia e portata, ovvero per la capacit\u00e0 di filtrazione dell'aria calcolata su un'ora di utilizzo.  Cosa sono i carboni attivi? Il carbone attivo \u00e8 un materiale che ha come costituiente principale il carbonio amorfo e che \u00e8 caratterizzato da una struttura altamente porosa. Proprio questa caratteristica fa s\u00ec che un'ampia superficie di carbone attivo entri in contatto con l'aria durante il filtraggio che avviene grazie alle spiccate capacit\u00e0 adsorbenti di questo materiale. Grazie a questo procedimento fisico il carbone \u00e8 in grado di trattenere al suo interno la quasi totalit\u00e0 delle molecole organiche (come quelle degli odori) e non, presenti nell'aria.  A cosa servono i filtri ai carboni attivi? Considerate le caratteristiche riportate sopra, \u00e8 facile intuire per qule motivo l'utilizzo di filtri ai carboni attivi di qualit\u00e0 sia cos\u00ec importante nel nostro settore: per il controllo degli odori sgraditi che fuoriescono dalle camere di coltivazione.  Come scegliere il filtro adatto? I filtri ai carboni attvi sono costituiti da una \"cartuccia\" esterna cava chiusa da un lato e dotata, dall'altro lato, di un collo o flangia che ne consente la connessione a alle condotte flessibili. Le pareti della cartuccia presentanto un'intercapedine che viene riempita da carbone attivo. Quando il filtro viene inserito all'interno del sistema di aspirazione e quindi collegato ad un estrattore, l'aria viene forzata a passare attraverso i carboni che la ripuliscono da odori sgraditi e da particelle inquinanti o dannose. Perch\u00e8 la pulzia dell'aria sia efficace \u00e8 importante scegliere l'aspiratore giusto, che deve essere proporzionato alla portata dal filtro: nello specifico la portata del filtro deve essere superiore di circa il 20-30% a quella dell'aspiratore. In questo si eviter\u00e0 di far perdere potenza all'aspiratore (che se accoppiato ad un filtro con portata troppo bassa sforzerebbe troppo perdendo potenza) e si prolungher\u00e0 il tempo di contatto tra aria e carboni, che potranno quindi svolgere al meglio il proprio lavoro di pulizia.","og_url":"https:\/\/www.kingstongrowshop.it\/?product=filtro-carboni-attivi-airontek-150mm","og_site_name":"Kingston Grow Shop","article_modified_time":"2025-01-10T20:18:35+00:00","og_image":[{"width":500,"height":500,"url":"https:\/\/www.kingstongrowshop.it\/wp-content\/uploads\/2020\/04\/filtro-150-airontek.jpg","type":"image\/jpeg"}],"twitter_card":"summary_large_image","twitter_misc":{"Tempo di lettura stimato":"1 minuto"},"schema":{"@context":"https:\/\/schema.org","@graph":[{"@type":"WebPage","@id":"https:\/\/www.kingstongrowshop.it\/?product=filtro-carboni-attivi-airontek-150mm","url":"https:\/\/www.kingstongrowshop.it\/?product=filtro-carboni-attivi-airontek-150mm","name":"FILTRO CARBONI ATTIVI AIRONTEK 150mm - Kingston Grow Shop","isPartOf":{"@id":"https:\/\/www.kingstongrowshop.it\/#website"},"primaryImageOfPage":{"@id":"https:\/\/www.kingstongrowshop.it\/?product=filtro-carboni-attivi-airontek-150mm#primaryimage"},"image":{"@id":"https:\/\/www.kingstongrowshop.it\/?product=filtro-carboni-attivi-airontek-150mm#primaryimage"},"thumbnailUrl":"https:\/\/www.kingstongrowshop.it\/wp-content\/uploads\/2020\/04\/filtro-150-airontek.jpg","datePublished":"2024-02-22T22:07:43+00:00","dateModified":"2025-01-10T20:18:35+00:00","breadcrumb":{"@id":"https:\/\/www.kingstongrowshop.it\/?product=filtro-carboni-attivi-airontek-150mm#breadcrumb"},"inLanguage":"it-IT","potentialAction":[{"@type":"ReadAction","target":["https:\/\/www.kingstongrowshop.it\/?product=filtro-carboni-attivi-airontek-150mm"]}]},{"@type":"ImageObject","inLanguage":"it-IT","@id":"https:\/\/www.kingstongrowshop.it\/?product=filtro-carboni-attivi-airontek-150mm#primaryimage","url":"https:\/\/www.kingstongrowshop.it\/wp-content\/uploads\/2020\/04\/filtro-150-airontek.jpg","contentUrl":"https:\/\/www.kingstongrowshop.it\/wp-content\/uploads\/2020\/04\/filtro-150-airontek.jpg","width":500,"height":500},{"@type":"BreadcrumbList","@id":"https:\/\/www.kingstongrowshop.it\/?product=filtro-carboni-attivi-airontek-150mm#breadcrumb","itemListElement":[{"@type":"ListItem","position":1,"name":"Home","item":"https:\/\/www.kingstongrowshop.it\/"},{"@type":"ListItem","position":2,"name":"Shop","item":"https:\/\/www.kingstongrowshop.it\/?page_id=3853"},{"@type":"ListItem","position":3,"name":"FILTRO CARBONI ATTIVI AIRONTEK 150mm"}]},{"@type":"WebSite","@id":"https:\/\/www.kingstongrowshop.it\/#website","url":"https:\/\/www.kingstongrowshop.it\/","name":"Kingston Grow Shop","description":"Il tuo Grow Shop di Fiducia","potentialAction":[{"@type":"SearchAction","target":{"@type":"EntryPoint","urlTemplate":"https:\/\/www.kingstongrowshop.it\/?s={search_term_string}"},"query-input":{"@type":"PropertyValueSpecification","valueRequired":true,"valueName":"search_term_string"}}],"inLanguage":"it-IT"}]}},"jetpack_sharing_enabled":true,"_links":{"self":[{"href":"https:\/\/www.kingstongrowshop.it\/index.php?rest_route=\/wp\/v2\/product\/8142","targetHints":{"allow":["GET"]}}],"collection":[{"href":"https:\/\/www.kingstongrowshop.it\/index.php?rest_route=\/wp\/v2\/product"}],"about":[{"href":"https:\/\/www.kingstongrowshop.it\/index.php?rest_route=\/wp\/v2\/types\/product"}],"replies":[{"embeddable":true,"href":"https:\/\/www.kingstongrowshop.it\/index.php?rest_route=%2Fwp%2Fv2%2Fcomments&post=8142"}],"wp:featuredmedia":[{"embeddable":true,"href":"https:\/\/www.kingstongrowshop.it\/index.php?rest_route=\/wp\/v2\/media\/8143"}],"wp:attachment":[{"href":"https:\/\/www.kingstongrowshop.it\/index.php?rest_route=%2Fwp%2Fv2%2Fmedia&parent=8142"}],"wp:term":[{"taxonomy":"product_brand","embeddable":true,"href":"https:\/\/www.kingstongrowshop.it\/index.php?rest_route=%2Fwp%2Fv2%2Fproduct_brand&post=8142"},{"taxonomy":"product_cat","embeddable":true,"href":"https:\/\/www.kingstongrowshop.it\/index.php?rest_route=%2Fwp%2Fv2%2Fproduct_cat&post=8142"},{"taxonomy":"product_tag","embeddable":true,"href":"https:\/\/www.kingstongrowshop.it\/index.php?rest_route=%2Fwp%2Fv2%2Fproduct_tag&post=8142"}],"curies":[{"name":"wp","href":"https:\/\/api.w.org\/{rel}","templated":true}]}}