{"id":8252,"date":"2020-04-13T12:02:42","date_gmt":"2020-04-13T10:02:42","guid":{"rendered":"https:\/\/www.kingstongrowshop.it\/?post_type=product&#038;p=8252"},"modified":"2024-07-09T17:22:36","modified_gmt":"2024-07-09T15:22:36","slug":"advance-nutrients-b-52","status":"publish","type":"product","link":"https:\/\/www.kingstongrowshop.it\/?product=advance-nutrients-b-52","title":{"rendered":"ADVANCE NUTRIENTS B-52"},"content":{"rendered":"<p>Advance Nutrients B-52 \u00e8 un prodotto davvero unico.<\/p>\n<p>Si tratta infatti di un &#8220;integratore&#8221; di vitamina B che assicura numerosi vantaggi:<\/p>\n<p>*Una migliore percentuale di sopravvivenza delle piantine da seme, dei cloni e nel caso di trapianto<br \/>\n*Piante pi\u00f9 resistenti a malattie e stress<br \/>\n*Crescita pi\u00f9 veloce e vigorosa, e maggiore produzione finale<br \/>\n*Radici pi\u00f9 forti e resistenti per una migliore assimilazione dei nutrienti<\/p>\n<p>Quando usare B52?<br \/>\nOgni volta che le piante sono stressate, specialmente durante le prima fasi della crescita,<br \/>\ndurante l&#8217;attecchimento delle talee, in caso di trapianto, durante la fioritura e in ogni caso<br \/>\nseguendo la tabella nutrienti di Advanced Nutrients.<\/p>\n<p>Su quali substrati?<\/p>\n<p>B-52 \u00e8 stato progettato specificatamente per l&#8217;uso in idroponica, aeroponica e cocco, ma \u00e8 in generale \u00e8 perfetto per ogni substato, dal rockwool alla terra.<\/p>\n<p>Considera che le piante senza vitamina B morirebbero.<br \/>\nSono capaci di sintetizzarla dai normali nutrienti, ma non abbastanza velecemente per rendere al massimo.<br \/>\nB-52 \u00e8 quindi davvero molto utile in caso di stress o malattie, durante i periodi pi\u00f9 dellicati della vita della pianta e in generale per ottenere piante pi\u00f9 sane e produzioni pi\u00f9 abbondanti. Se le offri questo integratore, di sicuro la tua pianta ti ringrazier\u00e0 abbondantemente!<\/p>\n<p>Vitamine del gruppo B contenute nel nel prodotto:<\/p>\n<p>L&#8217;Acido Folico aiuta le piante a mantene un corretto metabolismo e il DNA sano.<br \/>\nL&#8217;Acido Folico, per\u00f2, diminuisce facilmente specialmente in piante esposte a intensa illuminazione artificiale; per questo \u00e8 un&#8217;ottima idea offrire loro questo supplemento. I test dimostrano che l&#8217;acido folico aumenta la peso e la qualit\u00e0 della fioritura.<\/p>\n<p>La Vitamina B5 \u00e8 essenziale per importanti processi cellulari. Senza una quantit\u00e0 sufficente di vitamina B5 le piante muoiono o crescono lentamente o divengono particolamente sensibili a malattie, stress o agenti patogeni.<\/p>\n<p>La Vitamina B1 (Tiamine) aiuta le tue piante a creare e metabolizzare carboidrati: in questo modo hanno sufficente energia per un&#8217;abbondante crescita vegetativa e per una notevole produzione di fiori. Inoltre facilita l&#8217;assimilazione di fosfato, nutriente essenziale che incrementa la crescita dei fiori. B1 rafforza il sistema immunitario della pianta che resistono meglio a stress e malattie.<br \/>\nLa Vitamina B1 inoltre attiva la Systemic Acquired Resistance (Resistenza Sistemica Acquisita), praticamente l&#8217;equivalente del nostro vaccino, aumentando la resistenza delle piante a attacchi patogeni o malattie.<\/p>\n<p>B-52 combina questi elementi con altre 3 vitamine del gruppo B che agiscono da protettore floreale:<\/p>\n<p>Vitamian B2 (Riboflavina): migliora la resistenza sistemica cosicch\u00e8 le tue piante risultano meno esposte alle malattie pi\u00f9 comuni tra le colture indoor.<\/p>\n<p>Vitamina B3 (Niacina): una sostanza essenziale che migliora il metabolismo delle tue piante e altre funzioni vitali di base.<\/p>\n<p>Vitamina B7 (Biotina): Coinvolta nell&#8217;attivit\u00e0 enzimatica, nalla produzione di energia derivata dei carboidrati e nella sintesi degli aminoacidi.<\/p>\n<p>Il B-52 puo essere utilizzato su ogni substrato.<\/p>\n<p>Derivato da: potassio, magnesio e acido folico.<\/p>\n<p>NPK 2-1-4<br \/>\nNPK 2-1-4<\/p>\n","protected":false},"excerpt":{"rendered":"<p>Advanced nutrients B-52 .<br \/>\nFornisce alla pianta un&#8217;enorme spinta energetica aumentando il metabolismo e incrementando l&#8217;assimilazione dei nutrienti mediante ormoni e vitamine che le piante non possono ottenere sotto altra forma.<\/p>\n","protected":false},"featured_media":8255,"comment_status":"open","ping_status":"closed","template":"","meta":[],"product_brand":[],"product_cat":[289,281],"product_tag":[592,1004,1005],"class_list":{"0":"post-8252","1":"product","2":"type-product","3":"status-publish","4":"has-post-thumbnail","6":"product_cat-advancenutrients","7":"product_cat-fertilizzantiecuradellepiante","8":"product_tag-advance-nutrients","9":"product_tag-b-52","10":"product_tag-vitamina-b","12":"first","13":"instock","14":"shipping-taxable","15":"purchasable","16":"product-type-variable"},"yoast_head":"<!-- This site is optimized with the Yoast SEO plugin v27.5 - https:\/\/yoast.com\/product\/yoast-seo-wordpress\/ -->\n<title>ADVANCE NUTRIENTS B-52 - Kingston Grow Shop<\/title>\n<meta name=\"robots\" content=\"index, follow, max-snippet:-1, max-image-preview:large, max-video-preview:-1\" \/>\n<link rel=\"canonical\" href=\"https:\/\/www.kingstongrowshop.it\/?product=advance-nutrients-b-52\" \/>\n<meta property=\"og:locale\" content=\"it_IT\" \/>\n<meta property=\"og:type\" content=\"article\" \/>\n<meta property=\"og:title\" content=\"ADVANCE NUTRIENTS B-52 - Kingston Grow Shop\" \/>\n<meta property=\"og:description\" content=\"Advanced nutrients B-52 . Fornisce alla pianta un&#039;enorme spinta energetica aumentando il metabolismo e incrementando l&#039;assimilazione dei nutrienti mediante ormoni e vitamine che le piante non possono ottenere sotto altra forma.\" \/>\n<meta property=\"og:url\" content=\"https:\/\/www.kingstongrowshop.it\/?product=advance-nutrients-b-52\" \/>\n<meta property=\"og:site_name\" content=\"Kingston Grow Shop\" \/>\n<meta property=\"article:modified_time\" content=\"2024-07-09T15:22:36+00:00\" \/>\n<meta property=\"og:image\" content=\"https:\/\/www.kingstongrowshop.it\/wp-content\/uploads\/2020\/04\/b52.jpg\" \/>\n\t<meta property=\"og:image:width\" content=\"500\" \/>\n\t<meta property=\"og:image:height\" content=\"500\" \/>\n\t<meta property=\"og:image:type\" content=\"image\/jpeg\" \/>\n<meta name=\"twitter:card\" content=\"summary_large_image\" \/>\n<meta name=\"twitter:label1\" content=\"Tempo di lettura stimato\" \/>\n\t<meta name=\"twitter:data1\" content=\"3 minuti\" \/>\n<script type=\"application\/ld+json\" class=\"yoast-schema-graph\">{\"@context\":\"https:\\\/\\\/schema.org\",\"@graph\":[{\"@type\":\"WebPage\",\"@id\":\"https:\\\/\\\/www.kingstongrowshop.it\\\/?product=advance-nutrients-b-52\",\"url\":\"https:\\\/\\\/www.kingstongrowshop.it\\\/?product=advance-nutrients-b-52\",\"name\":\"ADVANCE NUTRIENTS B-52 - Kingston Grow Shop\",\"isPartOf\":{\"@id\":\"https:\\\/\\\/www.kingstongrowshop.it\\\/#website\"},\"primaryImageOfPage\":{\"@id\":\"https:\\\/\\\/www.kingstongrowshop.it\\\/?product=advance-nutrients-b-52#primaryimage\"},\"image\":{\"@id\":\"https:\\\/\\\/www.kingstongrowshop.it\\\/?product=advance-nutrients-b-52#primaryimage\"},\"thumbnailUrl\":\"https:\\\/\\\/www.kingstongrowshop.it\\\/wp-content\\\/uploads\\\/2020\\\/04\\\/b52.jpg\",\"datePublished\":\"2020-04-13T10:02:42+00:00\",\"dateModified\":\"2024-07-09T15:22:36+00:00\",\"breadcrumb\":{\"@id\":\"https:\\\/\\\/www.kingstongrowshop.it\\\/?product=advance-nutrients-b-52#breadcrumb\"},\"inLanguage\":\"it-IT\",\"potentialAction\":[{\"@type\":\"ReadAction\",\"target\":[\"https:\\\/\\\/www.kingstongrowshop.it\\\/?product=advance-nutrients-b-52\"]}]},{\"@type\":\"ImageObject\",\"inLanguage\":\"it-IT\",\"@id\":\"https:\\\/\\\/www.kingstongrowshop.it\\\/?product=advance-nutrients-b-52#primaryimage\",\"url\":\"https:\\\/\\\/www.kingstongrowshop.it\\\/wp-content\\\/uploads\\\/2020\\\/04\\\/b52.jpg\",\"contentUrl\":\"https:\\\/\\\/www.kingstongrowshop.it\\\/wp-content\\\/uploads\\\/2020\\\/04\\\/b52.jpg\",\"width\":500,\"height\":500},{\"@type\":\"BreadcrumbList\",\"@id\":\"https:\\\/\\\/www.kingstongrowshop.it\\\/?product=advance-nutrients-b-52#breadcrumb\",\"itemListElement\":[{\"@type\":\"ListItem\",\"position\":1,\"name\":\"Home\",\"item\":\"https:\\\/\\\/www.kingstongrowshop.it\\\/\"},{\"@type\":\"ListItem\",\"position\":2,\"name\":\"Shop\",\"item\":\"https:\\\/\\\/www.kingstongrowshop.it\\\/?page_id=3853\"},{\"@type\":\"ListItem\",\"position\":3,\"name\":\"ADVANCE NUTRIENTS B-52\"}]},{\"@type\":\"WebSite\",\"@id\":\"https:\\\/\\\/www.kingstongrowshop.it\\\/#website\",\"url\":\"https:\\\/\\\/www.kingstongrowshop.it\\\/\",\"name\":\"Kingston Grow Shop\",\"description\":\"Il tuo Grow Shop di Fiducia\",\"potentialAction\":[{\"@type\":\"SearchAction\",\"target\":{\"@type\":\"EntryPoint\",\"urlTemplate\":\"https:\\\/\\\/www.kingstongrowshop.it\\\/?s={search_term_string}\"},\"query-input\":{\"@type\":\"PropertyValueSpecification\",\"valueRequired\":true,\"valueName\":\"search_term_string\"}}],\"inLanguage\":\"it-IT\"}]}<\/script>\n<!-- \/ Yoast SEO plugin. -->","yoast_head_json":{"title":"ADVANCE NUTRIENTS B-52 - Kingston Grow Shop","robots":{"index":"index","follow":"follow","max-snippet":"max-snippet:-1","max-image-preview":"max-image-preview:large","max-video-preview":"max-video-preview:-1"},"canonical":"https:\/\/www.kingstongrowshop.it\/?product=advance-nutrients-b-52","og_locale":"it_IT","og_type":"article","og_title":"ADVANCE NUTRIENTS B-52 - Kingston Grow Shop","og_description":"Advanced nutrients B-52 . Fornisce alla pianta un'enorme spinta energetica aumentando il metabolismo e incrementando l'assimilazione dei nutrienti mediante ormoni e vitamine che le piante non possono ottenere sotto altra forma.","og_url":"https:\/\/www.kingstongrowshop.it\/?product=advance-nutrients-b-52","og_site_name":"Kingston Grow Shop","article_modified_time":"2024-07-09T15:22:36+00:00","og_image":[{"width":500,"height":500,"url":"https:\/\/www.kingstongrowshop.it\/wp-content\/uploads\/2020\/04\/b52.jpg","type":"image\/jpeg"}],"twitter_card":"summary_large_image","twitter_misc":{"Tempo di lettura stimato":"3 minuti"},"schema":{"@context":"https:\/\/schema.org","@graph":[{"@type":"WebPage","@id":"https:\/\/www.kingstongrowshop.it\/?product=advance-nutrients-b-52","url":"https:\/\/www.kingstongrowshop.it\/?product=advance-nutrients-b-52","name":"ADVANCE NUTRIENTS B-52 - Kingston Grow Shop","isPartOf":{"@id":"https:\/\/www.kingstongrowshop.it\/#website"},"primaryImageOfPage":{"@id":"https:\/\/www.kingstongrowshop.it\/?product=advance-nutrients-b-52#primaryimage"},"image":{"@id":"https:\/\/www.kingstongrowshop.it\/?product=advance-nutrients-b-52#primaryimage"},"thumbnailUrl":"https:\/\/www.kingstongrowshop.it\/wp-content\/uploads\/2020\/04\/b52.jpg","datePublished":"2020-04-13T10:02:42+00:00","dateModified":"2024-07-09T15:22:36+00:00","breadcrumb":{"@id":"https:\/\/www.kingstongrowshop.it\/?product=advance-nutrients-b-52#breadcrumb"},"inLanguage":"it-IT","potentialAction":[{"@type":"ReadAction","target":["https:\/\/www.kingstongrowshop.it\/?product=advance-nutrients-b-52"]}]},{"@type":"ImageObject","inLanguage":"it-IT","@id":"https:\/\/www.kingstongrowshop.it\/?product=advance-nutrients-b-52#primaryimage","url":"https:\/\/www.kingstongrowshop.it\/wp-content\/uploads\/2020\/04\/b52.jpg","contentUrl":"https:\/\/www.kingstongrowshop.it\/wp-content\/uploads\/2020\/04\/b52.jpg","width":500,"height":500},{"@type":"BreadcrumbList","@id":"https:\/\/www.kingstongrowshop.it\/?product=advance-nutrients-b-52#breadcrumb","itemListElement":[{"@type":"ListItem","position":1,"name":"Home","item":"https:\/\/www.kingstongrowshop.it\/"},{"@type":"ListItem","position":2,"name":"Shop","item":"https:\/\/www.kingstongrowshop.it\/?page_id=3853"},{"@type":"ListItem","position":3,"name":"ADVANCE NUTRIENTS B-52"}]},{"@type":"WebSite","@id":"https:\/\/www.kingstongrowshop.it\/#website","url":"https:\/\/www.kingstongrowshop.it\/","name":"Kingston Grow Shop","description":"Il tuo Grow Shop di Fiducia","potentialAction":[{"@type":"SearchAction","target":{"@type":"EntryPoint","urlTemplate":"https:\/\/www.kingstongrowshop.it\/?s={search_term_string}"},"query-input":{"@type":"PropertyValueSpecification","valueRequired":true,"valueName":"search_term_string"}}],"inLanguage":"it-IT"}]}},"jetpack_sharing_enabled":true,"_links":{"self":[{"href":"https:\/\/www.kingstongrowshop.it\/index.php?rest_route=\/wp\/v2\/product\/8252","targetHints":{"allow":["GET"]}}],"collection":[{"href":"https:\/\/www.kingstongrowshop.it\/index.php?rest_route=\/wp\/v2\/product"}],"about":[{"href":"https:\/\/www.kingstongrowshop.it\/index.php?rest_route=\/wp\/v2\/types\/product"}],"replies":[{"embeddable":true,"href":"https:\/\/www.kingstongrowshop.it\/index.php?rest_route=%2Fwp%2Fv2%2Fcomments&post=8252"}],"wp:featuredmedia":[{"embeddable":true,"href":"https:\/\/www.kingstongrowshop.it\/index.php?rest_route=\/wp\/v2\/media\/8255"}],"wp:attachment":[{"href":"https:\/\/www.kingstongrowshop.it\/index.php?rest_route=%2Fwp%2Fv2%2Fmedia&parent=8252"}],"wp:term":[{"taxonomy":"product_brand","embeddable":true,"href":"https:\/\/www.kingstongrowshop.it\/index.php?rest_route=%2Fwp%2Fv2%2Fproduct_brand&post=8252"},{"taxonomy":"product_cat","embeddable":true,"href":"https:\/\/www.kingstongrowshop.it\/index.php?rest_route=%2Fwp%2Fv2%2Fproduct_cat&post=8252"},{"taxonomy":"product_tag","embeddable":true,"href":"https:\/\/www.kingstongrowshop.it\/index.php?rest_route=%2Fwp%2Fv2%2Fproduct_tag&post=8252"}],"curies":[{"name":"wp","href":"https:\/\/api.w.org\/{rel}","templated":true}]}}