{"id":8354,"date":"2020-04-17T23:08:22","date_gmt":"2020-04-17T21:08:22","guid":{"rendered":"https:\/\/www.kingstongrowshop.it\/?post_type=product&#038;p=8354"},"modified":"2024-07-26T11:05:47","modified_gmt":"2024-07-26T09:05:47","slug":"canna-boost-accelerator","status":"publish","type":"product","link":"https:\/\/www.kingstongrowshop.it\/?product=canna-boost-accelerator","title":{"rendered":"CANNA BOOST ACCELERATOR"},"content":{"rendered":"<p>CANNABOOST \u00e8 uno stimolatore di fioritura universale, il che significa che pu\u00f2 essere utilizzato, senza eccezioni, in qualunque tipo di coltivazione e in combinazione con qualunque fertilizzante. CANNABOOST, oltre ad essere utilizzato nella soluzione nutritiva per il substrato, pu\u00f2 anche essere nebulizzato direttamente sulla pianta. Il vantaggio di questo sistema \u00e8 che la pianta assorbe le sostanze stimolanti direttamente attraverso le foglie.<br \/>\nRaccolto ancora pi\u00f9 voluminoso se utilizzato insieme a PK 13\/14<\/p>\n<p>CANNABOOST non \u00e8 un fertilizzante ma un additivo che accelera la fotosintesi (metabolismo) della pianta e in questo modo favorisce una formazione pi\u00f9 rapi-da dei fiori. Un fattore importante per ottenere risultati ottimali con CANNABOOST \u00e8 la disponibilit\u00e0 di tutte le sostanze nutritive necessarie. I fertilizzanti CANNA garantiscono tale disponibilit\u00e0. Se il fertilizzante CANNA viene inoltre utilizzato in combinazione con il prodotto CANNA PK 13\/14, i risultati possono essere ancora migliori. Infatti, il PK 13\/14 mette a disposizione della pianta sostanze supplementari per la fioritura, mentre CANNABOOST fornisce l\u2019energia necessaria per il loro assorbimento e metabolismo.<\/p>\n<p>CANNABOOST \u00e8 uno stimolatore della fioritura molto potente che aumenta la resa e la qualit\u00e0, creato specificatamente per piante dalla crescita rapida. CANNABOOST agisce stimolando lo sviluppo nella fase iniziale della fruttificazione. Questo favorisce una fioritura decisamente pi\u00f9 abbondante del normale. Il risultato \u00e8 una fruttificazione robusta e vitale. Grazie anche a un processo di maturazione pi\u00f9 graduale, il raccolto risulta pi\u00f9 omogeneo. L\u2019utilizzo di CANNABOOST rende inoltre le piante pi\u00f9 sane e forti e meno soggette a malattie e infestazioni. CANNABOOST non \u00e8 solo garanzia di una resa maggiore, ma \u00e8 dotato di propriet\u00e0 che arricchiscono il sapore. In questo modo CANNABOOST consente di ottenere un prodotto finale migliore per qualit\u00e0 e quantit\u00e0!<\/p>\n<p>Istruzioni per l\u2019uso<\/p>\n<p>-Agitare bene il flacone prima dell\u2019uso<br \/>\n-Somministrare nella proporzione 1:500 (200 ml per 100 litri di acqua). Per invigorire ulteriormente la fioritura, la concentrazione massima \u00e8 1:250 (400 ml per 100 litri di acqua)<br \/>\n-Non somministrare in combinazione con prodotti contenenti perossido di idrogeno<br \/>\n-Le soluzioni diluite vanno utilizzate entro 7 giorni<br \/>\n-CANNABOOST pu\u00f2 essere somministrato direttamente a mano, mediante irrigazione per gocciolamento e\/o nebulizzazione delle foglie<\/p>\n<p>Altre indicazioni<\/p>\n<p>-Somministrare CANNABOOST in combinazione con il nutrimento normale delle piante<br \/>\n-Conservare in un luogo chiuso, buio e al riparo dal gelo<br \/>\n-Tenere lontano dalla portata dei bambini<\/p>\n<p>Certificazioni \/ Garanzie<\/p>\n<p>Il flacone di dosaggio \u00e8 di polietilene 100% (PVC, senza cadmio), una plastica facilmente biodegradabile nonch\u00e9 riciclabile.<\/p>\n","protected":false},"excerpt":{"rendered":"<p>Fiori pi\u00f9 grandi e consistenti<\/p>\n<p>CANNABOOST \u00e8 l\u2019efficace stimolatore di fioritura di CANNA, un prodotto che accresce la qualit\u00e0 e la quantit\u00e0 del vostro raccolto, specifico per piante a crescita rapida. CANNABOOST agisce stimolando lo sviluppo nella fase iniziale della fioritura. In questo modo i fiori saranno pi\u00f9 consistenti del normale ed inoltre, grazie ad un processo di maturazione pi\u00f9 graduale, il raccolto risulter\u00e0 pi\u00f9 omogeneo. La particolarit\u00e0 di CANNABOOST \u00e8 che non solo assicura alte rese produttive, ma garantisce anche un aroma migliore.<br \/>\nApplicabile ad ogni substrato di coltivazione<\/p>\n","protected":false},"featured_media":8357,"comment_status":"open","ping_status":"closed","template":"","meta":[],"product_brand":[],"product_cat":[1019,283,594],"product_tag":[1023],"class_list":{"0":"post-8354","1":"product","2":"type-product","3":"status-publish","4":"has-post-thumbnail","6":"product_cat-canna","7":"product_cat-fertilizzanti","8":"product_cat-massimizza-la-produzione","9":"product_tag-canna-boost-accelerator","11":"first","12":"instock","13":"shipping-taxable","14":"purchasable","15":"product-type-variable"},"yoast_head":"<!-- This site is optimized with the Yoast SEO plugin v27.5 - https:\/\/yoast.com\/product\/yoast-seo-wordpress\/ -->\n<title>CANNA BOOST ACCELERATOR - Kingston Grow Shop<\/title>\n<meta name=\"description\" content=\"Fiori pi\u00f9 grandi e consistentiCANNABOOST \u00e8 l\u2019efficace stimolatore di fioritura di CANNA, un prodotto che accresce la qualit\u00e0 e la quantit\u00e0\" \/>\n<meta name=\"robots\" content=\"index, follow, max-snippet:-1, max-image-preview:large, max-video-preview:-1\" \/>\n<link rel=\"canonical\" href=\"https:\/\/www.kingstongrowshop.it\/?product=canna-boost-accelerator\" \/>\n<meta property=\"og:locale\" content=\"it_IT\" \/>\n<meta property=\"og:type\" content=\"article\" \/>\n<meta property=\"og:title\" content=\"CANNA BOOST ACCELERATOR - Kingston Grow Shop\" \/>\n<meta property=\"og:description\" content=\"Fiori pi\u00f9 grandi e consistentiCANNABOOST \u00e8 l\u2019efficace stimolatore di fioritura di CANNA, un prodotto che accresce la qualit\u00e0 e la quantit\u00e0\" \/>\n<meta property=\"og:url\" content=\"https:\/\/www.kingstongrowshop.it\/?product=canna-boost-accelerator\" \/>\n<meta property=\"og:site_name\" content=\"Kingston Grow Shop\" \/>\n<meta property=\"article:modified_time\" content=\"2024-07-26T09:05:47+00:00\" \/>\n<meta property=\"og:image\" content=\"https:\/\/www.kingstongrowshop.it\/wp-content\/uploads\/2020\/04\/boos.jpg\" \/>\n\t<meta property=\"og:image:width\" content=\"500\" \/>\n\t<meta property=\"og:image:height\" content=\"500\" \/>\n\t<meta property=\"og:image:type\" content=\"image\/jpeg\" \/>\n<meta name=\"twitter:card\" content=\"summary_large_image\" \/>\n<meta name=\"twitter:label1\" content=\"Tempo di lettura stimato\" \/>\n\t<meta name=\"twitter:data1\" content=\"3 minuti\" \/>\n<script type=\"application\/ld+json\" class=\"yoast-schema-graph\">{\"@context\":\"https:\\\/\\\/schema.org\",\"@graph\":[{\"@type\":\"WebPage\",\"@id\":\"https:\\\/\\\/www.kingstongrowshop.it\\\/?product=canna-boost-accelerator\",\"url\":\"https:\\\/\\\/www.kingstongrowshop.it\\\/?product=canna-boost-accelerator\",\"name\":\"CANNA BOOST ACCELERATOR - Kingston Grow Shop\",\"isPartOf\":{\"@id\":\"https:\\\/\\\/www.kingstongrowshop.it\\\/#website\"},\"primaryImageOfPage\":{\"@id\":\"https:\\\/\\\/www.kingstongrowshop.it\\\/?product=canna-boost-accelerator#primaryimage\"},\"image\":{\"@id\":\"https:\\\/\\\/www.kingstongrowshop.it\\\/?product=canna-boost-accelerator#primaryimage\"},\"thumbnailUrl\":\"https:\\\/\\\/www.kingstongrowshop.it\\\/wp-content\\\/uploads\\\/2020\\\/04\\\/boos.jpg\",\"datePublished\":\"2020-04-17T21:08:22+00:00\",\"dateModified\":\"2024-07-26T09:05:47+00:00\",\"description\":\"Fiori pi\u00f9 grandi e consistentiCANNABOOST \u00e8 l\u2019efficace stimolatore di fioritura di CANNA, un prodotto che accresce la qualit\u00e0 e la quantit\u00e0\",\"breadcrumb\":{\"@id\":\"https:\\\/\\\/www.kingstongrowshop.it\\\/?product=canna-boost-accelerator#breadcrumb\"},\"inLanguage\":\"it-IT\",\"potentialAction\":[{\"@type\":\"ReadAction\",\"target\":[\"https:\\\/\\\/www.kingstongrowshop.it\\\/?product=canna-boost-accelerator\"]}]},{\"@type\":\"ImageObject\",\"inLanguage\":\"it-IT\",\"@id\":\"https:\\\/\\\/www.kingstongrowshop.it\\\/?product=canna-boost-accelerator#primaryimage\",\"url\":\"https:\\\/\\\/www.kingstongrowshop.it\\\/wp-content\\\/uploads\\\/2020\\\/04\\\/boos.jpg\",\"contentUrl\":\"https:\\\/\\\/www.kingstongrowshop.it\\\/wp-content\\\/uploads\\\/2020\\\/04\\\/boos.jpg\",\"width\":500,\"height\":500},{\"@type\":\"BreadcrumbList\",\"@id\":\"https:\\\/\\\/www.kingstongrowshop.it\\\/?product=canna-boost-accelerator#breadcrumb\",\"itemListElement\":[{\"@type\":\"ListItem\",\"position\":1,\"name\":\"Home\",\"item\":\"https:\\\/\\\/www.kingstongrowshop.it\\\/\"},{\"@type\":\"ListItem\",\"position\":2,\"name\":\"Shop\",\"item\":\"https:\\\/\\\/www.kingstongrowshop.it\\\/?page_id=3853\"},{\"@type\":\"ListItem\",\"position\":3,\"name\":\"CANNA BOOST ACCELERATOR\"}]},{\"@type\":\"WebSite\",\"@id\":\"https:\\\/\\\/www.kingstongrowshop.it\\\/#website\",\"url\":\"https:\\\/\\\/www.kingstongrowshop.it\\\/\",\"name\":\"Kingston Grow Shop\",\"description\":\"Il tuo Grow Shop di Fiducia\",\"potentialAction\":[{\"@type\":\"SearchAction\",\"target\":{\"@type\":\"EntryPoint\",\"urlTemplate\":\"https:\\\/\\\/www.kingstongrowshop.it\\\/?s={search_term_string}\"},\"query-input\":{\"@type\":\"PropertyValueSpecification\",\"valueRequired\":true,\"valueName\":\"search_term_string\"}}],\"inLanguage\":\"it-IT\"}]}<\/script>\n<!-- \/ Yoast SEO plugin. -->","yoast_head_json":{"title":"CANNA BOOST ACCELERATOR - Kingston Grow Shop","description":"Fiori pi\u00f9 grandi e consistentiCANNABOOST \u00e8 l\u2019efficace stimolatore di fioritura di CANNA, un prodotto che accresce la qualit\u00e0 e la quantit\u00e0","robots":{"index":"index","follow":"follow","max-snippet":"max-snippet:-1","max-image-preview":"max-image-preview:large","max-video-preview":"max-video-preview:-1"},"canonical":"https:\/\/www.kingstongrowshop.it\/?product=canna-boost-accelerator","og_locale":"it_IT","og_type":"article","og_title":"CANNA BOOST ACCELERATOR - Kingston Grow Shop","og_description":"Fiori pi\u00f9 grandi e consistentiCANNABOOST \u00e8 l\u2019efficace stimolatore di fioritura di CANNA, un prodotto che accresce la qualit\u00e0 e la quantit\u00e0","og_url":"https:\/\/www.kingstongrowshop.it\/?product=canna-boost-accelerator","og_site_name":"Kingston Grow Shop","article_modified_time":"2024-07-26T09:05:47+00:00","og_image":[{"width":500,"height":500,"url":"https:\/\/www.kingstongrowshop.it\/wp-content\/uploads\/2020\/04\/boos.jpg","type":"image\/jpeg"}],"twitter_card":"summary_large_image","twitter_misc":{"Tempo di lettura stimato":"3 minuti"},"schema":{"@context":"https:\/\/schema.org","@graph":[{"@type":"WebPage","@id":"https:\/\/www.kingstongrowshop.it\/?product=canna-boost-accelerator","url":"https:\/\/www.kingstongrowshop.it\/?product=canna-boost-accelerator","name":"CANNA BOOST ACCELERATOR - Kingston Grow Shop","isPartOf":{"@id":"https:\/\/www.kingstongrowshop.it\/#website"},"primaryImageOfPage":{"@id":"https:\/\/www.kingstongrowshop.it\/?product=canna-boost-accelerator#primaryimage"},"image":{"@id":"https:\/\/www.kingstongrowshop.it\/?product=canna-boost-accelerator#primaryimage"},"thumbnailUrl":"https:\/\/www.kingstongrowshop.it\/wp-content\/uploads\/2020\/04\/boos.jpg","datePublished":"2020-04-17T21:08:22+00:00","dateModified":"2024-07-26T09:05:47+00:00","description":"Fiori pi\u00f9 grandi e consistentiCANNABOOST \u00e8 l\u2019efficace stimolatore di fioritura di CANNA, un prodotto che accresce la qualit\u00e0 e la quantit\u00e0","breadcrumb":{"@id":"https:\/\/www.kingstongrowshop.it\/?product=canna-boost-accelerator#breadcrumb"},"inLanguage":"it-IT","potentialAction":[{"@type":"ReadAction","target":["https:\/\/www.kingstongrowshop.it\/?product=canna-boost-accelerator"]}]},{"@type":"ImageObject","inLanguage":"it-IT","@id":"https:\/\/www.kingstongrowshop.it\/?product=canna-boost-accelerator#primaryimage","url":"https:\/\/www.kingstongrowshop.it\/wp-content\/uploads\/2020\/04\/boos.jpg","contentUrl":"https:\/\/www.kingstongrowshop.it\/wp-content\/uploads\/2020\/04\/boos.jpg","width":500,"height":500},{"@type":"BreadcrumbList","@id":"https:\/\/www.kingstongrowshop.it\/?product=canna-boost-accelerator#breadcrumb","itemListElement":[{"@type":"ListItem","position":1,"name":"Home","item":"https:\/\/www.kingstongrowshop.it\/"},{"@type":"ListItem","position":2,"name":"Shop","item":"https:\/\/www.kingstongrowshop.it\/?page_id=3853"},{"@type":"ListItem","position":3,"name":"CANNA BOOST ACCELERATOR"}]},{"@type":"WebSite","@id":"https:\/\/www.kingstongrowshop.it\/#website","url":"https:\/\/www.kingstongrowshop.it\/","name":"Kingston Grow Shop","description":"Il tuo Grow Shop di Fiducia","potentialAction":[{"@type":"SearchAction","target":{"@type":"EntryPoint","urlTemplate":"https:\/\/www.kingstongrowshop.it\/?s={search_term_string}"},"query-input":{"@type":"PropertyValueSpecification","valueRequired":true,"valueName":"search_term_string"}}],"inLanguage":"it-IT"}]}},"jetpack_sharing_enabled":true,"_links":{"self":[{"href":"https:\/\/www.kingstongrowshop.it\/index.php?rest_route=\/wp\/v2\/product\/8354","targetHints":{"allow":["GET"]}}],"collection":[{"href":"https:\/\/www.kingstongrowshop.it\/index.php?rest_route=\/wp\/v2\/product"}],"about":[{"href":"https:\/\/www.kingstongrowshop.it\/index.php?rest_route=\/wp\/v2\/types\/product"}],"replies":[{"embeddable":true,"href":"https:\/\/www.kingstongrowshop.it\/index.php?rest_route=%2Fwp%2Fv2%2Fcomments&post=8354"}],"wp:featuredmedia":[{"embeddable":true,"href":"https:\/\/www.kingstongrowshop.it\/index.php?rest_route=\/wp\/v2\/media\/8357"}],"wp:attachment":[{"href":"https:\/\/www.kingstongrowshop.it\/index.php?rest_route=%2Fwp%2Fv2%2Fmedia&parent=8354"}],"wp:term":[{"taxonomy":"product_brand","embeddable":true,"href":"https:\/\/www.kingstongrowshop.it\/index.php?rest_route=%2Fwp%2Fv2%2Fproduct_brand&post=8354"},{"taxonomy":"product_cat","embeddable":true,"href":"https:\/\/www.kingstongrowshop.it\/index.php?rest_route=%2Fwp%2Fv2%2Fproduct_cat&post=8354"},{"taxonomy":"product_tag","embeddable":true,"href":"https:\/\/www.kingstongrowshop.it\/index.php?rest_route=%2Fwp%2Fv2%2Fproduct_tag&post=8354"}],"curies":[{"name":"wp","href":"https:\/\/api.w.org\/{rel}","templated":true}]}}