{"id":8363,"date":"2020-04-17T23:22:08","date_gmt":"2020-04-17T21:22:08","guid":{"rendered":"https:\/\/www.kingstongrowshop.it\/?post_type=product&#038;p=8363"},"modified":"2020-09-14T16:17:01","modified_gmt":"2020-09-14T14:17:01","slug":"canna-cure-ricarica-1l","status":"publish","type":"product","link":"https:\/\/www.kingstongrowshop.it\/?product=canna-cure-ricarica-1l","title":{"rendered":"CANNA CURE RICARICA 1L"},"content":{"rendered":"<p>CANNACURE \u00e8 uno stimolatore della crescita che ha la particolarit\u00e0 di combattere anche i parassiti delle piante rispettando l\u2019ambiente. Utilizzando CANNACURE, la pianta pu\u00f2 concentrarsi sulla produzione di fiori pi\u00f9 grandi e offrire una resa migliore durante l\u2019intera fase colturale fino al raccolto. A tal fine, il Laboratorio di Ricerca di CANNA ha creato un prodotto unico che ha pi\u00f9 funzioni:<\/p>\n<p>-controlla i parassiti delle piante e la peronospora in modo ecologico<br \/>\n-apporta nutrimento attraverso le foglie, mantenendo di conseguenza la pianta in buona salute<\/p>\n<p>Azione efficace<\/p>\n<p>Nebulizzando CANNACURE, applicate sulla pianta un secondo strato naturale. Questo strato fa in modo che le piante ricevano le sostanze nutritive necessarie, lasciandole al tempo stesso respirare. Inoltre, i parassiti delle piante rimangono incollati su questo strato vischioso. Non potendo pi\u00f9 salire sulle foglie, i parassiti muoiono, poich\u00e9 non possono pi\u00f9 sopravvivere. Per questo \u00e8 importante nebulizzare sia la parte superiore, che inferiore delle foglie.<\/p>\n<p>Consigli per l\u2019uso di CANNACURE<\/p>\n<p>L\u2019utilizzo preventivo di CANNACURE una volta a settimana fa in modo che i parassiti, morendo, non possano entrare a contatto con le foglie, in quanto restano incollati alle foglie. Se le vostre piante sono gi\u00e0 pesantemente attaccate ad esempio dalla mosca bianca, dal ragno rosso dei fruttiferi, dalla cocciniglia cotonosa o dagli afidi, utilizzate CANNACURE per eliminare i parassiti. La polverizzazione ripetuta 1 volta ogni 3 giorni \u00e8 sufficiente per colpire i parassiti ed eliminarli. In questo modo vi sbarazzerete definitivamente anche della peronospora.<\/p>\n<p>CANNACURE pu\u00f2 essere utilizzato dall\u2019inizio della crescita fino al raccolto e di conseguenza pu\u00f2 essere usata sia sulle piante commestibili che sulle piante ornamentali. In questo modo eviterete che i parassiti possano riformarsi di nuovo subito prima del raccolto.<\/p>\n<p>Apporto di sostanze nutritive<\/p>\n<p>CANNACURE si prende cura delle vostre piante, mantenendole in buona salute, belle e brillanti, garantendo quindi una fotosintesi ottimale. In questo modo, la vostra pianta pu\u00f2 concentrarsi sui suoi getti e fiori. Usato in combinazione con CANNABOOST, CANNACURE garantisce la formazione di getti e fiori pi\u00f9 rapidamente e di qualit\u00e0 superiore.<\/p>\n<p>L\u2019apporto di sostanze nutritive alla vostra pianta \u00e8 estremamente importante per ottenere dei buoni risultati. CANNA garantisce l\u2019apporto di queste sostanze nutritive se utilizzate CANNACURE in combinazione con CANNABOOST, PK 13\/14 e il nutrimento normale per piante di CANNA.<\/p>\n<p>La garanzia di una resistenza ottimale<\/p>\n<p>Utilizzato in combinazione ad altre soluzioni nutritive e additivi CANNA, CANNACURE fa in modo che la vostra pianta disponga di energia sufficiente per difendersi dai parassiti delle piante. L\u2019utilizzo di soluzioni nutritive di marche diverse pu\u00f2 compromettere la salute delle vostre piante. Ci\u00f2 pu\u00f2 provocare una carenza di energia vegetale, per cui nei momenti cruciali la pianta diventa pi\u00f9 vulnerabile a malattie e infestazioni.<\/p>\n<p>Crescita e protezione migliori<\/p>\n","protected":false},"excerpt":{"rendered":"<p>CANNACURE \u00e8 il primo prodotto CANNA che consente di combattere i parassiti delle piante. CANNACURE \u00e8 stato presentato alla Fiera Spannabis a febbraio 2011 e da allora \u00e8 apprezzato da molti utilizzatori.<br \/>\nUna difesa antiparassitaria al 100 % naturale<\/p>\n","protected":false},"featured_media":8364,"comment_status":"open","ping_status":"closed","template":"","meta":[],"product_brand":[],"product_cat":[292,1019,283,281],"product_tag":[1025,579,1027,1026],"class_list":{"0":"post-8363","1":"product","2":"type-product","3":"status-publish","4":"has-post-thumbnail","6":"product_cat-antiparassitari","7":"product_cat-canna","8":"product_cat-fertilizzanti","9":"product_cat-fertilizzantiecuradellepiante","10":"product_tag-canna-cure","11":"product_tag-infestazioni","12":"product_tag-insetti","13":"product_tag-parassiti","15":"first","16":"instock","17":"shipping-taxable","18":"purchasable","19":"product-type-simple"},"yoast_head":"<!-- This site is optimized with the Yoast SEO plugin v27.5 - https:\/\/yoast.com\/product\/yoast-seo-wordpress\/ -->\n<title>CANNA CURE RICARICA 1L - Kingston Grow Shop<\/title>\n<meta name=\"robots\" content=\"index, follow, max-snippet:-1, max-image-preview:large, max-video-preview:-1\" \/>\n<link rel=\"canonical\" href=\"https:\/\/www.kingstongrowshop.it\/?product=canna-cure-ricarica-1l\" \/>\n<meta property=\"og:locale\" content=\"it_IT\" \/>\n<meta property=\"og:type\" content=\"article\" \/>\n<meta property=\"og:title\" content=\"CANNA CURE RICARICA 1L - Kingston Grow Shop\" \/>\n<meta property=\"og:description\" content=\"CANNACURE \u00e8 il primo prodotto CANNA che consente di combattere i parassiti delle piante. CANNACURE \u00e8 stato presentato alla Fiera Spannabis a febbraio 2011 e da allora \u00e8 apprezzato da molti utilizzatori. Una difesa antiparassitaria al 100 % naturale\" \/>\n<meta property=\"og:url\" content=\"https:\/\/www.kingstongrowshop.it\/?product=canna-cure-ricarica-1l\" \/>\n<meta property=\"og:site_name\" content=\"Kingston Grow Shop\" \/>\n<meta property=\"article:modified_time\" content=\"2020-09-14T14:17:01+00:00\" \/>\n<meta property=\"og:image\" content=\"https:\/\/www.kingstongrowshop.it\/wp-content\/uploads\/2020\/04\/cannacure.jpg\" \/>\n\t<meta property=\"og:image:width\" content=\"500\" \/>\n\t<meta property=\"og:image:height\" content=\"500\" \/>\n\t<meta property=\"og:image:type\" content=\"image\/jpeg\" \/>\n<meta name=\"twitter:card\" content=\"summary_large_image\" \/>\n<meta name=\"twitter:label1\" content=\"Tempo di lettura stimato\" \/>\n\t<meta name=\"twitter:data1\" content=\"2 minuti\" \/>\n<script type=\"application\/ld+json\" class=\"yoast-schema-graph\">{\"@context\":\"https:\\\/\\\/schema.org\",\"@graph\":[{\"@type\":\"WebPage\",\"@id\":\"https:\\\/\\\/www.kingstongrowshop.it\\\/?product=canna-cure-ricarica-1l\",\"url\":\"https:\\\/\\\/www.kingstongrowshop.it\\\/?product=canna-cure-ricarica-1l\",\"name\":\"CANNA CURE RICARICA 1L - Kingston Grow Shop\",\"isPartOf\":{\"@id\":\"https:\\\/\\\/www.kingstongrowshop.it\\\/#website\"},\"primaryImageOfPage\":{\"@id\":\"https:\\\/\\\/www.kingstongrowshop.it\\\/?product=canna-cure-ricarica-1l#primaryimage\"},\"image\":{\"@id\":\"https:\\\/\\\/www.kingstongrowshop.it\\\/?product=canna-cure-ricarica-1l#primaryimage\"},\"thumbnailUrl\":\"https:\\\/\\\/www.kingstongrowshop.it\\\/wp-content\\\/uploads\\\/2020\\\/04\\\/cannacure.jpg\",\"datePublished\":\"2020-04-17T21:22:08+00:00\",\"dateModified\":\"2020-09-14T14:17:01+00:00\",\"breadcrumb\":{\"@id\":\"https:\\\/\\\/www.kingstongrowshop.it\\\/?product=canna-cure-ricarica-1l#breadcrumb\"},\"inLanguage\":\"it-IT\",\"potentialAction\":[{\"@type\":\"ReadAction\",\"target\":[\"https:\\\/\\\/www.kingstongrowshop.it\\\/?product=canna-cure-ricarica-1l\"]}]},{\"@type\":\"ImageObject\",\"inLanguage\":\"it-IT\",\"@id\":\"https:\\\/\\\/www.kingstongrowshop.it\\\/?product=canna-cure-ricarica-1l#primaryimage\",\"url\":\"https:\\\/\\\/www.kingstongrowshop.it\\\/wp-content\\\/uploads\\\/2020\\\/04\\\/cannacure.jpg\",\"contentUrl\":\"https:\\\/\\\/www.kingstongrowshop.it\\\/wp-content\\\/uploads\\\/2020\\\/04\\\/cannacure.jpg\",\"width\":500,\"height\":500},{\"@type\":\"BreadcrumbList\",\"@id\":\"https:\\\/\\\/www.kingstongrowshop.it\\\/?product=canna-cure-ricarica-1l#breadcrumb\",\"itemListElement\":[{\"@type\":\"ListItem\",\"position\":1,\"name\":\"Home\",\"item\":\"https:\\\/\\\/www.kingstongrowshop.it\\\/\"},{\"@type\":\"ListItem\",\"position\":2,\"name\":\"Shop\",\"item\":\"https:\\\/\\\/www.kingstongrowshop.it\\\/?page_id=3853\"},{\"@type\":\"ListItem\",\"position\":3,\"name\":\"CANNA CURE RICARICA 1L\"}]},{\"@type\":\"WebSite\",\"@id\":\"https:\\\/\\\/www.kingstongrowshop.it\\\/#website\",\"url\":\"https:\\\/\\\/www.kingstongrowshop.it\\\/\",\"name\":\"Kingston Grow Shop\",\"description\":\"Il tuo Grow Shop di Fiducia\",\"potentialAction\":[{\"@type\":\"SearchAction\",\"target\":{\"@type\":\"EntryPoint\",\"urlTemplate\":\"https:\\\/\\\/www.kingstongrowshop.it\\\/?s={search_term_string}\"},\"query-input\":{\"@type\":\"PropertyValueSpecification\",\"valueRequired\":true,\"valueName\":\"search_term_string\"}}],\"inLanguage\":\"it-IT\"}]}<\/script>\n<!-- \/ Yoast SEO plugin. -->","yoast_head_json":{"title":"CANNA CURE RICARICA 1L - Kingston Grow Shop","robots":{"index":"index","follow":"follow","max-snippet":"max-snippet:-1","max-image-preview":"max-image-preview:large","max-video-preview":"max-video-preview:-1"},"canonical":"https:\/\/www.kingstongrowshop.it\/?product=canna-cure-ricarica-1l","og_locale":"it_IT","og_type":"article","og_title":"CANNA CURE RICARICA 1L - Kingston Grow Shop","og_description":"CANNACURE \u00e8 il primo prodotto CANNA che consente di combattere i parassiti delle piante. CANNACURE \u00e8 stato presentato alla Fiera Spannabis a febbraio 2011 e da allora \u00e8 apprezzato da molti utilizzatori. Una difesa antiparassitaria al 100 % naturale","og_url":"https:\/\/www.kingstongrowshop.it\/?product=canna-cure-ricarica-1l","og_site_name":"Kingston Grow Shop","article_modified_time":"2020-09-14T14:17:01+00:00","og_image":[{"width":500,"height":500,"url":"https:\/\/www.kingstongrowshop.it\/wp-content\/uploads\/2020\/04\/cannacure.jpg","type":"image\/jpeg"}],"twitter_card":"summary_large_image","twitter_misc":{"Tempo di lettura stimato":"2 minuti"},"schema":{"@context":"https:\/\/schema.org","@graph":[{"@type":"WebPage","@id":"https:\/\/www.kingstongrowshop.it\/?product=canna-cure-ricarica-1l","url":"https:\/\/www.kingstongrowshop.it\/?product=canna-cure-ricarica-1l","name":"CANNA CURE RICARICA 1L - Kingston Grow Shop","isPartOf":{"@id":"https:\/\/www.kingstongrowshop.it\/#website"},"primaryImageOfPage":{"@id":"https:\/\/www.kingstongrowshop.it\/?product=canna-cure-ricarica-1l#primaryimage"},"image":{"@id":"https:\/\/www.kingstongrowshop.it\/?product=canna-cure-ricarica-1l#primaryimage"},"thumbnailUrl":"https:\/\/www.kingstongrowshop.it\/wp-content\/uploads\/2020\/04\/cannacure.jpg","datePublished":"2020-04-17T21:22:08+00:00","dateModified":"2020-09-14T14:17:01+00:00","breadcrumb":{"@id":"https:\/\/www.kingstongrowshop.it\/?product=canna-cure-ricarica-1l#breadcrumb"},"inLanguage":"it-IT","potentialAction":[{"@type":"ReadAction","target":["https:\/\/www.kingstongrowshop.it\/?product=canna-cure-ricarica-1l"]}]},{"@type":"ImageObject","inLanguage":"it-IT","@id":"https:\/\/www.kingstongrowshop.it\/?product=canna-cure-ricarica-1l#primaryimage","url":"https:\/\/www.kingstongrowshop.it\/wp-content\/uploads\/2020\/04\/cannacure.jpg","contentUrl":"https:\/\/www.kingstongrowshop.it\/wp-content\/uploads\/2020\/04\/cannacure.jpg","width":500,"height":500},{"@type":"BreadcrumbList","@id":"https:\/\/www.kingstongrowshop.it\/?product=canna-cure-ricarica-1l#breadcrumb","itemListElement":[{"@type":"ListItem","position":1,"name":"Home","item":"https:\/\/www.kingstongrowshop.it\/"},{"@type":"ListItem","position":2,"name":"Shop","item":"https:\/\/www.kingstongrowshop.it\/?page_id=3853"},{"@type":"ListItem","position":3,"name":"CANNA CURE RICARICA 1L"}]},{"@type":"WebSite","@id":"https:\/\/www.kingstongrowshop.it\/#website","url":"https:\/\/www.kingstongrowshop.it\/","name":"Kingston Grow Shop","description":"Il tuo Grow Shop di Fiducia","potentialAction":[{"@type":"SearchAction","target":{"@type":"EntryPoint","urlTemplate":"https:\/\/www.kingstongrowshop.it\/?s={search_term_string}"},"query-input":{"@type":"PropertyValueSpecification","valueRequired":true,"valueName":"search_term_string"}}],"inLanguage":"it-IT"}]}},"jetpack_sharing_enabled":true,"_links":{"self":[{"href":"https:\/\/www.kingstongrowshop.it\/index.php?rest_route=\/wp\/v2\/product\/8363","targetHints":{"allow":["GET"]}}],"collection":[{"href":"https:\/\/www.kingstongrowshop.it\/index.php?rest_route=\/wp\/v2\/product"}],"about":[{"href":"https:\/\/www.kingstongrowshop.it\/index.php?rest_route=\/wp\/v2\/types\/product"}],"replies":[{"embeddable":true,"href":"https:\/\/www.kingstongrowshop.it\/index.php?rest_route=%2Fwp%2Fv2%2Fcomments&post=8363"}],"wp:featuredmedia":[{"embeddable":true,"href":"https:\/\/www.kingstongrowshop.it\/index.php?rest_route=\/wp\/v2\/media\/8364"}],"wp:attachment":[{"href":"https:\/\/www.kingstongrowshop.it\/index.php?rest_route=%2Fwp%2Fv2%2Fmedia&parent=8363"}],"wp:term":[{"taxonomy":"product_brand","embeddable":true,"href":"https:\/\/www.kingstongrowshop.it\/index.php?rest_route=%2Fwp%2Fv2%2Fproduct_brand&post=8363"},{"taxonomy":"product_cat","embeddable":true,"href":"https:\/\/www.kingstongrowshop.it\/index.php?rest_route=%2Fwp%2Fv2%2Fproduct_cat&post=8363"},{"taxonomy":"product_tag","embeddable":true,"href":"https:\/\/www.kingstongrowshop.it\/index.php?rest_route=%2Fwp%2Fv2%2Fproduct_tag&post=8363"}],"curies":[{"name":"wp","href":"https:\/\/api.w.org\/{rel}","templated":true}]}}