{"id":8378,"date":"2020-04-18T00:03:54","date_gmt":"2020-04-17T22:03:54","guid":{"rendered":"https:\/\/www.kingstongrowshop.it\/?post_type=product&#038;p=8378"},"modified":"2025-10-31T10:54:54","modified_gmt":"2025-10-31T09:54:54","slug":"canna-terra-flores","status":"publish","type":"product","link":"https:\/\/www.kingstongrowshop.it\/?product=canna-terra-flores","title":{"rendered":"CANNA TERRA FLORES"},"content":{"rendered":"<p>Istruzioni per l\u2019uso<\/p>\n<p>-Agitare bene la bottiglia prima dell\u2019uso<br \/>\n-Riempire la cisterna del nutrimento con acqua<br \/>\n-Mescolare 500 ml del fertilizzante concentrato con 100 litro d\u2019acqua (1:200)<br \/>\n-EC di Terra Flores diluito in acqua (di rubinetto) pu\u00f2 variare tra 0.9 &#8211; 1.6 mS (= EC di concentrato +EC di acqua)<br \/>\n-Valore pH consigliato: 5.8 &#8211; 6.2<br \/>\n-In situazioni di coltivazione intensiva nutrire le piante regolarmente con questa soluzione Per terreni poco fertili, aggiungere giornalmente all\u2019acqua per l\u2019innaffi o Per terreni fertili, aggiungere all\u2019acqua per l\u2019innaffi o 1 \u00e0 3 volte alla settimana<br \/>\n-Utilizzare un terreno arioso e calcareo, come CANNA Terra Professional (Plus) e innaffi are con acqua ogni giorno secondo le esigenze altre indicazioni<br \/>\n-Per la fase di crescita della pianta Canna ha creato un altro fertilizzante, Terra Vega<br \/>\n-Conservare in un luogo chiuso e al riparo dal gelo (I raggi ultravioletti scompongono i chelati presenti nel nutrimento)<br \/>\n-Tenere lontano dalla portata dei bambin<\/p>\n","protected":false},"excerpt":{"rendered":"<p>Terra Flores \u00e8 un fertilizzante professionale ad effetto rapido per piante a crescita veloce e contiene tutte le sostanze nutritive necessarie per una fioritura ottimale. Terra Flores stimola la fruttificazione, aumenta la robustezza e dona ad ogni pianta il suo sapore caratteristico. Terra Flores \u00e8 di facile uso, si scioglie immediatamente e \u00e8 inoltre estremamente indicato per sistemi di irrigazione automatici Terra Flores pu\u00f2 essere utilizzato per la coltivazione esterna e interna.<\/p>\n<p>TERRA FLORES (2 &#8211; 2 &#8211; 4 + microelementi in tracce): fertilizzante per la coltivazione di piante in terra indispensabile per ottenere cime grosse e compatte. Grazie all&#8217;elevata concentrazione con 1 litro di Terra FLORES potete preparare circa 250 litri di soluzione nutritiva.<\/p>\n<p>La disponibilit\u00e0 e la composizione delle sostanze nutritive giocano un ruolo cruciale durante il periodo di fioritura della pianta. La tendenza della terra a legare gli ioni del nutrimento viene compensata dalla formula di Terra Flores.<\/p>\n<p>Terra Flores favorisce inoltre una fruttificazione eccellente e contiene tutte le sostanze nutritive di cui la pianta ha bisogno nella fase di fioritura.<\/p>\n<p>Terra Flores \u00e8 anche ricco di oligo elementi chelati, in forma direttamente assimilabile dalla pianta, che assicurano una fioritura abbondante.<\/p>\n","protected":false},"featured_media":8381,"comment_status":"open","ping_status":"closed","template":"","meta":[],"product_brand":[],"product_cat":[1019,283,281],"product_tag":[1031],"class_list":{"0":"post-8378","1":"product","2":"type-product","3":"status-publish","4":"has-post-thumbnail","6":"product_cat-canna","7":"product_cat-fertilizzanti","8":"product_cat-fertilizzantiecuradellepiante","9":"product_tag-canna-terra-flores","11":"first","12":"instock","13":"shipping-taxable","14":"purchasable","15":"product-type-variable"},"yoast_head":"<!-- This site is optimized with the Yoast SEO plugin v27.5 - https:\/\/yoast.com\/product\/yoast-seo-wordpress\/ -->\n<title>CANNA TERRA FLORES - Kingston Grow Shop<\/title>\n<meta name=\"robots\" content=\"index, follow, max-snippet:-1, max-image-preview:large, max-video-preview:-1\" \/>\n<link rel=\"canonical\" href=\"https:\/\/www.kingstongrowshop.it\/?product=canna-terra-flores\" \/>\n<meta property=\"og:locale\" content=\"it_IT\" \/>\n<meta property=\"og:type\" content=\"article\" \/>\n<meta property=\"og:title\" content=\"CANNA TERRA FLORES - Kingston Grow Shop\" \/>\n<meta property=\"og:description\" content=\"Terra Flores \u00e8 un fertilizzante professionale ad effetto rapido per piante a crescita veloce e contiene tutte le sostanze nutritive necessarie per una fioritura ottimale. Terra Flores stimola la fruttificazione, aumenta la robustezza e dona ad ogni pianta il suo sapore caratteristico. Terra Flores \u00e8 di facile uso, si scioglie immediatamente e \u00e8 inoltre estremamente indicato per sistemi di irrigazione automatici Terra Flores pu\u00f2 essere utilizzato per la coltivazione esterna e interna.  TERRA FLORES (2 - 2 - 4 + microelementi in tracce): fertilizzante per la coltivazione di piante in terra indispensabile per ottenere cime grosse e compatte. Grazie all&#039;elevata concentrazione con 1 litro di Terra FLORES potete preparare circa 250 litri di soluzione nutritiva.  La disponibilit\u00e0 e la composizione delle sostanze nutritive giocano un ruolo cruciale durante il periodo di fioritura della pianta. La tendenza della terra a legare gli ioni del nutrimento viene compensata dalla formula di Terra Flores.  Terra Flores favorisce inoltre una fruttificazione eccellente e contiene tutte le sostanze nutritive di cui la pianta ha bisogno nella fase di fioritura.  Terra Flores \u00e8 anche ricco di oligo elementi chelati, in forma direttamente assimilabile dalla pianta, che assicurano una fioritura abbondante.\" \/>\n<meta property=\"og:url\" content=\"https:\/\/www.kingstongrowshop.it\/?product=canna-terra-flores\" \/>\n<meta property=\"og:site_name\" content=\"Kingston Grow Shop\" \/>\n<meta property=\"article:modified_time\" content=\"2025-10-31T09:54:54+00:00\" \/>\n<meta property=\"og:image\" content=\"https:\/\/www.kingstongrowshop.it\/wp-content\/uploads\/2020\/04\/flores.jpg\" \/>\n\t<meta property=\"og:image:width\" content=\"500\" \/>\n\t<meta property=\"og:image:height\" content=\"500\" \/>\n\t<meta property=\"og:image:type\" content=\"image\/jpeg\" \/>\n<meta name=\"twitter:card\" content=\"summary_large_image\" \/>\n<meta name=\"twitter:label1\" content=\"Tempo di lettura stimato\" \/>\n\t<meta name=\"twitter:data1\" content=\"2 minuti\" \/>\n<script type=\"application\/ld+json\" class=\"yoast-schema-graph\">{\"@context\":\"https:\\\/\\\/schema.org\",\"@graph\":[{\"@type\":\"WebPage\",\"@id\":\"https:\\\/\\\/www.kingstongrowshop.it\\\/?product=canna-terra-flores\",\"url\":\"https:\\\/\\\/www.kingstongrowshop.it\\\/?product=canna-terra-flores\",\"name\":\"CANNA TERRA FLORES - Kingston Grow Shop\",\"isPartOf\":{\"@id\":\"https:\\\/\\\/www.kingstongrowshop.it\\\/#website\"},\"primaryImageOfPage\":{\"@id\":\"https:\\\/\\\/www.kingstongrowshop.it\\\/?product=canna-terra-flores#primaryimage\"},\"image\":{\"@id\":\"https:\\\/\\\/www.kingstongrowshop.it\\\/?product=canna-terra-flores#primaryimage\"},\"thumbnailUrl\":\"https:\\\/\\\/www.kingstongrowshop.it\\\/wp-content\\\/uploads\\\/2020\\\/04\\\/flores.jpg\",\"datePublished\":\"2020-04-17T22:03:54+00:00\",\"dateModified\":\"2025-10-31T09:54:54+00:00\",\"breadcrumb\":{\"@id\":\"https:\\\/\\\/www.kingstongrowshop.it\\\/?product=canna-terra-flores#breadcrumb\"},\"inLanguage\":\"it-IT\",\"potentialAction\":[{\"@type\":\"ReadAction\",\"target\":[\"https:\\\/\\\/www.kingstongrowshop.it\\\/?product=canna-terra-flores\"]}]},{\"@type\":\"ImageObject\",\"inLanguage\":\"it-IT\",\"@id\":\"https:\\\/\\\/www.kingstongrowshop.it\\\/?product=canna-terra-flores#primaryimage\",\"url\":\"https:\\\/\\\/www.kingstongrowshop.it\\\/wp-content\\\/uploads\\\/2020\\\/04\\\/flores.jpg\",\"contentUrl\":\"https:\\\/\\\/www.kingstongrowshop.it\\\/wp-content\\\/uploads\\\/2020\\\/04\\\/flores.jpg\",\"width\":500,\"height\":500},{\"@type\":\"BreadcrumbList\",\"@id\":\"https:\\\/\\\/www.kingstongrowshop.it\\\/?product=canna-terra-flores#breadcrumb\",\"itemListElement\":[{\"@type\":\"ListItem\",\"position\":1,\"name\":\"Home\",\"item\":\"https:\\\/\\\/www.kingstongrowshop.it\\\/\"},{\"@type\":\"ListItem\",\"position\":2,\"name\":\"Shop\",\"item\":\"https:\\\/\\\/www.kingstongrowshop.it\\\/?page_id=3853\"},{\"@type\":\"ListItem\",\"position\":3,\"name\":\"CANNA TERRA FLORES\"}]},{\"@type\":\"WebSite\",\"@id\":\"https:\\\/\\\/www.kingstongrowshop.it\\\/#website\",\"url\":\"https:\\\/\\\/www.kingstongrowshop.it\\\/\",\"name\":\"Kingston Grow Shop\",\"description\":\"Il tuo Grow Shop di Fiducia\",\"potentialAction\":[{\"@type\":\"SearchAction\",\"target\":{\"@type\":\"EntryPoint\",\"urlTemplate\":\"https:\\\/\\\/www.kingstongrowshop.it\\\/?s={search_term_string}\"},\"query-input\":{\"@type\":\"PropertyValueSpecification\",\"valueRequired\":true,\"valueName\":\"search_term_string\"}}],\"inLanguage\":\"it-IT\"}]}<\/script>\n<!-- \/ Yoast SEO plugin. -->","yoast_head_json":{"title":"CANNA TERRA FLORES - Kingston Grow Shop","robots":{"index":"index","follow":"follow","max-snippet":"max-snippet:-1","max-image-preview":"max-image-preview:large","max-video-preview":"max-video-preview:-1"},"canonical":"https:\/\/www.kingstongrowshop.it\/?product=canna-terra-flores","og_locale":"it_IT","og_type":"article","og_title":"CANNA TERRA FLORES - Kingston Grow Shop","og_description":"Terra Flores \u00e8 un fertilizzante professionale ad effetto rapido per piante a crescita veloce e contiene tutte le sostanze nutritive necessarie per una fioritura ottimale. Terra Flores stimola la fruttificazione, aumenta la robustezza e dona ad ogni pianta il suo sapore caratteristico. Terra Flores \u00e8 di facile uso, si scioglie immediatamente e \u00e8 inoltre estremamente indicato per sistemi di irrigazione automatici Terra Flores pu\u00f2 essere utilizzato per la coltivazione esterna e interna.  TERRA FLORES (2 - 2 - 4 + microelementi in tracce): fertilizzante per la coltivazione di piante in terra indispensabile per ottenere cime grosse e compatte. Grazie all'elevata concentrazione con 1 litro di Terra FLORES potete preparare circa 250 litri di soluzione nutritiva.  La disponibilit\u00e0 e la composizione delle sostanze nutritive giocano un ruolo cruciale durante il periodo di fioritura della pianta. La tendenza della terra a legare gli ioni del nutrimento viene compensata dalla formula di Terra Flores.  Terra Flores favorisce inoltre una fruttificazione eccellente e contiene tutte le sostanze nutritive di cui la pianta ha bisogno nella fase di fioritura.  Terra Flores \u00e8 anche ricco di oligo elementi chelati, in forma direttamente assimilabile dalla pianta, che assicurano una fioritura abbondante.","og_url":"https:\/\/www.kingstongrowshop.it\/?product=canna-terra-flores","og_site_name":"Kingston Grow Shop","article_modified_time":"2025-10-31T09:54:54+00:00","og_image":[{"width":500,"height":500,"url":"https:\/\/www.kingstongrowshop.it\/wp-content\/uploads\/2020\/04\/flores.jpg","type":"image\/jpeg"}],"twitter_card":"summary_large_image","twitter_misc":{"Tempo di lettura stimato":"2 minuti"},"schema":{"@context":"https:\/\/schema.org","@graph":[{"@type":"WebPage","@id":"https:\/\/www.kingstongrowshop.it\/?product=canna-terra-flores","url":"https:\/\/www.kingstongrowshop.it\/?product=canna-terra-flores","name":"CANNA TERRA FLORES - Kingston Grow Shop","isPartOf":{"@id":"https:\/\/www.kingstongrowshop.it\/#website"},"primaryImageOfPage":{"@id":"https:\/\/www.kingstongrowshop.it\/?product=canna-terra-flores#primaryimage"},"image":{"@id":"https:\/\/www.kingstongrowshop.it\/?product=canna-terra-flores#primaryimage"},"thumbnailUrl":"https:\/\/www.kingstongrowshop.it\/wp-content\/uploads\/2020\/04\/flores.jpg","datePublished":"2020-04-17T22:03:54+00:00","dateModified":"2025-10-31T09:54:54+00:00","breadcrumb":{"@id":"https:\/\/www.kingstongrowshop.it\/?product=canna-terra-flores#breadcrumb"},"inLanguage":"it-IT","potentialAction":[{"@type":"ReadAction","target":["https:\/\/www.kingstongrowshop.it\/?product=canna-terra-flores"]}]},{"@type":"ImageObject","inLanguage":"it-IT","@id":"https:\/\/www.kingstongrowshop.it\/?product=canna-terra-flores#primaryimage","url":"https:\/\/www.kingstongrowshop.it\/wp-content\/uploads\/2020\/04\/flores.jpg","contentUrl":"https:\/\/www.kingstongrowshop.it\/wp-content\/uploads\/2020\/04\/flores.jpg","width":500,"height":500},{"@type":"BreadcrumbList","@id":"https:\/\/www.kingstongrowshop.it\/?product=canna-terra-flores#breadcrumb","itemListElement":[{"@type":"ListItem","position":1,"name":"Home","item":"https:\/\/www.kingstongrowshop.it\/"},{"@type":"ListItem","position":2,"name":"Shop","item":"https:\/\/www.kingstongrowshop.it\/?page_id=3853"},{"@type":"ListItem","position":3,"name":"CANNA TERRA FLORES"}]},{"@type":"WebSite","@id":"https:\/\/www.kingstongrowshop.it\/#website","url":"https:\/\/www.kingstongrowshop.it\/","name":"Kingston Grow Shop","description":"Il tuo Grow Shop di Fiducia","potentialAction":[{"@type":"SearchAction","target":{"@type":"EntryPoint","urlTemplate":"https:\/\/www.kingstongrowshop.it\/?s={search_term_string}"},"query-input":{"@type":"PropertyValueSpecification","valueRequired":true,"valueName":"search_term_string"}}],"inLanguage":"it-IT"}]}},"jetpack_sharing_enabled":true,"_links":{"self":[{"href":"https:\/\/www.kingstongrowshop.it\/index.php?rest_route=\/wp\/v2\/product\/8378","targetHints":{"allow":["GET"]}}],"collection":[{"href":"https:\/\/www.kingstongrowshop.it\/index.php?rest_route=\/wp\/v2\/product"}],"about":[{"href":"https:\/\/www.kingstongrowshop.it\/index.php?rest_route=\/wp\/v2\/types\/product"}],"replies":[{"embeddable":true,"href":"https:\/\/www.kingstongrowshop.it\/index.php?rest_route=%2Fwp%2Fv2%2Fcomments&post=8378"}],"wp:featuredmedia":[{"embeddable":true,"href":"https:\/\/www.kingstongrowshop.it\/index.php?rest_route=\/wp\/v2\/media\/8381"}],"wp:attachment":[{"href":"https:\/\/www.kingstongrowshop.it\/index.php?rest_route=%2Fwp%2Fv2%2Fmedia&parent=8378"}],"wp:term":[{"taxonomy":"product_brand","embeddable":true,"href":"https:\/\/www.kingstongrowshop.it\/index.php?rest_route=%2Fwp%2Fv2%2Fproduct_brand&post=8378"},{"taxonomy":"product_cat","embeddable":true,"href":"https:\/\/www.kingstongrowshop.it\/index.php?rest_route=%2Fwp%2Fv2%2Fproduct_cat&post=8378"},{"taxonomy":"product_tag","embeddable":true,"href":"https:\/\/www.kingstongrowshop.it\/index.php?rest_route=%2Fwp%2Fv2%2Fproduct_tag&post=8378"}],"curies":[{"name":"wp","href":"https:\/\/api.w.org\/{rel}","templated":true}]}}