{"id":8825,"date":"2020-09-06T13:23:26","date_gmt":"2020-09-06T11:23:26","guid":{"rendered":"https:\/\/www.kingstongrowshop.it\/?post_type=product&#038;p=8825"},"modified":"2023-12-14T19:51:53","modified_gmt":"2023-12-14T18:51:53","slug":"led-antares-540-cob-line","status":"publish","type":"product","link":"https:\/\/www.kingstongrowshop.it\/?product=led-antares-540-cob-line","title":{"rendered":"LED ANTARES 540 COB LINE"},"content":{"rendered":"","protected":false},"excerpt":{"rendered":"<p>ANTARES 540<br \/>\nConsumo reale 360w<br \/>\n6xCOB 66w + 48x3w OSRAM<br \/>\nDurata prodotto 50000 ore<\/p>\n<p>Superficie Consigliata 120 x120 &#8211; 150 x150<\/p>\n<p>I nuovi Led Antares di Cultilite sono la vera rivoluzione in fatto di illuminazione per coltivazioni. Combinano la potenza di due tipi di Led, i COB e i diodi. Ogni modulo \u00e8 composto da un COB da 66w centrale circondato da 8 diodi da 3w l\u2019uno. La particolarit\u00e0 di questo Led che lo rende unico nel suo genere, \u00e8 il COB, che ha un doppio spettro, infatti \u00e8 possibile passare dallo spettro di luce vegetativa a quello da fioritura con i due pulsanti presenti nella parte superiore del Led. Utilizzando tutti e due gli spettri di luce insieme si va dai 3000K fino ai 6000K garantendo alle piante una luce che permette uno sviluppo completo e non solo di certe parti.<\/p>\n<p>Un\u2019altra novit\u00e0 \u00e8 la lente del COB, che \u00e8 di 105\u00b0 (la perfetta via di mezzo tra quelle a 90\u00b0 e 120\u00b0, le pi\u00f9 diffuse in commercio). In questo modo il fascio di luce \u00e8 pi\u00f9 concentrato dove serve e non crea dispersioni. Per esempio, il Led Antares 360 \u00e8 perfetto per uno spazio di 1m2, massimo 1,10m2 e in questo spazio la quantit\u00e0 di lumens \u00e8 altissima senza disperdere luce sui lati dove non serve, e in pi\u00f9 permette una penetrazione profonda in modo tale da raggiungere tutte le parti della pianta.<\/p>\n<p>I Led sul mercato stanno iniziando a diventare tanti, quindi perch\u00e9 scegliere proprio CultiLite?<br \/>\nOltre ad essere il Led meglio recensito sul web, i Led Antares utilizzano solo diodi Osram e COB di fabbricazione americana. Queste componenti permettono di avere una durata maggiore, infatti sono assicurate 50000 ore di lavoro e un\u2019efficienza di gran lunga superiore alle stesse componenti ma di fattura cinese.<\/p>\n","protected":false},"featured_media":8826,"comment_status":"open","ping_status":"closed","template":"","meta":[],"product_brand":[],"product_cat":[951,1077,249,256,1072],"product_tag":[1080,1079,1078],"class_list":{"0":"post-8825","1":"product","2":"type-product","3":"status-publish","4":"has-post-thumbnail","6":"product_cat-cultiled","7":"product_cat-cultilite","8":"product_cat-illuminazionetimerecarrucole","9":"product_cat-led","10":"product_cat-led-indoor","11":"product_tag-150x150","12":"product_tag-led-120x120","13":"product_tag-led-antares-cob-line","15":"first","16":"instock","17":"taxable","18":"shipping-taxable","19":"purchasable","20":"product-type-simple"},"yoast_head":"<!-- This site is optimized with the Yoast SEO plugin v27.5 - https:\/\/yoast.com\/product\/yoast-seo-wordpress\/ -->\n<title>LED ANTARES 540 COB LINE - Kingston Grow Shop<\/title>\n<meta name=\"robots\" content=\"index, follow, max-snippet:-1, max-image-preview:large, max-video-preview:-1\" \/>\n<link rel=\"canonical\" href=\"https:\/\/www.kingstongrowshop.it\/?product=led-antares-540-cob-line\" \/>\n<meta property=\"og:locale\" content=\"it_IT\" \/>\n<meta property=\"og:type\" content=\"article\" \/>\n<meta property=\"og:title\" content=\"LED ANTARES 540 COB LINE - Kingston Grow Shop\" \/>\n<meta property=\"og:description\" content=\"ANTARES 540 Consumo reale 360w 6xCOB 66w + 48x3w OSRAM Durata prodotto 50000 ore  Superficie Consigliata 120 x120 - 150 x150  I nuovi Led Antares di Cultilite sono la vera rivoluzione in fatto di illuminazione per coltivazioni. Combinano la potenza di due tipi di Led, i COB e i diodi. Ogni modulo \u00e8 composto da un COB da 66w centrale circondato da 8 diodi da 3w l\u2019uno. La particolarit\u00e0 di questo Led che lo rende unico nel suo genere, \u00e8 il COB, che ha un doppio spettro, infatti \u00e8 possibile passare dallo spettro di luce vegetativa a quello da fioritura con i due pulsanti presenti nella parte superiore del Led. Utilizzando tutti e due gli spettri di luce insieme si va dai 3000K fino ai 6000K garantendo alle piante una luce che permette uno sviluppo completo e non solo di certe parti.  Un\u2019altra novit\u00e0 \u00e8 la lente del COB, che \u00e8 di 105\u00b0 (la perfetta via di mezzo tra quelle a 90\u00b0 e 120\u00b0, le pi\u00f9 diffuse in commercio). In questo modo il fascio di luce \u00e8 pi\u00f9 concentrato dove serve e non crea dispersioni. Per esempio, il Led Antares 360 \u00e8 perfetto per uno spazio di 1m2, massimo 1,10m2 e in questo spazio la quantit\u00e0 di lumens \u00e8 altissima senza disperdere luce sui lati dove non serve, e in pi\u00f9 permette una penetrazione profonda in modo tale da raggiungere tutte le parti della pianta.  I Led sul mercato stanno iniziando a diventare tanti, quindi perch\u00e9 scegliere proprio CultiLite? Oltre ad essere il Led meglio recensito sul web, i Led Antares utilizzano solo diodi Osram e COB di fabbricazione americana. Queste componenti permettono di avere una durata maggiore, infatti sono assicurate 50000 ore di lavoro e un\u2019efficienza di gran lunga superiore alle stesse componenti ma di fattura cinese.\" \/>\n<meta property=\"og:url\" content=\"https:\/\/www.kingstongrowshop.it\/?product=led-antares-540-cob-line\" \/>\n<meta property=\"og:site_name\" content=\"Kingston Grow Shop\" \/>\n<meta property=\"article:modified_time\" content=\"2023-12-14T18:51:53+00:00\" \/>\n<meta property=\"og:image\" content=\"https:\/\/www.kingstongrowshop.it\/wp-content\/uploads\/2020\/09\/a1.jpg\" \/>\n\t<meta property=\"og:image:width\" content=\"500\" \/>\n\t<meta property=\"og:image:height\" content=\"500\" \/>\n\t<meta property=\"og:image:type\" content=\"image\/jpeg\" \/>\n<meta name=\"twitter:card\" content=\"summary_large_image\" \/>\n<script type=\"application\/ld+json\" class=\"yoast-schema-graph\">{\"@context\":\"https:\\\/\\\/schema.org\",\"@graph\":[{\"@type\":\"WebPage\",\"@id\":\"https:\\\/\\\/www.kingstongrowshop.it\\\/?product=led-antares-540-cob-line\",\"url\":\"https:\\\/\\\/www.kingstongrowshop.it\\\/?product=led-antares-540-cob-line\",\"name\":\"LED ANTARES 540 COB LINE - Kingston Grow Shop\",\"isPartOf\":{\"@id\":\"https:\\\/\\\/www.kingstongrowshop.it\\\/#website\"},\"primaryImageOfPage\":{\"@id\":\"https:\\\/\\\/www.kingstongrowshop.it\\\/?product=led-antares-540-cob-line#primaryimage\"},\"image\":{\"@id\":\"https:\\\/\\\/www.kingstongrowshop.it\\\/?product=led-antares-540-cob-line#primaryimage\"},\"thumbnailUrl\":\"https:\\\/\\\/www.kingstongrowshop.it\\\/wp-content\\\/uploads\\\/2020\\\/09\\\/a1.jpg\",\"datePublished\":\"2020-09-06T11:23:26+00:00\",\"dateModified\":\"2023-12-14T18:51:53+00:00\",\"breadcrumb\":{\"@id\":\"https:\\\/\\\/www.kingstongrowshop.it\\\/?product=led-antares-540-cob-line#breadcrumb\"},\"inLanguage\":\"it-IT\",\"potentialAction\":[{\"@type\":\"ReadAction\",\"target\":[\"https:\\\/\\\/www.kingstongrowshop.it\\\/?product=led-antares-540-cob-line\"]}]},{\"@type\":\"ImageObject\",\"inLanguage\":\"it-IT\",\"@id\":\"https:\\\/\\\/www.kingstongrowshop.it\\\/?product=led-antares-540-cob-line#primaryimage\",\"url\":\"https:\\\/\\\/www.kingstongrowshop.it\\\/wp-content\\\/uploads\\\/2020\\\/09\\\/a1.jpg\",\"contentUrl\":\"https:\\\/\\\/www.kingstongrowshop.it\\\/wp-content\\\/uploads\\\/2020\\\/09\\\/a1.jpg\",\"width\":500,\"height\":500},{\"@type\":\"BreadcrumbList\",\"@id\":\"https:\\\/\\\/www.kingstongrowshop.it\\\/?product=led-antares-540-cob-line#breadcrumb\",\"itemListElement\":[{\"@type\":\"ListItem\",\"position\":1,\"name\":\"Home\",\"item\":\"https:\\\/\\\/www.kingstongrowshop.it\\\/\"},{\"@type\":\"ListItem\",\"position\":2,\"name\":\"Shop\",\"item\":\"https:\\\/\\\/www.kingstongrowshop.it\\\/?page_id=3853\"},{\"@type\":\"ListItem\",\"position\":3,\"name\":\"LED ANTARES 540 COB LINE\"}]},{\"@type\":\"WebSite\",\"@id\":\"https:\\\/\\\/www.kingstongrowshop.it\\\/#website\",\"url\":\"https:\\\/\\\/www.kingstongrowshop.it\\\/\",\"name\":\"Kingston Grow Shop\",\"description\":\"Il tuo Grow Shop di Fiducia\",\"potentialAction\":[{\"@type\":\"SearchAction\",\"target\":{\"@type\":\"EntryPoint\",\"urlTemplate\":\"https:\\\/\\\/www.kingstongrowshop.it\\\/?s={search_term_string}\"},\"query-input\":{\"@type\":\"PropertyValueSpecification\",\"valueRequired\":true,\"valueName\":\"search_term_string\"}}],\"inLanguage\":\"it-IT\"}]}<\/script>\n<!-- \/ Yoast SEO plugin. -->","yoast_head_json":{"title":"LED ANTARES 540 COB LINE - Kingston Grow Shop","robots":{"index":"index","follow":"follow","max-snippet":"max-snippet:-1","max-image-preview":"max-image-preview:large","max-video-preview":"max-video-preview:-1"},"canonical":"https:\/\/www.kingstongrowshop.it\/?product=led-antares-540-cob-line","og_locale":"it_IT","og_type":"article","og_title":"LED ANTARES 540 COB LINE - Kingston Grow Shop","og_description":"ANTARES 540 Consumo reale 360w 6xCOB 66w + 48x3w OSRAM Durata prodotto 50000 ore  Superficie Consigliata 120 x120 - 150 x150  I nuovi Led Antares di Cultilite sono la vera rivoluzione in fatto di illuminazione per coltivazioni. Combinano la potenza di due tipi di Led, i COB e i diodi. Ogni modulo \u00e8 composto da un COB da 66w centrale circondato da 8 diodi da 3w l\u2019uno. La particolarit\u00e0 di questo Led che lo rende unico nel suo genere, \u00e8 il COB, che ha un doppio spettro, infatti \u00e8 possibile passare dallo spettro di luce vegetativa a quello da fioritura con i due pulsanti presenti nella parte superiore del Led. Utilizzando tutti e due gli spettri di luce insieme si va dai 3000K fino ai 6000K garantendo alle piante una luce che permette uno sviluppo completo e non solo di certe parti.  Un\u2019altra novit\u00e0 \u00e8 la lente del COB, che \u00e8 di 105\u00b0 (la perfetta via di mezzo tra quelle a 90\u00b0 e 120\u00b0, le pi\u00f9 diffuse in commercio). In questo modo il fascio di luce \u00e8 pi\u00f9 concentrato dove serve e non crea dispersioni. Per esempio, il Led Antares 360 \u00e8 perfetto per uno spazio di 1m2, massimo 1,10m2 e in questo spazio la quantit\u00e0 di lumens \u00e8 altissima senza disperdere luce sui lati dove non serve, e in pi\u00f9 permette una penetrazione profonda in modo tale da raggiungere tutte le parti della pianta.  I Led sul mercato stanno iniziando a diventare tanti, quindi perch\u00e9 scegliere proprio CultiLite? Oltre ad essere il Led meglio recensito sul web, i Led Antares utilizzano solo diodi Osram e COB di fabbricazione americana. Queste componenti permettono di avere una durata maggiore, infatti sono assicurate 50000 ore di lavoro e un\u2019efficienza di gran lunga superiore alle stesse componenti ma di fattura cinese.","og_url":"https:\/\/www.kingstongrowshop.it\/?product=led-antares-540-cob-line","og_site_name":"Kingston Grow Shop","article_modified_time":"2023-12-14T18:51:53+00:00","og_image":[{"width":500,"height":500,"url":"https:\/\/www.kingstongrowshop.it\/wp-content\/uploads\/2020\/09\/a1.jpg","type":"image\/jpeg"}],"twitter_card":"summary_large_image","schema":{"@context":"https:\/\/schema.org","@graph":[{"@type":"WebPage","@id":"https:\/\/www.kingstongrowshop.it\/?product=led-antares-540-cob-line","url":"https:\/\/www.kingstongrowshop.it\/?product=led-antares-540-cob-line","name":"LED ANTARES 540 COB LINE - Kingston Grow Shop","isPartOf":{"@id":"https:\/\/www.kingstongrowshop.it\/#website"},"primaryImageOfPage":{"@id":"https:\/\/www.kingstongrowshop.it\/?product=led-antares-540-cob-line#primaryimage"},"image":{"@id":"https:\/\/www.kingstongrowshop.it\/?product=led-antares-540-cob-line#primaryimage"},"thumbnailUrl":"https:\/\/www.kingstongrowshop.it\/wp-content\/uploads\/2020\/09\/a1.jpg","datePublished":"2020-09-06T11:23:26+00:00","dateModified":"2023-12-14T18:51:53+00:00","breadcrumb":{"@id":"https:\/\/www.kingstongrowshop.it\/?product=led-antares-540-cob-line#breadcrumb"},"inLanguage":"it-IT","potentialAction":[{"@type":"ReadAction","target":["https:\/\/www.kingstongrowshop.it\/?product=led-antares-540-cob-line"]}]},{"@type":"ImageObject","inLanguage":"it-IT","@id":"https:\/\/www.kingstongrowshop.it\/?product=led-antares-540-cob-line#primaryimage","url":"https:\/\/www.kingstongrowshop.it\/wp-content\/uploads\/2020\/09\/a1.jpg","contentUrl":"https:\/\/www.kingstongrowshop.it\/wp-content\/uploads\/2020\/09\/a1.jpg","width":500,"height":500},{"@type":"BreadcrumbList","@id":"https:\/\/www.kingstongrowshop.it\/?product=led-antares-540-cob-line#breadcrumb","itemListElement":[{"@type":"ListItem","position":1,"name":"Home","item":"https:\/\/www.kingstongrowshop.it\/"},{"@type":"ListItem","position":2,"name":"Shop","item":"https:\/\/www.kingstongrowshop.it\/?page_id=3853"},{"@type":"ListItem","position":3,"name":"LED ANTARES 540 COB LINE"}]},{"@type":"WebSite","@id":"https:\/\/www.kingstongrowshop.it\/#website","url":"https:\/\/www.kingstongrowshop.it\/","name":"Kingston Grow Shop","description":"Il tuo Grow Shop di Fiducia","potentialAction":[{"@type":"SearchAction","target":{"@type":"EntryPoint","urlTemplate":"https:\/\/www.kingstongrowshop.it\/?s={search_term_string}"},"query-input":{"@type":"PropertyValueSpecification","valueRequired":true,"valueName":"search_term_string"}}],"inLanguage":"it-IT"}]}},"jetpack_sharing_enabled":true,"_links":{"self":[{"href":"https:\/\/www.kingstongrowshop.it\/index.php?rest_route=\/wp\/v2\/product\/8825","targetHints":{"allow":["GET"]}}],"collection":[{"href":"https:\/\/www.kingstongrowshop.it\/index.php?rest_route=\/wp\/v2\/product"}],"about":[{"href":"https:\/\/www.kingstongrowshop.it\/index.php?rest_route=\/wp\/v2\/types\/product"}],"replies":[{"embeddable":true,"href":"https:\/\/www.kingstongrowshop.it\/index.php?rest_route=%2Fwp%2Fv2%2Fcomments&post=8825"}],"wp:featuredmedia":[{"embeddable":true,"href":"https:\/\/www.kingstongrowshop.it\/index.php?rest_route=\/wp\/v2\/media\/8826"}],"wp:attachment":[{"href":"https:\/\/www.kingstongrowshop.it\/index.php?rest_route=%2Fwp%2Fv2%2Fmedia&parent=8825"}],"wp:term":[{"taxonomy":"product_brand","embeddable":true,"href":"https:\/\/www.kingstongrowshop.it\/index.php?rest_route=%2Fwp%2Fv2%2Fproduct_brand&post=8825"},{"taxonomy":"product_cat","embeddable":true,"href":"https:\/\/www.kingstongrowshop.it\/index.php?rest_route=%2Fwp%2Fv2%2Fproduct_cat&post=8825"},{"taxonomy":"product_tag","embeddable":true,"href":"https:\/\/www.kingstongrowshop.it\/index.php?rest_route=%2Fwp%2Fv2%2Fproduct_tag&post=8825"}],"curies":[{"name":"wp","href":"https:\/\/api.w.org\/{rel}","templated":true}]}}