{"id":9285,"date":"2021-02-02T17:42:49","date_gmt":"2021-02-02T16:42:49","guid":{"rendered":"https:\/\/www.kingstongrowshop.it\/?post_type=product&#038;p=9285"},"modified":"2025-12-01T18:06:38","modified_gmt":"2025-12-01T17:06:38","slug":"lumatek-zeus-465w-pro","status":"publish","type":"product","link":"https:\/\/www.kingstongrowshop.it\/?product=lumatek-zeus-465w-pro","title":{"rendered":"LUMATEK Zeus 465W Pro 2.7 \u00b5mol\/J"},"content":{"rendered":"<ul class=\"tabled-data\">\n<li><label>altezza<\/label>\n<div class=\"value\">51,9 mm<\/div>\n<\/li>\n<li><label>larghezza<\/label>\n<div class=\"value\">998 mm<\/div>\n<\/li>\n<li><label>profondit\u00e0<\/label>\n<div class=\"value\">900 mm<\/div>\n<\/li>\n<li><label>watt<\/label>\n<div class=\"value\">465W<\/div>\n<\/li>\n<li><label>peso<\/label>\n<div class=\"value\">11 kg<\/div>\n<\/li>\n<li>peso tassabile imballaggio 18<label><br \/>\n<\/label><\/li>\n<\/ul>\n<p>Con i progressi della tecnologia e delle prestazioni degli apparecchi, l&#8217;illuminazione orticola a LED di alta qualit\u00e0 \u00e8 ora un&#8217;opzione credibile che offre un significativo ritorno sugli investimenti ai coltivatori.\u00a0Le soluzioni LED orticole a spettro completo di Lumatek bilanciano la qualit\u00e0 della luce (spettri) con la quantit\u00e0 di luce (intensit\u00e0 e durata) sufficiente a fornire illuminazione a sorgente singola per l&#8217;intero ciclo di crescita dal periodo vegetativo a quello di fioritura.<\/p>\n<p>Lumatek Zeus 465W Compact Pro LED \u00e8 un dispositivo lineare a barre multiple che produce un\u00a0<strong>PPF<\/strong>\u00a0elevato\u00a0<strong>di 1256\u00a0<\/strong><strong>\u00b5\u00a0<\/strong><strong>mol \/ se<\/strong>\u00a0e un&#8217;efficacia fotonica (efficienza dell&#8217;apparecchio) di\u00a0<strong>2,7\u00a0<\/strong><strong>\u00b5\u00a0<\/strong><strong>mol \/ J.<\/strong><\/p>\n<p>La serie di LED crea una diffusione uniforme della luce a breve distanza dal raccolto consentendo l&#8217;illuminazione di coltivazione a sorgente singola per sistemi di coltivazione multistrato, panchine singole in stanze basse e tende da coltivazione.<\/p>\n<p>Zeus \u00e8 costruito utilizzando driver Lumatek di alta qualit\u00e0 e LED top bin di LUMLED e Osram che generano una sorgente di luce a spettro completo ideale per i cicli di fioritura e vegetazione.<\/p>\n<p>Per diverse cultivar, periodi di propagazione e crescita vegetativa lo Zeus pu\u00f2 essere oscurato senza perdere efficienza.\u00a0La configurazione LED ad alta efficienza e bassa potenza con cinque barre LED da 93W riduce la temperatura dei LED aumentando la resa e migliorando la manutenzione della luce.<\/p>\n<p>L&#8217;apparecchio Zeus pu\u00f2 anche essere controllato esternamente con un controller di illuminazione digitale Lumatek con regolazione automatica della luminosit\u00e0, controllo di sicurezza della temperatura, modalit\u00e0 alba e tramonto per un massimo di 100 proiettori per controller.<\/p>\n<p><strong>Compatibilit\u00e0 dei sistemi di controllo universali<\/strong><br \/>\nGli apparecchi LED Lumatek Zeus possono essere completamente controllati con il pannello digitale Lumatek (non incluso) o con qualsiasi altro sistema di controllo che utilizzi un segnale di uscita 0-10V.\u00a0Anche se il tuo controller universale dispone di un&#8217;interfaccia per porta RJ, puoi comunque far funzionare i nostri LED utilizzando un convertitore di segnale RJ per adattatore di controllo 0-10V.<\/p>\n<p>Rispetto alle normali soluzioni HPS \/ MH aperte, Zeus pu\u00f2 raggiungere il 30-40% in meno di capacit\u00e0 HVAC.<\/p>\n","protected":false},"excerpt":{"rendered":"<p>Zeus 465W Compact Pro \u00e8 una lampada per la coltivazione indoor costruita utilizzando driver Lumatek di alta qualit\u00e0 e LED top bin di LUMLED e Osram che generano una sorgente di luce a spettro completo ideale per i cicli di fioritura e vegetazione.<\/p>\n<p><span class=\"insidetitle\">Efficacy:<\/span> 2.7 \u00b5mol\/J<br \/>\n<span class=\"insidetitle\">PPF:<\/span> 1070 \u00b5mol\/s<br \/>\n<span class=\"insidetitle\">Input Voltage:<\/span> 200-240V, 50-60Hz<br \/>\n<span class=\"insidetitle\">Power Consumption:<\/span> 465W<br \/>\n<span class=\"insidetitle\">Superficie Consigliata:<\/span> 1.2&#215;1.2m &#8211; 1.5&#215;1.5m<br \/>\n<span class=\"insidetitle\">Waterproof:<\/span> IP65<br \/>\n<span class=\"insidetitle\">Lifetime:<\/span> 60 000 hrs<br \/>\n<span class=\"insidetitle\">Light Distribution:<\/span> 120\u00b0<br \/>\n<span class=\"insidetitle\">Light Source:<\/span> Osram and Lumileds Philips Diodes<br \/>\n<span class=\"insidetitle\">Dimmable:<\/span> OFF-25%-50%-75%-100% with 0-10V Light Dimmer (Included)<br \/>\n<span class=\"insidetitle\">External Control:<\/span> With Lumatek Digital Panel<br \/>\n<span class=\"insidetitle\">Dimensions:<\/span> 998x900x51.9mm<br \/>\n<span class=\"insidetitle\">Spectrum:<\/span> Full Spectrum +<br \/>\n<span class=\"insidetitle\">BTU (With Driver Attached):<\/span> 1706 BTUs\/h<br \/>\n<span class=\"insidetitle\">BTU (With Driver Remote):<\/span> 1586 BTUs\/h<\/p>\n<p>Peso Lampada 11,00 Kg \/ Peso Tassabile 18,00 kg<\/p>\n","protected":false},"featured_media":9287,"comment_status":"open","ping_status":"closed","template":"","meta":[],"product_brand":[],"product_cat":[249,256,1072,1073,1088],"product_tag":[1175,1176],"class_list":{"0":"post-9285","1":"product","2":"type-product","3":"status-publish","4":"has-post-thumbnail","6":"product_cat-illuminazionetimerecarrucole","7":"product_cat-led","8":"product_cat-led-indoor","9":"product_cat-lumatek","10":"product_cat-lumatek-led","11":"product_tag-led-lumatek-zeus","12":"product_tag-zeus-465-pro","14":"first","15":"outofstock","16":"sale","17":"shipping-taxable","18":"purchasable","19":"product-type-simple"},"yoast_head":"<!-- This site is optimized with the Yoast SEO plugin v27.5 - https:\/\/yoast.com\/product\/yoast-seo-wordpress\/ -->\n<title>LUMATEK Zeus 465W Pro 2.7 \u00b5mol\/J - Kingston Grow Shop<\/title>\n<meta name=\"robots\" content=\"index, follow, max-snippet:-1, max-image-preview:large, max-video-preview:-1\" \/>\n<link rel=\"canonical\" href=\"https:\/\/www.kingstongrowshop.it\/?product=lumatek-zeus-465w-pro\" \/>\n<meta property=\"og:locale\" content=\"it_IT\" \/>\n<meta property=\"og:type\" content=\"article\" \/>\n<meta property=\"og:title\" content=\"LUMATEK Zeus 465W Pro 2.7 \u00b5mol\/J - Kingston Grow Shop\" \/>\n<meta property=\"og:description\" content=\"Zeus 465W Compact Pro \u00e8 una lampada per la coltivazione indoor costruita utilizzando driver Lumatek di alta qualit\u00e0 e LED top bin di LUMLED e Osram che generano una sorgente di luce a spettro completo ideale per i cicli di fioritura e vegetazione.  Efficacy: 2.7 \u00b5mol\/J PPF: 1070 \u00b5mol\/s Input Voltage: 200-240V, 50-60Hz Power Consumption: 465W Superficie Consigliata: 1.2x1.2m - 1.5x1.5m Waterproof: IP65 Lifetime: 60 000 hrs Light Distribution: 120\u00b0 Light Source: Osram and Lumileds Philips Diodes Dimmable: OFF-25%-50%-75%-100% with 0-10V Light Dimmer (Included) External Control: With Lumatek Digital Panel Dimensions: 998x900x51.9mm Spectrum: Full Spectrum + BTU (With Driver Attached): 1706 BTUs\/h BTU (With Driver Remote): 1586 BTUs\/h  Peso Lampada 11,00 Kg \/ Peso Tassabile 18,00 kg\" \/>\n<meta property=\"og:url\" content=\"https:\/\/www.kingstongrowshop.it\/?product=lumatek-zeus-465w-pro\" \/>\n<meta property=\"og:site_name\" content=\"Kingston Grow Shop\" \/>\n<meta property=\"article:modified_time\" content=\"2025-12-01T17:06:38+00:00\" \/>\n<meta property=\"og:image\" content=\"https:\/\/www.kingstongrowshop.it\/wp-content\/uploads\/2021\/02\/lumatekzeus465pro1.png\" \/>\n\t<meta property=\"og:image:width\" content=\"800\" \/>\n\t<meta property=\"og:image:height\" content=\"800\" \/>\n\t<meta property=\"og:image:type\" content=\"image\/png\" \/>\n<meta name=\"twitter:card\" content=\"summary_large_image\" \/>\n<meta name=\"twitter:label1\" content=\"Tempo di lettura stimato\" \/>\n\t<meta name=\"twitter:data1\" content=\"3 minuti\" \/>\n<script type=\"application\/ld+json\" class=\"yoast-schema-graph\">{\"@context\":\"https:\\\/\\\/schema.org\",\"@graph\":[{\"@type\":\"WebPage\",\"@id\":\"https:\\\/\\\/www.kingstongrowshop.it\\\/?product=lumatek-zeus-465w-pro\",\"url\":\"https:\\\/\\\/www.kingstongrowshop.it\\\/?product=lumatek-zeus-465w-pro\",\"name\":\"LUMATEK Zeus 465W Pro 2.7 \u00b5mol\\\/J - Kingston Grow Shop\",\"isPartOf\":{\"@id\":\"https:\\\/\\\/www.kingstongrowshop.it\\\/#website\"},\"primaryImageOfPage\":{\"@id\":\"https:\\\/\\\/www.kingstongrowshop.it\\\/?product=lumatek-zeus-465w-pro#primaryimage\"},\"image\":{\"@id\":\"https:\\\/\\\/www.kingstongrowshop.it\\\/?product=lumatek-zeus-465w-pro#primaryimage\"},\"thumbnailUrl\":\"https:\\\/\\\/www.kingstongrowshop.it\\\/wp-content\\\/uploads\\\/2021\\\/02\\\/lumatekzeus465pro1.png\",\"datePublished\":\"2021-02-02T16:42:49+00:00\",\"dateModified\":\"2025-12-01T17:06:38+00:00\",\"breadcrumb\":{\"@id\":\"https:\\\/\\\/www.kingstongrowshop.it\\\/?product=lumatek-zeus-465w-pro#breadcrumb\"},\"inLanguage\":\"it-IT\",\"potentialAction\":[{\"@type\":\"ReadAction\",\"target\":[\"https:\\\/\\\/www.kingstongrowshop.it\\\/?product=lumatek-zeus-465w-pro\"]}]},{\"@type\":\"ImageObject\",\"inLanguage\":\"it-IT\",\"@id\":\"https:\\\/\\\/www.kingstongrowshop.it\\\/?product=lumatek-zeus-465w-pro#primaryimage\",\"url\":\"https:\\\/\\\/www.kingstongrowshop.it\\\/wp-content\\\/uploads\\\/2021\\\/02\\\/lumatekzeus465pro1.png\",\"contentUrl\":\"https:\\\/\\\/www.kingstongrowshop.it\\\/wp-content\\\/uploads\\\/2021\\\/02\\\/lumatekzeus465pro1.png\",\"width\":800,\"height\":800},{\"@type\":\"BreadcrumbList\",\"@id\":\"https:\\\/\\\/www.kingstongrowshop.it\\\/?product=lumatek-zeus-465w-pro#breadcrumb\",\"itemListElement\":[{\"@type\":\"ListItem\",\"position\":1,\"name\":\"Home\",\"item\":\"https:\\\/\\\/www.kingstongrowshop.it\\\/\"},{\"@type\":\"ListItem\",\"position\":2,\"name\":\"Shop\",\"item\":\"https:\\\/\\\/www.kingstongrowshop.it\\\/?page_id=3853\"},{\"@type\":\"ListItem\",\"position\":3,\"name\":\"LUMATEK Zeus 465W Pro 2.7 \u00b5mol\\\/J\"}]},{\"@type\":\"WebSite\",\"@id\":\"https:\\\/\\\/www.kingstongrowshop.it\\\/#website\",\"url\":\"https:\\\/\\\/www.kingstongrowshop.it\\\/\",\"name\":\"Kingston Grow Shop\",\"description\":\"Il tuo Grow Shop di Fiducia\",\"potentialAction\":[{\"@type\":\"SearchAction\",\"target\":{\"@type\":\"EntryPoint\",\"urlTemplate\":\"https:\\\/\\\/www.kingstongrowshop.it\\\/?s={search_term_string}\"},\"query-input\":{\"@type\":\"PropertyValueSpecification\",\"valueRequired\":true,\"valueName\":\"search_term_string\"}}],\"inLanguage\":\"it-IT\"}]}<\/script>\n<!-- \/ Yoast SEO plugin. -->","yoast_head_json":{"title":"LUMATEK Zeus 465W Pro 2.7 \u00b5mol\/J - Kingston Grow Shop","robots":{"index":"index","follow":"follow","max-snippet":"max-snippet:-1","max-image-preview":"max-image-preview:large","max-video-preview":"max-video-preview:-1"},"canonical":"https:\/\/www.kingstongrowshop.it\/?product=lumatek-zeus-465w-pro","og_locale":"it_IT","og_type":"article","og_title":"LUMATEK Zeus 465W Pro 2.7 \u00b5mol\/J - Kingston Grow Shop","og_description":"Zeus 465W Compact Pro \u00e8 una lampada per la coltivazione indoor costruita utilizzando driver Lumatek di alta qualit\u00e0 e LED top bin di LUMLED e Osram che generano una sorgente di luce a spettro completo ideale per i cicli di fioritura e vegetazione.  Efficacy: 2.7 \u00b5mol\/J PPF: 1070 \u00b5mol\/s Input Voltage: 200-240V, 50-60Hz Power Consumption: 465W Superficie Consigliata: 1.2x1.2m - 1.5x1.5m Waterproof: IP65 Lifetime: 60 000 hrs Light Distribution: 120\u00b0 Light Source: Osram and Lumileds Philips Diodes Dimmable: OFF-25%-50%-75%-100% with 0-10V Light Dimmer (Included) External Control: With Lumatek Digital Panel Dimensions: 998x900x51.9mm Spectrum: Full Spectrum + BTU (With Driver Attached): 1706 BTUs\/h BTU (With Driver Remote): 1586 BTUs\/h  Peso Lampada 11,00 Kg \/ Peso Tassabile 18,00 kg","og_url":"https:\/\/www.kingstongrowshop.it\/?product=lumatek-zeus-465w-pro","og_site_name":"Kingston Grow Shop","article_modified_time":"2025-12-01T17:06:38+00:00","og_image":[{"width":800,"height":800,"url":"https:\/\/www.kingstongrowshop.it\/wp-content\/uploads\/2021\/02\/lumatekzeus465pro1.png","type":"image\/png"}],"twitter_card":"summary_large_image","twitter_misc":{"Tempo di lettura stimato":"3 minuti"},"schema":{"@context":"https:\/\/schema.org","@graph":[{"@type":"WebPage","@id":"https:\/\/www.kingstongrowshop.it\/?product=lumatek-zeus-465w-pro","url":"https:\/\/www.kingstongrowshop.it\/?product=lumatek-zeus-465w-pro","name":"LUMATEK Zeus 465W Pro 2.7 \u00b5mol\/J - Kingston Grow Shop","isPartOf":{"@id":"https:\/\/www.kingstongrowshop.it\/#website"},"primaryImageOfPage":{"@id":"https:\/\/www.kingstongrowshop.it\/?product=lumatek-zeus-465w-pro#primaryimage"},"image":{"@id":"https:\/\/www.kingstongrowshop.it\/?product=lumatek-zeus-465w-pro#primaryimage"},"thumbnailUrl":"https:\/\/www.kingstongrowshop.it\/wp-content\/uploads\/2021\/02\/lumatekzeus465pro1.png","datePublished":"2021-02-02T16:42:49+00:00","dateModified":"2025-12-01T17:06:38+00:00","breadcrumb":{"@id":"https:\/\/www.kingstongrowshop.it\/?product=lumatek-zeus-465w-pro#breadcrumb"},"inLanguage":"it-IT","potentialAction":[{"@type":"ReadAction","target":["https:\/\/www.kingstongrowshop.it\/?product=lumatek-zeus-465w-pro"]}]},{"@type":"ImageObject","inLanguage":"it-IT","@id":"https:\/\/www.kingstongrowshop.it\/?product=lumatek-zeus-465w-pro#primaryimage","url":"https:\/\/www.kingstongrowshop.it\/wp-content\/uploads\/2021\/02\/lumatekzeus465pro1.png","contentUrl":"https:\/\/www.kingstongrowshop.it\/wp-content\/uploads\/2021\/02\/lumatekzeus465pro1.png","width":800,"height":800},{"@type":"BreadcrumbList","@id":"https:\/\/www.kingstongrowshop.it\/?product=lumatek-zeus-465w-pro#breadcrumb","itemListElement":[{"@type":"ListItem","position":1,"name":"Home","item":"https:\/\/www.kingstongrowshop.it\/"},{"@type":"ListItem","position":2,"name":"Shop","item":"https:\/\/www.kingstongrowshop.it\/?page_id=3853"},{"@type":"ListItem","position":3,"name":"LUMATEK Zeus 465W Pro 2.7 \u00b5mol\/J"}]},{"@type":"WebSite","@id":"https:\/\/www.kingstongrowshop.it\/#website","url":"https:\/\/www.kingstongrowshop.it\/","name":"Kingston Grow Shop","description":"Il tuo Grow Shop di Fiducia","potentialAction":[{"@type":"SearchAction","target":{"@type":"EntryPoint","urlTemplate":"https:\/\/www.kingstongrowshop.it\/?s={search_term_string}"},"query-input":{"@type":"PropertyValueSpecification","valueRequired":true,"valueName":"search_term_string"}}],"inLanguage":"it-IT"}]}},"jetpack_sharing_enabled":true,"_links":{"self":[{"href":"https:\/\/www.kingstongrowshop.it\/index.php?rest_route=\/wp\/v2\/product\/9285","targetHints":{"allow":["GET"]}}],"collection":[{"href":"https:\/\/www.kingstongrowshop.it\/index.php?rest_route=\/wp\/v2\/product"}],"about":[{"href":"https:\/\/www.kingstongrowshop.it\/index.php?rest_route=\/wp\/v2\/types\/product"}],"replies":[{"embeddable":true,"href":"https:\/\/www.kingstongrowshop.it\/index.php?rest_route=%2Fwp%2Fv2%2Fcomments&post=9285"}],"wp:featuredmedia":[{"embeddable":true,"href":"https:\/\/www.kingstongrowshop.it\/index.php?rest_route=\/wp\/v2\/media\/9287"}],"wp:attachment":[{"href":"https:\/\/www.kingstongrowshop.it\/index.php?rest_route=%2Fwp%2Fv2%2Fmedia&parent=9285"}],"wp:term":[{"taxonomy":"product_brand","embeddable":true,"href":"https:\/\/www.kingstongrowshop.it\/index.php?rest_route=%2Fwp%2Fv2%2Fproduct_brand&post=9285"},{"taxonomy":"product_cat","embeddable":true,"href":"https:\/\/www.kingstongrowshop.it\/index.php?rest_route=%2Fwp%2Fv2%2Fproduct_cat&post=9285"},{"taxonomy":"product_tag","embeddable":true,"href":"https:\/\/www.kingstongrowshop.it\/index.php?rest_route=%2Fwp%2Fv2%2Fproduct_tag&post=9285"}],"curies":[{"name":"wp","href":"https:\/\/api.w.org\/{rel}","templated":true}]}}