{"id":9445,"date":"2021-02-28T11:39:37","date_gmt":"2021-02-28T10:39:37","guid":{"rendered":"https:\/\/www.kingstongrowshop.it\/?post_type=product&#038;p=9445"},"modified":"2024-07-26T11:20:02","modified_gmt":"2024-07-26T09:20:02","slug":"easy-pack-100-terra-plagron","status":"publish","type":"product","link":"https:\/\/www.kingstongrowshop.it\/?product=easy-pack-100-terra-plagron","title":{"rendered":"EASY PACK 100% TERRA PLAGRON"},"content":{"rendered":"","protected":false},"excerpt":{"rendered":"<p>Plagron Easy Pack contiene\u00a0Terra grow,\u00a0Terra bloom e\u00a0Green Sensation.<\/p>\n<p>I nutrienti di base garantiscono alle tue piante un buon inizio e una buona fase di fioritura, Green Sensation riunisce 4 effetti positivi in 1 flacone. Questo prodotto migliora la fioritura, la resistenza, il terreno e la resa. La combinazione di prodotti all&#8217;interno del pacchetto assicura un gusto eccellente e una resa abbondante.<\/p>\n<p><strong>L&#8217;Easy Pack contiene:<\/strong><\/p>\n<ul>\n<li>Terra\u00a0Grow 250ml<\/li>\n<li>Terra\u00a0Bloom 250ml<\/li>\n<li>Green Sensation 50ml<\/li>\n<li>Misurino Dosatore<\/li>\n<\/ul>\n<p><strong><br \/>\nTerra Grow<br \/>\n<\/strong>Terra Grow \u00e8 un nutriente per piante a base minerale altamente concentrato da utilizzare durante la fase di crescita della pianta. Questo fertilizzante liquido fornisce una nutrizione ottimale durante la fase di crescita. Fornisce una solida base affinch\u00e9 la pianta fiorisca abbondantemente nella sua fase successiva. Terra Grow \u00e8 adatto a tutte le miscele di terreno e pu\u00f2 essere utilizzato insieme a tutti i fertilizzanti liquidi e gli additivi.<\/p>\n<p>Terra\u00a0Bloom<br \/>\nTerra Bloom \u00e8 un nutriente di base minerale altamente concentrato per piante da utilizzare durante la fase di fioritura della pianta. Questo fertilizzante liquido fornisce una nutrizione ottimale durante la fioritura e sostiene e promuove la fioritura. Terra Bloom \u00e8 adatto a tutte le miscele di terreno e pu\u00f2 essere utilizzato in combinazione con tutti i fertilizzanti liquidi e gli additivi.<\/p>\n<p>Green Sensation<br \/>\nGreen Sensation \u00e8 un potente booster che pu\u00f2 essere utilizzato in qualsiasi stile di coltivazione, garantendo la massima resa. Combina 4 effetti positivi in \u200b\u200b1 bottiglia. Green Sensation migliora la fioritura, la resistenza, il suolo e le rese.<\/p>\n<p>Suggerimenti<br \/>\nUtilizza i prodotti della Easy Pack 100% Natural in combinazione con Lightmix e Growmix per ottenere i risultati migliori<strong><br \/>\n<\/strong><\/p>\n","protected":false},"featured_media":9446,"comment_status":"open","ping_status":"closed","template":"","meta":[],"product_brand":[],"product_cat":[283,281,282,284],"product_tag":[1223,1222],"class_list":{"0":"post-9445","1":"product","2":"type-product","3":"status-publish","4":"has-post-thumbnail","6":"product_cat-fertilizzanti","7":"product_cat-fertilizzantiecuradellepiante","8":"product_cat-kitfertilizzanti","9":"product_cat-plagron","10":"product_tag-easy-pack-terra","11":"product_tag-plagrom","13":"first","14":"instock","15":"shipping-taxable","16":"purchasable","17":"product-type-simple"},"yoast_head":"<!-- This site is optimized with the Yoast SEO plugin v27.5 - https:\/\/yoast.com\/product\/yoast-seo-wordpress\/ -->\n<title>EASY PACK 100% TERRA PLAGRON - Kingston Grow Shop<\/title>\n<meta name=\"description\" content=\"Plagron Easy Pack contiene\u00a0Terra grow,\u00a0Terra bloom e\u00a0Green Sensation.I nutrienti di base garantiscono alle tue piante un buon ciclo.\" \/>\n<meta name=\"robots\" content=\"index, follow, max-snippet:-1, max-image-preview:large, max-video-preview:-1\" \/>\n<link rel=\"canonical\" href=\"https:\/\/www.kingstongrowshop.it\/?product=easy-pack-100-terra-plagron\" \/>\n<meta property=\"og:locale\" content=\"it_IT\" \/>\n<meta property=\"og:type\" content=\"article\" \/>\n<meta property=\"og:title\" content=\"EASY PACK 100% TERRA PLAGRON - Kingston Grow Shop\" \/>\n<meta property=\"og:description\" content=\"Plagron Easy Pack contiene\u00a0Terra grow,\u00a0Terra bloom e\u00a0Green Sensation.I nutrienti di base garantiscono alle tue piante un buon ciclo.\" \/>\n<meta property=\"og:url\" content=\"https:\/\/www.kingstongrowshop.it\/?product=easy-pack-100-terra-plagron\" \/>\n<meta property=\"og:site_name\" content=\"Kingston Grow Shop\" \/>\n<meta property=\"article:modified_time\" content=\"2024-07-26T09:20:02+00:00\" \/>\n<meta property=\"og:image\" content=\"https:\/\/www.kingstongrowshop.it\/wp-content\/uploads\/2021\/02\/ep.jpg\" \/>\n\t<meta property=\"og:image:width\" content=\"800\" \/>\n\t<meta property=\"og:image:height\" content=\"800\" \/>\n\t<meta property=\"og:image:type\" content=\"image\/jpeg\" \/>\n<meta name=\"twitter:card\" content=\"summary_large_image\" \/>\n<meta name=\"twitter:label1\" content=\"Tempo di lettura stimato\" \/>\n\t<meta name=\"twitter:data1\" content=\"1 minuto\" \/>\n<script type=\"application\/ld+json\" class=\"yoast-schema-graph\">{\"@context\":\"https:\\\/\\\/schema.org\",\"@graph\":[{\"@type\":\"WebPage\",\"@id\":\"https:\\\/\\\/www.kingstongrowshop.it\\\/?product=easy-pack-100-terra-plagron\",\"url\":\"https:\\\/\\\/www.kingstongrowshop.it\\\/?product=easy-pack-100-terra-plagron\",\"name\":\"EASY PACK 100% TERRA PLAGRON - Kingston Grow Shop\",\"isPartOf\":{\"@id\":\"https:\\\/\\\/www.kingstongrowshop.it\\\/#website\"},\"primaryImageOfPage\":{\"@id\":\"https:\\\/\\\/www.kingstongrowshop.it\\\/?product=easy-pack-100-terra-plagron#primaryimage\"},\"image\":{\"@id\":\"https:\\\/\\\/www.kingstongrowshop.it\\\/?product=easy-pack-100-terra-plagron#primaryimage\"},\"thumbnailUrl\":\"https:\\\/\\\/www.kingstongrowshop.it\\\/wp-content\\\/uploads\\\/2021\\\/02\\\/ep.jpg\",\"datePublished\":\"2021-02-28T10:39:37+00:00\",\"dateModified\":\"2024-07-26T09:20:02+00:00\",\"description\":\"Plagron Easy Pack contiene\u00a0Terra grow,\u00a0Terra bloom e\u00a0Green Sensation.I nutrienti di base garantiscono alle tue piante un buon ciclo.\",\"breadcrumb\":{\"@id\":\"https:\\\/\\\/www.kingstongrowshop.it\\\/?product=easy-pack-100-terra-plagron#breadcrumb\"},\"inLanguage\":\"it-IT\",\"potentialAction\":[{\"@type\":\"ReadAction\",\"target\":[\"https:\\\/\\\/www.kingstongrowshop.it\\\/?product=easy-pack-100-terra-plagron\"]}]},{\"@type\":\"ImageObject\",\"inLanguage\":\"it-IT\",\"@id\":\"https:\\\/\\\/www.kingstongrowshop.it\\\/?product=easy-pack-100-terra-plagron#primaryimage\",\"url\":\"https:\\\/\\\/www.kingstongrowshop.it\\\/wp-content\\\/uploads\\\/2021\\\/02\\\/ep.jpg\",\"contentUrl\":\"https:\\\/\\\/www.kingstongrowshop.it\\\/wp-content\\\/uploads\\\/2021\\\/02\\\/ep.jpg\",\"width\":800,\"height\":800},{\"@type\":\"BreadcrumbList\",\"@id\":\"https:\\\/\\\/www.kingstongrowshop.it\\\/?product=easy-pack-100-terra-plagron#breadcrumb\",\"itemListElement\":[{\"@type\":\"ListItem\",\"position\":1,\"name\":\"Home\",\"item\":\"https:\\\/\\\/www.kingstongrowshop.it\\\/\"},{\"@type\":\"ListItem\",\"position\":2,\"name\":\"Shop\",\"item\":\"https:\\\/\\\/www.kingstongrowshop.it\\\/?page_id=3853\"},{\"@type\":\"ListItem\",\"position\":3,\"name\":\"EASY PACK 100% TERRA PLAGRON\"}]},{\"@type\":\"WebSite\",\"@id\":\"https:\\\/\\\/www.kingstongrowshop.it\\\/#website\",\"url\":\"https:\\\/\\\/www.kingstongrowshop.it\\\/\",\"name\":\"Kingston Grow Shop\",\"description\":\"Il tuo Grow Shop di Fiducia\",\"potentialAction\":[{\"@type\":\"SearchAction\",\"target\":{\"@type\":\"EntryPoint\",\"urlTemplate\":\"https:\\\/\\\/www.kingstongrowshop.it\\\/?s={search_term_string}\"},\"query-input\":{\"@type\":\"PropertyValueSpecification\",\"valueRequired\":true,\"valueName\":\"search_term_string\"}}],\"inLanguage\":\"it-IT\"}]}<\/script>\n<!-- \/ Yoast SEO plugin. -->","yoast_head_json":{"title":"EASY PACK 100% TERRA PLAGRON - Kingston Grow Shop","description":"Plagron Easy Pack contiene\u00a0Terra grow,\u00a0Terra bloom e\u00a0Green Sensation.I nutrienti di base garantiscono alle tue piante un buon ciclo.","robots":{"index":"index","follow":"follow","max-snippet":"max-snippet:-1","max-image-preview":"max-image-preview:large","max-video-preview":"max-video-preview:-1"},"canonical":"https:\/\/www.kingstongrowshop.it\/?product=easy-pack-100-terra-plagron","og_locale":"it_IT","og_type":"article","og_title":"EASY PACK 100% TERRA PLAGRON - Kingston Grow Shop","og_description":"Plagron Easy Pack contiene\u00a0Terra grow,\u00a0Terra bloom e\u00a0Green Sensation.I nutrienti di base garantiscono alle tue piante un buon ciclo.","og_url":"https:\/\/www.kingstongrowshop.it\/?product=easy-pack-100-terra-plagron","og_site_name":"Kingston Grow Shop","article_modified_time":"2024-07-26T09:20:02+00:00","og_image":[{"width":800,"height":800,"url":"https:\/\/www.kingstongrowshop.it\/wp-content\/uploads\/2021\/02\/ep.jpg","type":"image\/jpeg"}],"twitter_card":"summary_large_image","twitter_misc":{"Tempo di lettura stimato":"1 minuto"},"schema":{"@context":"https:\/\/schema.org","@graph":[{"@type":"WebPage","@id":"https:\/\/www.kingstongrowshop.it\/?product=easy-pack-100-terra-plagron","url":"https:\/\/www.kingstongrowshop.it\/?product=easy-pack-100-terra-plagron","name":"EASY PACK 100% TERRA PLAGRON - Kingston Grow Shop","isPartOf":{"@id":"https:\/\/www.kingstongrowshop.it\/#website"},"primaryImageOfPage":{"@id":"https:\/\/www.kingstongrowshop.it\/?product=easy-pack-100-terra-plagron#primaryimage"},"image":{"@id":"https:\/\/www.kingstongrowshop.it\/?product=easy-pack-100-terra-plagron#primaryimage"},"thumbnailUrl":"https:\/\/www.kingstongrowshop.it\/wp-content\/uploads\/2021\/02\/ep.jpg","datePublished":"2021-02-28T10:39:37+00:00","dateModified":"2024-07-26T09:20:02+00:00","description":"Plagron Easy Pack contiene\u00a0Terra grow,\u00a0Terra bloom e\u00a0Green Sensation.I nutrienti di base garantiscono alle tue piante un buon ciclo.","breadcrumb":{"@id":"https:\/\/www.kingstongrowshop.it\/?product=easy-pack-100-terra-plagron#breadcrumb"},"inLanguage":"it-IT","potentialAction":[{"@type":"ReadAction","target":["https:\/\/www.kingstongrowshop.it\/?product=easy-pack-100-terra-plagron"]}]},{"@type":"ImageObject","inLanguage":"it-IT","@id":"https:\/\/www.kingstongrowshop.it\/?product=easy-pack-100-terra-plagron#primaryimage","url":"https:\/\/www.kingstongrowshop.it\/wp-content\/uploads\/2021\/02\/ep.jpg","contentUrl":"https:\/\/www.kingstongrowshop.it\/wp-content\/uploads\/2021\/02\/ep.jpg","width":800,"height":800},{"@type":"BreadcrumbList","@id":"https:\/\/www.kingstongrowshop.it\/?product=easy-pack-100-terra-plagron#breadcrumb","itemListElement":[{"@type":"ListItem","position":1,"name":"Home","item":"https:\/\/www.kingstongrowshop.it\/"},{"@type":"ListItem","position":2,"name":"Shop","item":"https:\/\/www.kingstongrowshop.it\/?page_id=3853"},{"@type":"ListItem","position":3,"name":"EASY PACK 100% TERRA PLAGRON"}]},{"@type":"WebSite","@id":"https:\/\/www.kingstongrowshop.it\/#website","url":"https:\/\/www.kingstongrowshop.it\/","name":"Kingston Grow Shop","description":"Il tuo Grow Shop di Fiducia","potentialAction":[{"@type":"SearchAction","target":{"@type":"EntryPoint","urlTemplate":"https:\/\/www.kingstongrowshop.it\/?s={search_term_string}"},"query-input":{"@type":"PropertyValueSpecification","valueRequired":true,"valueName":"search_term_string"}}],"inLanguage":"it-IT"}]}},"jetpack_sharing_enabled":true,"_links":{"self":[{"href":"https:\/\/www.kingstongrowshop.it\/index.php?rest_route=\/wp\/v2\/product\/9445","targetHints":{"allow":["GET"]}}],"collection":[{"href":"https:\/\/www.kingstongrowshop.it\/index.php?rest_route=\/wp\/v2\/product"}],"about":[{"href":"https:\/\/www.kingstongrowshop.it\/index.php?rest_route=\/wp\/v2\/types\/product"}],"replies":[{"embeddable":true,"href":"https:\/\/www.kingstongrowshop.it\/index.php?rest_route=%2Fwp%2Fv2%2Fcomments&post=9445"}],"wp:featuredmedia":[{"embeddable":true,"href":"https:\/\/www.kingstongrowshop.it\/index.php?rest_route=\/wp\/v2\/media\/9446"}],"wp:attachment":[{"href":"https:\/\/www.kingstongrowshop.it\/index.php?rest_route=%2Fwp%2Fv2%2Fmedia&parent=9445"}],"wp:term":[{"taxonomy":"product_brand","embeddable":true,"href":"https:\/\/www.kingstongrowshop.it\/index.php?rest_route=%2Fwp%2Fv2%2Fproduct_brand&post=9445"},{"taxonomy":"product_cat","embeddable":true,"href":"https:\/\/www.kingstongrowshop.it\/index.php?rest_route=%2Fwp%2Fv2%2Fproduct_cat&post=9445"},{"taxonomy":"product_tag","embeddable":true,"href":"https:\/\/www.kingstongrowshop.it\/index.php?rest_route=%2Fwp%2Fv2%2Fproduct_tag&post=9445"}],"curies":[{"name":"wp","href":"https:\/\/api.w.org\/{rel}","templated":true}]}}