{"id":9482,"date":"2021-03-12T17:18:56","date_gmt":"2021-03-12T16:18:56","guid":{"rendered":"https:\/\/www.kingstongrowshop.it\/?post_type=product&#038;p=9482"},"modified":"2021-03-12T17:27:21","modified_gmt":"2021-03-12T16:27:21","slug":"secret-jardin-dr60-60x60x170-rev-3","status":"publish","type":"product","link":"https:\/\/www.kingstongrowshop.it\/?product=secret-jardin-dr60-60x60x170-rev-3","title":{"rendered":"SECRET JARDIN DR60 60X60X170 REV.3"},"content":{"rendered":"<table class=\"table\">\n<tbody>\n<tr>\n<td>Modello<\/td>\n<td>DR60<\/td>\n<\/tr>\n<tr>\n<td>Rev.<\/td>\n<td>R3.00<\/td>\n<\/tr>\n<tr>\n<td>Peso<\/td>\n<td>7,3kg<\/td>\n<\/tr>\n<tr>\n<td>Dimensioni<\/td>\n<td>60cm x 60cm x 170cm<\/td>\n<\/tr>\n<tr>\n<td>Supporto per impianti Web<\/td>\n<td>WebIT60<\/td>\n<\/tr>\n<tr>\n<td>Vassoio in tela per l&#8217;acqua<\/td>\n<td>WT60<\/td>\n<\/tr>\n<tr>\n<td>Finestre Areazione Naturale<\/td>\n<td>1x 30mmx20mm<\/td>\n<\/tr>\n<tr>\n<td>Manicotti<\/td>\n<td>1x Estrazione \u00d8180mm<br \/>\n2x Intrazione \u00d8180mm<\/td>\n<\/tr>\n<tr>\n<td>Fori per cavi<\/td>\n<td>3x Cavi \u00d875mm<\/td>\n<\/tr>\n<tr>\n<td>Maneggio<\/td>\n<td>3x Supporti e filtro inclusi, che supportano fino a 15kg<br \/>\nLunghezza : 60cm<\/td>\n<\/tr>\n<tr>\n<td>Accessori inclusi<\/td>\n<td>1x Paio StrapIT &#8211; Cinturino per filtro<br \/>\n1x Paio HookIT &#8211; Ganci per l&#8217;illuminazione<br \/>\n15x CableIT &#8211; Clip per cavi e reti<br \/>\n1x PocketIT &#8211; Sacca per strumenti con altezza regolabile<br \/>\n1x Space Booster &#8211; https:\/\/www.youtube.com\/watch?v=0UoOou46AwQ<\/td>\n<\/tr>\n<tr>\n<td>Consulenza per l&#8217;illuminazione<\/td>\n<td>1x HPS 250W<br \/>\n1x LED fino a 200W<\/td>\n<\/tr>\n<tr>\n<td>Tenda volume<\/td>\n<td>0.6m<sup>3<\/sup><\/td>\n<\/tr>\n<tr>\n<td>Estrazione consigliata<\/td>\n<td>HPS\/HOT (Ogni 30-60 sec) :<br \/>\nEstrazione 75m<sup>3<\/sup>\/hLED\/COLD (Ogni 1 a 2 min) :<br \/>\nEstrazione 35m<sup>3<\/sup>\/h-Estrazione OUT Kit TT100 + Filtro;<\/p>\n<p>-Aspirazione IN Vents 100<\/td>\n<\/tr>\n<\/tbody>\n<\/table>\n","protected":false},"excerpt":{"rendered":"<p><b>DARK ROOM Secret Jardin della serie Revision 3.0<\/b><\/p>\n<p><b>La linea professionale per i coltivatori pi\u00f9 esigenti.<\/b><br \/>\nLe nuove Dark Room REV 3.00 della Secret Jardin sono impermeabili, a tenuta di luce e molto semplici da montare. Sono realizzate in tessuto ad alto coefficiente di riflessione che offre una riflessione della luce pari al 95%.<br \/>\nNel nuovo modello 3.00 gli elementi dell&#8217;intelaiatura hanno und diametro di 19 mm. Oltre a questo, la tenda \u00e8 dotata di StrapIT (rinforzi) e Space-Booster che garantiscono una maggiore stabilit\u00e0. I rinforzi vengono montati ai lati dell&#8217;intelaiatura interna per dare alla tenda ulteriore stabilit\u00e0. In caso si dovesse creare una pressione negativa all&#8217;interno della tenda, si evita cos\u00ec che le pareti si incurvino verso l&#8217;interno riducendo la superficie coltivabile.<\/p>\n<p>Il sistema di illuminazione consigliato dal produttore \u00e8 una lampada HPS da 250 Watt oppure una lampada a LED fino a 200W.<\/p>\n<p><b>Specifiche DARK ROOM R3.0 DR60 della Secret Jardin: <\/b><br \/>\n&#8211; Dimensioni: 60x60x170cm<br \/>\n&#8211; 1x apertura frontale<br \/>\n&#8211; 2x finestre 30x20cm\u00b2<br \/>\n&#8211; 3x manicotti per i tubi di aerazione da \u00d8 180mm<br \/>\n&#8211; 3x manicotti per i cavi elettrici da \u00d8 75mm<br \/>\n&#8211; Struttura metallica con profili rotondi in alluminio da 19mm (sistema a incastro)<br \/>\n&#8211; Raccordi angolari da 5mm<br \/>\n&#8211; Superficie base 0,36 m\u00b2<br \/>\n&#8211; Possibilit\u00e0 di appendere tutti gli accessori<br \/>\n&#8211; Tenda robusta (tessuto antistrappo 210D, a tenuta di luce e di aria al 100%, impermeabile)<br \/>\n&#8211; Rivestimento interno color argento (Reflection High 95%)<br \/>\n&#8211; Ripiani impermeabili ed estraibili<br \/>\n&#8211; Con una comoda borsa<br \/>\n&#8211; Peso prodotto 7,3 kg<\/p>\n<p>-Peso tassabile 10<\/p>\n<p><b>La confezione contiene: <\/b><br \/>\n1x Web60 (rete per sostenere le piante)<br \/>\n1x paio di StrapIT + Space Booster (rinforzi per la tenda)<br \/>\n1x paio di HookIT (ganci per appendere, per es., il filtro)<br \/>\n15x CableIT (per fissare i cavi elettrici)<br \/>\n1x PocketIT (borsa per gli accessori 15&#215;20 cm)<\/p>\n","protected":false},"featured_media":9483,"comment_status":"open","ping_status":"closed","template":"","meta":[],"product_brand":[],"product_cat":[1199,248],"product_tag":[1234,1233],"class_list":{"0":"post-9482","1":"product","2":"type-product","3":"status-publish","4":"has-post-thumbnail","6":"product_cat-grow-box","7":"product_cat-growbox","8":"product_tag-60x60x170","9":"product_tag-secret-jardin","11":"first","12":"instock","13":"shipping-taxable","14":"purchasable","15":"product-type-simple"},"yoast_head":"<!-- This site is optimized with the Yoast SEO plugin v27.5 - https:\/\/yoast.com\/product\/yoast-seo-wordpress\/ -->\n<title>SECRET JARDIN DR60 60X60X170 REV.3 - Kingston Grow Shop<\/title>\n<meta name=\"description\" content=\"Le DARK ROOM Secret Jardin della serie Revision 3.0 sono la linea professionale per i coltivatori pi\u00f9 esigenti.\" \/>\n<meta name=\"robots\" content=\"index, follow, max-snippet:-1, max-image-preview:large, max-video-preview:-1\" \/>\n<link rel=\"canonical\" href=\"https:\/\/www.kingstongrowshop.it\/?product=secret-jardin-dr60-60x60x170-rev-3\" \/>\n<meta property=\"og:locale\" content=\"it_IT\" \/>\n<meta property=\"og:type\" content=\"article\" \/>\n<meta property=\"og:title\" content=\"SECRET JARDIN DR60 60X60X170 REV.3 - Kingston Grow Shop\" \/>\n<meta property=\"og:description\" content=\"Le DARK ROOM Secret Jardin della serie Revision 3.0 sono la linea professionale per i coltivatori pi\u00f9 esigenti.\" \/>\n<meta property=\"og:url\" content=\"https:\/\/www.kingstongrowshop.it\/?product=secret-jardin-dr60-60x60x170-rev-3\" \/>\n<meta property=\"og:site_name\" content=\"Kingston Grow Shop\" \/>\n<meta property=\"article:modified_time\" content=\"2021-03-12T16:27:21+00:00\" \/>\n<meta property=\"og:image\" content=\"https:\/\/www.kingstongrowshop.it\/wp-content\/uploads\/2021\/03\/B.png\" \/>\n\t<meta property=\"og:image:width\" content=\"618\" \/>\n\t<meta property=\"og:image:height\" content=\"618\" \/>\n\t<meta property=\"og:image:type\" content=\"image\/png\" \/>\n<meta name=\"twitter:card\" content=\"summary_large_image\" \/>\n<meta name=\"twitter:label1\" content=\"Tempo di lettura stimato\" \/>\n\t<meta name=\"twitter:data1\" content=\"1 minuto\" \/>\n<script type=\"application\/ld+json\" class=\"yoast-schema-graph\">{\"@context\":\"https:\\\/\\\/schema.org\",\"@graph\":[{\"@type\":\"WebPage\",\"@id\":\"https:\\\/\\\/www.kingstongrowshop.it\\\/?product=secret-jardin-dr60-60x60x170-rev-3\",\"url\":\"https:\\\/\\\/www.kingstongrowshop.it\\\/?product=secret-jardin-dr60-60x60x170-rev-3\",\"name\":\"SECRET JARDIN DR60 60X60X170 REV.3 - Kingston Grow Shop\",\"isPartOf\":{\"@id\":\"https:\\\/\\\/www.kingstongrowshop.it\\\/#website\"},\"primaryImageOfPage\":{\"@id\":\"https:\\\/\\\/www.kingstongrowshop.it\\\/?product=secret-jardin-dr60-60x60x170-rev-3#primaryimage\"},\"image\":{\"@id\":\"https:\\\/\\\/www.kingstongrowshop.it\\\/?product=secret-jardin-dr60-60x60x170-rev-3#primaryimage\"},\"thumbnailUrl\":\"https:\\\/\\\/www.kingstongrowshop.it\\\/wp-content\\\/uploads\\\/2021\\\/03\\\/B.png\",\"datePublished\":\"2021-03-12T16:18:56+00:00\",\"dateModified\":\"2021-03-12T16:27:21+00:00\",\"description\":\"Le DARK ROOM Secret Jardin della serie Revision 3.0 sono la linea professionale per i coltivatori pi\u00f9 esigenti.\",\"breadcrumb\":{\"@id\":\"https:\\\/\\\/www.kingstongrowshop.it\\\/?product=secret-jardin-dr60-60x60x170-rev-3#breadcrumb\"},\"inLanguage\":\"it-IT\",\"potentialAction\":[{\"@type\":\"ReadAction\",\"target\":[\"https:\\\/\\\/www.kingstongrowshop.it\\\/?product=secret-jardin-dr60-60x60x170-rev-3\"]}]},{\"@type\":\"ImageObject\",\"inLanguage\":\"it-IT\",\"@id\":\"https:\\\/\\\/www.kingstongrowshop.it\\\/?product=secret-jardin-dr60-60x60x170-rev-3#primaryimage\",\"url\":\"https:\\\/\\\/www.kingstongrowshop.it\\\/wp-content\\\/uploads\\\/2021\\\/03\\\/B.png\",\"contentUrl\":\"https:\\\/\\\/www.kingstongrowshop.it\\\/wp-content\\\/uploads\\\/2021\\\/03\\\/B.png\",\"width\":618,\"height\":618},{\"@type\":\"BreadcrumbList\",\"@id\":\"https:\\\/\\\/www.kingstongrowshop.it\\\/?product=secret-jardin-dr60-60x60x170-rev-3#breadcrumb\",\"itemListElement\":[{\"@type\":\"ListItem\",\"position\":1,\"name\":\"Home\",\"item\":\"https:\\\/\\\/www.kingstongrowshop.it\\\/\"},{\"@type\":\"ListItem\",\"position\":2,\"name\":\"Shop\",\"item\":\"https:\\\/\\\/www.kingstongrowshop.it\\\/?page_id=3853\"},{\"@type\":\"ListItem\",\"position\":3,\"name\":\"SECRET JARDIN DR60 60X60X170 REV.3\"}]},{\"@type\":\"WebSite\",\"@id\":\"https:\\\/\\\/www.kingstongrowshop.it\\\/#website\",\"url\":\"https:\\\/\\\/www.kingstongrowshop.it\\\/\",\"name\":\"Kingston Grow Shop\",\"description\":\"Il tuo Grow Shop di Fiducia\",\"potentialAction\":[{\"@type\":\"SearchAction\",\"target\":{\"@type\":\"EntryPoint\",\"urlTemplate\":\"https:\\\/\\\/www.kingstongrowshop.it\\\/?s={search_term_string}\"},\"query-input\":{\"@type\":\"PropertyValueSpecification\",\"valueRequired\":true,\"valueName\":\"search_term_string\"}}],\"inLanguage\":\"it-IT\"}]}<\/script>\n<!-- \/ Yoast SEO plugin. -->","yoast_head_json":{"title":"SECRET JARDIN DR60 60X60X170 REV.3 - Kingston Grow Shop","description":"Le DARK ROOM Secret Jardin della serie Revision 3.0 sono la linea professionale per i coltivatori pi\u00f9 esigenti.","robots":{"index":"index","follow":"follow","max-snippet":"max-snippet:-1","max-image-preview":"max-image-preview:large","max-video-preview":"max-video-preview:-1"},"canonical":"https:\/\/www.kingstongrowshop.it\/?product=secret-jardin-dr60-60x60x170-rev-3","og_locale":"it_IT","og_type":"article","og_title":"SECRET JARDIN DR60 60X60X170 REV.3 - Kingston Grow Shop","og_description":"Le DARK ROOM Secret Jardin della serie Revision 3.0 sono la linea professionale per i coltivatori pi\u00f9 esigenti.","og_url":"https:\/\/www.kingstongrowshop.it\/?product=secret-jardin-dr60-60x60x170-rev-3","og_site_name":"Kingston Grow Shop","article_modified_time":"2021-03-12T16:27:21+00:00","og_image":[{"width":618,"height":618,"url":"https:\/\/www.kingstongrowshop.it\/wp-content\/uploads\/2021\/03\/B.png","type":"image\/png"}],"twitter_card":"summary_large_image","twitter_misc":{"Tempo di lettura stimato":"1 minuto"},"schema":{"@context":"https:\/\/schema.org","@graph":[{"@type":"WebPage","@id":"https:\/\/www.kingstongrowshop.it\/?product=secret-jardin-dr60-60x60x170-rev-3","url":"https:\/\/www.kingstongrowshop.it\/?product=secret-jardin-dr60-60x60x170-rev-3","name":"SECRET JARDIN DR60 60X60X170 REV.3 - Kingston Grow Shop","isPartOf":{"@id":"https:\/\/www.kingstongrowshop.it\/#website"},"primaryImageOfPage":{"@id":"https:\/\/www.kingstongrowshop.it\/?product=secret-jardin-dr60-60x60x170-rev-3#primaryimage"},"image":{"@id":"https:\/\/www.kingstongrowshop.it\/?product=secret-jardin-dr60-60x60x170-rev-3#primaryimage"},"thumbnailUrl":"https:\/\/www.kingstongrowshop.it\/wp-content\/uploads\/2021\/03\/B.png","datePublished":"2021-03-12T16:18:56+00:00","dateModified":"2021-03-12T16:27:21+00:00","description":"Le DARK ROOM Secret Jardin della serie Revision 3.0 sono la linea professionale per i coltivatori pi\u00f9 esigenti.","breadcrumb":{"@id":"https:\/\/www.kingstongrowshop.it\/?product=secret-jardin-dr60-60x60x170-rev-3#breadcrumb"},"inLanguage":"it-IT","potentialAction":[{"@type":"ReadAction","target":["https:\/\/www.kingstongrowshop.it\/?product=secret-jardin-dr60-60x60x170-rev-3"]}]},{"@type":"ImageObject","inLanguage":"it-IT","@id":"https:\/\/www.kingstongrowshop.it\/?product=secret-jardin-dr60-60x60x170-rev-3#primaryimage","url":"https:\/\/www.kingstongrowshop.it\/wp-content\/uploads\/2021\/03\/B.png","contentUrl":"https:\/\/www.kingstongrowshop.it\/wp-content\/uploads\/2021\/03\/B.png","width":618,"height":618},{"@type":"BreadcrumbList","@id":"https:\/\/www.kingstongrowshop.it\/?product=secret-jardin-dr60-60x60x170-rev-3#breadcrumb","itemListElement":[{"@type":"ListItem","position":1,"name":"Home","item":"https:\/\/www.kingstongrowshop.it\/"},{"@type":"ListItem","position":2,"name":"Shop","item":"https:\/\/www.kingstongrowshop.it\/?page_id=3853"},{"@type":"ListItem","position":3,"name":"SECRET JARDIN DR60 60X60X170 REV.3"}]},{"@type":"WebSite","@id":"https:\/\/www.kingstongrowshop.it\/#website","url":"https:\/\/www.kingstongrowshop.it\/","name":"Kingston Grow Shop","description":"Il tuo Grow Shop di Fiducia","potentialAction":[{"@type":"SearchAction","target":{"@type":"EntryPoint","urlTemplate":"https:\/\/www.kingstongrowshop.it\/?s={search_term_string}"},"query-input":{"@type":"PropertyValueSpecification","valueRequired":true,"valueName":"search_term_string"}}],"inLanguage":"it-IT"}]}},"jetpack_sharing_enabled":true,"_links":{"self":[{"href":"https:\/\/www.kingstongrowshop.it\/index.php?rest_route=\/wp\/v2\/product\/9482","targetHints":{"allow":["GET"]}}],"collection":[{"href":"https:\/\/www.kingstongrowshop.it\/index.php?rest_route=\/wp\/v2\/product"}],"about":[{"href":"https:\/\/www.kingstongrowshop.it\/index.php?rest_route=\/wp\/v2\/types\/product"}],"replies":[{"embeddable":true,"href":"https:\/\/www.kingstongrowshop.it\/index.php?rest_route=%2Fwp%2Fv2%2Fcomments&post=9482"}],"wp:featuredmedia":[{"embeddable":true,"href":"https:\/\/www.kingstongrowshop.it\/index.php?rest_route=\/wp\/v2\/media\/9483"}],"wp:attachment":[{"href":"https:\/\/www.kingstongrowshop.it\/index.php?rest_route=%2Fwp%2Fv2%2Fmedia&parent=9482"}],"wp:term":[{"taxonomy":"product_brand","embeddable":true,"href":"https:\/\/www.kingstongrowshop.it\/index.php?rest_route=%2Fwp%2Fv2%2Fproduct_brand&post=9482"},{"taxonomy":"product_cat","embeddable":true,"href":"https:\/\/www.kingstongrowshop.it\/index.php?rest_route=%2Fwp%2Fv2%2Fproduct_cat&post=9482"},{"taxonomy":"product_tag","embeddable":true,"href":"https:\/\/www.kingstongrowshop.it\/index.php?rest_route=%2Fwp%2Fv2%2Fproduct_tag&post=9482"}],"curies":[{"name":"wp","href":"https:\/\/api.w.org\/{rel}","templated":true}]}}