{"id":9832,"date":"2025-11-26T00:25:41","date_gmt":"2025-11-25T23:25:41","guid":{"rendered":"https:\/\/www.kingstongrowshop.it\/?post_type=product&#038;p=9832"},"modified":"2025-11-27T11:50:07","modified_gmt":"2025-11-27T10:50:07","slug":"volcano-hybrid-storz-bickel","status":"publish","type":"product","link":"https:\/\/www.kingstongrowshop.it\/?product=volcano-hybrid-storz-bickel","title":{"rendered":"VOLCANO HYBRID Storz &amp; Bickel"},"content":{"rendered":"","protected":false},"excerpt":{"rendered":"<p>Disponibilit\u00e0 Immediata, consegna in 2-3 gg lavorativi<\/p>\n<p>La reinvenzione di un\u2019icona.Il nuovo VOLCANO HYBRID Vaporizzatore \u00e8 un Vaporizzatore da tavolo che mette fine a tutte le discussioni. Che preferiate il Pallone o il Tubo, VOLCANO HYBRID Vaporizzatore presenta un design di prima classe e caratteristiche straordinarie \u2013 e la garanzia di fornirvi la straordinaria qualit\u00e0 del vapore che vi attendete da S&amp;B<br \/>\nIl VOLCANO HYBRID Vaporizzatore presenta numerose nuove caratteristiche, come<\/p>\n<ul>\n<li>Inalazione attraverso l&#8217;Unit\u00e0 Tubo o con il Pallone con Valvola<\/li>\n<li>Processo di riscaldamento molto rapido entro 1 \u2013 2 minuti<\/li>\n<li>I campi di comando sono integrati nel grande display e sono comandabili in pulsante tattile<\/li>\n<li>Comando tramite l\u2019app S&amp;B per Android<\/li>\n<li>I materiali e la lavorazione pregiata a cui siete abituati con STORZ &amp; BICKEL garantiscono una lunga durata \u2013 Made in Germany.Nota: l&#8217;applicazione S&amp;B non \u00e8 attualmente disponibile per iOS e dispositivi Apple.<\/li>\n<\/ul>\n<p>Il VOLCANO HYBRID Vaporizzatore \u00e8 equipaggiato con un indicatore ingegnoso, completo di pulsanti tattili integrati: il mondo della vaporizzazione senza stress \u00e8 alla portata delle vostre dita.<\/p>\n<p>Il preriscaldamento del vostro VOLCANO non \u00e8 mai stato cos\u00ec facile. Equipaggiato con lo scambiatore di calore migliorato a doppia spirale, il VOLCANO HYBRID Vaporizzatore \u00e8 pronto a funzionare entro 40 secondi.<\/p>\n<p>Inalate la differenza \u2013 ma diversamente: con il suo nuovo Sistema di Tubo girevole, il VOLCANO HYBRID Vaporizzatore offre un secondo metodo di inalazione, oltre al classico Pallone EASY VALVE.<\/p>\n<p>&nbsp;<\/p>\n","protected":false},"featured_media":9834,"comment_status":"open","ping_status":"closed","template":"","meta":[],"product_brand":[],"product_cat":[230,231],"product_tag":[1302],"class_list":{"0":"post-9832","1":"product","2":"type-product","3":"status-publish","4":"has-post-thumbnail","6":"product_cat-vaposvapoecbd","7":"product_cat-vaporizzatori","8":"product_tag-volcano-storz-e-bickel","10":"first","11":"instock","12":"sale","13":"shipping-taxable","14":"purchasable","15":"product-type-simple"},"yoast_head":"<!-- This site is optimized with the Yoast SEO plugin v27.5 - https:\/\/yoast.com\/product\/yoast-seo-wordpress\/ -->\n<title>VOLCANO HYBRID Storz &amp; Bickel - Kingston Grow Shop<\/title>\n<meta name=\"description\" content=\"La reinvenzione di un\u2019icona.Il nuovo VOLCANO HYBRID Vaporizzatore \u00e8 un Vaporizzatore da tavolo che mette fine a tutte le discussioni.\" \/>\n<meta name=\"robots\" content=\"index, follow, max-snippet:-1, max-image-preview:large, max-video-preview:-1\" \/>\n<link rel=\"canonical\" href=\"https:\/\/www.kingstongrowshop.it\/?product=volcano-hybrid-storz-bickel\" \/>\n<meta property=\"og:locale\" content=\"it_IT\" \/>\n<meta property=\"og:type\" content=\"article\" \/>\n<meta property=\"og:title\" content=\"VOLCANO HYBRID Storz &amp; Bickel - Kingston Grow Shop\" \/>\n<meta property=\"og:description\" content=\"La reinvenzione di un\u2019icona.Il nuovo VOLCANO HYBRID Vaporizzatore \u00e8 un Vaporizzatore da tavolo che mette fine a tutte le discussioni.\" \/>\n<meta property=\"og:url\" content=\"https:\/\/www.kingstongrowshop.it\/?product=volcano-hybrid-storz-bickel\" \/>\n<meta property=\"og:site_name\" content=\"Kingston Grow Shop\" \/>\n<meta property=\"article:modified_time\" content=\"2025-11-27T10:50:07+00:00\" \/>\n<meta property=\"og:image\" content=\"https:\/\/www.kingstongrowshop.it\/wp-content\/uploads\/2021\/06\/v0.png\" \/>\n\t<meta property=\"og:image:width\" content=\"700\" \/>\n\t<meta property=\"og:image:height\" content=\"700\" \/>\n\t<meta property=\"og:image:type\" content=\"image\/png\" \/>\n<meta name=\"twitter:card\" content=\"summary_large_image\" \/>\n<meta name=\"twitter:label1\" content=\"Tempo di lettura stimato\" \/>\n\t<meta name=\"twitter:data1\" content=\"1 minuto\" \/>\n<script type=\"application\/ld+json\" class=\"yoast-schema-graph\">{\"@context\":\"https:\\\/\\\/schema.org\",\"@graph\":[{\"@type\":\"WebPage\",\"@id\":\"https:\\\/\\\/www.kingstongrowshop.it\\\/?product=volcano-hybrid-storz-bickel\",\"url\":\"https:\\\/\\\/www.kingstongrowshop.it\\\/?product=volcano-hybrid-storz-bickel\",\"name\":\"VOLCANO HYBRID Storz &amp; Bickel - Kingston Grow Shop\",\"isPartOf\":{\"@id\":\"https:\\\/\\\/www.kingstongrowshop.it\\\/#website\"},\"primaryImageOfPage\":{\"@id\":\"https:\\\/\\\/www.kingstongrowshop.it\\\/?product=volcano-hybrid-storz-bickel#primaryimage\"},\"image\":{\"@id\":\"https:\\\/\\\/www.kingstongrowshop.it\\\/?product=volcano-hybrid-storz-bickel#primaryimage\"},\"thumbnailUrl\":\"https:\\\/\\\/www.kingstongrowshop.it\\\/wp-content\\\/uploads\\\/2021\\\/06\\\/v0.png\",\"datePublished\":\"2025-11-25T23:25:41+00:00\",\"dateModified\":\"2025-11-27T10:50:07+00:00\",\"description\":\"La reinvenzione di un\u2019icona.Il nuovo VOLCANO HYBRID Vaporizzatore \u00e8 un Vaporizzatore da tavolo che mette fine a tutte le discussioni.\",\"breadcrumb\":{\"@id\":\"https:\\\/\\\/www.kingstongrowshop.it\\\/?product=volcano-hybrid-storz-bickel#breadcrumb\"},\"inLanguage\":\"it-IT\",\"potentialAction\":[{\"@type\":\"ReadAction\",\"target\":[\"https:\\\/\\\/www.kingstongrowshop.it\\\/?product=volcano-hybrid-storz-bickel\"]}]},{\"@type\":\"ImageObject\",\"inLanguage\":\"it-IT\",\"@id\":\"https:\\\/\\\/www.kingstongrowshop.it\\\/?product=volcano-hybrid-storz-bickel#primaryimage\",\"url\":\"https:\\\/\\\/www.kingstongrowshop.it\\\/wp-content\\\/uploads\\\/2021\\\/06\\\/v0.png\",\"contentUrl\":\"https:\\\/\\\/www.kingstongrowshop.it\\\/wp-content\\\/uploads\\\/2021\\\/06\\\/v0.png\",\"width\":700,\"height\":700},{\"@type\":\"BreadcrumbList\",\"@id\":\"https:\\\/\\\/www.kingstongrowshop.it\\\/?product=volcano-hybrid-storz-bickel#breadcrumb\",\"itemListElement\":[{\"@type\":\"ListItem\",\"position\":1,\"name\":\"Home\",\"item\":\"https:\\\/\\\/www.kingstongrowshop.it\\\/\"},{\"@type\":\"ListItem\",\"position\":2,\"name\":\"Shop\",\"item\":\"https:\\\/\\\/www.kingstongrowshop.it\\\/?page_id=3853\"},{\"@type\":\"ListItem\",\"position\":3,\"name\":\"VOLCANO HYBRID Storz &amp; Bickel\"}]},{\"@type\":\"WebSite\",\"@id\":\"https:\\\/\\\/www.kingstongrowshop.it\\\/#website\",\"url\":\"https:\\\/\\\/www.kingstongrowshop.it\\\/\",\"name\":\"Kingston Grow Shop\",\"description\":\"Il tuo Grow Shop di Fiducia\",\"potentialAction\":[{\"@type\":\"SearchAction\",\"target\":{\"@type\":\"EntryPoint\",\"urlTemplate\":\"https:\\\/\\\/www.kingstongrowshop.it\\\/?s={search_term_string}\"},\"query-input\":{\"@type\":\"PropertyValueSpecification\",\"valueRequired\":true,\"valueName\":\"search_term_string\"}}],\"inLanguage\":\"it-IT\"}]}<\/script>\n<!-- \/ Yoast SEO plugin. -->","yoast_head_json":{"title":"VOLCANO HYBRID Storz &amp; Bickel - Kingston Grow Shop","description":"La reinvenzione di un\u2019icona.Il nuovo VOLCANO HYBRID Vaporizzatore \u00e8 un Vaporizzatore da tavolo che mette fine a tutte le discussioni.","robots":{"index":"index","follow":"follow","max-snippet":"max-snippet:-1","max-image-preview":"max-image-preview:large","max-video-preview":"max-video-preview:-1"},"canonical":"https:\/\/www.kingstongrowshop.it\/?product=volcano-hybrid-storz-bickel","og_locale":"it_IT","og_type":"article","og_title":"VOLCANO HYBRID Storz &amp; Bickel - Kingston Grow Shop","og_description":"La reinvenzione di un\u2019icona.Il nuovo VOLCANO HYBRID Vaporizzatore \u00e8 un Vaporizzatore da tavolo che mette fine a tutte le discussioni.","og_url":"https:\/\/www.kingstongrowshop.it\/?product=volcano-hybrid-storz-bickel","og_site_name":"Kingston Grow Shop","article_modified_time":"2025-11-27T10:50:07+00:00","og_image":[{"width":700,"height":700,"url":"https:\/\/www.kingstongrowshop.it\/wp-content\/uploads\/2021\/06\/v0.png","type":"image\/png"}],"twitter_card":"summary_large_image","twitter_misc":{"Tempo di lettura stimato":"1 minuto"},"schema":{"@context":"https:\/\/schema.org","@graph":[{"@type":"WebPage","@id":"https:\/\/www.kingstongrowshop.it\/?product=volcano-hybrid-storz-bickel","url":"https:\/\/www.kingstongrowshop.it\/?product=volcano-hybrid-storz-bickel","name":"VOLCANO HYBRID Storz &amp; Bickel - Kingston Grow Shop","isPartOf":{"@id":"https:\/\/www.kingstongrowshop.it\/#website"},"primaryImageOfPage":{"@id":"https:\/\/www.kingstongrowshop.it\/?product=volcano-hybrid-storz-bickel#primaryimage"},"image":{"@id":"https:\/\/www.kingstongrowshop.it\/?product=volcano-hybrid-storz-bickel#primaryimage"},"thumbnailUrl":"https:\/\/www.kingstongrowshop.it\/wp-content\/uploads\/2021\/06\/v0.png","datePublished":"2025-11-25T23:25:41+00:00","dateModified":"2025-11-27T10:50:07+00:00","description":"La reinvenzione di un\u2019icona.Il nuovo VOLCANO HYBRID Vaporizzatore \u00e8 un Vaporizzatore da tavolo che mette fine a tutte le discussioni.","breadcrumb":{"@id":"https:\/\/www.kingstongrowshop.it\/?product=volcano-hybrid-storz-bickel#breadcrumb"},"inLanguage":"it-IT","potentialAction":[{"@type":"ReadAction","target":["https:\/\/www.kingstongrowshop.it\/?product=volcano-hybrid-storz-bickel"]}]},{"@type":"ImageObject","inLanguage":"it-IT","@id":"https:\/\/www.kingstongrowshop.it\/?product=volcano-hybrid-storz-bickel#primaryimage","url":"https:\/\/www.kingstongrowshop.it\/wp-content\/uploads\/2021\/06\/v0.png","contentUrl":"https:\/\/www.kingstongrowshop.it\/wp-content\/uploads\/2021\/06\/v0.png","width":700,"height":700},{"@type":"BreadcrumbList","@id":"https:\/\/www.kingstongrowshop.it\/?product=volcano-hybrid-storz-bickel#breadcrumb","itemListElement":[{"@type":"ListItem","position":1,"name":"Home","item":"https:\/\/www.kingstongrowshop.it\/"},{"@type":"ListItem","position":2,"name":"Shop","item":"https:\/\/www.kingstongrowshop.it\/?page_id=3853"},{"@type":"ListItem","position":3,"name":"VOLCANO HYBRID Storz &amp; Bickel"}]},{"@type":"WebSite","@id":"https:\/\/www.kingstongrowshop.it\/#website","url":"https:\/\/www.kingstongrowshop.it\/","name":"Kingston Grow Shop","description":"Il tuo Grow Shop di Fiducia","potentialAction":[{"@type":"SearchAction","target":{"@type":"EntryPoint","urlTemplate":"https:\/\/www.kingstongrowshop.it\/?s={search_term_string}"},"query-input":{"@type":"PropertyValueSpecification","valueRequired":true,"valueName":"search_term_string"}}],"inLanguage":"it-IT"}]}},"jetpack_sharing_enabled":true,"_links":{"self":[{"href":"https:\/\/www.kingstongrowshop.it\/index.php?rest_route=\/wp\/v2\/product\/9832","targetHints":{"allow":["GET"]}}],"collection":[{"href":"https:\/\/www.kingstongrowshop.it\/index.php?rest_route=\/wp\/v2\/product"}],"about":[{"href":"https:\/\/www.kingstongrowshop.it\/index.php?rest_route=\/wp\/v2\/types\/product"}],"replies":[{"embeddable":true,"href":"https:\/\/www.kingstongrowshop.it\/index.php?rest_route=%2Fwp%2Fv2%2Fcomments&post=9832"}],"wp:featuredmedia":[{"embeddable":true,"href":"https:\/\/www.kingstongrowshop.it\/index.php?rest_route=\/wp\/v2\/media\/9834"}],"wp:attachment":[{"href":"https:\/\/www.kingstongrowshop.it\/index.php?rest_route=%2Fwp%2Fv2%2Fmedia&parent=9832"}],"wp:term":[{"taxonomy":"product_brand","embeddable":true,"href":"https:\/\/www.kingstongrowshop.it\/index.php?rest_route=%2Fwp%2Fv2%2Fproduct_brand&post=9832"},{"taxonomy":"product_cat","embeddable":true,"href":"https:\/\/www.kingstongrowshop.it\/index.php?rest_route=%2Fwp%2Fv2%2Fproduct_cat&post=9832"},{"taxonomy":"product_tag","embeddable":true,"href":"https:\/\/www.kingstongrowshop.it\/index.php?rest_route=%2Fwp%2Fv2%2Fproduct_tag&post=9832"}],"curies":[{"name":"wp","href":"https:\/\/api.w.org\/{rel}","templated":true}]}}